{"id":15113,"date":"2017-03-15T16:23:43","date_gmt":"2017-03-15T15:23:43","guid":{"rendered":"https:\/\/seipuntozero-haircare.it\/prodotto\/take-over-absolute-rich-shine-shampooing-cheveux-secs-et-opaques-2\/"},"modified":"2021-09-29T09:35:05","modified_gmt":"2021-09-29T07:35:05","slug":"take-over-absolute-rich-shine-shampooing-cheveux-secs-et-opaques-2","status":"publish","type":"product","link":"https:\/\/seipuntozero-haircare.it\/fr\/product\/take-over-absolute-rich-shine-shampooing-cheveux-secs-et-opaques-2\/","title":{"rendered":"TAKE OVER \u2013 ABSOLUTE RICH &#038; SHINE <br> Shampooing cheveux secs et opaques"},"content":{"rendered":"<ul>\n<li>Nettoie et <strong>hydrate<\/strong> la chevelure<\/li>\n<li><strong>Lutte contre l\u2019opacit\u00e9<\/strong> et le manque de vitalit\u00e9<\/li>\n<\/ul>\n","protected":false},"excerpt":{"rendered":"<p>Take Over Absolute Rich &amp; Shine, <strong>shampooing pour cheveux secs et opaques<\/strong>, riche en substances nutritives pr\u00e9cieuses pour <strong>chevelure \u00e9teinte<\/strong> et stress\u00e9e. L\u2019action de la <strong>Vitamine B5 (Panth\u00e9nol)<\/strong> constitue une source d\u2019hydratation capable de <strong>combattre l\u2019opacit\u00e9<\/strong> et l\u2019absence de vitalit\u00e9 de la chevelure. Gr\u00e2ce au shampooing Absolute Rich &amp; Shine, les cheveux retrouvent du mouvement et une <strong>brillance extr\u00eame<\/strong>.<\/p>\n<p>Flacon 300 ml<\/p>\n","protected":false},"featured_media":19759,"template":"","meta":[],"product_brand":[],"product_cat":[597],"product_tag":[],"class_list":["post-15113","product","type-product","status-publish","has-post-thumbnail","hentry","product_cat-take-over-absolute-rich-shine-fr"],"yoast_head":"<!-- This site is optimized with the Yoast SEO plugin v27.1.1 - https:\/\/yoast.com\/product\/yoast-seo-wordpress\/ -->\n<title>TAKE OVER \u2013 ABSOLUTE RICH &amp; SHINE | Shampooing cheveux secs et opaques<\/title>\n<meta name=\"description\" content=\"Take Over Absolute Rich &amp; Shine, shampooing pour cheveux secs et opaques, riche en substances nutritives pr\u00e9cieuses pour chevelure \u00e9teinte et stress\u00e9e. L\u2019action de la Vitamine B5 (Panth\u00e9nol) constitue une source d\u2019hydratation capable de combattre l\u2019opacit\u00e9 et l\u2019absence de vitalit\u00e9 de la chevelure.\" \/>\n<meta name=\"robots\" content=\"index, follow, max-snippet:-1, max-image-preview:large, max-video-preview:-1\" \/>\n<link rel=\"canonical\" href=\"https:\/\/seipuntozero-haircare.it\/fr\/product\/take-over-absolute-rich-shine-shampooing-cheveux-secs-et-opaques-2\/\" \/>\n<meta property=\"og:locale\" content=\"fr_FR\" \/>\n<meta property=\"og:type\" content=\"article\" \/>\n<meta property=\"og:title\" content=\"TAKE OVER \u2013 ABSOLUTE RICH &amp; SHINE | Shampooing cheveux secs et opaques\" \/>\n<meta property=\"og:description\" content=\"Take Over Absolute Rich &amp; Shine, shampooing pour cheveux secs et opaques, riche en substances nutritives pr\u00e9cieuses pour chevelure \u00e9teinte et stress\u00e9e. L\u2019action de la Vitamine B5 (Panth\u00e9nol) constitue une source d\u2019hydratation capable de combattre l\u2019opacit\u00e9 et l\u2019absence de vitalit\u00e9 de la chevelure.\" \/>\n<meta property=\"og:url\" content=\"https:\/\/seipuntozero-haircare.it\/fr\/product\/take-over-absolute-rich-shine-shampooing-cheveux-secs-et-opaques-2\/\" \/>\n<meta property=\"og:site_name\" content=\"6.Zero\" \/>\n<meta property=\"article:modified_time\" content=\"2021-09-29T07:35:05+00:00\" \/>\n<meta property=\"og:image\" content=\"https:\/\/seipuntozero-haircare.it\/wp-content\/uploads\/2018\/03\/263318_sei_punto_zero_take_over_absolute_rich_shine_shampoo_300ml.png\" \/>\n\t<meta property=\"og:image:width\" content=\"600\" \/>\n\t<meta property=\"og:image:height\" content=\"600\" \/>\n\t<meta property=\"og:image:type\" content=\"image\/png\" \/>\n<meta name=\"twitter:card\" content=\"summary_large_image\" \/>\n<meta name=\"twitter:label1\" content=\"Dur\u00e9e de lecture estim\u00e9e\" \/>\n\t<meta name=\"twitter:data1\" content=\"1 minute\" \/>\n<script type=\"application\/ld+json\" class=\"yoast-schema-graph\">{\"@context\":\"https:\/\/schema.org\",\"@graph\":[{\"@type\":\"WebPage\",\"@id\":\"https:\/\/seipuntozero-haircare.it\/fr\/product\/take-over-absolute-rich-shine-shampooing-cheveux-secs-et-opaques-2\/\",\"url\":\"https:\/\/seipuntozero-haircare.it\/fr\/product\/take-over-absolute-rich-shine-shampooing-cheveux-secs-et-opaques-2\/\",\"name\":\"TAKE OVER \u2013 ABSOLUTE RICH & SHINE | Shampooing cheveux secs et opaques\",\"isPartOf\":{\"@id\":\"https:\/\/seipuntozero-haircare.it\/fr\/#website\"},\"primaryImageOfPage\":{\"@id\":\"https:\/\/seipuntozero-haircare.it\/fr\/product\/take-over-absolute-rich-shine-shampooing-cheveux-secs-et-opaques-2\/#primaryimage\"},\"image\":{\"@id\":\"https:\/\/seipuntozero-haircare.it\/fr\/product\/take-over-absolute-rich-shine-shampooing-cheveux-secs-et-opaques-2\/#primaryimage\"},\"thumbnailUrl\":\"https:\/\/seipuntozero-haircare.it\/wp-content\/uploads\/2018\/03\/263318_sei_punto_zero_take_over_absolute_rich_shine_shampoo_300ml.png\",\"datePublished\":\"2017-03-15T15:23:43+00:00\",\"dateModified\":\"2021-09-29T07:35:05+00:00\",\"description\":\"Take Over Absolute Rich & Shine, shampooing pour cheveux secs et opaques, riche en substances nutritives pr\u00e9cieuses pour chevelure \u00e9teinte et stress\u00e9e. L\u2019action de la Vitamine B5 (Panth\u00e9nol) constitue une source d\u2019hydratation capable de combattre l\u2019opacit\u00e9 et l\u2019absence de vitalit\u00e9 de la chevelure.\",\"breadcrumb\":{\"@id\":\"https:\/\/seipuntozero-haircare.it\/fr\/product\/take-over-absolute-rich-shine-shampooing-cheveux-secs-et-opaques-2\/#breadcrumb\"},\"inLanguage\":\"fr-FR\",\"potentialAction\":[{\"@type\":\"ReadAction\",\"target\":[\"https:\/\/seipuntozero-haircare.it\/fr\/product\/take-over-absolute-rich-shine-shampooing-cheveux-secs-et-opaques-2\/\"]}]},{\"@type\":\"ImageObject\",\"inLanguage\":\"fr-FR\",\"@id\":\"https:\/\/seipuntozero-haircare.it\/fr\/product\/take-over-absolute-rich-shine-shampooing-cheveux-secs-et-opaques-2\/#primaryimage\",\"url\":\"https:\/\/seipuntozero-haircare.it\/wp-content\/uploads\/2018\/03\/263318_sei_punto_zero_take_over_absolute_rich_shine_shampoo_300ml.png\",\"contentUrl\":\"https:\/\/seipuntozero-haircare.it\/wp-content\/uploads\/2018\/03\/263318_sei_punto_zero_take_over_absolute_rich_shine_shampoo_300ml.png\",\"width\":600,\"height\":600},{\"@type\":\"BreadcrumbList\",\"@id\":\"https:\/\/seipuntozero-haircare.it\/fr\/product\/take-over-absolute-rich-shine-shampooing-cheveux-secs-et-opaques-2\/#breadcrumb\",\"itemListElement\":[{\"@type\":\"ListItem\",\"position\":1,\"name\":\"Home\",\"item\":\"https:\/\/seipuntozero-haircare.it\/fr\/\"},{\"@type\":\"ListItem\",\"position\":2,\"name\":\"Products\",\"item\":\"https:\/\/seipuntozero-haircare.it\/fr\/shop\/\"},{\"@type\":\"ListItem\",\"position\":3,\"name\":\"TAKE OVER \u2013 ABSOLUTE RICH &#038; SHINE Shampooing cheveux secs et opaques\"}]},{\"@type\":\"WebSite\",\"@id\":\"https:\/\/seipuntozero-haircare.it\/fr\/#website\",\"url\":\"https:\/\/seipuntozero-haircare.it\/fr\/\",\"name\":\"6.Zero\",\"description\":\"Essential Touch\",\"potentialAction\":[{\"@type\":\"SearchAction\",\"target\":{\"@type\":\"EntryPoint\",\"urlTemplate\":\"https:\/\/seipuntozero-haircare.it\/fr\/?s={search_term_string}\"},\"query-input\":{\"@type\":\"PropertyValueSpecification\",\"valueRequired\":true,\"valueName\":\"search_term_string\"}}],\"inLanguage\":\"fr-FR\"}]}<\/script>\n<!-- \/ Yoast SEO plugin. -->","yoast_head_json":{"title":"TAKE OVER \u2013 ABSOLUTE RICH & SHINE | Shampooing cheveux secs et opaques","description":"Take Over Absolute Rich & Shine, shampooing pour cheveux secs et opaques, riche en substances nutritives pr\u00e9cieuses pour chevelure \u00e9teinte et stress\u00e9e. L\u2019action de la Vitamine B5 (Panth\u00e9nol) constitue une source d\u2019hydratation capable de combattre l\u2019opacit\u00e9 et l\u2019absence de vitalit\u00e9 de la chevelure.","robots":{"index":"index","follow":"follow","max-snippet":"max-snippet:-1","max-image-preview":"max-image-preview:large","max-video-preview":"max-video-preview:-1"},"canonical":"https:\/\/seipuntozero-haircare.it\/fr\/product\/take-over-absolute-rich-shine-shampooing-cheveux-secs-et-opaques-2\/","og_locale":"fr_FR","og_type":"article","og_title":"TAKE OVER \u2013 ABSOLUTE RICH & SHINE | Shampooing cheveux secs et opaques","og_description":"Take Over Absolute Rich & Shine, shampooing pour cheveux secs et opaques, riche en substances nutritives pr\u00e9cieuses pour chevelure \u00e9teinte et stress\u00e9e. L\u2019action de la Vitamine B5 (Panth\u00e9nol) constitue une source d\u2019hydratation capable de combattre l\u2019opacit\u00e9 et l\u2019absence de vitalit\u00e9 de la chevelure.","og_url":"https:\/\/seipuntozero-haircare.it\/fr\/product\/take-over-absolute-rich-shine-shampooing-cheveux-secs-et-opaques-2\/","og_site_name":"6.Zero","article_modified_time":"2021-09-29T07:35:05+00:00","og_image":[{"width":600,"height":600,"url":"https:\/\/seipuntozero-haircare.it\/wp-content\/uploads\/2018\/03\/263318_sei_punto_zero_take_over_absolute_rich_shine_shampoo_300ml.png","type":"image\/png"}],"twitter_card":"summary_large_image","twitter_misc":{"Dur\u00e9e de lecture estim\u00e9e":"1 minute"},"schema":{"@context":"https:\/\/schema.org","@graph":[{"@type":"WebPage","@id":"https:\/\/seipuntozero-haircare.it\/fr\/product\/take-over-absolute-rich-shine-shampooing-cheveux-secs-et-opaques-2\/","url":"https:\/\/seipuntozero-haircare.it\/fr\/product\/take-over-absolute-rich-shine-shampooing-cheveux-secs-et-opaques-2\/","name":"TAKE OVER \u2013 ABSOLUTE RICH & SHINE | Shampooing cheveux secs et opaques","isPartOf":{"@id":"https:\/\/seipuntozero-haircare.it\/fr\/#website"},"primaryImageOfPage":{"@id":"https:\/\/seipuntozero-haircare.it\/fr\/product\/take-over-absolute-rich-shine-shampooing-cheveux-secs-et-opaques-2\/#primaryimage"},"image":{"@id":"https:\/\/seipuntozero-haircare.it\/fr\/product\/take-over-absolute-rich-shine-shampooing-cheveux-secs-et-opaques-2\/#primaryimage"},"thumbnailUrl":"https:\/\/seipuntozero-haircare.it\/wp-content\/uploads\/2018\/03\/263318_sei_punto_zero_take_over_absolute_rich_shine_shampoo_300ml.png","datePublished":"2017-03-15T15:23:43+00:00","dateModified":"2021-09-29T07:35:05+00:00","description":"Take Over Absolute Rich & Shine, shampooing pour cheveux secs et opaques, riche en substances nutritives pr\u00e9cieuses pour chevelure \u00e9teinte et stress\u00e9e. L\u2019action de la Vitamine B5 (Panth\u00e9nol) constitue une source d\u2019hydratation capable de combattre l\u2019opacit\u00e9 et l\u2019absence de vitalit\u00e9 de la chevelure.","breadcrumb":{"@id":"https:\/\/seipuntozero-haircare.it\/fr\/product\/take-over-absolute-rich-shine-shampooing-cheveux-secs-et-opaques-2\/#breadcrumb"},"inLanguage":"fr-FR","potentialAction":[{"@type":"ReadAction","target":["https:\/\/seipuntozero-haircare.it\/fr\/product\/take-over-absolute-rich-shine-shampooing-cheveux-secs-et-opaques-2\/"]}]},{"@type":"ImageObject","inLanguage":"fr-FR","@id":"https:\/\/seipuntozero-haircare.it\/fr\/product\/take-over-absolute-rich-shine-shampooing-cheveux-secs-et-opaques-2\/#primaryimage","url":"https:\/\/seipuntozero-haircare.it\/wp-content\/uploads\/2018\/03\/263318_sei_punto_zero_take_over_absolute_rich_shine_shampoo_300ml.png","contentUrl":"https:\/\/seipuntozero-haircare.it\/wp-content\/uploads\/2018\/03\/263318_sei_punto_zero_take_over_absolute_rich_shine_shampoo_300ml.png","width":600,"height":600},{"@type":"BreadcrumbList","@id":"https:\/\/seipuntozero-haircare.it\/fr\/product\/take-over-absolute-rich-shine-shampooing-cheveux-secs-et-opaques-2\/#breadcrumb","itemListElement":[{"@type":"ListItem","position":1,"name":"Home","item":"https:\/\/seipuntozero-haircare.it\/fr\/"},{"@type":"ListItem","position":2,"name":"Products","item":"https:\/\/seipuntozero-haircare.it\/fr\/shop\/"},{"@type":"ListItem","position":3,"name":"TAKE OVER \u2013 ABSOLUTE RICH &#038; SHINE Shampooing cheveux secs et opaques"}]},{"@type":"WebSite","@id":"https:\/\/seipuntozero-haircare.it\/fr\/#website","url":"https:\/\/seipuntozero-haircare.it\/fr\/","name":"6.Zero","description":"Essential Touch","potentialAction":[{"@type":"SearchAction","target":{"@type":"EntryPoint","urlTemplate":"https:\/\/seipuntozero-haircare.it\/fr\/?s={search_term_string}"},"query-input":{"@type":"PropertyValueSpecification","valueRequired":true,"valueName":"search_term_string"}}],"inLanguage":"fr-FR"}]}},"_links":{"self":[{"href":"https:\/\/seipuntozero-haircare.it\/fr\/wp-json\/wp\/v2\/product\/15113","targetHints":{"allow":["GET"]}}],"collection":[{"href":"https:\/\/seipuntozero-haircare.it\/fr\/wp-json\/wp\/v2\/product"}],"about":[{"href":"https:\/\/seipuntozero-haircare.it\/fr\/wp-json\/wp\/v2\/types\/product"}],"wp:featuredmedia":[{"embeddable":true,"href":"https:\/\/seipuntozero-haircare.it\/fr\/wp-json\/wp\/v2\/media\/19759"}],"wp:attachment":[{"href":"https:\/\/seipuntozero-haircare.it\/fr\/wp-json\/wp\/v2\/media?parent=15113"}],"wp:term":[{"taxonomy":"product_brand","embeddable":true,"href":"https:\/\/seipuntozero-haircare.it\/fr\/wp-json\/wp\/v2\/product_brand?post=15113"},{"taxonomy":"product_cat","embeddable":true,"href":"https:\/\/seipuntozero-haircare.it\/fr\/wp-json\/wp\/v2\/product_cat?post=15113"},{"taxonomy":"product_tag","embeddable":true,"href":"https:\/\/seipuntozero-haircare.it\/fr\/wp-json\/wp\/v2\/product_tag?post=15113"}],"curies":[{"name":"wp","href":"https:\/\/api.w.org\/{rel}","templated":true}]}}