{"id":15103,"date":"2019-10-21T10:42:22","date_gmt":"2019-10-21T08:42:22","guid":{"rendered":"https:\/\/seipuntozero-haircare.it\/prodotto\/hairzoe-creme-de-base-restructurante\/"},"modified":"2021-06-09T09:38:28","modified_gmt":"2021-06-09T07:38:28","slug":"hairzoe-creme-de-base-restructurante","status":"publish","type":"product","link":"https:\/\/seipuntozero-haircare.it\/fr\/product\/hairzoe-creme-de-base-restructurante\/","title":{"rendered":"HAIRZOE <br> Cr\u00e8me de base restructurante"},"content":{"rendered":"<ul>\n<li>Nourrit et r\u00e9g\u00e9n\u00e8re la fibre capillaire<\/li>\n<li>Am\u00e9liore la structure des cheveux<\/li>\n<li>Id\u00e9al pour les cheveux secs, cassants, ab\u00eem\u00e9s et trait\u00e9s<\/li>\n<li>Formule compl\u00e9mentaire au s\u00e9rum en flacons, pour nourrir et r\u00e9g\u00e9n\u00e9rer en profondeur<\/li>\n<li>Efficacit\u00e9 test\u00e9e *<\/li>\n<\/ul>\n<p>&nbsp;<\/p>\n<p>* Des tests in vivo effectu\u00e9s dans des instituts universitaires italiens d\u00e9montrent l&rsquo;efficacit\u00e9 du traitement : les cheveux sont visiblement plus forts et brillants, consid\u00e9rablement restructur\u00e9s.<\/p>\n","protected":false},"excerpt":{"rendered":"<p>La <strong>cr\u00e8me restructurante <\/strong>et le s\u00e9rum booster <strong>en flacons <\/strong>sont au centre du <strong>soin Hairzoe<\/strong>. Ensemble, gr\u00e2ce \u00e0 la compl\u00e9mentarit\u00e9 de leur formule, ils lib\u00e8rent l&rsquo;incroyable pouvoir r\u00e9g\u00e9n\u00e9rant du soin pour cheveux secs, cassants et ab\u00eem\u00e9s.<\/p>\n<p>La <strong>cr\u00e8me de base Hairzoe <\/strong>nourrit les cheveux en profondeur et am\u00e9liore leur structure, en renfor\u00e7ant la fibre gr\u00e2ce \u00e0 la concentration en principes actifs dans sa formulation : l&rsquo;<strong>Acide hyaluronique <\/strong>hydrate intens\u00e9ment et rend le cheveu plus fort et r\u00e9sistant, tandis que <strong>les Cellules Souches de Raisin <\/strong>neutralisent l&rsquo;action des radicaux libres et revitalisent les cheveux ab\u00eem\u00e9s par des traitements chimiques et le stress environnemental.<\/p>\n<p>Format 500 ml<\/p>\n","protected":false},"featured_media":18168,"template":"","meta":[],"product_brand":[],"product_cat":[596],"product_tag":[],"class_list":["post-15103","product","type-product","status-publish","has-post-thumbnail","hentry","product_cat-hairzoe-fr"],"yoast_head":"<!-- This site is optimized with the Yoast SEO plugin v27.1.1 - https:\/\/yoast.com\/product\/yoast-seo-wordpress\/ -->\n<title>Cr\u00e8me de base restructurante | HAIRZOE<\/title>\n<meta name=\"description\" content=\"La cr\u00e8me restructurante et le s\u00e9rum booster en flacons sont au centre du soin Hairzoe.\" \/>\n<meta name=\"robots\" content=\"index, follow, max-snippet:-1, max-image-preview:large, max-video-preview:-1\" \/>\n<link rel=\"canonical\" href=\"https:\/\/seipuntozero-haircare.it\/fr\/product\/hairzoe-creme-de-base-restructurante\/\" \/>\n<meta property=\"og:locale\" content=\"fr_FR\" \/>\n<meta property=\"og:type\" content=\"article\" \/>\n<meta property=\"og:title\" content=\"Cr\u00e8me de base restructurante | HAIRZOE\" \/>\n<meta property=\"og:description\" content=\"La cr\u00e8me restructurante et le s\u00e9rum booster en flacons sont au centre du soin Hairzoe.\" \/>\n<meta property=\"og:url\" content=\"https:\/\/seipuntozero-haircare.it\/fr\/product\/hairzoe-creme-de-base-restructurante\/\" \/>\n<meta property=\"og:site_name\" content=\"6.Zero\" \/>\n<meta property=\"article:modified_time\" content=\"2021-06-09T07:38:28+00:00\" \/>\n<meta property=\"og:image\" content=\"https:\/\/seipuntozero-haircare.it\/wp-content\/uploads\/2020\/01\/263158_sei_punto_zero_hairzoe_restructuring_base_cream_500ml.png\" \/>\n\t<meta property=\"og:image:width\" content=\"600\" \/>\n\t<meta property=\"og:image:height\" content=\"600\" \/>\n\t<meta property=\"og:image:type\" content=\"image\/png\" \/>\n<meta name=\"twitter:card\" content=\"summary_large_image\" \/>\n<meta name=\"twitter:label1\" content=\"Dur\u00e9e de lecture estim\u00e9e\" \/>\n\t<meta name=\"twitter:data1\" content=\"1 minute\" \/>\n<script type=\"application\/ld+json\" class=\"yoast-schema-graph\">{\"@context\":\"https:\/\/schema.org\",\"@graph\":[{\"@type\":\"WebPage\",\"@id\":\"https:\/\/seipuntozero-haircare.it\/fr\/product\/hairzoe-creme-de-base-restructurante\/\",\"url\":\"https:\/\/seipuntozero-haircare.it\/fr\/product\/hairzoe-creme-de-base-restructurante\/\",\"name\":\"Cr\u00e8me de base restructurante | HAIRZOE\",\"isPartOf\":{\"@id\":\"https:\/\/seipuntozero-haircare.it\/fr\/#website\"},\"primaryImageOfPage\":{\"@id\":\"https:\/\/seipuntozero-haircare.it\/fr\/product\/hairzoe-creme-de-base-restructurante\/#primaryimage\"},\"image\":{\"@id\":\"https:\/\/seipuntozero-haircare.it\/fr\/product\/hairzoe-creme-de-base-restructurante\/#primaryimage\"},\"thumbnailUrl\":\"https:\/\/seipuntozero-haircare.it\/wp-content\/uploads\/2020\/01\/263158_sei_punto_zero_hairzoe_restructuring_base_cream_500ml.png\",\"datePublished\":\"2019-10-21T08:42:22+00:00\",\"dateModified\":\"2021-06-09T07:38:28+00:00\",\"description\":\"La cr\u00e8me restructurante et le s\u00e9rum booster en flacons sont au centre du soin Hairzoe.\",\"breadcrumb\":{\"@id\":\"https:\/\/seipuntozero-haircare.it\/fr\/product\/hairzoe-creme-de-base-restructurante\/#breadcrumb\"},\"inLanguage\":\"fr-FR\",\"potentialAction\":[{\"@type\":\"ReadAction\",\"target\":[\"https:\/\/seipuntozero-haircare.it\/fr\/product\/hairzoe-creme-de-base-restructurante\/\"]}]},{\"@type\":\"ImageObject\",\"inLanguage\":\"fr-FR\",\"@id\":\"https:\/\/seipuntozero-haircare.it\/fr\/product\/hairzoe-creme-de-base-restructurante\/#primaryimage\",\"url\":\"https:\/\/seipuntozero-haircare.it\/wp-content\/uploads\/2020\/01\/263158_sei_punto_zero_hairzoe_restructuring_base_cream_500ml.png\",\"contentUrl\":\"https:\/\/seipuntozero-haircare.it\/wp-content\/uploads\/2020\/01\/263158_sei_punto_zero_hairzoe_restructuring_base_cream_500ml.png\",\"width\":600,\"height\":600,\"caption\":\"Crema base ristrutturante\"},{\"@type\":\"BreadcrumbList\",\"@id\":\"https:\/\/seipuntozero-haircare.it\/fr\/product\/hairzoe-creme-de-base-restructurante\/#breadcrumb\",\"itemListElement\":[{\"@type\":\"ListItem\",\"position\":1,\"name\":\"Home\",\"item\":\"https:\/\/seipuntozero-haircare.it\/fr\/\"},{\"@type\":\"ListItem\",\"position\":2,\"name\":\"Products\",\"item\":\"https:\/\/seipuntozero-haircare.it\/fr\/shop\/\"},{\"@type\":\"ListItem\",\"position\":3,\"name\":\"HAIRZOE Cr\u00e8me de base restructurante\"}]},{\"@type\":\"WebSite\",\"@id\":\"https:\/\/seipuntozero-haircare.it\/fr\/#website\",\"url\":\"https:\/\/seipuntozero-haircare.it\/fr\/\",\"name\":\"6.Zero\",\"description\":\"Essential Touch\",\"potentialAction\":[{\"@type\":\"SearchAction\",\"target\":{\"@type\":\"EntryPoint\",\"urlTemplate\":\"https:\/\/seipuntozero-haircare.it\/fr\/?s={search_term_string}\"},\"query-input\":{\"@type\":\"PropertyValueSpecification\",\"valueRequired\":true,\"valueName\":\"search_term_string\"}}],\"inLanguage\":\"fr-FR\"}]}<\/script>\n<!-- \/ Yoast SEO plugin. -->","yoast_head_json":{"title":"Cr\u00e8me de base restructurante | HAIRZOE","description":"La cr\u00e8me restructurante et le s\u00e9rum booster en flacons sont au centre du soin Hairzoe.","robots":{"index":"index","follow":"follow","max-snippet":"max-snippet:-1","max-image-preview":"max-image-preview:large","max-video-preview":"max-video-preview:-1"},"canonical":"https:\/\/seipuntozero-haircare.it\/fr\/product\/hairzoe-creme-de-base-restructurante\/","og_locale":"fr_FR","og_type":"article","og_title":"Cr\u00e8me de base restructurante | HAIRZOE","og_description":"La cr\u00e8me restructurante et le s\u00e9rum booster en flacons sont au centre du soin Hairzoe.","og_url":"https:\/\/seipuntozero-haircare.it\/fr\/product\/hairzoe-creme-de-base-restructurante\/","og_site_name":"6.Zero","article_modified_time":"2021-06-09T07:38:28+00:00","og_image":[{"width":600,"height":600,"url":"https:\/\/seipuntozero-haircare.it\/wp-content\/uploads\/2020\/01\/263158_sei_punto_zero_hairzoe_restructuring_base_cream_500ml.png","type":"image\/png"}],"twitter_card":"summary_large_image","twitter_misc":{"Dur\u00e9e de lecture estim\u00e9e":"1 minute"},"schema":{"@context":"https:\/\/schema.org","@graph":[{"@type":"WebPage","@id":"https:\/\/seipuntozero-haircare.it\/fr\/product\/hairzoe-creme-de-base-restructurante\/","url":"https:\/\/seipuntozero-haircare.it\/fr\/product\/hairzoe-creme-de-base-restructurante\/","name":"Cr\u00e8me de base restructurante | HAIRZOE","isPartOf":{"@id":"https:\/\/seipuntozero-haircare.it\/fr\/#website"},"primaryImageOfPage":{"@id":"https:\/\/seipuntozero-haircare.it\/fr\/product\/hairzoe-creme-de-base-restructurante\/#primaryimage"},"image":{"@id":"https:\/\/seipuntozero-haircare.it\/fr\/product\/hairzoe-creme-de-base-restructurante\/#primaryimage"},"thumbnailUrl":"https:\/\/seipuntozero-haircare.it\/wp-content\/uploads\/2020\/01\/263158_sei_punto_zero_hairzoe_restructuring_base_cream_500ml.png","datePublished":"2019-10-21T08:42:22+00:00","dateModified":"2021-06-09T07:38:28+00:00","description":"La cr\u00e8me restructurante et le s\u00e9rum booster en flacons sont au centre du soin Hairzoe.","breadcrumb":{"@id":"https:\/\/seipuntozero-haircare.it\/fr\/product\/hairzoe-creme-de-base-restructurante\/#breadcrumb"},"inLanguage":"fr-FR","potentialAction":[{"@type":"ReadAction","target":["https:\/\/seipuntozero-haircare.it\/fr\/product\/hairzoe-creme-de-base-restructurante\/"]}]},{"@type":"ImageObject","inLanguage":"fr-FR","@id":"https:\/\/seipuntozero-haircare.it\/fr\/product\/hairzoe-creme-de-base-restructurante\/#primaryimage","url":"https:\/\/seipuntozero-haircare.it\/wp-content\/uploads\/2020\/01\/263158_sei_punto_zero_hairzoe_restructuring_base_cream_500ml.png","contentUrl":"https:\/\/seipuntozero-haircare.it\/wp-content\/uploads\/2020\/01\/263158_sei_punto_zero_hairzoe_restructuring_base_cream_500ml.png","width":600,"height":600,"caption":"Crema base ristrutturante"},{"@type":"BreadcrumbList","@id":"https:\/\/seipuntozero-haircare.it\/fr\/product\/hairzoe-creme-de-base-restructurante\/#breadcrumb","itemListElement":[{"@type":"ListItem","position":1,"name":"Home","item":"https:\/\/seipuntozero-haircare.it\/fr\/"},{"@type":"ListItem","position":2,"name":"Products","item":"https:\/\/seipuntozero-haircare.it\/fr\/shop\/"},{"@type":"ListItem","position":3,"name":"HAIRZOE Cr\u00e8me de base restructurante"}]},{"@type":"WebSite","@id":"https:\/\/seipuntozero-haircare.it\/fr\/#website","url":"https:\/\/seipuntozero-haircare.it\/fr\/","name":"6.Zero","description":"Essential Touch","potentialAction":[{"@type":"SearchAction","target":{"@type":"EntryPoint","urlTemplate":"https:\/\/seipuntozero-haircare.it\/fr\/?s={search_term_string}"},"query-input":{"@type":"PropertyValueSpecification","valueRequired":true,"valueName":"search_term_string"}}],"inLanguage":"fr-FR"}]}},"_links":{"self":[{"href":"https:\/\/seipuntozero-haircare.it\/fr\/wp-json\/wp\/v2\/product\/15103","targetHints":{"allow":["GET"]}}],"collection":[{"href":"https:\/\/seipuntozero-haircare.it\/fr\/wp-json\/wp\/v2\/product"}],"about":[{"href":"https:\/\/seipuntozero-haircare.it\/fr\/wp-json\/wp\/v2\/types\/product"}],"wp:featuredmedia":[{"embeddable":true,"href":"https:\/\/seipuntozero-haircare.it\/fr\/wp-json\/wp\/v2\/media\/18168"}],"wp:attachment":[{"href":"https:\/\/seipuntozero-haircare.it\/fr\/wp-json\/wp\/v2\/media?parent=15103"}],"wp:term":[{"taxonomy":"product_brand","embeddable":true,"href":"https:\/\/seipuntozero-haircare.it\/fr\/wp-json\/wp\/v2\/product_brand?post=15103"},{"taxonomy":"product_cat","embeddable":true,"href":"https:\/\/seipuntozero-haircare.it\/fr\/wp-json\/wp\/v2\/product_cat?post=15103"},{"taxonomy":"product_tag","embeddable":true,"href":"https:\/\/seipuntozero-haircare.it\/fr\/wp-json\/wp\/v2\/product_tag?post=15103"}],"curies":[{"name":"wp","href":"https:\/\/api.w.org\/{rel}","templated":true}]}}