{"id":15100,"date":"2019-10-21T10:46:54","date_gmt":"2019-10-21T08:46:54","guid":{"rendered":"https:\/\/seipuntozero-haircare.it\/prodotto\/hairzoe-serum-booster-restructurant-en-flacons\/"},"modified":"2021-06-09T09:35:06","modified_gmt":"2021-06-09T07:35:06","slug":"hairzoe-serum-booster-restructurant-en-flacons","status":"publish","type":"product","link":"https:\/\/seipuntozero-haircare.it\/fr\/product\/hairzoe-serum-booster-restructurant-en-flacons\/","title":{"rendered":"HAIRZOE <br> S\u00e9rum booster restructurant en flacons"},"content":{"rendered":"<ul>\n<li>Soin \u00e0 l&rsquo;action intensive<\/li>\n<li>Revitalise et illumine les cheveux<\/li>\n<li>Id\u00e9al pour les cheveux secs, cassants, ab\u00eem\u00e9s et trait\u00e9s<\/li>\n<li>Formule compl\u00e9mentaire \u00e0 la cr\u00e8me de base, pour nourrir et r\u00e9g\u00e9n\u00e9rer en profondeur<\/li>\n<li>Efficacit\u00e9 test\u00e9e *<\/li>\n<\/ul>\n<p>&nbsp;<\/p>\n<p>* Des tests in vivo effectu\u00e9s dans des instituts universitaires italiens d\u00e9montrent l&rsquo;efficacit\u00e9 du traitement : les cheveux sont visiblement plus forts et brillants, consid\u00e9rablement restructur\u00e9s.<\/p>\n","protected":false},"excerpt":{"rendered":"<p>Le <strong>s\u00e9rum restructurant <\/strong>Hairzoe est un soin intensif \u00e0 l&rsquo;action <strong>illuminante et revitalisante<\/strong>. Formule booster hautement efficace, \u00e0 m\u00e9langer \u00e0 la Cr\u00e8me de base pour apporter structure, douceur et tenue aux cheveux .<\/p>\n<p>Le s\u00e9rum poss\u00e8de une concentration en principes actifs \u00e0 fort pouvoir r\u00e9g\u00e9n\u00e9rant : l&rsquo;<strong>Acide Hyaluronique, <\/strong>repulpant \u00e0 l&rsquo;effet comblant, aide les cheveux \u00e0 garder la bonne hydratation, tandis que les <strong>Cellules Souches de Raisin <\/strong>prot\u00e8gent les cheveux et exercent une action anti-\u00e2ge en neutralisant les radicaux libres.<\/p>\n<p>Format 12 flacons de 10 ml<\/p>\n","protected":false},"featured_media":18174,"template":"","meta":[],"product_brand":[],"product_cat":[596],"product_tag":[],"class_list":["post-15100","product","type-product","status-publish","has-post-thumbnail","hentry","product_cat-hairzoe-fr"],"yoast_head":"<!-- This site is optimized with the Yoast SEO plugin v27.1.1 - https:\/\/yoast.com\/product\/yoast-seo-wordpress\/ -->\n<title>S\u00e9rum booster restructurant en flacons | HAIRZOE<\/title>\n<meta name=\"description\" content=\"Le s\u00e9rum restructurant Hairzoe est un soin intensif \u00e0 l&#039;action illuminante et revitalisante.\" \/>\n<meta name=\"robots\" content=\"index, follow, max-snippet:-1, max-image-preview:large, max-video-preview:-1\" \/>\n<link rel=\"canonical\" href=\"https:\/\/seipuntozero-haircare.it\/fr\/product\/hairzoe-serum-booster-restructurant-en-flacons\/\" \/>\n<meta property=\"og:locale\" content=\"fr_FR\" \/>\n<meta property=\"og:type\" content=\"article\" \/>\n<meta property=\"og:title\" content=\"S\u00e9rum booster restructurant en flacons | HAIRZOE\" \/>\n<meta property=\"og:description\" content=\"Le s\u00e9rum restructurant Hairzoe est un soin intensif \u00e0 l&#039;action illuminante et revitalisante.\" \/>\n<meta property=\"og:url\" content=\"https:\/\/seipuntozero-haircare.it\/fr\/product\/hairzoe-serum-booster-restructurant-en-flacons\/\" \/>\n<meta property=\"og:site_name\" content=\"6.Zero\" \/>\n<meta property=\"article:modified_time\" content=\"2021-06-09T07:35:06+00:00\" \/>\n<meta property=\"og:image\" content=\"https:\/\/seipuntozero-haircare.it\/wp-content\/uploads\/2020\/01\/263165_sei_punto_zero_hairzoe_restructuring_booster_serum_10ml.png\" \/>\n\t<meta property=\"og:image:width\" content=\"600\" \/>\n\t<meta property=\"og:image:height\" content=\"600\" \/>\n\t<meta property=\"og:image:type\" content=\"image\/png\" \/>\n<meta name=\"twitter:card\" content=\"summary_large_image\" \/>\n<meta name=\"twitter:label1\" content=\"Dur\u00e9e de lecture estim\u00e9e\" \/>\n\t<meta name=\"twitter:data1\" content=\"1 minute\" \/>\n<script type=\"application\/ld+json\" class=\"yoast-schema-graph\">{\"@context\":\"https:\/\/schema.org\",\"@graph\":[{\"@type\":\"WebPage\",\"@id\":\"https:\/\/seipuntozero-haircare.it\/fr\/product\/hairzoe-serum-booster-restructurant-en-flacons\/\",\"url\":\"https:\/\/seipuntozero-haircare.it\/fr\/product\/hairzoe-serum-booster-restructurant-en-flacons\/\",\"name\":\"S\u00e9rum booster restructurant en flacons | HAIRZOE\",\"isPartOf\":{\"@id\":\"https:\/\/seipuntozero-haircare.it\/fr\/#website\"},\"primaryImageOfPage\":{\"@id\":\"https:\/\/seipuntozero-haircare.it\/fr\/product\/hairzoe-serum-booster-restructurant-en-flacons\/#primaryimage\"},\"image\":{\"@id\":\"https:\/\/seipuntozero-haircare.it\/fr\/product\/hairzoe-serum-booster-restructurant-en-flacons\/#primaryimage\"},\"thumbnailUrl\":\"https:\/\/seipuntozero-haircare.it\/wp-content\/uploads\/2020\/01\/263165_sei_punto_zero_hairzoe_restructuring_booster_serum_10ml.png\",\"datePublished\":\"2019-10-21T08:46:54+00:00\",\"dateModified\":\"2021-06-09T07:35:06+00:00\",\"description\":\"Le s\u00e9rum restructurant Hairzoe est un soin intensif \u00e0 l'action illuminante et revitalisante.\",\"breadcrumb\":{\"@id\":\"https:\/\/seipuntozero-haircare.it\/fr\/product\/hairzoe-serum-booster-restructurant-en-flacons\/#breadcrumb\"},\"inLanguage\":\"fr-FR\",\"potentialAction\":[{\"@type\":\"ReadAction\",\"target\":[\"https:\/\/seipuntozero-haircare.it\/fr\/product\/hairzoe-serum-booster-restructurant-en-flacons\/\"]}]},{\"@type\":\"ImageObject\",\"inLanguage\":\"fr-FR\",\"@id\":\"https:\/\/seipuntozero-haircare.it\/fr\/product\/hairzoe-serum-booster-restructurant-en-flacons\/#primaryimage\",\"url\":\"https:\/\/seipuntozero-haircare.it\/wp-content\/uploads\/2020\/01\/263165_sei_punto_zero_hairzoe_restructuring_booster_serum_10ml.png\",\"contentUrl\":\"https:\/\/seipuntozero-haircare.it\/wp-content\/uploads\/2020\/01\/263165_sei_punto_zero_hairzoe_restructuring_booster_serum_10ml.png\",\"width\":600,\"height\":600,\"caption\":\"Siero booster ristrutturante in fiale\"},{\"@type\":\"BreadcrumbList\",\"@id\":\"https:\/\/seipuntozero-haircare.it\/fr\/product\/hairzoe-serum-booster-restructurant-en-flacons\/#breadcrumb\",\"itemListElement\":[{\"@type\":\"ListItem\",\"position\":1,\"name\":\"Home\",\"item\":\"https:\/\/seipuntozero-haircare.it\/fr\/\"},{\"@type\":\"ListItem\",\"position\":2,\"name\":\"Products\",\"item\":\"https:\/\/seipuntozero-haircare.it\/fr\/shop\/\"},{\"@type\":\"ListItem\",\"position\":3,\"name\":\"HAIRZOE S\u00e9rum booster restructurant en flacons\"}]},{\"@type\":\"WebSite\",\"@id\":\"https:\/\/seipuntozero-haircare.it\/fr\/#website\",\"url\":\"https:\/\/seipuntozero-haircare.it\/fr\/\",\"name\":\"6.Zero\",\"description\":\"Essential Touch\",\"potentialAction\":[{\"@type\":\"SearchAction\",\"target\":{\"@type\":\"EntryPoint\",\"urlTemplate\":\"https:\/\/seipuntozero-haircare.it\/fr\/?s={search_term_string}\"},\"query-input\":{\"@type\":\"PropertyValueSpecification\",\"valueRequired\":true,\"valueName\":\"search_term_string\"}}],\"inLanguage\":\"fr-FR\"}]}<\/script>\n<!-- \/ Yoast SEO plugin. -->","yoast_head_json":{"title":"S\u00e9rum booster restructurant en flacons | HAIRZOE","description":"Le s\u00e9rum restructurant Hairzoe est un soin intensif \u00e0 l'action illuminante et revitalisante.","robots":{"index":"index","follow":"follow","max-snippet":"max-snippet:-1","max-image-preview":"max-image-preview:large","max-video-preview":"max-video-preview:-1"},"canonical":"https:\/\/seipuntozero-haircare.it\/fr\/product\/hairzoe-serum-booster-restructurant-en-flacons\/","og_locale":"fr_FR","og_type":"article","og_title":"S\u00e9rum booster restructurant en flacons | HAIRZOE","og_description":"Le s\u00e9rum restructurant Hairzoe est un soin intensif \u00e0 l'action illuminante et revitalisante.","og_url":"https:\/\/seipuntozero-haircare.it\/fr\/product\/hairzoe-serum-booster-restructurant-en-flacons\/","og_site_name":"6.Zero","article_modified_time":"2021-06-09T07:35:06+00:00","og_image":[{"width":600,"height":600,"url":"https:\/\/seipuntozero-haircare.it\/wp-content\/uploads\/2020\/01\/263165_sei_punto_zero_hairzoe_restructuring_booster_serum_10ml.png","type":"image\/png"}],"twitter_card":"summary_large_image","twitter_misc":{"Dur\u00e9e de lecture estim\u00e9e":"1 minute"},"schema":{"@context":"https:\/\/schema.org","@graph":[{"@type":"WebPage","@id":"https:\/\/seipuntozero-haircare.it\/fr\/product\/hairzoe-serum-booster-restructurant-en-flacons\/","url":"https:\/\/seipuntozero-haircare.it\/fr\/product\/hairzoe-serum-booster-restructurant-en-flacons\/","name":"S\u00e9rum booster restructurant en flacons | HAIRZOE","isPartOf":{"@id":"https:\/\/seipuntozero-haircare.it\/fr\/#website"},"primaryImageOfPage":{"@id":"https:\/\/seipuntozero-haircare.it\/fr\/product\/hairzoe-serum-booster-restructurant-en-flacons\/#primaryimage"},"image":{"@id":"https:\/\/seipuntozero-haircare.it\/fr\/product\/hairzoe-serum-booster-restructurant-en-flacons\/#primaryimage"},"thumbnailUrl":"https:\/\/seipuntozero-haircare.it\/wp-content\/uploads\/2020\/01\/263165_sei_punto_zero_hairzoe_restructuring_booster_serum_10ml.png","datePublished":"2019-10-21T08:46:54+00:00","dateModified":"2021-06-09T07:35:06+00:00","description":"Le s\u00e9rum restructurant Hairzoe est un soin intensif \u00e0 l'action illuminante et revitalisante.","breadcrumb":{"@id":"https:\/\/seipuntozero-haircare.it\/fr\/product\/hairzoe-serum-booster-restructurant-en-flacons\/#breadcrumb"},"inLanguage":"fr-FR","potentialAction":[{"@type":"ReadAction","target":["https:\/\/seipuntozero-haircare.it\/fr\/product\/hairzoe-serum-booster-restructurant-en-flacons\/"]}]},{"@type":"ImageObject","inLanguage":"fr-FR","@id":"https:\/\/seipuntozero-haircare.it\/fr\/product\/hairzoe-serum-booster-restructurant-en-flacons\/#primaryimage","url":"https:\/\/seipuntozero-haircare.it\/wp-content\/uploads\/2020\/01\/263165_sei_punto_zero_hairzoe_restructuring_booster_serum_10ml.png","contentUrl":"https:\/\/seipuntozero-haircare.it\/wp-content\/uploads\/2020\/01\/263165_sei_punto_zero_hairzoe_restructuring_booster_serum_10ml.png","width":600,"height":600,"caption":"Siero booster ristrutturante in fiale"},{"@type":"BreadcrumbList","@id":"https:\/\/seipuntozero-haircare.it\/fr\/product\/hairzoe-serum-booster-restructurant-en-flacons\/#breadcrumb","itemListElement":[{"@type":"ListItem","position":1,"name":"Home","item":"https:\/\/seipuntozero-haircare.it\/fr\/"},{"@type":"ListItem","position":2,"name":"Products","item":"https:\/\/seipuntozero-haircare.it\/fr\/shop\/"},{"@type":"ListItem","position":3,"name":"HAIRZOE S\u00e9rum booster restructurant en flacons"}]},{"@type":"WebSite","@id":"https:\/\/seipuntozero-haircare.it\/fr\/#website","url":"https:\/\/seipuntozero-haircare.it\/fr\/","name":"6.Zero","description":"Essential Touch","potentialAction":[{"@type":"SearchAction","target":{"@type":"EntryPoint","urlTemplate":"https:\/\/seipuntozero-haircare.it\/fr\/?s={search_term_string}"},"query-input":{"@type":"PropertyValueSpecification","valueRequired":true,"valueName":"search_term_string"}}],"inLanguage":"fr-FR"}]}},"_links":{"self":[{"href":"https:\/\/seipuntozero-haircare.it\/fr\/wp-json\/wp\/v2\/product\/15100","targetHints":{"allow":["GET"]}}],"collection":[{"href":"https:\/\/seipuntozero-haircare.it\/fr\/wp-json\/wp\/v2\/product"}],"about":[{"href":"https:\/\/seipuntozero-haircare.it\/fr\/wp-json\/wp\/v2\/types\/product"}],"wp:featuredmedia":[{"embeddable":true,"href":"https:\/\/seipuntozero-haircare.it\/fr\/wp-json\/wp\/v2\/media\/18174"}],"wp:attachment":[{"href":"https:\/\/seipuntozero-haircare.it\/fr\/wp-json\/wp\/v2\/media?parent=15100"}],"wp:term":[{"taxonomy":"product_brand","embeddable":true,"href":"https:\/\/seipuntozero-haircare.it\/fr\/wp-json\/wp\/v2\/product_brand?post=15100"},{"taxonomy":"product_cat","embeddable":true,"href":"https:\/\/seipuntozero-haircare.it\/fr\/wp-json\/wp\/v2\/product_cat?post=15100"},{"taxonomy":"product_tag","embeddable":true,"href":"https:\/\/seipuntozero-haircare.it\/fr\/wp-json\/wp\/v2\/product_tag?post=15100"}],"curies":[{"name":"wp","href":"https:\/\/api.w.org\/{rel}","templated":true}]}}