{"id":15098,"date":"2019-10-21T11:24:56","date_gmt":"2019-10-21T09:24:56","guid":{"rendered":"https:\/\/seipuntozero-haircare.it\/prodotto\/hairzoe-fluide-spray-restructurant\/"},"modified":"2021-06-09T09:36:35","modified_gmt":"2021-06-09T07:36:35","slug":"hairzoe-fluide-spray-restructurant","status":"publish","type":"product","link":"https:\/\/seipuntozero-haircare.it\/fr\/product\/hairzoe-fluide-spray-restructurant\/","title":{"rendered":"HAIRZOE <br> Fluide spray restructurant"},"content":{"rendered":"<ul>\n<li>Referme la cuticule et illumine les cheveux<\/li>\n<li>Pr\u00e9pare les cheveux au brushing<\/li>\n<li>Compl\u00e8te le soin pour cheveux secs, cassants, ab\u00eem\u00e9s et trait\u00e9s<\/li>\n<li>Efficacit\u00e9 test\u00e9e *<\/li>\n<\/ul>\n<p>&nbsp;<\/p>\n<p>* Des tests in vivo effectu\u00e9s dans des instituts universitaires italiens d\u00e9montrent l&rsquo;efficacit\u00e9 du traitement : les cheveux sont visiblement plus forts et brillants, consid\u00e9rablement restructur\u00e9s.<\/p>\n","protected":false},"excerpt":{"rendered":"<p>Le <strong>fluide spray Hairzoe <\/strong>finalise le soin en salon avec son action r\u00e9g\u00e9n\u00e9rante et illuminante. Sublimez vos cheveux et soulignez leur <strong>brillance et leur force<\/strong>.<\/p>\n<p>Sa formulation est id\u00e9ale pour envelopper les longueurs, refermer les cuticules des cheveux et les pr\u00e9parer au brushing. La concentration en <strong>Acide hyaluronique <\/strong>et en <strong>Cellules souches de Raisin <\/strong>renforce les propri\u00e9t\u00e9s restructurantes et protectrices du soin pour cheveux secs, cassants et ab\u00eem\u00e9s.<\/p>\n<p>Format 150 ml<\/p>\n","protected":false},"featured_media":18180,"template":"","meta":[],"product_brand":[],"product_cat":[596],"product_tag":[],"class_list":["post-15098","product","type-product","status-publish","has-post-thumbnail","hentry","product_cat-hairzoe-fr"],"yoast_head":"<!-- This site is optimized with the Yoast SEO plugin v27.1.1 - https:\/\/yoast.com\/product\/yoast-seo-wordpress\/ -->\n<title>Fluide spray restructurant | Hairzoe<\/title>\n<meta name=\"description\" content=\"Le fluide spray Hairzoe finalise le soin en salon avec son action r\u00e9g\u00e9n\u00e9rante et illuminante.\" \/>\n<meta name=\"robots\" content=\"index, follow, max-snippet:-1, max-image-preview:large, max-video-preview:-1\" \/>\n<link rel=\"canonical\" href=\"https:\/\/seipuntozero-haircare.it\/fr\/product\/hairzoe-fluide-spray-restructurant\/\" \/>\n<meta property=\"og:locale\" content=\"fr_FR\" \/>\n<meta property=\"og:type\" content=\"article\" \/>\n<meta property=\"og:title\" content=\"Fluide spray restructurant | Hairzoe\" \/>\n<meta property=\"og:description\" content=\"Le fluide spray Hairzoe finalise le soin en salon avec son action r\u00e9g\u00e9n\u00e9rante et illuminante.\" \/>\n<meta property=\"og:url\" content=\"https:\/\/seipuntozero-haircare.it\/fr\/product\/hairzoe-fluide-spray-restructurant\/\" \/>\n<meta property=\"og:site_name\" content=\"6.Zero\" \/>\n<meta property=\"article:modified_time\" content=\"2021-06-09T07:36:35+00:00\" \/>\n<meta property=\"og:image\" content=\"https:\/\/seipuntozero-haircare.it\/wp-content\/uploads\/2020\/01\/263172_sei_punto_zero_hairzoe_restructuring_spray_150ml.png\" \/>\n\t<meta property=\"og:image:width\" content=\"600\" \/>\n\t<meta property=\"og:image:height\" content=\"600\" \/>\n\t<meta property=\"og:image:type\" content=\"image\/png\" \/>\n<meta name=\"twitter:card\" content=\"summary_large_image\" \/>\n<meta name=\"twitter:label1\" content=\"Dur\u00e9e de lecture estim\u00e9e\" \/>\n\t<meta name=\"twitter:data1\" content=\"1 minute\" \/>\n<script type=\"application\/ld+json\" class=\"yoast-schema-graph\">{\"@context\":\"https:\/\/schema.org\",\"@graph\":[{\"@type\":\"WebPage\",\"@id\":\"https:\/\/seipuntozero-haircare.it\/fr\/product\/hairzoe-fluide-spray-restructurant\/\",\"url\":\"https:\/\/seipuntozero-haircare.it\/fr\/product\/hairzoe-fluide-spray-restructurant\/\",\"name\":\"Fluide spray restructurant | Hairzoe\",\"isPartOf\":{\"@id\":\"https:\/\/seipuntozero-haircare.it\/fr\/#website\"},\"primaryImageOfPage\":{\"@id\":\"https:\/\/seipuntozero-haircare.it\/fr\/product\/hairzoe-fluide-spray-restructurant\/#primaryimage\"},\"image\":{\"@id\":\"https:\/\/seipuntozero-haircare.it\/fr\/product\/hairzoe-fluide-spray-restructurant\/#primaryimage\"},\"thumbnailUrl\":\"https:\/\/seipuntozero-haircare.it\/wp-content\/uploads\/2020\/01\/263172_sei_punto_zero_hairzoe_restructuring_spray_150ml.png\",\"datePublished\":\"2019-10-21T09:24:56+00:00\",\"dateModified\":\"2021-06-09T07:36:35+00:00\",\"description\":\"Le fluide spray Hairzoe finalise le soin en salon avec son action r\u00e9g\u00e9n\u00e9rante et illuminante.\",\"breadcrumb\":{\"@id\":\"https:\/\/seipuntozero-haircare.it\/fr\/product\/hairzoe-fluide-spray-restructurant\/#breadcrumb\"},\"inLanguage\":\"fr-FR\",\"potentialAction\":[{\"@type\":\"ReadAction\",\"target\":[\"https:\/\/seipuntozero-haircare.it\/fr\/product\/hairzoe-fluide-spray-restructurant\/\"]}]},{\"@type\":\"ImageObject\",\"inLanguage\":\"fr-FR\",\"@id\":\"https:\/\/seipuntozero-haircare.it\/fr\/product\/hairzoe-fluide-spray-restructurant\/#primaryimage\",\"url\":\"https:\/\/seipuntozero-haircare.it\/wp-content\/uploads\/2020\/01\/263172_sei_punto_zero_hairzoe_restructuring_spray_150ml.png\",\"contentUrl\":\"https:\/\/seipuntozero-haircare.it\/wp-content\/uploads\/2020\/01\/263172_sei_punto_zero_hairzoe_restructuring_spray_150ml.png\",\"width\":600,\"height\":600,\"caption\":\"Fluido spray ristrutturante\"},{\"@type\":\"BreadcrumbList\",\"@id\":\"https:\/\/seipuntozero-haircare.it\/fr\/product\/hairzoe-fluide-spray-restructurant\/#breadcrumb\",\"itemListElement\":[{\"@type\":\"ListItem\",\"position\":1,\"name\":\"Home\",\"item\":\"https:\/\/seipuntozero-haircare.it\/fr\/\"},{\"@type\":\"ListItem\",\"position\":2,\"name\":\"Products\",\"item\":\"https:\/\/seipuntozero-haircare.it\/fr\/shop\/\"},{\"@type\":\"ListItem\",\"position\":3,\"name\":\"HAIRZOE Fluide spray restructurant\"}]},{\"@type\":\"WebSite\",\"@id\":\"https:\/\/seipuntozero-haircare.it\/fr\/#website\",\"url\":\"https:\/\/seipuntozero-haircare.it\/fr\/\",\"name\":\"6.Zero\",\"description\":\"Essential Touch\",\"potentialAction\":[{\"@type\":\"SearchAction\",\"target\":{\"@type\":\"EntryPoint\",\"urlTemplate\":\"https:\/\/seipuntozero-haircare.it\/fr\/?s={search_term_string}\"},\"query-input\":{\"@type\":\"PropertyValueSpecification\",\"valueRequired\":true,\"valueName\":\"search_term_string\"}}],\"inLanguage\":\"fr-FR\"}]}<\/script>\n<!-- \/ Yoast SEO plugin. -->","yoast_head_json":{"title":"Fluide spray restructurant | Hairzoe","description":"Le fluide spray Hairzoe finalise le soin en salon avec son action r\u00e9g\u00e9n\u00e9rante et illuminante.","robots":{"index":"index","follow":"follow","max-snippet":"max-snippet:-1","max-image-preview":"max-image-preview:large","max-video-preview":"max-video-preview:-1"},"canonical":"https:\/\/seipuntozero-haircare.it\/fr\/product\/hairzoe-fluide-spray-restructurant\/","og_locale":"fr_FR","og_type":"article","og_title":"Fluide spray restructurant | Hairzoe","og_description":"Le fluide spray Hairzoe finalise le soin en salon avec son action r\u00e9g\u00e9n\u00e9rante et illuminante.","og_url":"https:\/\/seipuntozero-haircare.it\/fr\/product\/hairzoe-fluide-spray-restructurant\/","og_site_name":"6.Zero","article_modified_time":"2021-06-09T07:36:35+00:00","og_image":[{"width":600,"height":600,"url":"https:\/\/seipuntozero-haircare.it\/wp-content\/uploads\/2020\/01\/263172_sei_punto_zero_hairzoe_restructuring_spray_150ml.png","type":"image\/png"}],"twitter_card":"summary_large_image","twitter_misc":{"Dur\u00e9e de lecture estim\u00e9e":"1 minute"},"schema":{"@context":"https:\/\/schema.org","@graph":[{"@type":"WebPage","@id":"https:\/\/seipuntozero-haircare.it\/fr\/product\/hairzoe-fluide-spray-restructurant\/","url":"https:\/\/seipuntozero-haircare.it\/fr\/product\/hairzoe-fluide-spray-restructurant\/","name":"Fluide spray restructurant | Hairzoe","isPartOf":{"@id":"https:\/\/seipuntozero-haircare.it\/fr\/#website"},"primaryImageOfPage":{"@id":"https:\/\/seipuntozero-haircare.it\/fr\/product\/hairzoe-fluide-spray-restructurant\/#primaryimage"},"image":{"@id":"https:\/\/seipuntozero-haircare.it\/fr\/product\/hairzoe-fluide-spray-restructurant\/#primaryimage"},"thumbnailUrl":"https:\/\/seipuntozero-haircare.it\/wp-content\/uploads\/2020\/01\/263172_sei_punto_zero_hairzoe_restructuring_spray_150ml.png","datePublished":"2019-10-21T09:24:56+00:00","dateModified":"2021-06-09T07:36:35+00:00","description":"Le fluide spray Hairzoe finalise le soin en salon avec son action r\u00e9g\u00e9n\u00e9rante et illuminante.","breadcrumb":{"@id":"https:\/\/seipuntozero-haircare.it\/fr\/product\/hairzoe-fluide-spray-restructurant\/#breadcrumb"},"inLanguage":"fr-FR","potentialAction":[{"@type":"ReadAction","target":["https:\/\/seipuntozero-haircare.it\/fr\/product\/hairzoe-fluide-spray-restructurant\/"]}]},{"@type":"ImageObject","inLanguage":"fr-FR","@id":"https:\/\/seipuntozero-haircare.it\/fr\/product\/hairzoe-fluide-spray-restructurant\/#primaryimage","url":"https:\/\/seipuntozero-haircare.it\/wp-content\/uploads\/2020\/01\/263172_sei_punto_zero_hairzoe_restructuring_spray_150ml.png","contentUrl":"https:\/\/seipuntozero-haircare.it\/wp-content\/uploads\/2020\/01\/263172_sei_punto_zero_hairzoe_restructuring_spray_150ml.png","width":600,"height":600,"caption":"Fluido spray ristrutturante"},{"@type":"BreadcrumbList","@id":"https:\/\/seipuntozero-haircare.it\/fr\/product\/hairzoe-fluide-spray-restructurant\/#breadcrumb","itemListElement":[{"@type":"ListItem","position":1,"name":"Home","item":"https:\/\/seipuntozero-haircare.it\/fr\/"},{"@type":"ListItem","position":2,"name":"Products","item":"https:\/\/seipuntozero-haircare.it\/fr\/shop\/"},{"@type":"ListItem","position":3,"name":"HAIRZOE Fluide spray restructurant"}]},{"@type":"WebSite","@id":"https:\/\/seipuntozero-haircare.it\/fr\/#website","url":"https:\/\/seipuntozero-haircare.it\/fr\/","name":"6.Zero","description":"Essential Touch","potentialAction":[{"@type":"SearchAction","target":{"@type":"EntryPoint","urlTemplate":"https:\/\/seipuntozero-haircare.it\/fr\/?s={search_term_string}"},"query-input":{"@type":"PropertyValueSpecification","valueRequired":true,"valueName":"search_term_string"}}],"inLanguage":"fr-FR"}]}},"_links":{"self":[{"href":"https:\/\/seipuntozero-haircare.it\/fr\/wp-json\/wp\/v2\/product\/15098","targetHints":{"allow":["GET"]}}],"collection":[{"href":"https:\/\/seipuntozero-haircare.it\/fr\/wp-json\/wp\/v2\/product"}],"about":[{"href":"https:\/\/seipuntozero-haircare.it\/fr\/wp-json\/wp\/v2\/types\/product"}],"wp:featuredmedia":[{"embeddable":true,"href":"https:\/\/seipuntozero-haircare.it\/fr\/wp-json\/wp\/v2\/media\/18180"}],"wp:attachment":[{"href":"https:\/\/seipuntozero-haircare.it\/fr\/wp-json\/wp\/v2\/media?parent=15098"}],"wp:term":[{"taxonomy":"product_brand","embeddable":true,"href":"https:\/\/seipuntozero-haircare.it\/fr\/wp-json\/wp\/v2\/product_brand?post=15098"},{"taxonomy":"product_cat","embeddable":true,"href":"https:\/\/seipuntozero-haircare.it\/fr\/wp-json\/wp\/v2\/product_cat?post=15098"},{"taxonomy":"product_tag","embeddable":true,"href":"https:\/\/seipuntozero-haircare.it\/fr\/wp-json\/wp\/v2\/product_tag?post=15098"}],"curies":[{"name":"wp","href":"https:\/\/api.w.org\/{rel}","templated":true}]}}