{"id":15096,"date":"2019-10-21T11:56:37","date_gmt":"2019-10-21T09:56:37","guid":{"rendered":"https:\/\/seipuntozero-haircare.it\/prodotto\/hairzoe-masque-dentretien-restructurant-home-treatment\/"},"modified":"2021-06-09T09:29:48","modified_gmt":"2021-06-09T07:29:48","slug":"hairzoe-masque-dentretien-restructurant-home-treatment","status":"publish","type":"product","link":"https:\/\/seipuntozero-haircare.it\/fr\/product\/hairzoe-masque-dentretien-restructurant-home-treatment\/","title":{"rendered":"HAIRZOE <br> Masque d\u2019entretien restructurant \u2013 Home Treatment"},"content":{"rendered":"<ul>\n<li>Poss\u00e8de une formulation restructurante et nourrissante<\/li>\n<li>Le <em>Home Treatment <\/em>pr\u00e9serve et prolonge les bienfaits du soin Hairzoe m\u00eame \u00e0 domicile<\/li>\n<\/ul>\n","protected":false},"excerpt":{"rendered":"<p>Le <strong>masque d&rsquo;entretien restructurant Hairzoe <\/strong>nourrit, revitalise et illumine la chevelure .<\/p>\n<p>Compos\u00e9 d&rsquo;un Shampooing et d&rsquo;un Masque, le <strong>Home Treatment <\/strong>est id\u00e9al pour pr\u00e9server et conserver au fil du temps les effets cosm\u00e9tiques du soin effectu\u00e9 en salon, gr\u00e2ce \u00e0 sa formulation d\u00e9licate et nourrissante : <strong>l&rsquo;Acide hyaluronique <\/strong>et <strong>les Cellules souches de Raisin <\/strong>agissent en profondeur pour illuminer et revitaliser les cheveux.<\/p>\n<p>Format 250 ml<\/p>\n","protected":false},"featured_media":18186,"template":"","meta":[],"product_brand":[],"product_cat":[596],"product_tag":[],"class_list":["post-15096","product","type-product","status-publish","has-post-thumbnail","hentry","product_cat-hairzoe-fr"],"yoast_head":"<!-- This site is optimized with the Yoast SEO plugin v27.1.1 - https:\/\/yoast.com\/product\/yoast-seo-wordpress\/ -->\n<title>HAIRZOE  Masque d\u2019entretien restructurant \u2013 Home Treatment - 6.Zero<\/title>\n<meta name=\"description\" content=\"Le masque d&#039;entretien restructurant Hairzoe nourrit, revitalise et illumine la chevelure .\" \/>\n<meta name=\"robots\" content=\"index, follow, max-snippet:-1, max-image-preview:large, max-video-preview:-1\" \/>\n<link rel=\"canonical\" href=\"https:\/\/seipuntozero-haircare.it\/fr\/product\/hairzoe-masque-dentretien-restructurant-home-treatment\/\" \/>\n<meta property=\"og:locale\" content=\"fr_FR\" \/>\n<meta property=\"og:type\" content=\"article\" \/>\n<meta property=\"og:title\" content=\"HAIRZOE  Masque d\u2019entretien restructurant \u2013 Home Treatment - 6.Zero\" \/>\n<meta property=\"og:description\" content=\"Le masque d&#039;entretien restructurant Hairzoe nourrit, revitalise et illumine la chevelure .\" \/>\n<meta property=\"og:url\" content=\"https:\/\/seipuntozero-haircare.it\/fr\/product\/hairzoe-masque-dentretien-restructurant-home-treatment\/\" \/>\n<meta property=\"og:site_name\" content=\"6.Zero\" \/>\n<meta property=\"article:modified_time\" content=\"2021-06-09T07:29:48+00:00\" \/>\n<meta property=\"og:image\" content=\"https:\/\/seipuntozero-haircare.it\/wp-content\/uploads\/2020\/01\/263189_sei_punto_zero_hairzoe_post_restructuring_mask_250ml.png\" \/>\n\t<meta property=\"og:image:width\" content=\"600\" \/>\n\t<meta property=\"og:image:height\" content=\"600\" \/>\n\t<meta property=\"og:image:type\" content=\"image\/png\" \/>\n<meta name=\"twitter:card\" content=\"summary_large_image\" \/>\n<meta name=\"twitter:label1\" content=\"Dur\u00e9e de lecture estim\u00e9e\" \/>\n\t<meta name=\"twitter:data1\" content=\"1 minute\" \/>\n<script type=\"application\/ld+json\" class=\"yoast-schema-graph\">{\"@context\":\"https:\/\/schema.org\",\"@graph\":[{\"@type\":\"WebPage\",\"@id\":\"https:\/\/seipuntozero-haircare.it\/fr\/product\/hairzoe-masque-dentretien-restructurant-home-treatment\/\",\"url\":\"https:\/\/seipuntozero-haircare.it\/fr\/product\/hairzoe-masque-dentretien-restructurant-home-treatment\/\",\"name\":\"HAIRZOE Masque d\u2019entretien restructurant \u2013 Home Treatment - 6.Zero\",\"isPartOf\":{\"@id\":\"https:\/\/seipuntozero-haircare.it\/fr\/#website\"},\"primaryImageOfPage\":{\"@id\":\"https:\/\/seipuntozero-haircare.it\/fr\/product\/hairzoe-masque-dentretien-restructurant-home-treatment\/#primaryimage\"},\"image\":{\"@id\":\"https:\/\/seipuntozero-haircare.it\/fr\/product\/hairzoe-masque-dentretien-restructurant-home-treatment\/#primaryimage\"},\"thumbnailUrl\":\"https:\/\/seipuntozero-haircare.it\/wp-content\/uploads\/2020\/01\/263189_sei_punto_zero_hairzoe_post_restructuring_mask_250ml.png\",\"datePublished\":\"2019-10-21T09:56:37+00:00\",\"dateModified\":\"2021-06-09T07:29:48+00:00\",\"description\":\"Le masque d'entretien restructurant Hairzoe nourrit, revitalise et illumine la chevelure .\",\"breadcrumb\":{\"@id\":\"https:\/\/seipuntozero-haircare.it\/fr\/product\/hairzoe-masque-dentretien-restructurant-home-treatment\/#breadcrumb\"},\"inLanguage\":\"fr-FR\",\"potentialAction\":[{\"@type\":\"ReadAction\",\"target\":[\"https:\/\/seipuntozero-haircare.it\/fr\/product\/hairzoe-masque-dentretien-restructurant-home-treatment\/\"]}]},{\"@type\":\"ImageObject\",\"inLanguage\":\"fr-FR\",\"@id\":\"https:\/\/seipuntozero-haircare.it\/fr\/product\/hairzoe-masque-dentretien-restructurant-home-treatment\/#primaryimage\",\"url\":\"https:\/\/seipuntozero-haircare.it\/wp-content\/uploads\/2020\/01\/263189_sei_punto_zero_hairzoe_post_restructuring_mask_250ml.png\",\"contentUrl\":\"https:\/\/seipuntozero-haircare.it\/wp-content\/uploads\/2020\/01\/263189_sei_punto_zero_hairzoe_post_restructuring_mask_250ml.png\",\"width\":600,\"height\":600,\"caption\":\"Maschera mantenimento ristrutturante \u2013 Home Treatment\"},{\"@type\":\"BreadcrumbList\",\"@id\":\"https:\/\/seipuntozero-haircare.it\/fr\/product\/hairzoe-masque-dentretien-restructurant-home-treatment\/#breadcrumb\",\"itemListElement\":[{\"@type\":\"ListItem\",\"position\":1,\"name\":\"Home\",\"item\":\"https:\/\/seipuntozero-haircare.it\/fr\/\"},{\"@type\":\"ListItem\",\"position\":2,\"name\":\"Products\",\"item\":\"https:\/\/seipuntozero-haircare.it\/fr\/shop\/\"},{\"@type\":\"ListItem\",\"position\":3,\"name\":\"HAIRZOE Masque d\u2019entretien restructurant \u2013 Home Treatment\"}]},{\"@type\":\"WebSite\",\"@id\":\"https:\/\/seipuntozero-haircare.it\/fr\/#website\",\"url\":\"https:\/\/seipuntozero-haircare.it\/fr\/\",\"name\":\"6.Zero\",\"description\":\"Essential Touch\",\"potentialAction\":[{\"@type\":\"SearchAction\",\"target\":{\"@type\":\"EntryPoint\",\"urlTemplate\":\"https:\/\/seipuntozero-haircare.it\/fr\/?s={search_term_string}\"},\"query-input\":{\"@type\":\"PropertyValueSpecification\",\"valueRequired\":true,\"valueName\":\"search_term_string\"}}],\"inLanguage\":\"fr-FR\"}]}<\/script>\n<!-- \/ Yoast SEO plugin. -->","yoast_head_json":{"title":"HAIRZOE  Masque d\u2019entretien restructurant \u2013 Home Treatment - 6.Zero","description":"Le masque d'entretien restructurant Hairzoe nourrit, revitalise et illumine la chevelure .","robots":{"index":"index","follow":"follow","max-snippet":"max-snippet:-1","max-image-preview":"max-image-preview:large","max-video-preview":"max-video-preview:-1"},"canonical":"https:\/\/seipuntozero-haircare.it\/fr\/product\/hairzoe-masque-dentretien-restructurant-home-treatment\/","og_locale":"fr_FR","og_type":"article","og_title":"HAIRZOE  Masque d\u2019entretien restructurant \u2013 Home Treatment - 6.Zero","og_description":"Le masque d'entretien restructurant Hairzoe nourrit, revitalise et illumine la chevelure .","og_url":"https:\/\/seipuntozero-haircare.it\/fr\/product\/hairzoe-masque-dentretien-restructurant-home-treatment\/","og_site_name":"6.Zero","article_modified_time":"2021-06-09T07:29:48+00:00","og_image":[{"width":600,"height":600,"url":"https:\/\/seipuntozero-haircare.it\/wp-content\/uploads\/2020\/01\/263189_sei_punto_zero_hairzoe_post_restructuring_mask_250ml.png","type":"image\/png"}],"twitter_card":"summary_large_image","twitter_misc":{"Dur\u00e9e de lecture estim\u00e9e":"1 minute"},"schema":{"@context":"https:\/\/schema.org","@graph":[{"@type":"WebPage","@id":"https:\/\/seipuntozero-haircare.it\/fr\/product\/hairzoe-masque-dentretien-restructurant-home-treatment\/","url":"https:\/\/seipuntozero-haircare.it\/fr\/product\/hairzoe-masque-dentretien-restructurant-home-treatment\/","name":"HAIRZOE Masque d\u2019entretien restructurant \u2013 Home Treatment - 6.Zero","isPartOf":{"@id":"https:\/\/seipuntozero-haircare.it\/fr\/#website"},"primaryImageOfPage":{"@id":"https:\/\/seipuntozero-haircare.it\/fr\/product\/hairzoe-masque-dentretien-restructurant-home-treatment\/#primaryimage"},"image":{"@id":"https:\/\/seipuntozero-haircare.it\/fr\/product\/hairzoe-masque-dentretien-restructurant-home-treatment\/#primaryimage"},"thumbnailUrl":"https:\/\/seipuntozero-haircare.it\/wp-content\/uploads\/2020\/01\/263189_sei_punto_zero_hairzoe_post_restructuring_mask_250ml.png","datePublished":"2019-10-21T09:56:37+00:00","dateModified":"2021-06-09T07:29:48+00:00","description":"Le masque d'entretien restructurant Hairzoe nourrit, revitalise et illumine la chevelure .","breadcrumb":{"@id":"https:\/\/seipuntozero-haircare.it\/fr\/product\/hairzoe-masque-dentretien-restructurant-home-treatment\/#breadcrumb"},"inLanguage":"fr-FR","potentialAction":[{"@type":"ReadAction","target":["https:\/\/seipuntozero-haircare.it\/fr\/product\/hairzoe-masque-dentretien-restructurant-home-treatment\/"]}]},{"@type":"ImageObject","inLanguage":"fr-FR","@id":"https:\/\/seipuntozero-haircare.it\/fr\/product\/hairzoe-masque-dentretien-restructurant-home-treatment\/#primaryimage","url":"https:\/\/seipuntozero-haircare.it\/wp-content\/uploads\/2020\/01\/263189_sei_punto_zero_hairzoe_post_restructuring_mask_250ml.png","contentUrl":"https:\/\/seipuntozero-haircare.it\/wp-content\/uploads\/2020\/01\/263189_sei_punto_zero_hairzoe_post_restructuring_mask_250ml.png","width":600,"height":600,"caption":"Maschera mantenimento ristrutturante \u2013 Home Treatment"},{"@type":"BreadcrumbList","@id":"https:\/\/seipuntozero-haircare.it\/fr\/product\/hairzoe-masque-dentretien-restructurant-home-treatment\/#breadcrumb","itemListElement":[{"@type":"ListItem","position":1,"name":"Home","item":"https:\/\/seipuntozero-haircare.it\/fr\/"},{"@type":"ListItem","position":2,"name":"Products","item":"https:\/\/seipuntozero-haircare.it\/fr\/shop\/"},{"@type":"ListItem","position":3,"name":"HAIRZOE Masque d\u2019entretien restructurant \u2013 Home Treatment"}]},{"@type":"WebSite","@id":"https:\/\/seipuntozero-haircare.it\/fr\/#website","url":"https:\/\/seipuntozero-haircare.it\/fr\/","name":"6.Zero","description":"Essential Touch","potentialAction":[{"@type":"SearchAction","target":{"@type":"EntryPoint","urlTemplate":"https:\/\/seipuntozero-haircare.it\/fr\/?s={search_term_string}"},"query-input":{"@type":"PropertyValueSpecification","valueRequired":true,"valueName":"search_term_string"}}],"inLanguage":"fr-FR"}]}},"_links":{"self":[{"href":"https:\/\/seipuntozero-haircare.it\/fr\/wp-json\/wp\/v2\/product\/15096","targetHints":{"allow":["GET"]}}],"collection":[{"href":"https:\/\/seipuntozero-haircare.it\/fr\/wp-json\/wp\/v2\/product"}],"about":[{"href":"https:\/\/seipuntozero-haircare.it\/fr\/wp-json\/wp\/v2\/types\/product"}],"wp:featuredmedia":[{"embeddable":true,"href":"https:\/\/seipuntozero-haircare.it\/fr\/wp-json\/wp\/v2\/media\/18186"}],"wp:attachment":[{"href":"https:\/\/seipuntozero-haircare.it\/fr\/wp-json\/wp\/v2\/media?parent=15096"}],"wp:term":[{"taxonomy":"product_brand","embeddable":true,"href":"https:\/\/seipuntozero-haircare.it\/fr\/wp-json\/wp\/v2\/product_brand?post=15096"},{"taxonomy":"product_cat","embeddable":true,"href":"https:\/\/seipuntozero-haircare.it\/fr\/wp-json\/wp\/v2\/product_cat?post=15096"},{"taxonomy":"product_tag","embeddable":true,"href":"https:\/\/seipuntozero-haircare.it\/fr\/wp-json\/wp\/v2\/product_tag?post=15096"}],"curies":[{"name":"wp","href":"https:\/\/api.w.org\/{rel}","templated":true}]}}