{"id":15090,"date":"2017-03-15T14:52:17","date_gmt":"2017-03-15T13:52:17","guid":{"rendered":"https:\/\/seipuntozero-haircare.it\/prodotto\/regular-salon-shampooing-pour-lavages-frequents\/"},"modified":"2021-06-08T17:42:26","modified_gmt":"2021-06-08T15:42:26","slug":"regular-salon-shampooing-pour-lavages-frequents","status":"publish","type":"product","link":"https:\/\/seipuntozero-haircare.it\/fr\/product\/regular-salon-shampooing-pour-lavages-frequents\/","title":{"rendered":"REGULAR SALON <br> Shampooing pour lavages fr\u00e9quents"},"content":{"rendered":"<ul>\n<li><strong>Nettoie<\/strong> en profondeur, hydrate et nourrit la chevelure<\/li>\n<li><strong>Formule d\u00e9licate<\/strong>, id\u00e9ale pour les lavages fr\u00e9quents<\/li>\n<\/ul>\n","protected":false},"excerpt":{"rendered":"<p>Regular Salon, <strong>shampooing pour lavages fr\u00e9quents<\/strong> \u00e0 la formule innovante et d\u00e9licate qui permet de nettoyer les cheveux en douceur tout <strong>en \u00e9liminant les impuret\u00e9s<\/strong> et sans ab\u00eemer la chevelure. Con\u00e7u sp\u00e9cialement pour les lavages fr\u00e9quents \u00e0 effectuer en salon, le shampooing 6.Zero apporte <strong>hydratation et luminosit\u00e9<\/strong> aux cheveux, gr\u00e2ce \u00e0 sa combinaison d\u2019<strong>Aloe Vera et d\u2019Extrait de Bambou<\/strong>.<\/p>\n<p>Usage professionnel<\/p>\n<p>Flacon 1 000 ml<\/p>\n","protected":false},"featured_media":18088,"template":"","meta":[],"product_brand":[],"product_cat":[594],"product_tag":[],"class_list":["post-15090","product","type-product","status-publish","has-post-thumbnail","hentry","product_cat-salon-treatments-fr"],"yoast_head":"<!-- This site is optimized with the Yoast SEO plugin v27.1.1 - https:\/\/yoast.com\/product\/yoast-seo-wordpress\/ -->\n<title>REGULAR SALON  Shampooing pour lavages fr\u00e9quents - 6.Zero<\/title>\n<meta name=\"description\" content=\"Regular Salon, shampooing pour lavages fr\u00e9quents \u00e0 la formule innovante et d\u00e9licate qui permet de nettoyer les cheveux en douceur tout en \u00e9liminant les impuret\u00e9s et sans ab\u00eemer la chevelure.\" \/>\n<meta name=\"robots\" content=\"index, follow, max-snippet:-1, max-image-preview:large, max-video-preview:-1\" \/>\n<link rel=\"canonical\" href=\"https:\/\/seipuntozero-haircare.it\/fr\/product\/regular-salon-shampooing-pour-lavages-frequents\/\" \/>\n<meta property=\"og:locale\" content=\"fr_FR\" \/>\n<meta property=\"og:type\" content=\"article\" \/>\n<meta property=\"og:title\" content=\"REGULAR SALON  Shampooing pour lavages fr\u00e9quents - 6.Zero\" \/>\n<meta property=\"og:description\" content=\"Regular Salon, shampooing pour lavages fr\u00e9quents \u00e0 la formule innovante et d\u00e9licate qui permet de nettoyer les cheveux en douceur tout en \u00e9liminant les impuret\u00e9s et sans ab\u00eemer la chevelure.\" \/>\n<meta property=\"og:url\" content=\"https:\/\/seipuntozero-haircare.it\/fr\/product\/regular-salon-shampooing-pour-lavages-frequents\/\" \/>\n<meta property=\"og:site_name\" content=\"6.Zero\" \/>\n<meta property=\"article:modified_time\" content=\"2021-06-08T15:42:26+00:00\" \/>\n<meta property=\"og:image\" content=\"https:\/\/seipuntozero-haircare.it\/wp-content\/uploads\/2019\/11\/262120_sei_punto_zero_regular_salon_shampoo_1000ml.png\" \/>\n\t<meta property=\"og:image:width\" content=\"600\" \/>\n\t<meta property=\"og:image:height\" content=\"600\" \/>\n\t<meta property=\"og:image:type\" content=\"image\/png\" \/>\n<meta name=\"twitter:card\" content=\"summary_large_image\" \/>\n<meta name=\"twitter:label1\" content=\"Dur\u00e9e de lecture estim\u00e9e\" \/>\n\t<meta name=\"twitter:data1\" content=\"1 minute\" \/>\n<script type=\"application\/ld+json\" class=\"yoast-schema-graph\">{\"@context\":\"https:\/\/schema.org\",\"@graph\":[{\"@type\":\"WebPage\",\"@id\":\"https:\/\/seipuntozero-haircare.it\/fr\/product\/regular-salon-shampooing-pour-lavages-frequents\/\",\"url\":\"https:\/\/seipuntozero-haircare.it\/fr\/product\/regular-salon-shampooing-pour-lavages-frequents\/\",\"name\":\"REGULAR SALON Shampooing pour lavages fr\u00e9quents - 6.Zero\",\"isPartOf\":{\"@id\":\"https:\/\/seipuntozero-haircare.it\/fr\/#website\"},\"primaryImageOfPage\":{\"@id\":\"https:\/\/seipuntozero-haircare.it\/fr\/product\/regular-salon-shampooing-pour-lavages-frequents\/#primaryimage\"},\"image\":{\"@id\":\"https:\/\/seipuntozero-haircare.it\/fr\/product\/regular-salon-shampooing-pour-lavages-frequents\/#primaryimage\"},\"thumbnailUrl\":\"https:\/\/seipuntozero-haircare.it\/wp-content\/uploads\/2019\/11\/262120_sei_punto_zero_regular_salon_shampoo_1000ml.png\",\"datePublished\":\"2017-03-15T13:52:17+00:00\",\"dateModified\":\"2021-06-08T15:42:26+00:00\",\"description\":\"Regular Salon, shampooing pour lavages fr\u00e9quents \u00e0 la formule innovante et d\u00e9licate qui permet de nettoyer les cheveux en douceur tout en \u00e9liminant les impuret\u00e9s et sans ab\u00eemer la chevelure.\",\"breadcrumb\":{\"@id\":\"https:\/\/seipuntozero-haircare.it\/fr\/product\/regular-salon-shampooing-pour-lavages-frequents\/#breadcrumb\"},\"inLanguage\":\"fr-FR\",\"potentialAction\":[{\"@type\":\"ReadAction\",\"target\":[\"https:\/\/seipuntozero-haircare.it\/fr\/product\/regular-salon-shampooing-pour-lavages-frequents\/\"]}]},{\"@type\":\"ImageObject\",\"inLanguage\":\"fr-FR\",\"@id\":\"https:\/\/seipuntozero-haircare.it\/fr\/product\/regular-salon-shampooing-pour-lavages-frequents\/#primaryimage\",\"url\":\"https:\/\/seipuntozero-haircare.it\/wp-content\/uploads\/2019\/11\/262120_sei_punto_zero_regular_salon_shampoo_1000ml.png\",\"contentUrl\":\"https:\/\/seipuntozero-haircare.it\/wp-content\/uploads\/2019\/11\/262120_sei_punto_zero_regular_salon_shampoo_1000ml.png\",\"width\":600,\"height\":600},{\"@type\":\"BreadcrumbList\",\"@id\":\"https:\/\/seipuntozero-haircare.it\/fr\/product\/regular-salon-shampooing-pour-lavages-frequents\/#breadcrumb\",\"itemListElement\":[{\"@type\":\"ListItem\",\"position\":1,\"name\":\"Home\",\"item\":\"https:\/\/seipuntozero-haircare.it\/fr\/\"},{\"@type\":\"ListItem\",\"position\":2,\"name\":\"Products\",\"item\":\"https:\/\/seipuntozero-haircare.it\/fr\/shop\/\"},{\"@type\":\"ListItem\",\"position\":3,\"name\":\"REGULAR SALON Shampooing pour lavages fr\u00e9quents\"}]},{\"@type\":\"WebSite\",\"@id\":\"https:\/\/seipuntozero-haircare.it\/fr\/#website\",\"url\":\"https:\/\/seipuntozero-haircare.it\/fr\/\",\"name\":\"6.Zero\",\"description\":\"Essential Touch\",\"potentialAction\":[{\"@type\":\"SearchAction\",\"target\":{\"@type\":\"EntryPoint\",\"urlTemplate\":\"https:\/\/seipuntozero-haircare.it\/fr\/?s={search_term_string}\"},\"query-input\":{\"@type\":\"PropertyValueSpecification\",\"valueRequired\":true,\"valueName\":\"search_term_string\"}}],\"inLanguage\":\"fr-FR\"}]}<\/script>\n<!-- \/ Yoast SEO plugin. -->","yoast_head_json":{"title":"REGULAR SALON  Shampooing pour lavages fr\u00e9quents - 6.Zero","description":"Regular Salon, shampooing pour lavages fr\u00e9quents \u00e0 la formule innovante et d\u00e9licate qui permet de nettoyer les cheveux en douceur tout en \u00e9liminant les impuret\u00e9s et sans ab\u00eemer la chevelure.","robots":{"index":"index","follow":"follow","max-snippet":"max-snippet:-1","max-image-preview":"max-image-preview:large","max-video-preview":"max-video-preview:-1"},"canonical":"https:\/\/seipuntozero-haircare.it\/fr\/product\/regular-salon-shampooing-pour-lavages-frequents\/","og_locale":"fr_FR","og_type":"article","og_title":"REGULAR SALON  Shampooing pour lavages fr\u00e9quents - 6.Zero","og_description":"Regular Salon, shampooing pour lavages fr\u00e9quents \u00e0 la formule innovante et d\u00e9licate qui permet de nettoyer les cheveux en douceur tout en \u00e9liminant les impuret\u00e9s et sans ab\u00eemer la chevelure.","og_url":"https:\/\/seipuntozero-haircare.it\/fr\/product\/regular-salon-shampooing-pour-lavages-frequents\/","og_site_name":"6.Zero","article_modified_time":"2021-06-08T15:42:26+00:00","og_image":[{"width":600,"height":600,"url":"https:\/\/seipuntozero-haircare.it\/wp-content\/uploads\/2019\/11\/262120_sei_punto_zero_regular_salon_shampoo_1000ml.png","type":"image\/png"}],"twitter_card":"summary_large_image","twitter_misc":{"Dur\u00e9e de lecture estim\u00e9e":"1 minute"},"schema":{"@context":"https:\/\/schema.org","@graph":[{"@type":"WebPage","@id":"https:\/\/seipuntozero-haircare.it\/fr\/product\/regular-salon-shampooing-pour-lavages-frequents\/","url":"https:\/\/seipuntozero-haircare.it\/fr\/product\/regular-salon-shampooing-pour-lavages-frequents\/","name":"REGULAR SALON Shampooing pour lavages fr\u00e9quents - 6.Zero","isPartOf":{"@id":"https:\/\/seipuntozero-haircare.it\/fr\/#website"},"primaryImageOfPage":{"@id":"https:\/\/seipuntozero-haircare.it\/fr\/product\/regular-salon-shampooing-pour-lavages-frequents\/#primaryimage"},"image":{"@id":"https:\/\/seipuntozero-haircare.it\/fr\/product\/regular-salon-shampooing-pour-lavages-frequents\/#primaryimage"},"thumbnailUrl":"https:\/\/seipuntozero-haircare.it\/wp-content\/uploads\/2019\/11\/262120_sei_punto_zero_regular_salon_shampoo_1000ml.png","datePublished":"2017-03-15T13:52:17+00:00","dateModified":"2021-06-08T15:42:26+00:00","description":"Regular Salon, shampooing pour lavages fr\u00e9quents \u00e0 la formule innovante et d\u00e9licate qui permet de nettoyer les cheveux en douceur tout en \u00e9liminant les impuret\u00e9s et sans ab\u00eemer la chevelure.","breadcrumb":{"@id":"https:\/\/seipuntozero-haircare.it\/fr\/product\/regular-salon-shampooing-pour-lavages-frequents\/#breadcrumb"},"inLanguage":"fr-FR","potentialAction":[{"@type":"ReadAction","target":["https:\/\/seipuntozero-haircare.it\/fr\/product\/regular-salon-shampooing-pour-lavages-frequents\/"]}]},{"@type":"ImageObject","inLanguage":"fr-FR","@id":"https:\/\/seipuntozero-haircare.it\/fr\/product\/regular-salon-shampooing-pour-lavages-frequents\/#primaryimage","url":"https:\/\/seipuntozero-haircare.it\/wp-content\/uploads\/2019\/11\/262120_sei_punto_zero_regular_salon_shampoo_1000ml.png","contentUrl":"https:\/\/seipuntozero-haircare.it\/wp-content\/uploads\/2019\/11\/262120_sei_punto_zero_regular_salon_shampoo_1000ml.png","width":600,"height":600},{"@type":"BreadcrumbList","@id":"https:\/\/seipuntozero-haircare.it\/fr\/product\/regular-salon-shampooing-pour-lavages-frequents\/#breadcrumb","itemListElement":[{"@type":"ListItem","position":1,"name":"Home","item":"https:\/\/seipuntozero-haircare.it\/fr\/"},{"@type":"ListItem","position":2,"name":"Products","item":"https:\/\/seipuntozero-haircare.it\/fr\/shop\/"},{"@type":"ListItem","position":3,"name":"REGULAR SALON Shampooing pour lavages fr\u00e9quents"}]},{"@type":"WebSite","@id":"https:\/\/seipuntozero-haircare.it\/fr\/#website","url":"https:\/\/seipuntozero-haircare.it\/fr\/","name":"6.Zero","description":"Essential Touch","potentialAction":[{"@type":"SearchAction","target":{"@type":"EntryPoint","urlTemplate":"https:\/\/seipuntozero-haircare.it\/fr\/?s={search_term_string}"},"query-input":{"@type":"PropertyValueSpecification","valueRequired":true,"valueName":"search_term_string"}}],"inLanguage":"fr-FR"}]}},"_links":{"self":[{"href":"https:\/\/seipuntozero-haircare.it\/fr\/wp-json\/wp\/v2\/product\/15090","targetHints":{"allow":["GET"]}}],"collection":[{"href":"https:\/\/seipuntozero-haircare.it\/fr\/wp-json\/wp\/v2\/product"}],"about":[{"href":"https:\/\/seipuntozero-haircare.it\/fr\/wp-json\/wp\/v2\/types\/product"}],"wp:featuredmedia":[{"embeddable":true,"href":"https:\/\/seipuntozero-haircare.it\/fr\/wp-json\/wp\/v2\/media\/18088"}],"wp:attachment":[{"href":"https:\/\/seipuntozero-haircare.it\/fr\/wp-json\/wp\/v2\/media?parent=15090"}],"wp:term":[{"taxonomy":"product_brand","embeddable":true,"href":"https:\/\/seipuntozero-haircare.it\/fr\/wp-json\/wp\/v2\/product_brand?post=15090"},{"taxonomy":"product_cat","embeddable":true,"href":"https:\/\/seipuntozero-haircare.it\/fr\/wp-json\/wp\/v2\/product_cat?post=15090"},{"taxonomy":"product_tag","embeddable":true,"href":"https:\/\/seipuntozero-haircare.it\/fr\/wp-json\/wp\/v2\/product_tag?post=15090"}],"curies":[{"name":"wp","href":"https:\/\/api.w.org\/{rel}","templated":true}]}}