{"id":15088,"date":"2017-03-15T14:55:05","date_gmt":"2017-03-15T13:55:05","guid":{"rendered":"https:\/\/seipuntozero-haircare.it\/prodotto\/post-color-salon-shampooing-pour-cheveux-traites-et-colores\/"},"modified":"2021-06-08T17:41:40","modified_gmt":"2021-06-08T15:41:40","slug":"post-color-salon-shampooing-pour-cheveux-traites-et-colores","status":"publish","type":"product","link":"https:\/\/seipuntozero-haircare.it\/fr\/product\/post-color-salon-shampooing-pour-cheveux-traites-et-colores\/","title":{"rendered":"POST COLOR SALON <br> Shampooing pour cheveux trait\u00e9s et color\u00e9s"},"content":{"rendered":"<ul>\n<li>Prot\u00e8ge et met en valeur la couleur<strong> cosm\u00e9tique<\/strong><\/li>\n<li><strong>Nettoie d\u00e9licatement<\/strong> la peau et le cuir chevelu<\/li>\n<li><strong>Prolonge l\u2019intensit\u00e9<\/strong> de la couleur<\/li>\n<\/ul>\n","protected":false},"excerpt":{"rendered":"<p>Post Color Salon, <strong>shampooing pour cheveux trait\u00e9s et color\u00e9s<\/strong>. La formule sp\u00e9cifique du produit allie un <strong>nettoyage d\u00e9licat<\/strong> et la mise en valeur de la couleur cosm\u00e9tique, <strong>en pr\u00e9venant l\u2019oxydation<\/strong> qui provoque la perte de ton et d\u2019\u00e9clat. L\u2019<strong>Huile d\u2019Argan, de l\u2019Extrait de Grenade<\/strong> et un <strong>Complexe v\u00e9g\u00e9tal <\/strong>sp\u00e9cifique <strong>protecteur<\/strong> de couleur sont associ\u00e9s pour fournir nutrition, force et luminosit\u00e9 \u00e0 la chevelure, en pr\u00e9servant durablement <strong>l\u2019intensit\u00e9 de la couleur<\/strong>.<\/p>\n<p>Usage professionnel<\/p>\n<p>Flacon 1 000 ml<\/p>\n","protected":false},"featured_media":18100,"template":"","meta":[],"product_brand":[],"product_cat":[594],"product_tag":[],"class_list":["post-15088","product","type-product","status-publish","has-post-thumbnail","hentry","product_cat-salon-treatments-fr"],"yoast_head":"<!-- This site is optimized with the Yoast SEO plugin v27.1.1 - https:\/\/yoast.com\/product\/yoast-seo-wordpress\/ -->\n<title>POST COLOR SALON  Shampooing pour cheveux trait\u00e9s et color\u00e9s - 6.Zero<\/title>\n<meta name=\"description\" content=\"Post Color Salon, shampooing pour cheveux trait\u00e9s et color\u00e9s. La formule sp\u00e9cifique du produit allie un nettoyage d\u00e9licat et la mise en valeur de la couleur cosm\u00e9tique, en pr\u00e9venant l\u2019oxydation qui provoque la perte de ton et d\u2019\u00e9clat.\" \/>\n<meta name=\"robots\" content=\"index, follow, max-snippet:-1, max-image-preview:large, max-video-preview:-1\" \/>\n<link rel=\"canonical\" href=\"https:\/\/seipuntozero-haircare.it\/fr\/product\/post-color-salon-shampooing-pour-cheveux-traites-et-colores\/\" \/>\n<meta property=\"og:locale\" content=\"fr_FR\" \/>\n<meta property=\"og:type\" content=\"article\" \/>\n<meta property=\"og:title\" content=\"POST COLOR SALON  Shampooing pour cheveux trait\u00e9s et color\u00e9s - 6.Zero\" \/>\n<meta property=\"og:description\" content=\"Post Color Salon, shampooing pour cheveux trait\u00e9s et color\u00e9s. La formule sp\u00e9cifique du produit allie un nettoyage d\u00e9licat et la mise en valeur de la couleur cosm\u00e9tique, en pr\u00e9venant l\u2019oxydation qui provoque la perte de ton et d\u2019\u00e9clat.\" \/>\n<meta property=\"og:url\" content=\"https:\/\/seipuntozero-haircare.it\/fr\/product\/post-color-salon-shampooing-pour-cheveux-traites-et-colores\/\" \/>\n<meta property=\"og:site_name\" content=\"6.Zero\" \/>\n<meta property=\"article:modified_time\" content=\"2021-06-08T15:41:40+00:00\" \/>\n<meta property=\"og:image\" content=\"https:\/\/seipuntozero-haircare.it\/wp-content\/uploads\/2019\/11\/262144_sei_punto_zero_post_color_salon_shampoo_1000ml.png\" \/>\n\t<meta property=\"og:image:width\" content=\"600\" \/>\n\t<meta property=\"og:image:height\" content=\"600\" \/>\n\t<meta property=\"og:image:type\" content=\"image\/png\" \/>\n<meta name=\"twitter:card\" content=\"summary_large_image\" \/>\n<meta name=\"twitter:label1\" content=\"Dur\u00e9e de lecture estim\u00e9e\" \/>\n\t<meta name=\"twitter:data1\" content=\"1 minute\" \/>\n<script type=\"application\/ld+json\" class=\"yoast-schema-graph\">{\"@context\":\"https:\/\/schema.org\",\"@graph\":[{\"@type\":\"WebPage\",\"@id\":\"https:\/\/seipuntozero-haircare.it\/fr\/product\/post-color-salon-shampooing-pour-cheveux-traites-et-colores\/\",\"url\":\"https:\/\/seipuntozero-haircare.it\/fr\/product\/post-color-salon-shampooing-pour-cheveux-traites-et-colores\/\",\"name\":\"POST COLOR SALON Shampooing pour cheveux trait\u00e9s et color\u00e9s - 6.Zero\",\"isPartOf\":{\"@id\":\"https:\/\/seipuntozero-haircare.it\/fr\/#website\"},\"primaryImageOfPage\":{\"@id\":\"https:\/\/seipuntozero-haircare.it\/fr\/product\/post-color-salon-shampooing-pour-cheveux-traites-et-colores\/#primaryimage\"},\"image\":{\"@id\":\"https:\/\/seipuntozero-haircare.it\/fr\/product\/post-color-salon-shampooing-pour-cheveux-traites-et-colores\/#primaryimage\"},\"thumbnailUrl\":\"https:\/\/seipuntozero-haircare.it\/wp-content\/uploads\/2019\/11\/262144_sei_punto_zero_post_color_salon_shampoo_1000ml.png\",\"datePublished\":\"2017-03-15T13:55:05+00:00\",\"dateModified\":\"2021-06-08T15:41:40+00:00\",\"description\":\"Post Color Salon, shampooing pour cheveux trait\u00e9s et color\u00e9s. La formule sp\u00e9cifique du produit allie un nettoyage d\u00e9licat et la mise en valeur de la couleur cosm\u00e9tique, en pr\u00e9venant l\u2019oxydation qui provoque la perte de ton et d\u2019\u00e9clat.\",\"breadcrumb\":{\"@id\":\"https:\/\/seipuntozero-haircare.it\/fr\/product\/post-color-salon-shampooing-pour-cheveux-traites-et-colores\/#breadcrumb\"},\"inLanguage\":\"fr-FR\",\"potentialAction\":[{\"@type\":\"ReadAction\",\"target\":[\"https:\/\/seipuntozero-haircare.it\/fr\/product\/post-color-salon-shampooing-pour-cheveux-traites-et-colores\/\"]}]},{\"@type\":\"ImageObject\",\"inLanguage\":\"fr-FR\",\"@id\":\"https:\/\/seipuntozero-haircare.it\/fr\/product\/post-color-salon-shampooing-pour-cheveux-traites-et-colores\/#primaryimage\",\"url\":\"https:\/\/seipuntozero-haircare.it\/wp-content\/uploads\/2019\/11\/262144_sei_punto_zero_post_color_salon_shampoo_1000ml.png\",\"contentUrl\":\"https:\/\/seipuntozero-haircare.it\/wp-content\/uploads\/2019\/11\/262144_sei_punto_zero_post_color_salon_shampoo_1000ml.png\",\"width\":600,\"height\":600,\"caption\":\"Post Color Salon | Shampoo per capelli trattati e colorati\"},{\"@type\":\"BreadcrumbList\",\"@id\":\"https:\/\/seipuntozero-haircare.it\/fr\/product\/post-color-salon-shampooing-pour-cheveux-traites-et-colores\/#breadcrumb\",\"itemListElement\":[{\"@type\":\"ListItem\",\"position\":1,\"name\":\"Home\",\"item\":\"https:\/\/seipuntozero-haircare.it\/fr\/\"},{\"@type\":\"ListItem\",\"position\":2,\"name\":\"Products\",\"item\":\"https:\/\/seipuntozero-haircare.it\/fr\/shop\/\"},{\"@type\":\"ListItem\",\"position\":3,\"name\":\"POST COLOR SALON Shampooing pour cheveux trait\u00e9s et color\u00e9s\"}]},{\"@type\":\"WebSite\",\"@id\":\"https:\/\/seipuntozero-haircare.it\/fr\/#website\",\"url\":\"https:\/\/seipuntozero-haircare.it\/fr\/\",\"name\":\"6.Zero\",\"description\":\"Essential Touch\",\"potentialAction\":[{\"@type\":\"SearchAction\",\"target\":{\"@type\":\"EntryPoint\",\"urlTemplate\":\"https:\/\/seipuntozero-haircare.it\/fr\/?s={search_term_string}\"},\"query-input\":{\"@type\":\"PropertyValueSpecification\",\"valueRequired\":true,\"valueName\":\"search_term_string\"}}],\"inLanguage\":\"fr-FR\"}]}<\/script>\n<!-- \/ Yoast SEO plugin. -->","yoast_head_json":{"title":"POST COLOR SALON  Shampooing pour cheveux trait\u00e9s et color\u00e9s - 6.Zero","description":"Post Color Salon, shampooing pour cheveux trait\u00e9s et color\u00e9s. La formule sp\u00e9cifique du produit allie un nettoyage d\u00e9licat et la mise en valeur de la couleur cosm\u00e9tique, en pr\u00e9venant l\u2019oxydation qui provoque la perte de ton et d\u2019\u00e9clat.","robots":{"index":"index","follow":"follow","max-snippet":"max-snippet:-1","max-image-preview":"max-image-preview:large","max-video-preview":"max-video-preview:-1"},"canonical":"https:\/\/seipuntozero-haircare.it\/fr\/product\/post-color-salon-shampooing-pour-cheveux-traites-et-colores\/","og_locale":"fr_FR","og_type":"article","og_title":"POST COLOR SALON  Shampooing pour cheveux trait\u00e9s et color\u00e9s - 6.Zero","og_description":"Post Color Salon, shampooing pour cheveux trait\u00e9s et color\u00e9s. La formule sp\u00e9cifique du produit allie un nettoyage d\u00e9licat et la mise en valeur de la couleur cosm\u00e9tique, en pr\u00e9venant l\u2019oxydation qui provoque la perte de ton et d\u2019\u00e9clat.","og_url":"https:\/\/seipuntozero-haircare.it\/fr\/product\/post-color-salon-shampooing-pour-cheveux-traites-et-colores\/","og_site_name":"6.Zero","article_modified_time":"2021-06-08T15:41:40+00:00","og_image":[{"width":600,"height":600,"url":"https:\/\/seipuntozero-haircare.it\/wp-content\/uploads\/2019\/11\/262144_sei_punto_zero_post_color_salon_shampoo_1000ml.png","type":"image\/png"}],"twitter_card":"summary_large_image","twitter_misc":{"Dur\u00e9e de lecture estim\u00e9e":"1 minute"},"schema":{"@context":"https:\/\/schema.org","@graph":[{"@type":"WebPage","@id":"https:\/\/seipuntozero-haircare.it\/fr\/product\/post-color-salon-shampooing-pour-cheveux-traites-et-colores\/","url":"https:\/\/seipuntozero-haircare.it\/fr\/product\/post-color-salon-shampooing-pour-cheveux-traites-et-colores\/","name":"POST COLOR SALON Shampooing pour cheveux trait\u00e9s et color\u00e9s - 6.Zero","isPartOf":{"@id":"https:\/\/seipuntozero-haircare.it\/fr\/#website"},"primaryImageOfPage":{"@id":"https:\/\/seipuntozero-haircare.it\/fr\/product\/post-color-salon-shampooing-pour-cheveux-traites-et-colores\/#primaryimage"},"image":{"@id":"https:\/\/seipuntozero-haircare.it\/fr\/product\/post-color-salon-shampooing-pour-cheveux-traites-et-colores\/#primaryimage"},"thumbnailUrl":"https:\/\/seipuntozero-haircare.it\/wp-content\/uploads\/2019\/11\/262144_sei_punto_zero_post_color_salon_shampoo_1000ml.png","datePublished":"2017-03-15T13:55:05+00:00","dateModified":"2021-06-08T15:41:40+00:00","description":"Post Color Salon, shampooing pour cheveux trait\u00e9s et color\u00e9s. La formule sp\u00e9cifique du produit allie un nettoyage d\u00e9licat et la mise en valeur de la couleur cosm\u00e9tique, en pr\u00e9venant l\u2019oxydation qui provoque la perte de ton et d\u2019\u00e9clat.","breadcrumb":{"@id":"https:\/\/seipuntozero-haircare.it\/fr\/product\/post-color-salon-shampooing-pour-cheveux-traites-et-colores\/#breadcrumb"},"inLanguage":"fr-FR","potentialAction":[{"@type":"ReadAction","target":["https:\/\/seipuntozero-haircare.it\/fr\/product\/post-color-salon-shampooing-pour-cheveux-traites-et-colores\/"]}]},{"@type":"ImageObject","inLanguage":"fr-FR","@id":"https:\/\/seipuntozero-haircare.it\/fr\/product\/post-color-salon-shampooing-pour-cheveux-traites-et-colores\/#primaryimage","url":"https:\/\/seipuntozero-haircare.it\/wp-content\/uploads\/2019\/11\/262144_sei_punto_zero_post_color_salon_shampoo_1000ml.png","contentUrl":"https:\/\/seipuntozero-haircare.it\/wp-content\/uploads\/2019\/11\/262144_sei_punto_zero_post_color_salon_shampoo_1000ml.png","width":600,"height":600,"caption":"Post Color Salon | Shampoo per capelli trattati e colorati"},{"@type":"BreadcrumbList","@id":"https:\/\/seipuntozero-haircare.it\/fr\/product\/post-color-salon-shampooing-pour-cheveux-traites-et-colores\/#breadcrumb","itemListElement":[{"@type":"ListItem","position":1,"name":"Home","item":"https:\/\/seipuntozero-haircare.it\/fr\/"},{"@type":"ListItem","position":2,"name":"Products","item":"https:\/\/seipuntozero-haircare.it\/fr\/shop\/"},{"@type":"ListItem","position":3,"name":"POST COLOR SALON Shampooing pour cheveux trait\u00e9s et color\u00e9s"}]},{"@type":"WebSite","@id":"https:\/\/seipuntozero-haircare.it\/fr\/#website","url":"https:\/\/seipuntozero-haircare.it\/fr\/","name":"6.Zero","description":"Essential Touch","potentialAction":[{"@type":"SearchAction","target":{"@type":"EntryPoint","urlTemplate":"https:\/\/seipuntozero-haircare.it\/fr\/?s={search_term_string}"},"query-input":{"@type":"PropertyValueSpecification","valueRequired":true,"valueName":"search_term_string"}}],"inLanguage":"fr-FR"}]}},"_links":{"self":[{"href":"https:\/\/seipuntozero-haircare.it\/fr\/wp-json\/wp\/v2\/product\/15088","targetHints":{"allow":["GET"]}}],"collection":[{"href":"https:\/\/seipuntozero-haircare.it\/fr\/wp-json\/wp\/v2\/product"}],"about":[{"href":"https:\/\/seipuntozero-haircare.it\/fr\/wp-json\/wp\/v2\/types\/product"}],"wp:featuredmedia":[{"embeddable":true,"href":"https:\/\/seipuntozero-haircare.it\/fr\/wp-json\/wp\/v2\/media\/18100"}],"wp:attachment":[{"href":"https:\/\/seipuntozero-haircare.it\/fr\/wp-json\/wp\/v2\/media?parent=15088"}],"wp:term":[{"taxonomy":"product_brand","embeddable":true,"href":"https:\/\/seipuntozero-haircare.it\/fr\/wp-json\/wp\/v2\/product_brand?post=15088"},{"taxonomy":"product_cat","embeddable":true,"href":"https:\/\/seipuntozero-haircare.it\/fr\/wp-json\/wp\/v2\/product_cat?post=15088"},{"taxonomy":"product_tag","embeddable":true,"href":"https:\/\/seipuntozero-haircare.it\/fr\/wp-json\/wp\/v2\/product_tag?post=15088"}],"curies":[{"name":"wp","href":"https:\/\/api.w.org\/{rel}","templated":true}]}}