{"id":15082,"date":"2017-03-15T15:22:31","date_gmt":"2017-03-15T14:22:31","guid":{"rendered":"https:\/\/seipuntozero-haircare.it\/prodotto\/shampooing-au-lait-damandes\/"},"modified":"2021-06-08T17:38:40","modified_gmt":"2021-06-08T15:38:40","slug":"shampooing-au-lait-damandes","status":"publish","type":"product","link":"https:\/\/seipuntozero-haircare.it\/fr\/product\/shampooing-au-lait-damandes\/","title":{"rendered":"Shampooing au Lait d\u2019Amandes"},"content":{"rendered":"<ul>\n<li><strong>Hydrate et nettoie<\/strong> en profondeur<\/li>\n<li>Les cheveux sont <strong>lumineux et pleins de vie<\/strong><\/li>\n<li>Longue dur\u00e9e gr\u00e2ce au format pratique de <strong>10 litres<\/strong><\/li>\n<\/ul>\n","protected":false},"excerpt":{"rendered":"<p><strong>Shampooing au Lait d\u2019Amandes<\/strong> pour <strong>cheveux secs et trait\u00e9s<\/strong>, offre une chevelure douce, luisante comme la soie et prot\u00e9g\u00e9e. \u00c0 travers l\u2019hydratation et l\u2019action \u00e9molliente du Lait d\u2019Amandes, il nettoie la chevelure en la r\u00e9g\u00e9n\u00e9rant en profondeur. Les <strong>cheveux d\u00e9fibr\u00e9s<\/strong> par les traitements et opaques resplendissent, retrouvent une nouvelle vie.<\/p>\n<p>Usage professionnel<\/p>\n<p>Bidon 10 litres<\/p>\n","protected":false},"featured_media":18137,"template":"","meta":[],"product_brand":[],"product_cat":[594],"product_tag":[],"class_list":["post-15082","product","type-product","status-publish","has-post-thumbnail","hentry","product_cat-salon-treatments-fr"],"yoast_head":"<!-- This site is optimized with the Yoast SEO plugin v27.1.1 - https:\/\/yoast.com\/product\/yoast-seo-wordpress\/ -->\n<title>Shampooing au Lait d\u2019Amandes - 6.Zero<\/title>\n<meta name=\"description\" content=\"Shampooing au Lait d\u2019Amandes pour cheveux secs et trait\u00e9s, offre une chevelure douce, luisante comme la soie et prot\u00e9g\u00e9e. \u00c0 travers l\u2019hydratation et l\u2019action \u00e9molliente du Lait d\u2019Amandes, il nettoie la chevelure en la r\u00e9g\u00e9n\u00e9rant en profondeur.\" \/>\n<meta name=\"robots\" content=\"index, follow, max-snippet:-1, max-image-preview:large, max-video-preview:-1\" \/>\n<link rel=\"canonical\" href=\"https:\/\/seipuntozero-haircare.it\/fr\/product\/shampooing-au-lait-damandes\/\" \/>\n<meta property=\"og:locale\" content=\"fr_FR\" \/>\n<meta property=\"og:type\" content=\"article\" \/>\n<meta property=\"og:title\" content=\"Shampooing au Lait d\u2019Amandes - 6.Zero\" \/>\n<meta property=\"og:description\" content=\"Shampooing au Lait d\u2019Amandes pour cheveux secs et trait\u00e9s, offre une chevelure douce, luisante comme la soie et prot\u00e9g\u00e9e. \u00c0 travers l\u2019hydratation et l\u2019action \u00e9molliente du Lait d\u2019Amandes, il nettoie la chevelure en la r\u00e9g\u00e9n\u00e9rant en profondeur.\" \/>\n<meta property=\"og:url\" content=\"https:\/\/seipuntozero-haircare.it\/fr\/product\/shampooing-au-lait-damandes\/\" \/>\n<meta property=\"og:site_name\" content=\"6.Zero\" \/>\n<meta property=\"article:modified_time\" content=\"2021-06-08T15:38:40+00:00\" \/>\n<meta property=\"og:image\" content=\"https:\/\/seipuntozero-haircare.it\/wp-content\/uploads\/2017\/03\/262168_sei_punto_zero_almond_milk_shampoo_10lt.png\" \/>\n\t<meta property=\"og:image:width\" content=\"600\" \/>\n\t<meta property=\"og:image:height\" content=\"600\" \/>\n\t<meta property=\"og:image:type\" content=\"image\/png\" \/>\n<meta name=\"twitter:card\" content=\"summary_large_image\" \/>\n<meta name=\"twitter:label1\" content=\"Dur\u00e9e de lecture estim\u00e9e\" \/>\n\t<meta name=\"twitter:data1\" content=\"1 minute\" \/>\n<script type=\"application\/ld+json\" class=\"yoast-schema-graph\">{\"@context\":\"https:\/\/schema.org\",\"@graph\":[{\"@type\":\"WebPage\",\"@id\":\"https:\/\/seipuntozero-haircare.it\/fr\/product\/shampooing-au-lait-damandes\/\",\"url\":\"https:\/\/seipuntozero-haircare.it\/fr\/product\/shampooing-au-lait-damandes\/\",\"name\":\"Shampooing au Lait d\u2019Amandes - 6.Zero\",\"isPartOf\":{\"@id\":\"https:\/\/seipuntozero-haircare.it\/fr\/#website\"},\"primaryImageOfPage\":{\"@id\":\"https:\/\/seipuntozero-haircare.it\/fr\/product\/shampooing-au-lait-damandes\/#primaryimage\"},\"image\":{\"@id\":\"https:\/\/seipuntozero-haircare.it\/fr\/product\/shampooing-au-lait-damandes\/#primaryimage\"},\"thumbnailUrl\":\"https:\/\/seipuntozero-haircare.it\/wp-content\/uploads\/2017\/03\/262168_sei_punto_zero_almond_milk_shampoo_10lt.png\",\"datePublished\":\"2017-03-15T14:22:31+00:00\",\"dateModified\":\"2021-06-08T15:38:40+00:00\",\"description\":\"Shampooing au Lait d\u2019Amandes pour cheveux secs et trait\u00e9s, offre une chevelure douce, luisante comme la soie et prot\u00e9g\u00e9e. \u00c0 travers l\u2019hydratation et l\u2019action \u00e9molliente du Lait d\u2019Amandes, il nettoie la chevelure en la r\u00e9g\u00e9n\u00e9rant en profondeur.\",\"breadcrumb\":{\"@id\":\"https:\/\/seipuntozero-haircare.it\/fr\/product\/shampooing-au-lait-damandes\/#breadcrumb\"},\"inLanguage\":\"fr-FR\",\"potentialAction\":[{\"@type\":\"ReadAction\",\"target\":[\"https:\/\/seipuntozero-haircare.it\/fr\/product\/shampooing-au-lait-damandes\/\"]}]},{\"@type\":\"ImageObject\",\"inLanguage\":\"fr-FR\",\"@id\":\"https:\/\/seipuntozero-haircare.it\/fr\/product\/shampooing-au-lait-damandes\/#primaryimage\",\"url\":\"https:\/\/seipuntozero-haircare.it\/wp-content\/uploads\/2017\/03\/262168_sei_punto_zero_almond_milk_shampoo_10lt.png\",\"contentUrl\":\"https:\/\/seipuntozero-haircare.it\/wp-content\/uploads\/2017\/03\/262168_sei_punto_zero_almond_milk_shampoo_10lt.png\",\"width\":600,\"height\":600,\"caption\":\"Shampoo al Latte di Mandorla per capelli secchi e trattati\"},{\"@type\":\"BreadcrumbList\",\"@id\":\"https:\/\/seipuntozero-haircare.it\/fr\/product\/shampooing-au-lait-damandes\/#breadcrumb\",\"itemListElement\":[{\"@type\":\"ListItem\",\"position\":1,\"name\":\"Home\",\"item\":\"https:\/\/seipuntozero-haircare.it\/fr\/\"},{\"@type\":\"ListItem\",\"position\":2,\"name\":\"Products\",\"item\":\"https:\/\/seipuntozero-haircare.it\/fr\/shop\/\"},{\"@type\":\"ListItem\",\"position\":3,\"name\":\"Shampooing au Lait d\u2019Amandes\"}]},{\"@type\":\"WebSite\",\"@id\":\"https:\/\/seipuntozero-haircare.it\/fr\/#website\",\"url\":\"https:\/\/seipuntozero-haircare.it\/fr\/\",\"name\":\"6.Zero\",\"description\":\"Essential Touch\",\"potentialAction\":[{\"@type\":\"SearchAction\",\"target\":{\"@type\":\"EntryPoint\",\"urlTemplate\":\"https:\/\/seipuntozero-haircare.it\/fr\/?s={search_term_string}\"},\"query-input\":{\"@type\":\"PropertyValueSpecification\",\"valueRequired\":true,\"valueName\":\"search_term_string\"}}],\"inLanguage\":\"fr-FR\"}]}<\/script>\n<!-- \/ Yoast SEO plugin. -->","yoast_head_json":{"title":"Shampooing au Lait d\u2019Amandes - 6.Zero","description":"Shampooing au Lait d\u2019Amandes pour cheveux secs et trait\u00e9s, offre une chevelure douce, luisante comme la soie et prot\u00e9g\u00e9e. \u00c0 travers l\u2019hydratation et l\u2019action \u00e9molliente du Lait d\u2019Amandes, il nettoie la chevelure en la r\u00e9g\u00e9n\u00e9rant en profondeur.","robots":{"index":"index","follow":"follow","max-snippet":"max-snippet:-1","max-image-preview":"max-image-preview:large","max-video-preview":"max-video-preview:-1"},"canonical":"https:\/\/seipuntozero-haircare.it\/fr\/product\/shampooing-au-lait-damandes\/","og_locale":"fr_FR","og_type":"article","og_title":"Shampooing au Lait d\u2019Amandes - 6.Zero","og_description":"Shampooing au Lait d\u2019Amandes pour cheveux secs et trait\u00e9s, offre une chevelure douce, luisante comme la soie et prot\u00e9g\u00e9e. \u00c0 travers l\u2019hydratation et l\u2019action \u00e9molliente du Lait d\u2019Amandes, il nettoie la chevelure en la r\u00e9g\u00e9n\u00e9rant en profondeur.","og_url":"https:\/\/seipuntozero-haircare.it\/fr\/product\/shampooing-au-lait-damandes\/","og_site_name":"6.Zero","article_modified_time":"2021-06-08T15:38:40+00:00","og_image":[{"width":600,"height":600,"url":"https:\/\/seipuntozero-haircare.it\/wp-content\/uploads\/2017\/03\/262168_sei_punto_zero_almond_milk_shampoo_10lt.png","type":"image\/png"}],"twitter_card":"summary_large_image","twitter_misc":{"Dur\u00e9e de lecture estim\u00e9e":"1 minute"},"schema":{"@context":"https:\/\/schema.org","@graph":[{"@type":"WebPage","@id":"https:\/\/seipuntozero-haircare.it\/fr\/product\/shampooing-au-lait-damandes\/","url":"https:\/\/seipuntozero-haircare.it\/fr\/product\/shampooing-au-lait-damandes\/","name":"Shampooing au Lait d\u2019Amandes - 6.Zero","isPartOf":{"@id":"https:\/\/seipuntozero-haircare.it\/fr\/#website"},"primaryImageOfPage":{"@id":"https:\/\/seipuntozero-haircare.it\/fr\/product\/shampooing-au-lait-damandes\/#primaryimage"},"image":{"@id":"https:\/\/seipuntozero-haircare.it\/fr\/product\/shampooing-au-lait-damandes\/#primaryimage"},"thumbnailUrl":"https:\/\/seipuntozero-haircare.it\/wp-content\/uploads\/2017\/03\/262168_sei_punto_zero_almond_milk_shampoo_10lt.png","datePublished":"2017-03-15T14:22:31+00:00","dateModified":"2021-06-08T15:38:40+00:00","description":"Shampooing au Lait d\u2019Amandes pour cheveux secs et trait\u00e9s, offre une chevelure douce, luisante comme la soie et prot\u00e9g\u00e9e. \u00c0 travers l\u2019hydratation et l\u2019action \u00e9molliente du Lait d\u2019Amandes, il nettoie la chevelure en la r\u00e9g\u00e9n\u00e9rant en profondeur.","breadcrumb":{"@id":"https:\/\/seipuntozero-haircare.it\/fr\/product\/shampooing-au-lait-damandes\/#breadcrumb"},"inLanguage":"fr-FR","potentialAction":[{"@type":"ReadAction","target":["https:\/\/seipuntozero-haircare.it\/fr\/product\/shampooing-au-lait-damandes\/"]}]},{"@type":"ImageObject","inLanguage":"fr-FR","@id":"https:\/\/seipuntozero-haircare.it\/fr\/product\/shampooing-au-lait-damandes\/#primaryimage","url":"https:\/\/seipuntozero-haircare.it\/wp-content\/uploads\/2017\/03\/262168_sei_punto_zero_almond_milk_shampoo_10lt.png","contentUrl":"https:\/\/seipuntozero-haircare.it\/wp-content\/uploads\/2017\/03\/262168_sei_punto_zero_almond_milk_shampoo_10lt.png","width":600,"height":600,"caption":"Shampoo al Latte di Mandorla per capelli secchi e trattati"},{"@type":"BreadcrumbList","@id":"https:\/\/seipuntozero-haircare.it\/fr\/product\/shampooing-au-lait-damandes\/#breadcrumb","itemListElement":[{"@type":"ListItem","position":1,"name":"Home","item":"https:\/\/seipuntozero-haircare.it\/fr\/"},{"@type":"ListItem","position":2,"name":"Products","item":"https:\/\/seipuntozero-haircare.it\/fr\/shop\/"},{"@type":"ListItem","position":3,"name":"Shampooing au Lait d\u2019Amandes"}]},{"@type":"WebSite","@id":"https:\/\/seipuntozero-haircare.it\/fr\/#website","url":"https:\/\/seipuntozero-haircare.it\/fr\/","name":"6.Zero","description":"Essential Touch","potentialAction":[{"@type":"SearchAction","target":{"@type":"EntryPoint","urlTemplate":"https:\/\/seipuntozero-haircare.it\/fr\/?s={search_term_string}"},"query-input":{"@type":"PropertyValueSpecification","valueRequired":true,"valueName":"search_term_string"}}],"inLanguage":"fr-FR"}]}},"_links":{"self":[{"href":"https:\/\/seipuntozero-haircare.it\/fr\/wp-json\/wp\/v2\/product\/15082","targetHints":{"allow":["GET"]}}],"collection":[{"href":"https:\/\/seipuntozero-haircare.it\/fr\/wp-json\/wp\/v2\/product"}],"about":[{"href":"https:\/\/seipuntozero-haircare.it\/fr\/wp-json\/wp\/v2\/types\/product"}],"wp:featuredmedia":[{"embeddable":true,"href":"https:\/\/seipuntozero-haircare.it\/fr\/wp-json\/wp\/v2\/media\/18137"}],"wp:attachment":[{"href":"https:\/\/seipuntozero-haircare.it\/fr\/wp-json\/wp\/v2\/media?parent=15082"}],"wp:term":[{"taxonomy":"product_brand","embeddable":true,"href":"https:\/\/seipuntozero-haircare.it\/fr\/wp-json\/wp\/v2\/product_brand?post=15082"},{"taxonomy":"product_cat","embeddable":true,"href":"https:\/\/seipuntozero-haircare.it\/fr\/wp-json\/wp\/v2\/product_cat?post=15082"},{"taxonomy":"product_tag","embeddable":true,"href":"https:\/\/seipuntozero-haircare.it\/fr\/wp-json\/wp\/v2\/product_tag?post=15082"}],"curies":[{"name":"wp","href":"https:\/\/api.w.org\/{rel}","templated":true}]}}