{"id":15080,"date":"2017-03-15T15:31:24","date_gmt":"2017-03-15T14:31:24","guid":{"rendered":"https:\/\/seipuntozero-haircare.it\/prodotto\/herbe-treatment-masque-regenerateur-pour-cheveux-secs-et-opaques\/"},"modified":"2021-06-08T17:37:15","modified_gmt":"2021-06-08T15:37:15","slug":"herbe-treatment-masque-regenerateur-pour-cheveux-secs-et-opaques","status":"publish","type":"product","link":"https:\/\/seipuntozero-haircare.it\/fr\/product\/herbe-treatment-masque-regenerateur-pour-cheveux-secs-et-opaques\/","title":{"rendered":"HERBE TREATMENT <br> Masque r\u00e9g\u00e9n\u00e9rateur pour cheveux secs et opaques"},"content":{"rendered":"<ul>\n<li><strong>Action cosm\u00e9tique<\/strong> contre les cheveux \u00e9teints et opaques<\/li>\n<li>Formule \u00e0 base d\u2019<strong>extraits v\u00e9g\u00e9taux et de Panth\u00e9nol<\/strong><\/li>\n<li>La chevelure est <strong>douce, soyeuse<\/strong> et docile au toucher<\/li>\n<\/ul>\n","protected":false},"excerpt":{"rendered":"<p>Herbe Treatment, <strong>masque r\u00e9g\u00e9n\u00e9rateur pour cheveux secs et opaques<\/strong>. Sa formulation riche en principes actifs naturels lutte contre le dess\u00e8chement, nourrit et restructure: les extraits v\u00e9g\u00e9taux de <strong>romarin et de sauge<\/strong> permettent de traiter et de conditionner la chevelure sensibilis\u00e9e, tandis que l\u2019apport du <strong>Panth\u00e9nol<\/strong> favorise une hydratation profonde. Les cheveux sont visiblement r\u00e9g\u00e9n\u00e9r\u00e9s, la chevelure <strong>soyeuse, douce au toucher<\/strong> et agr\u00e9ablement parfum\u00e9e.<\/p>\n<p>Usage professionnel<\/p>\n<p>Pot 1 000 ml<\/p>\n","protected":false},"featured_media":18118,"template":"","meta":[],"product_brand":[],"product_cat":[594],"product_tag":[],"class_list":["post-15080","product","type-product","status-publish","has-post-thumbnail","hentry","product_cat-salon-treatments-fr"],"yoast_head":"<!-- This site is optimized with the Yoast SEO plugin v27.1.1 - https:\/\/yoast.com\/product\/yoast-seo-wordpress\/ -->\n<title>HERBE TREATMENT  Masque r\u00e9g\u00e9n\u00e9rateur pour cheveux secs et opaques - 6.Zero<\/title>\n<meta name=\"description\" content=\"Herbe Treatment, masque r\u00e9g\u00e9n\u00e9rateur pour cheveux secs et opaques. Sa formulation riche en principes actifs naturels lutte contre le dess\u00e8chement, nourrit et restructure.\" \/>\n<meta name=\"robots\" content=\"index, follow, max-snippet:-1, max-image-preview:large, max-video-preview:-1\" \/>\n<link rel=\"canonical\" href=\"https:\/\/seipuntozero-haircare.it\/fr\/product\/herbe-treatment-masque-regenerateur-pour-cheveux-secs-et-opaques\/\" \/>\n<meta property=\"og:locale\" content=\"fr_FR\" \/>\n<meta property=\"og:type\" content=\"article\" \/>\n<meta property=\"og:title\" content=\"HERBE TREATMENT  Masque r\u00e9g\u00e9n\u00e9rateur pour cheveux secs et opaques - 6.Zero\" \/>\n<meta property=\"og:description\" content=\"Herbe Treatment, masque r\u00e9g\u00e9n\u00e9rateur pour cheveux secs et opaques. Sa formulation riche en principes actifs naturels lutte contre le dess\u00e8chement, nourrit et restructure.\" \/>\n<meta property=\"og:url\" content=\"https:\/\/seipuntozero-haircare.it\/fr\/product\/herbe-treatment-masque-regenerateur-pour-cheveux-secs-et-opaques\/\" \/>\n<meta property=\"og:site_name\" content=\"6.Zero\" \/>\n<meta property=\"article:modified_time\" content=\"2021-06-08T15:37:15+00:00\" \/>\n<meta property=\"og:image\" content=\"https:\/\/seipuntozero-haircare.it\/wp-content\/uploads\/2019\/11\/262175_sei_punto_zero_herb_treatment_regenerating_mask_1000ml.png\" \/>\n\t<meta property=\"og:image:width\" content=\"600\" \/>\n\t<meta property=\"og:image:height\" content=\"600\" \/>\n\t<meta property=\"og:image:type\" content=\"image\/png\" \/>\n<meta name=\"twitter:card\" content=\"summary_large_image\" \/>\n<meta name=\"twitter:label1\" content=\"Dur\u00e9e de lecture estim\u00e9e\" \/>\n\t<meta name=\"twitter:data1\" content=\"1 minute\" \/>\n<script type=\"application\/ld+json\" class=\"yoast-schema-graph\">{\"@context\":\"https:\/\/schema.org\",\"@graph\":[{\"@type\":\"WebPage\",\"@id\":\"https:\/\/seipuntozero-haircare.it\/fr\/product\/herbe-treatment-masque-regenerateur-pour-cheveux-secs-et-opaques\/\",\"url\":\"https:\/\/seipuntozero-haircare.it\/fr\/product\/herbe-treatment-masque-regenerateur-pour-cheveux-secs-et-opaques\/\",\"name\":\"HERBE TREATMENT Masque r\u00e9g\u00e9n\u00e9rateur pour cheveux secs et opaques - 6.Zero\",\"isPartOf\":{\"@id\":\"https:\/\/seipuntozero-haircare.it\/fr\/#website\"},\"primaryImageOfPage\":{\"@id\":\"https:\/\/seipuntozero-haircare.it\/fr\/product\/herbe-treatment-masque-regenerateur-pour-cheveux-secs-et-opaques\/#primaryimage\"},\"image\":{\"@id\":\"https:\/\/seipuntozero-haircare.it\/fr\/product\/herbe-treatment-masque-regenerateur-pour-cheveux-secs-et-opaques\/#primaryimage\"},\"thumbnailUrl\":\"https:\/\/seipuntozero-haircare.it\/wp-content\/uploads\/2019\/11\/262175_sei_punto_zero_herb_treatment_regenerating_mask_1000ml.png\",\"datePublished\":\"2017-03-15T14:31:24+00:00\",\"dateModified\":\"2021-06-08T15:37:15+00:00\",\"description\":\"Herbe Treatment, masque r\u00e9g\u00e9n\u00e9rateur pour cheveux secs et opaques. Sa formulation riche en principes actifs naturels lutte contre le dess\u00e8chement, nourrit et restructure.\",\"breadcrumb\":{\"@id\":\"https:\/\/seipuntozero-haircare.it\/fr\/product\/herbe-treatment-masque-regenerateur-pour-cheveux-secs-et-opaques\/#breadcrumb\"},\"inLanguage\":\"fr-FR\",\"potentialAction\":[{\"@type\":\"ReadAction\",\"target\":[\"https:\/\/seipuntozero-haircare.it\/fr\/product\/herbe-treatment-masque-regenerateur-pour-cheveux-secs-et-opaques\/\"]}]},{\"@type\":\"ImageObject\",\"inLanguage\":\"fr-FR\",\"@id\":\"https:\/\/seipuntozero-haircare.it\/fr\/product\/herbe-treatment-masque-regenerateur-pour-cheveux-secs-et-opaques\/#primaryimage\",\"url\":\"https:\/\/seipuntozero-haircare.it\/wp-content\/uploads\/2019\/11\/262175_sei_punto_zero_herb_treatment_regenerating_mask_1000ml.png\",\"contentUrl\":\"https:\/\/seipuntozero-haircare.it\/wp-content\/uploads\/2019\/11\/262175_sei_punto_zero_herb_treatment_regenerating_mask_1000ml.png\",\"width\":600,\"height\":600,\"caption\":\"Herbe Treatment | Maschera rigenerante per capelli secchi ed opachi\"},{\"@type\":\"BreadcrumbList\",\"@id\":\"https:\/\/seipuntozero-haircare.it\/fr\/product\/herbe-treatment-masque-regenerateur-pour-cheveux-secs-et-opaques\/#breadcrumb\",\"itemListElement\":[{\"@type\":\"ListItem\",\"position\":1,\"name\":\"Home\",\"item\":\"https:\/\/seipuntozero-haircare.it\/fr\/\"},{\"@type\":\"ListItem\",\"position\":2,\"name\":\"Products\",\"item\":\"https:\/\/seipuntozero-haircare.it\/fr\/shop\/\"},{\"@type\":\"ListItem\",\"position\":3,\"name\":\"HERBE TREATMENT Masque r\u00e9g\u00e9n\u00e9rateur pour cheveux secs et opaques\"}]},{\"@type\":\"WebSite\",\"@id\":\"https:\/\/seipuntozero-haircare.it\/fr\/#website\",\"url\":\"https:\/\/seipuntozero-haircare.it\/fr\/\",\"name\":\"6.Zero\",\"description\":\"Essential Touch\",\"potentialAction\":[{\"@type\":\"SearchAction\",\"target\":{\"@type\":\"EntryPoint\",\"urlTemplate\":\"https:\/\/seipuntozero-haircare.it\/fr\/?s={search_term_string}\"},\"query-input\":{\"@type\":\"PropertyValueSpecification\",\"valueRequired\":true,\"valueName\":\"search_term_string\"}}],\"inLanguage\":\"fr-FR\"}]}<\/script>\n<!-- \/ Yoast SEO plugin. -->","yoast_head_json":{"title":"HERBE TREATMENT  Masque r\u00e9g\u00e9n\u00e9rateur pour cheveux secs et opaques - 6.Zero","description":"Herbe Treatment, masque r\u00e9g\u00e9n\u00e9rateur pour cheveux secs et opaques. Sa formulation riche en principes actifs naturels lutte contre le dess\u00e8chement, nourrit et restructure.","robots":{"index":"index","follow":"follow","max-snippet":"max-snippet:-1","max-image-preview":"max-image-preview:large","max-video-preview":"max-video-preview:-1"},"canonical":"https:\/\/seipuntozero-haircare.it\/fr\/product\/herbe-treatment-masque-regenerateur-pour-cheveux-secs-et-opaques\/","og_locale":"fr_FR","og_type":"article","og_title":"HERBE TREATMENT  Masque r\u00e9g\u00e9n\u00e9rateur pour cheveux secs et opaques - 6.Zero","og_description":"Herbe Treatment, masque r\u00e9g\u00e9n\u00e9rateur pour cheveux secs et opaques. Sa formulation riche en principes actifs naturels lutte contre le dess\u00e8chement, nourrit et restructure.","og_url":"https:\/\/seipuntozero-haircare.it\/fr\/product\/herbe-treatment-masque-regenerateur-pour-cheveux-secs-et-opaques\/","og_site_name":"6.Zero","article_modified_time":"2021-06-08T15:37:15+00:00","og_image":[{"width":600,"height":600,"url":"https:\/\/seipuntozero-haircare.it\/wp-content\/uploads\/2019\/11\/262175_sei_punto_zero_herb_treatment_regenerating_mask_1000ml.png","type":"image\/png"}],"twitter_card":"summary_large_image","twitter_misc":{"Dur\u00e9e de lecture estim\u00e9e":"1 minute"},"schema":{"@context":"https:\/\/schema.org","@graph":[{"@type":"WebPage","@id":"https:\/\/seipuntozero-haircare.it\/fr\/product\/herbe-treatment-masque-regenerateur-pour-cheveux-secs-et-opaques\/","url":"https:\/\/seipuntozero-haircare.it\/fr\/product\/herbe-treatment-masque-regenerateur-pour-cheveux-secs-et-opaques\/","name":"HERBE TREATMENT Masque r\u00e9g\u00e9n\u00e9rateur pour cheveux secs et opaques - 6.Zero","isPartOf":{"@id":"https:\/\/seipuntozero-haircare.it\/fr\/#website"},"primaryImageOfPage":{"@id":"https:\/\/seipuntozero-haircare.it\/fr\/product\/herbe-treatment-masque-regenerateur-pour-cheveux-secs-et-opaques\/#primaryimage"},"image":{"@id":"https:\/\/seipuntozero-haircare.it\/fr\/product\/herbe-treatment-masque-regenerateur-pour-cheveux-secs-et-opaques\/#primaryimage"},"thumbnailUrl":"https:\/\/seipuntozero-haircare.it\/wp-content\/uploads\/2019\/11\/262175_sei_punto_zero_herb_treatment_regenerating_mask_1000ml.png","datePublished":"2017-03-15T14:31:24+00:00","dateModified":"2021-06-08T15:37:15+00:00","description":"Herbe Treatment, masque r\u00e9g\u00e9n\u00e9rateur pour cheveux secs et opaques. Sa formulation riche en principes actifs naturels lutte contre le dess\u00e8chement, nourrit et restructure.","breadcrumb":{"@id":"https:\/\/seipuntozero-haircare.it\/fr\/product\/herbe-treatment-masque-regenerateur-pour-cheveux-secs-et-opaques\/#breadcrumb"},"inLanguage":"fr-FR","potentialAction":[{"@type":"ReadAction","target":["https:\/\/seipuntozero-haircare.it\/fr\/product\/herbe-treatment-masque-regenerateur-pour-cheveux-secs-et-opaques\/"]}]},{"@type":"ImageObject","inLanguage":"fr-FR","@id":"https:\/\/seipuntozero-haircare.it\/fr\/product\/herbe-treatment-masque-regenerateur-pour-cheveux-secs-et-opaques\/#primaryimage","url":"https:\/\/seipuntozero-haircare.it\/wp-content\/uploads\/2019\/11\/262175_sei_punto_zero_herb_treatment_regenerating_mask_1000ml.png","contentUrl":"https:\/\/seipuntozero-haircare.it\/wp-content\/uploads\/2019\/11\/262175_sei_punto_zero_herb_treatment_regenerating_mask_1000ml.png","width":600,"height":600,"caption":"Herbe Treatment | Maschera rigenerante per capelli secchi ed opachi"},{"@type":"BreadcrumbList","@id":"https:\/\/seipuntozero-haircare.it\/fr\/product\/herbe-treatment-masque-regenerateur-pour-cheveux-secs-et-opaques\/#breadcrumb","itemListElement":[{"@type":"ListItem","position":1,"name":"Home","item":"https:\/\/seipuntozero-haircare.it\/fr\/"},{"@type":"ListItem","position":2,"name":"Products","item":"https:\/\/seipuntozero-haircare.it\/fr\/shop\/"},{"@type":"ListItem","position":3,"name":"HERBE TREATMENT Masque r\u00e9g\u00e9n\u00e9rateur pour cheveux secs et opaques"}]},{"@type":"WebSite","@id":"https:\/\/seipuntozero-haircare.it\/fr\/#website","url":"https:\/\/seipuntozero-haircare.it\/fr\/","name":"6.Zero","description":"Essential Touch","potentialAction":[{"@type":"SearchAction","target":{"@type":"EntryPoint","urlTemplate":"https:\/\/seipuntozero-haircare.it\/fr\/?s={search_term_string}"},"query-input":{"@type":"PropertyValueSpecification","valueRequired":true,"valueName":"search_term_string"}}],"inLanguage":"fr-FR"}]}},"_links":{"self":[{"href":"https:\/\/seipuntozero-haircare.it\/fr\/wp-json\/wp\/v2\/product\/15080","targetHints":{"allow":["GET"]}}],"collection":[{"href":"https:\/\/seipuntozero-haircare.it\/fr\/wp-json\/wp\/v2\/product"}],"about":[{"href":"https:\/\/seipuntozero-haircare.it\/fr\/wp-json\/wp\/v2\/types\/product"}],"wp:featuredmedia":[{"embeddable":true,"href":"https:\/\/seipuntozero-haircare.it\/fr\/wp-json\/wp\/v2\/media\/18118"}],"wp:attachment":[{"href":"https:\/\/seipuntozero-haircare.it\/fr\/wp-json\/wp\/v2\/media?parent=15080"}],"wp:term":[{"taxonomy":"product_brand","embeddable":true,"href":"https:\/\/seipuntozero-haircare.it\/fr\/wp-json\/wp\/v2\/product_brand?post=15080"},{"taxonomy":"product_cat","embeddable":true,"href":"https:\/\/seipuntozero-haircare.it\/fr\/wp-json\/wp\/v2\/product_cat?post=15080"},{"taxonomy":"product_tag","embeddable":true,"href":"https:\/\/seipuntozero-haircare.it\/fr\/wp-json\/wp\/v2\/product_tag?post=15080"}],"curies":[{"name":"wp","href":"https:\/\/api.w.org\/{rel}","templated":true}]}}