{"id":15078,"date":"2017-03-15T15:33:27","date_gmt":"2017-03-15T14:33:27","guid":{"rendered":"https:\/\/seipuntozero-haircare.it\/prodotto\/almond-karite-treatment-masque-nourrissant-pour-cheveux-traites-et-colores\/"},"modified":"2021-06-08T17:33:48","modified_gmt":"2021-06-08T15:33:48","slug":"almond-karite-treatment-masque-nourrissant-pour-cheveux-traites-et-colores","status":"publish","type":"product","link":"https:\/\/seipuntozero-haircare.it\/fr\/product\/almond-karite-treatment-masque-nourrissant-pour-cheveux-traites-et-colores\/","title":{"rendered":"ALMOND &#038; KARIT\u00c9 TREATMENT<br> Masque nourrissant pour cheveux trait\u00e9s et color\u00e9s"},"content":{"rendered":"<ul>\n<li>Nourrit et prot\u00e8ge les <strong>cheveux trait\u00e9s et color\u00e9s<\/strong><\/li>\n<li>Conf\u00e8re un <strong>ton et une consistance<\/strong> nouveaux<strong> \u00e0 la chevelure<\/strong><\/li>\n<\/ul>\n","protected":false},"excerpt":{"rendered":"<p>Almond &amp; Karit\u00e9 Treatment<strong>, masque nourrissant pour cheveux trait\u00e9s et color\u00e9s<\/strong>. Riche en vitamines, il se caract\u00e9rise par sa formule \u00e0 base de <strong>Beurre de Karit\u00e9 et d\u2019Amandes<\/strong> qui r\u00e9g\u00e9n\u00e8re, nourrit et prot\u00e8ge, offrant consistance et \u00e9lasticit\u00e9. Les cheveux sont plus doux et sains d\u00e8s la premi\u00e8re application du masque, gr\u00e2ce \u00e0 l\u2019effet reconstituant qui r\u00e9tablit la <strong>vigueur naturelle<\/strong> de la chevelure.<\/p>\n<p>Usage professionnel<\/p>\n<p>Pot 1 000 ml<\/p>\n","protected":false},"featured_media":18124,"template":"","meta":[],"product_brand":[],"product_cat":[594],"product_tag":[],"class_list":["post-15078","product","type-product","status-publish","has-post-thumbnail","hentry","product_cat-salon-treatments-fr"],"yoast_head":"<!-- This site is optimized with the Yoast SEO plugin v27.1.1 - https:\/\/yoast.com\/product\/yoast-seo-wordpress\/ -->\n<title>ALMOND &amp; KARIT\u00c9 TREATMENT Masque nourrissant pour cheveux trait\u00e9s et color\u00e9s - 6.Zero<\/title>\n<meta name=\"description\" content=\"Almond &amp; Karit\u00e9 Treatment, masque nourrissant pour cheveux trait\u00e9s et color\u00e9s. Riche en vitamines, il se caract\u00e9rise par sa formule \u00e0 base de Beurre de Karit\u00e9 et d\u2019Amandes qui r\u00e9g\u00e9n\u00e8re, nourrit et prot\u00e8ge, offrant consistance et \u00e9lasticit\u00e9.\" \/>\n<meta name=\"robots\" content=\"index, follow, max-snippet:-1, max-image-preview:large, max-video-preview:-1\" \/>\n<link rel=\"canonical\" href=\"https:\/\/seipuntozero-haircare.it\/fr\/product\/almond-karite-treatment-masque-nourrissant-pour-cheveux-traites-et-colores\/\" \/>\n<meta property=\"og:locale\" content=\"fr_FR\" \/>\n<meta property=\"og:type\" content=\"article\" \/>\n<meta property=\"og:title\" content=\"ALMOND &amp; KARIT\u00c9 TREATMENT Masque nourrissant pour cheveux trait\u00e9s et color\u00e9s - 6.Zero\" \/>\n<meta property=\"og:description\" content=\"Almond &amp; Karit\u00e9 Treatment, masque nourrissant pour cheveux trait\u00e9s et color\u00e9s. Riche en vitamines, il se caract\u00e9rise par sa formule \u00e0 base de Beurre de Karit\u00e9 et d\u2019Amandes qui r\u00e9g\u00e9n\u00e8re, nourrit et prot\u00e8ge, offrant consistance et \u00e9lasticit\u00e9.\" \/>\n<meta property=\"og:url\" content=\"https:\/\/seipuntozero-haircare.it\/fr\/product\/almond-karite-treatment-masque-nourrissant-pour-cheveux-traites-et-colores\/\" \/>\n<meta property=\"og:site_name\" content=\"6.Zero\" \/>\n<meta property=\"article:modified_time\" content=\"2021-06-08T15:33:48+00:00\" \/>\n<meta property=\"og:image\" content=\"https:\/\/seipuntozero-haircare.it\/wp-content\/uploads\/2019\/11\/262182_sei_punto_zero_almond_karite_treatment_mask_1000ml.png\" \/>\n\t<meta property=\"og:image:width\" content=\"600\" \/>\n\t<meta property=\"og:image:height\" content=\"600\" \/>\n\t<meta property=\"og:image:type\" content=\"image\/png\" \/>\n<meta name=\"twitter:card\" content=\"summary_large_image\" \/>\n<meta name=\"twitter:label1\" content=\"Dur\u00e9e de lecture estim\u00e9e\" \/>\n\t<meta name=\"twitter:data1\" content=\"1 minute\" \/>\n<script type=\"application\/ld+json\" class=\"yoast-schema-graph\">{\"@context\":\"https:\/\/schema.org\",\"@graph\":[{\"@type\":\"WebPage\",\"@id\":\"https:\/\/seipuntozero-haircare.it\/fr\/product\/almond-karite-treatment-masque-nourrissant-pour-cheveux-traites-et-colores\/\",\"url\":\"https:\/\/seipuntozero-haircare.it\/fr\/product\/almond-karite-treatment-masque-nourrissant-pour-cheveux-traites-et-colores\/\",\"name\":\"ALMOND & KARIT\u00c9 TREATMENT Masque nourrissant pour cheveux trait\u00e9s et color\u00e9s - 6.Zero\",\"isPartOf\":{\"@id\":\"https:\/\/seipuntozero-haircare.it\/fr\/#website\"},\"primaryImageOfPage\":{\"@id\":\"https:\/\/seipuntozero-haircare.it\/fr\/product\/almond-karite-treatment-masque-nourrissant-pour-cheveux-traites-et-colores\/#primaryimage\"},\"image\":{\"@id\":\"https:\/\/seipuntozero-haircare.it\/fr\/product\/almond-karite-treatment-masque-nourrissant-pour-cheveux-traites-et-colores\/#primaryimage\"},\"thumbnailUrl\":\"https:\/\/seipuntozero-haircare.it\/wp-content\/uploads\/2019\/11\/262182_sei_punto_zero_almond_karite_treatment_mask_1000ml.png\",\"datePublished\":\"2017-03-15T14:33:27+00:00\",\"dateModified\":\"2021-06-08T15:33:48+00:00\",\"description\":\"Almond & Karit\u00e9 Treatment, masque nourrissant pour cheveux trait\u00e9s et color\u00e9s. Riche en vitamines, il se caract\u00e9rise par sa formule \u00e0 base de Beurre de Karit\u00e9 et d\u2019Amandes qui r\u00e9g\u00e9n\u00e8re, nourrit et prot\u00e8ge, offrant consistance et \u00e9lasticit\u00e9.\",\"breadcrumb\":{\"@id\":\"https:\/\/seipuntozero-haircare.it\/fr\/product\/almond-karite-treatment-masque-nourrissant-pour-cheveux-traites-et-colores\/#breadcrumb\"},\"inLanguage\":\"fr-FR\",\"potentialAction\":[{\"@type\":\"ReadAction\",\"target\":[\"https:\/\/seipuntozero-haircare.it\/fr\/product\/almond-karite-treatment-masque-nourrissant-pour-cheveux-traites-et-colores\/\"]}]},{\"@type\":\"ImageObject\",\"inLanguage\":\"fr-FR\",\"@id\":\"https:\/\/seipuntozero-haircare.it\/fr\/product\/almond-karite-treatment-masque-nourrissant-pour-cheveux-traites-et-colores\/#primaryimage\",\"url\":\"https:\/\/seipuntozero-haircare.it\/wp-content\/uploads\/2019\/11\/262182_sei_punto_zero_almond_karite_treatment_mask_1000ml.png\",\"contentUrl\":\"https:\/\/seipuntozero-haircare.it\/wp-content\/uploads\/2019\/11\/262182_sei_punto_zero_almond_karite_treatment_mask_1000ml.png\",\"width\":600,\"height\":600,\"caption\":\"Almond & Karit\u00e9 Treatment | Maschera nutriente per capelli trattati e colorati\"},{\"@type\":\"BreadcrumbList\",\"@id\":\"https:\/\/seipuntozero-haircare.it\/fr\/product\/almond-karite-treatment-masque-nourrissant-pour-cheveux-traites-et-colores\/#breadcrumb\",\"itemListElement\":[{\"@type\":\"ListItem\",\"position\":1,\"name\":\"Home\",\"item\":\"https:\/\/seipuntozero-haircare.it\/fr\/\"},{\"@type\":\"ListItem\",\"position\":2,\"name\":\"Products\",\"item\":\"https:\/\/seipuntozero-haircare.it\/fr\/shop\/\"},{\"@type\":\"ListItem\",\"position\":3,\"name\":\"ALMOND &#038; KARIT\u00c9 TREATMENT Masque nourrissant pour cheveux trait\u00e9s et color\u00e9s\"}]},{\"@type\":\"WebSite\",\"@id\":\"https:\/\/seipuntozero-haircare.it\/fr\/#website\",\"url\":\"https:\/\/seipuntozero-haircare.it\/fr\/\",\"name\":\"6.Zero\",\"description\":\"Essential Touch\",\"potentialAction\":[{\"@type\":\"SearchAction\",\"target\":{\"@type\":\"EntryPoint\",\"urlTemplate\":\"https:\/\/seipuntozero-haircare.it\/fr\/?s={search_term_string}\"},\"query-input\":{\"@type\":\"PropertyValueSpecification\",\"valueRequired\":true,\"valueName\":\"search_term_string\"}}],\"inLanguage\":\"fr-FR\"}]}<\/script>\n<!-- \/ Yoast SEO plugin. -->","yoast_head_json":{"title":"ALMOND & KARIT\u00c9 TREATMENT Masque nourrissant pour cheveux trait\u00e9s et color\u00e9s - 6.Zero","description":"Almond & Karit\u00e9 Treatment, masque nourrissant pour cheveux trait\u00e9s et color\u00e9s. Riche en vitamines, il se caract\u00e9rise par sa formule \u00e0 base de Beurre de Karit\u00e9 et d\u2019Amandes qui r\u00e9g\u00e9n\u00e8re, nourrit et prot\u00e8ge, offrant consistance et \u00e9lasticit\u00e9.","robots":{"index":"index","follow":"follow","max-snippet":"max-snippet:-1","max-image-preview":"max-image-preview:large","max-video-preview":"max-video-preview:-1"},"canonical":"https:\/\/seipuntozero-haircare.it\/fr\/product\/almond-karite-treatment-masque-nourrissant-pour-cheveux-traites-et-colores\/","og_locale":"fr_FR","og_type":"article","og_title":"ALMOND & KARIT\u00c9 TREATMENT Masque nourrissant pour cheveux trait\u00e9s et color\u00e9s - 6.Zero","og_description":"Almond & Karit\u00e9 Treatment, masque nourrissant pour cheveux trait\u00e9s et color\u00e9s. Riche en vitamines, il se caract\u00e9rise par sa formule \u00e0 base de Beurre de Karit\u00e9 et d\u2019Amandes qui r\u00e9g\u00e9n\u00e8re, nourrit et prot\u00e8ge, offrant consistance et \u00e9lasticit\u00e9.","og_url":"https:\/\/seipuntozero-haircare.it\/fr\/product\/almond-karite-treatment-masque-nourrissant-pour-cheveux-traites-et-colores\/","og_site_name":"6.Zero","article_modified_time":"2021-06-08T15:33:48+00:00","og_image":[{"width":600,"height":600,"url":"https:\/\/seipuntozero-haircare.it\/wp-content\/uploads\/2019\/11\/262182_sei_punto_zero_almond_karite_treatment_mask_1000ml.png","type":"image\/png"}],"twitter_card":"summary_large_image","twitter_misc":{"Dur\u00e9e de lecture estim\u00e9e":"1 minute"},"schema":{"@context":"https:\/\/schema.org","@graph":[{"@type":"WebPage","@id":"https:\/\/seipuntozero-haircare.it\/fr\/product\/almond-karite-treatment-masque-nourrissant-pour-cheveux-traites-et-colores\/","url":"https:\/\/seipuntozero-haircare.it\/fr\/product\/almond-karite-treatment-masque-nourrissant-pour-cheveux-traites-et-colores\/","name":"ALMOND & KARIT\u00c9 TREATMENT Masque nourrissant pour cheveux trait\u00e9s et color\u00e9s - 6.Zero","isPartOf":{"@id":"https:\/\/seipuntozero-haircare.it\/fr\/#website"},"primaryImageOfPage":{"@id":"https:\/\/seipuntozero-haircare.it\/fr\/product\/almond-karite-treatment-masque-nourrissant-pour-cheveux-traites-et-colores\/#primaryimage"},"image":{"@id":"https:\/\/seipuntozero-haircare.it\/fr\/product\/almond-karite-treatment-masque-nourrissant-pour-cheveux-traites-et-colores\/#primaryimage"},"thumbnailUrl":"https:\/\/seipuntozero-haircare.it\/wp-content\/uploads\/2019\/11\/262182_sei_punto_zero_almond_karite_treatment_mask_1000ml.png","datePublished":"2017-03-15T14:33:27+00:00","dateModified":"2021-06-08T15:33:48+00:00","description":"Almond & Karit\u00e9 Treatment, masque nourrissant pour cheveux trait\u00e9s et color\u00e9s. Riche en vitamines, il se caract\u00e9rise par sa formule \u00e0 base de Beurre de Karit\u00e9 et d\u2019Amandes qui r\u00e9g\u00e9n\u00e8re, nourrit et prot\u00e8ge, offrant consistance et \u00e9lasticit\u00e9.","breadcrumb":{"@id":"https:\/\/seipuntozero-haircare.it\/fr\/product\/almond-karite-treatment-masque-nourrissant-pour-cheveux-traites-et-colores\/#breadcrumb"},"inLanguage":"fr-FR","potentialAction":[{"@type":"ReadAction","target":["https:\/\/seipuntozero-haircare.it\/fr\/product\/almond-karite-treatment-masque-nourrissant-pour-cheveux-traites-et-colores\/"]}]},{"@type":"ImageObject","inLanguage":"fr-FR","@id":"https:\/\/seipuntozero-haircare.it\/fr\/product\/almond-karite-treatment-masque-nourrissant-pour-cheveux-traites-et-colores\/#primaryimage","url":"https:\/\/seipuntozero-haircare.it\/wp-content\/uploads\/2019\/11\/262182_sei_punto_zero_almond_karite_treatment_mask_1000ml.png","contentUrl":"https:\/\/seipuntozero-haircare.it\/wp-content\/uploads\/2019\/11\/262182_sei_punto_zero_almond_karite_treatment_mask_1000ml.png","width":600,"height":600,"caption":"Almond & Karit\u00e9 Treatment | Maschera nutriente per capelli trattati e colorati"},{"@type":"BreadcrumbList","@id":"https:\/\/seipuntozero-haircare.it\/fr\/product\/almond-karite-treatment-masque-nourrissant-pour-cheveux-traites-et-colores\/#breadcrumb","itemListElement":[{"@type":"ListItem","position":1,"name":"Home","item":"https:\/\/seipuntozero-haircare.it\/fr\/"},{"@type":"ListItem","position":2,"name":"Products","item":"https:\/\/seipuntozero-haircare.it\/fr\/shop\/"},{"@type":"ListItem","position":3,"name":"ALMOND &#038; KARIT\u00c9 TREATMENT Masque nourrissant pour cheveux trait\u00e9s et color\u00e9s"}]},{"@type":"WebSite","@id":"https:\/\/seipuntozero-haircare.it\/fr\/#website","url":"https:\/\/seipuntozero-haircare.it\/fr\/","name":"6.Zero","description":"Essential Touch","potentialAction":[{"@type":"SearchAction","target":{"@type":"EntryPoint","urlTemplate":"https:\/\/seipuntozero-haircare.it\/fr\/?s={search_term_string}"},"query-input":{"@type":"PropertyValueSpecification","valueRequired":true,"valueName":"search_term_string"}}],"inLanguage":"fr-FR"}]}},"_links":{"self":[{"href":"https:\/\/seipuntozero-haircare.it\/fr\/wp-json\/wp\/v2\/product\/15078","targetHints":{"allow":["GET"]}}],"collection":[{"href":"https:\/\/seipuntozero-haircare.it\/fr\/wp-json\/wp\/v2\/product"}],"about":[{"href":"https:\/\/seipuntozero-haircare.it\/fr\/wp-json\/wp\/v2\/types\/product"}],"wp:featuredmedia":[{"embeddable":true,"href":"https:\/\/seipuntozero-haircare.it\/fr\/wp-json\/wp\/v2\/media\/18124"}],"wp:attachment":[{"href":"https:\/\/seipuntozero-haircare.it\/fr\/wp-json\/wp\/v2\/media?parent=15078"}],"wp:term":[{"taxonomy":"product_brand","embeddable":true,"href":"https:\/\/seipuntozero-haircare.it\/fr\/wp-json\/wp\/v2\/product_brand?post=15078"},{"taxonomy":"product_cat","embeddable":true,"href":"https:\/\/seipuntozero-haircare.it\/fr\/wp-json\/wp\/v2\/product_cat?post=15078"},{"taxonomy":"product_tag","embeddable":true,"href":"https:\/\/seipuntozero-haircare.it\/fr\/wp-json\/wp\/v2\/product_tag?post=15078"}],"curies":[{"name":"wp","href":"https:\/\/api.w.org\/{rel}","templated":true}]}}