{"id":14802,"date":"2017-03-15T12:24:45","date_gmt":"2017-03-15T11:24:45","guid":{"rendered":"https:\/\/seipuntozero-haircare.it\/prodotto\/kromside-creme-colorante-pour-cheveux\/"},"modified":"2024-03-18T11:42:31","modified_gmt":"2024-03-18T10:42:31","slug":"kromside-creme-colorante-pour-cheveux","status":"publish","type":"product","link":"https:\/\/seipuntozero-haircare.it\/fr\/product\/kromside-creme-colorante-pour-cheveux\/","title":{"rendered":"KROMSIDE <br> Cr\u00e8me colorante pour cheveux"},"content":{"rendered":"<ul>\n<li><strong>Couverture parfaite<\/strong> des cheveux blancs<\/li>\n<li><strong>Couleur pleine<\/strong> et riche, de longue dur\u00e9e<\/li>\n<li><strong>Nutrition et luminosit\u00e9<\/strong> de la chevelure<\/li>\n<\/ul>\n","protected":false},"excerpt":{"rendered":"<p>Kromside, <strong>cr\u00e8me colorante pour cheveux<\/strong> id\u00e9ale pour couvrir parfaitement et de fa\u00e7on uniforme les cheveux blancs. Elle est enrichie \u00e0 l\u2019<strong>Huile de Marula, \u00e0 l\u2019Aloe Vera et \u00e0 l\u2019Extrait de Pivoine<\/strong>, substances fonctionnelles aux propri\u00e9t\u00e9s nutritives, anti-\u00e2ge et protectrices reconnues. La <strong>coloration professionnelle<\/strong> pour cheveux 6.Zero conf\u00e8re une douceur et une luminosit\u00e9 extr\u00eames pour une couleur<strong> pleine, vibrante<\/strong> et durable.<\/p>\n<p>Usage professionnel<\/p>\n<p>Tube 100 ml<\/p>\n<p>M\u00e9lange 1:1,5<\/p>\n<p>111 nuances<\/p>\n","protected":false},"featured_media":17930,"template":"","meta":[],"product_brand":[],"product_cat":[593],"product_tag":[],"class_list":["post-14802","product","type-product","status-publish","has-post-thumbnail","hentry","product_cat-professional-colouring-fr"],"yoast_head":"<!-- This site is optimized with the Yoast SEO plugin v27.1.1 - https:\/\/yoast.com\/product\/yoast-seo-wordpress\/ -->\n<title>KROMSIDE  Cr\u00e8me colorante pour cheveux - 6.Zero<\/title>\n<meta name=\"description\" content=\"Kromside, cr\u00e8me colorante pour cheveux id\u00e9ale pour couvrir parfaitement et de fa\u00e7on uniforme les cheveux blancs. Elle est enrichie \u00e0 l\u2019Huile de Marula, \u00e0 l\u2019Aloe Vera et \u00e0 l\u2019Extrait de Pivoine, substances fonctionnelles aux propri\u00e9t\u00e9s nutritives, anti-\u00e2ge et protectrices reconnues.\" \/>\n<meta name=\"robots\" content=\"index, follow, max-snippet:-1, max-image-preview:large, max-video-preview:-1\" \/>\n<link rel=\"canonical\" href=\"https:\/\/seipuntozero-haircare.it\/fr\/product\/kromside-creme-colorante-pour-cheveux\/\" \/>\n<meta property=\"og:locale\" content=\"fr_FR\" \/>\n<meta property=\"og:type\" content=\"article\" \/>\n<meta property=\"og:title\" content=\"KROMSIDE  Cr\u00e8me colorante pour cheveux - 6.Zero\" \/>\n<meta property=\"og:description\" content=\"Kromside, cr\u00e8me colorante pour cheveux id\u00e9ale pour couvrir parfaitement et de fa\u00e7on uniforme les cheveux blancs. Elle est enrichie \u00e0 l\u2019Huile de Marula, \u00e0 l\u2019Aloe Vera et \u00e0 l\u2019Extrait de Pivoine, substances fonctionnelles aux propri\u00e9t\u00e9s nutritives, anti-\u00e2ge et protectrices reconnues.\" \/>\n<meta property=\"og:url\" content=\"https:\/\/seipuntozero-haircare.it\/fr\/product\/kromside-creme-colorante-pour-cheveux\/\" \/>\n<meta property=\"og:site_name\" content=\"6.Zero\" \/>\n<meta property=\"article:modified_time\" content=\"2024-03-18T10:42:31+00:00\" \/>\n<meta property=\"og:image\" content=\"https:\/\/seipuntozero-haircare.it\/wp-content\/uploads\/2017\/03\/260003_sei_punto_zero_kromside_color_cream_100ml.png\" \/>\n\t<meta property=\"og:image:width\" content=\"600\" \/>\n\t<meta property=\"og:image:height\" content=\"600\" \/>\n\t<meta property=\"og:image:type\" content=\"image\/png\" \/>\n<meta name=\"twitter:card\" content=\"summary_large_image\" \/>\n<meta name=\"twitter:label1\" content=\"Dur\u00e9e de lecture estim\u00e9e\" \/>\n\t<meta name=\"twitter:data1\" content=\"1 minute\" \/>\n<script type=\"application\/ld+json\" class=\"yoast-schema-graph\">{\"@context\":\"https:\/\/schema.org\",\"@graph\":[{\"@type\":\"WebPage\",\"@id\":\"https:\/\/seipuntozero-haircare.it\/fr\/product\/kromside-creme-colorante-pour-cheveux\/\",\"url\":\"https:\/\/seipuntozero-haircare.it\/fr\/product\/kromside-creme-colorante-pour-cheveux\/\",\"name\":\"KROMSIDE Cr\u00e8me colorante pour cheveux - 6.Zero\",\"isPartOf\":{\"@id\":\"https:\/\/seipuntozero-haircare.it\/fr\/#website\"},\"primaryImageOfPage\":{\"@id\":\"https:\/\/seipuntozero-haircare.it\/fr\/product\/kromside-creme-colorante-pour-cheveux\/#primaryimage\"},\"image\":{\"@id\":\"https:\/\/seipuntozero-haircare.it\/fr\/product\/kromside-creme-colorante-pour-cheveux\/#primaryimage\"},\"thumbnailUrl\":\"https:\/\/seipuntozero-haircare.it\/wp-content\/uploads\/2017\/03\/260003_sei_punto_zero_kromside_color_cream_100ml.png\",\"datePublished\":\"2017-03-15T11:24:45+00:00\",\"dateModified\":\"2024-03-18T10:42:31+00:00\",\"description\":\"Kromside, cr\u00e8me colorante pour cheveux id\u00e9ale pour couvrir parfaitement et de fa\u00e7on uniforme les cheveux blancs. Elle est enrichie \u00e0 l\u2019Huile de Marula, \u00e0 l\u2019Aloe Vera et \u00e0 l\u2019Extrait de Pivoine, substances fonctionnelles aux propri\u00e9t\u00e9s nutritives, anti-\u00e2ge et protectrices reconnues.\",\"breadcrumb\":{\"@id\":\"https:\/\/seipuntozero-haircare.it\/fr\/product\/kromside-creme-colorante-pour-cheveux\/#breadcrumb\"},\"inLanguage\":\"fr-FR\",\"potentialAction\":[{\"@type\":\"ReadAction\",\"target\":[\"https:\/\/seipuntozero-haircare.it\/fr\/product\/kromside-creme-colorante-pour-cheveux\/\"]}]},{\"@type\":\"ImageObject\",\"inLanguage\":\"fr-FR\",\"@id\":\"https:\/\/seipuntozero-haircare.it\/fr\/product\/kromside-creme-colorante-pour-cheveux\/#primaryimage\",\"url\":\"https:\/\/seipuntozero-haircare.it\/wp-content\/uploads\/2017\/03\/260003_sei_punto_zero_kromside_color_cream_100ml.png\",\"contentUrl\":\"https:\/\/seipuntozero-haircare.it\/wp-content\/uploads\/2017\/03\/260003_sei_punto_zero_kromside_color_cream_100ml.png\",\"width\":600,\"height\":600,\"caption\":\"Kromside | Crema colorante per capelli\"},{\"@type\":\"BreadcrumbList\",\"@id\":\"https:\/\/seipuntozero-haircare.it\/fr\/product\/kromside-creme-colorante-pour-cheveux\/#breadcrumb\",\"itemListElement\":[{\"@type\":\"ListItem\",\"position\":1,\"name\":\"Home\",\"item\":\"https:\/\/seipuntozero-haircare.it\/fr\/\"},{\"@type\":\"ListItem\",\"position\":2,\"name\":\"Products\",\"item\":\"https:\/\/seipuntozero-haircare.it\/fr\/shop\/\"},{\"@type\":\"ListItem\",\"position\":3,\"name\":\"KROMSIDE Cr\u00e8me colorante pour cheveux\"}]},{\"@type\":\"WebSite\",\"@id\":\"https:\/\/seipuntozero-haircare.it\/fr\/#website\",\"url\":\"https:\/\/seipuntozero-haircare.it\/fr\/\",\"name\":\"6.Zero\",\"description\":\"Essential Touch\",\"potentialAction\":[{\"@type\":\"SearchAction\",\"target\":{\"@type\":\"EntryPoint\",\"urlTemplate\":\"https:\/\/seipuntozero-haircare.it\/fr\/?s={search_term_string}\"},\"query-input\":{\"@type\":\"PropertyValueSpecification\",\"valueRequired\":true,\"valueName\":\"search_term_string\"}}],\"inLanguage\":\"fr-FR\"}]}<\/script>\n<!-- \/ Yoast SEO plugin. -->","yoast_head_json":{"title":"KROMSIDE  Cr\u00e8me colorante pour cheveux - 6.Zero","description":"Kromside, cr\u00e8me colorante pour cheveux id\u00e9ale pour couvrir parfaitement et de fa\u00e7on uniforme les cheveux blancs. Elle est enrichie \u00e0 l\u2019Huile de Marula, \u00e0 l\u2019Aloe Vera et \u00e0 l\u2019Extrait de Pivoine, substances fonctionnelles aux propri\u00e9t\u00e9s nutritives, anti-\u00e2ge et protectrices reconnues.","robots":{"index":"index","follow":"follow","max-snippet":"max-snippet:-1","max-image-preview":"max-image-preview:large","max-video-preview":"max-video-preview:-1"},"canonical":"https:\/\/seipuntozero-haircare.it\/fr\/product\/kromside-creme-colorante-pour-cheveux\/","og_locale":"fr_FR","og_type":"article","og_title":"KROMSIDE  Cr\u00e8me colorante pour cheveux - 6.Zero","og_description":"Kromside, cr\u00e8me colorante pour cheveux id\u00e9ale pour couvrir parfaitement et de fa\u00e7on uniforme les cheveux blancs. Elle est enrichie \u00e0 l\u2019Huile de Marula, \u00e0 l\u2019Aloe Vera et \u00e0 l\u2019Extrait de Pivoine, substances fonctionnelles aux propri\u00e9t\u00e9s nutritives, anti-\u00e2ge et protectrices reconnues.","og_url":"https:\/\/seipuntozero-haircare.it\/fr\/product\/kromside-creme-colorante-pour-cheveux\/","og_site_name":"6.Zero","article_modified_time":"2024-03-18T10:42:31+00:00","og_image":[{"width":600,"height":600,"url":"https:\/\/seipuntozero-haircare.it\/wp-content\/uploads\/2017\/03\/260003_sei_punto_zero_kromside_color_cream_100ml.png","type":"image\/png"}],"twitter_card":"summary_large_image","twitter_misc":{"Dur\u00e9e de lecture estim\u00e9e":"1 minute"},"schema":{"@context":"https:\/\/schema.org","@graph":[{"@type":"WebPage","@id":"https:\/\/seipuntozero-haircare.it\/fr\/product\/kromside-creme-colorante-pour-cheveux\/","url":"https:\/\/seipuntozero-haircare.it\/fr\/product\/kromside-creme-colorante-pour-cheveux\/","name":"KROMSIDE Cr\u00e8me colorante pour cheveux - 6.Zero","isPartOf":{"@id":"https:\/\/seipuntozero-haircare.it\/fr\/#website"},"primaryImageOfPage":{"@id":"https:\/\/seipuntozero-haircare.it\/fr\/product\/kromside-creme-colorante-pour-cheveux\/#primaryimage"},"image":{"@id":"https:\/\/seipuntozero-haircare.it\/fr\/product\/kromside-creme-colorante-pour-cheveux\/#primaryimage"},"thumbnailUrl":"https:\/\/seipuntozero-haircare.it\/wp-content\/uploads\/2017\/03\/260003_sei_punto_zero_kromside_color_cream_100ml.png","datePublished":"2017-03-15T11:24:45+00:00","dateModified":"2024-03-18T10:42:31+00:00","description":"Kromside, cr\u00e8me colorante pour cheveux id\u00e9ale pour couvrir parfaitement et de fa\u00e7on uniforme les cheveux blancs. Elle est enrichie \u00e0 l\u2019Huile de Marula, \u00e0 l\u2019Aloe Vera et \u00e0 l\u2019Extrait de Pivoine, substances fonctionnelles aux propri\u00e9t\u00e9s nutritives, anti-\u00e2ge et protectrices reconnues.","breadcrumb":{"@id":"https:\/\/seipuntozero-haircare.it\/fr\/product\/kromside-creme-colorante-pour-cheveux\/#breadcrumb"},"inLanguage":"fr-FR","potentialAction":[{"@type":"ReadAction","target":["https:\/\/seipuntozero-haircare.it\/fr\/product\/kromside-creme-colorante-pour-cheveux\/"]}]},{"@type":"ImageObject","inLanguage":"fr-FR","@id":"https:\/\/seipuntozero-haircare.it\/fr\/product\/kromside-creme-colorante-pour-cheveux\/#primaryimage","url":"https:\/\/seipuntozero-haircare.it\/wp-content\/uploads\/2017\/03\/260003_sei_punto_zero_kromside_color_cream_100ml.png","contentUrl":"https:\/\/seipuntozero-haircare.it\/wp-content\/uploads\/2017\/03\/260003_sei_punto_zero_kromside_color_cream_100ml.png","width":600,"height":600,"caption":"Kromside | Crema colorante per capelli"},{"@type":"BreadcrumbList","@id":"https:\/\/seipuntozero-haircare.it\/fr\/product\/kromside-creme-colorante-pour-cheveux\/#breadcrumb","itemListElement":[{"@type":"ListItem","position":1,"name":"Home","item":"https:\/\/seipuntozero-haircare.it\/fr\/"},{"@type":"ListItem","position":2,"name":"Products","item":"https:\/\/seipuntozero-haircare.it\/fr\/shop\/"},{"@type":"ListItem","position":3,"name":"KROMSIDE Cr\u00e8me colorante pour cheveux"}]},{"@type":"WebSite","@id":"https:\/\/seipuntozero-haircare.it\/fr\/#website","url":"https:\/\/seipuntozero-haircare.it\/fr\/","name":"6.Zero","description":"Essential Touch","potentialAction":[{"@type":"SearchAction","target":{"@type":"EntryPoint","urlTemplate":"https:\/\/seipuntozero-haircare.it\/fr\/?s={search_term_string}"},"query-input":{"@type":"PropertyValueSpecification","valueRequired":true,"valueName":"search_term_string"}}],"inLanguage":"fr-FR"}]}},"_links":{"self":[{"href":"https:\/\/seipuntozero-haircare.it\/fr\/wp-json\/wp\/v2\/product\/14802","targetHints":{"allow":["GET"]}}],"collection":[{"href":"https:\/\/seipuntozero-haircare.it\/fr\/wp-json\/wp\/v2\/product"}],"about":[{"href":"https:\/\/seipuntozero-haircare.it\/fr\/wp-json\/wp\/v2\/types\/product"}],"wp:featuredmedia":[{"embeddable":true,"href":"https:\/\/seipuntozero-haircare.it\/fr\/wp-json\/wp\/v2\/media\/17930"}],"wp:attachment":[{"href":"https:\/\/seipuntozero-haircare.it\/fr\/wp-json\/wp\/v2\/media?parent=14802"}],"wp:term":[{"taxonomy":"product_brand","embeddable":true,"href":"https:\/\/seipuntozero-haircare.it\/fr\/wp-json\/wp\/v2\/product_brand?post=14802"},{"taxonomy":"product_cat","embeddable":true,"href":"https:\/\/seipuntozero-haircare.it\/fr\/wp-json\/wp\/v2\/product_cat?post=14802"},{"taxonomy":"product_tag","embeddable":true,"href":"https:\/\/seipuntozero-haircare.it\/fr\/wp-json\/wp\/v2\/product_tag?post=14802"}],"curies":[{"name":"wp","href":"https:\/\/api.w.org\/{rel}","templated":true}]}}