{"id":14695,"date":"2017-03-15T14:08:30","date_gmt":"2017-03-15T13:08:30","guid":{"rendered":"https:\/\/seipuntozero-haircare.it\/prodotto\/krompure-creme-colorante-delicate-sans-ammoniaque-et-sans-ppd\/"},"modified":"2021-06-09T12:12:13","modified_gmt":"2021-06-09T10:12:13","slug":"krompure-creme-colorante-delicate-sans-ammoniaque-et-sans-ppd","status":"publish","type":"product","link":"https:\/\/seipuntozero-haircare.it\/fr\/product\/krompure-creme-colorante-delicate-sans-ammoniaque-et-sans-ppd\/","title":{"rendered":"KROMPURE <br> Cr\u00e8me colorante d\u00e9licate sans ammoniaque et sans PPD"},"content":{"rendered":"<ul>\n<li>Assure une <strong>couverture parfaite<\/strong> des cheveux blancs<\/li>\n<li><strong>Ne contient<\/strong> ni ammoniaque ni PPD<\/li>\n<li><strong>Hydratation et r\u00e9g\u00e9n\u00e9ration<\/strong>, gr\u00e2ce aux actifs pr\u00e9sents dans la formule<\/li>\n<li>La couleur est brillante et durable<\/li>\n<\/ul>\n","protected":false},"excerpt":{"rendered":"<p><strong>Krompure<\/strong>, <strong>cr\u00e8me colorante d\u00e9licate pour cheveux<\/strong>, <strong>sans ammoniaque et sans PPD<\/strong>. Enrichie \u00e0 la <strong>K\u00e9ratine, \u00e0 l\u2019Huile de Tamanu et \u00e0 la Pr\u00eale<\/strong>, aux propri\u00e9t\u00e9s antioxydantes, hydratantes et r\u00e9g\u00e9n\u00e9ratrices reconnues, qui offrent une couleur<strong> ultra-brillante<\/strong> et durable. La coloration professionnelle Krompure <strong>couvre parfaitement les cheveux blancs<\/strong>, r\u00e9v\u00e9lant une chevelure visiblement resplendissante et naturelle.<\/p>\n<p>Usage professionnel<\/p>\n<p>Tube 100 ml<\/p>\n<p>M\u00e9lange 1:1<\/p>\n<p>35 nuances<\/p>\n","protected":false},"featured_media":20087,"template":"","meta":[],"product_brand":[],"product_cat":[593],"product_tag":[],"class_list":["post-14695","product","type-product","status-publish","has-post-thumbnail","hentry","product_cat-professional-colouring-fr"],"yoast_head":"<!-- This site is optimized with the Yoast SEO plugin v27.1.1 - https:\/\/yoast.com\/product\/yoast-seo-wordpress\/ -->\n<title>KROMPURE  Cr\u00e8me colorante d\u00e9licate sans ammoniaque et sans PPD - 6.Zero<\/title>\n<meta name=\"description\" content=\"Krompure, cr\u00e8me colorante d\u00e9licate pour cheveux, sans ammoniaque et sans PPD. Enrichie \u00e0 la K\u00e9ratine, \u00e0 l\u2019Huile de Tamanu et \u00e0 la Pr\u00eale, aux propri\u00e9t\u00e9s antioxydantes, hydratantes et r\u00e9g\u00e9n\u00e9ratrices reconnues, qui offrent une couleur ultra-brillante et durable.\" \/>\n<meta name=\"robots\" content=\"index, follow, max-snippet:-1, max-image-preview:large, max-video-preview:-1\" \/>\n<link rel=\"canonical\" href=\"https:\/\/seipuntozero-haircare.it\/fr\/product\/krompure-creme-colorante-delicate-sans-ammoniaque-et-sans-ppd\/\" \/>\n<meta property=\"og:locale\" content=\"fr_FR\" \/>\n<meta property=\"og:type\" content=\"article\" \/>\n<meta property=\"og:title\" content=\"KROMPURE  Cr\u00e8me colorante d\u00e9licate sans ammoniaque et sans PPD - 6.Zero\" \/>\n<meta property=\"og:description\" content=\"Krompure, cr\u00e8me colorante d\u00e9licate pour cheveux, sans ammoniaque et sans PPD. Enrichie \u00e0 la K\u00e9ratine, \u00e0 l\u2019Huile de Tamanu et \u00e0 la Pr\u00eale, aux propri\u00e9t\u00e9s antioxydantes, hydratantes et r\u00e9g\u00e9n\u00e9ratrices reconnues, qui offrent une couleur ultra-brillante et durable.\" \/>\n<meta property=\"og:url\" content=\"https:\/\/seipuntozero-haircare.it\/fr\/product\/krompure-creme-colorante-delicate-sans-ammoniaque-et-sans-ppd\/\" \/>\n<meta property=\"og:site_name\" content=\"6.Zero\" \/>\n<meta property=\"article:modified_time\" content=\"2021-06-09T10:12:13+00:00\" \/>\n<meta property=\"og:image\" content=\"https:\/\/seipuntozero-haircare.it\/wp-content\/uploads\/2017\/03\/260997_sei_punto_zero_krompure_ammonia_ppd_free_hair_colour_cream_100ml.png\" \/>\n\t<meta property=\"og:image:width\" content=\"600\" \/>\n\t<meta property=\"og:image:height\" content=\"600\" \/>\n\t<meta property=\"og:image:type\" content=\"image\/png\" \/>\n<meta name=\"twitter:card\" content=\"summary_large_image\" \/>\n<meta name=\"twitter:label1\" content=\"Dur\u00e9e de lecture estim\u00e9e\" \/>\n\t<meta name=\"twitter:data1\" content=\"1 minute\" \/>\n<script type=\"application\/ld+json\" class=\"yoast-schema-graph\">{\"@context\":\"https:\/\/schema.org\",\"@graph\":[{\"@type\":\"WebPage\",\"@id\":\"https:\/\/seipuntozero-haircare.it\/fr\/product\/krompure-creme-colorante-delicate-sans-ammoniaque-et-sans-ppd\/\",\"url\":\"https:\/\/seipuntozero-haircare.it\/fr\/product\/krompure-creme-colorante-delicate-sans-ammoniaque-et-sans-ppd\/\",\"name\":\"KROMPURE Cr\u00e8me colorante d\u00e9licate sans ammoniaque et sans PPD - 6.Zero\",\"isPartOf\":{\"@id\":\"https:\/\/seipuntozero-haircare.it\/fr\/#website\"},\"primaryImageOfPage\":{\"@id\":\"https:\/\/seipuntozero-haircare.it\/fr\/product\/krompure-creme-colorante-delicate-sans-ammoniaque-et-sans-ppd\/#primaryimage\"},\"image\":{\"@id\":\"https:\/\/seipuntozero-haircare.it\/fr\/product\/krompure-creme-colorante-delicate-sans-ammoniaque-et-sans-ppd\/#primaryimage\"},\"thumbnailUrl\":\"https:\/\/seipuntozero-haircare.it\/wp-content\/uploads\/2017\/03\/260997_sei_punto_zero_krompure_ammonia_ppd_free_hair_colour_cream_100ml-2.png\",\"datePublished\":\"2017-03-15T13:08:30+00:00\",\"dateModified\":\"2021-06-09T10:12:13+00:00\",\"description\":\"Krompure, cr\u00e8me colorante d\u00e9licate pour cheveux, sans ammoniaque et sans PPD. Enrichie \u00e0 la K\u00e9ratine, \u00e0 l\u2019Huile de Tamanu et \u00e0 la Pr\u00eale, aux propri\u00e9t\u00e9s antioxydantes, hydratantes et r\u00e9g\u00e9n\u00e9ratrices reconnues, qui offrent une couleur ultra-brillante et durable.\",\"breadcrumb\":{\"@id\":\"https:\/\/seipuntozero-haircare.it\/fr\/product\/krompure-creme-colorante-delicate-sans-ammoniaque-et-sans-ppd\/#breadcrumb\"},\"inLanguage\":\"fr-FR\",\"potentialAction\":[{\"@type\":\"ReadAction\",\"target\":[\"https:\/\/seipuntozero-haircare.it\/fr\/product\/krompure-creme-colorante-delicate-sans-ammoniaque-et-sans-ppd\/\"]}]},{\"@type\":\"ImageObject\",\"inLanguage\":\"fr-FR\",\"@id\":\"https:\/\/seipuntozero-haircare.it\/fr\/product\/krompure-creme-colorante-delicate-sans-ammoniaque-et-sans-ppd\/#primaryimage\",\"url\":\"https:\/\/seipuntozero-haircare.it\/wp-content\/uploads\/2017\/03\/260997_sei_punto_zero_krompure_ammonia_ppd_free_hair_colour_cream_100ml-2.png\",\"contentUrl\":\"https:\/\/seipuntozero-haircare.it\/wp-content\/uploads\/2017\/03\/260997_sei_punto_zero_krompure_ammonia_ppd_free_hair_colour_cream_100ml-2.png\",\"width\":600,\"height\":600},{\"@type\":\"BreadcrumbList\",\"@id\":\"https:\/\/seipuntozero-haircare.it\/fr\/product\/krompure-creme-colorante-delicate-sans-ammoniaque-et-sans-ppd\/#breadcrumb\",\"itemListElement\":[{\"@type\":\"ListItem\",\"position\":1,\"name\":\"Home\",\"item\":\"https:\/\/seipuntozero-haircare.it\/fr\/\"},{\"@type\":\"ListItem\",\"position\":2,\"name\":\"Products\",\"item\":\"https:\/\/seipuntozero-haircare.it\/fr\/shop\/\"},{\"@type\":\"ListItem\",\"position\":3,\"name\":\"KROMPURE Cr\u00e8me colorante d\u00e9licate sans ammoniaque et sans PPD\"}]},{\"@type\":\"WebSite\",\"@id\":\"https:\/\/seipuntozero-haircare.it\/fr\/#website\",\"url\":\"https:\/\/seipuntozero-haircare.it\/fr\/\",\"name\":\"6.Zero\",\"description\":\"Essential Touch\",\"potentialAction\":[{\"@type\":\"SearchAction\",\"target\":{\"@type\":\"EntryPoint\",\"urlTemplate\":\"https:\/\/seipuntozero-haircare.it\/fr\/?s={search_term_string}\"},\"query-input\":{\"@type\":\"PropertyValueSpecification\",\"valueRequired\":true,\"valueName\":\"search_term_string\"}}],\"inLanguage\":\"fr-FR\"}]}<\/script>\n<!-- \/ Yoast SEO plugin. -->","yoast_head_json":{"title":"KROMPURE  Cr\u00e8me colorante d\u00e9licate sans ammoniaque et sans PPD - 6.Zero","description":"Krompure, cr\u00e8me colorante d\u00e9licate pour cheveux, sans ammoniaque et sans PPD. Enrichie \u00e0 la K\u00e9ratine, \u00e0 l\u2019Huile de Tamanu et \u00e0 la Pr\u00eale, aux propri\u00e9t\u00e9s antioxydantes, hydratantes et r\u00e9g\u00e9n\u00e9ratrices reconnues, qui offrent une couleur ultra-brillante et durable.","robots":{"index":"index","follow":"follow","max-snippet":"max-snippet:-1","max-image-preview":"max-image-preview:large","max-video-preview":"max-video-preview:-1"},"canonical":"https:\/\/seipuntozero-haircare.it\/fr\/product\/krompure-creme-colorante-delicate-sans-ammoniaque-et-sans-ppd\/","og_locale":"fr_FR","og_type":"article","og_title":"KROMPURE  Cr\u00e8me colorante d\u00e9licate sans ammoniaque et sans PPD - 6.Zero","og_description":"Krompure, cr\u00e8me colorante d\u00e9licate pour cheveux, sans ammoniaque et sans PPD. Enrichie \u00e0 la K\u00e9ratine, \u00e0 l\u2019Huile de Tamanu et \u00e0 la Pr\u00eale, aux propri\u00e9t\u00e9s antioxydantes, hydratantes et r\u00e9g\u00e9n\u00e9ratrices reconnues, qui offrent une couleur ultra-brillante et durable.","og_url":"https:\/\/seipuntozero-haircare.it\/fr\/product\/krompure-creme-colorante-delicate-sans-ammoniaque-et-sans-ppd\/","og_site_name":"6.Zero","article_modified_time":"2021-06-09T10:12:13+00:00","og_image":[{"width":600,"height":600,"url":"https:\/\/seipuntozero-haircare.it\/wp-content\/uploads\/2017\/03\/260997_sei_punto_zero_krompure_ammonia_ppd_free_hair_colour_cream_100ml.png","type":"image\/png"}],"twitter_card":"summary_large_image","twitter_misc":{"Dur\u00e9e de lecture estim\u00e9e":"1 minute"},"schema":{"@context":"https:\/\/schema.org","@graph":[{"@type":"WebPage","@id":"https:\/\/seipuntozero-haircare.it\/fr\/product\/krompure-creme-colorante-delicate-sans-ammoniaque-et-sans-ppd\/","url":"https:\/\/seipuntozero-haircare.it\/fr\/product\/krompure-creme-colorante-delicate-sans-ammoniaque-et-sans-ppd\/","name":"KROMPURE Cr\u00e8me colorante d\u00e9licate sans ammoniaque et sans PPD - 6.Zero","isPartOf":{"@id":"https:\/\/seipuntozero-haircare.it\/fr\/#website"},"primaryImageOfPage":{"@id":"https:\/\/seipuntozero-haircare.it\/fr\/product\/krompure-creme-colorante-delicate-sans-ammoniaque-et-sans-ppd\/#primaryimage"},"image":{"@id":"https:\/\/seipuntozero-haircare.it\/fr\/product\/krompure-creme-colorante-delicate-sans-ammoniaque-et-sans-ppd\/#primaryimage"},"thumbnailUrl":"https:\/\/seipuntozero-haircare.it\/wp-content\/uploads\/2017\/03\/260997_sei_punto_zero_krompure_ammonia_ppd_free_hair_colour_cream_100ml-2.png","datePublished":"2017-03-15T13:08:30+00:00","dateModified":"2021-06-09T10:12:13+00:00","description":"Krompure, cr\u00e8me colorante d\u00e9licate pour cheveux, sans ammoniaque et sans PPD. Enrichie \u00e0 la K\u00e9ratine, \u00e0 l\u2019Huile de Tamanu et \u00e0 la Pr\u00eale, aux propri\u00e9t\u00e9s antioxydantes, hydratantes et r\u00e9g\u00e9n\u00e9ratrices reconnues, qui offrent une couleur ultra-brillante et durable.","breadcrumb":{"@id":"https:\/\/seipuntozero-haircare.it\/fr\/product\/krompure-creme-colorante-delicate-sans-ammoniaque-et-sans-ppd\/#breadcrumb"},"inLanguage":"fr-FR","potentialAction":[{"@type":"ReadAction","target":["https:\/\/seipuntozero-haircare.it\/fr\/product\/krompure-creme-colorante-delicate-sans-ammoniaque-et-sans-ppd\/"]}]},{"@type":"ImageObject","inLanguage":"fr-FR","@id":"https:\/\/seipuntozero-haircare.it\/fr\/product\/krompure-creme-colorante-delicate-sans-ammoniaque-et-sans-ppd\/#primaryimage","url":"https:\/\/seipuntozero-haircare.it\/wp-content\/uploads\/2017\/03\/260997_sei_punto_zero_krompure_ammonia_ppd_free_hair_colour_cream_100ml-2.png","contentUrl":"https:\/\/seipuntozero-haircare.it\/wp-content\/uploads\/2017\/03\/260997_sei_punto_zero_krompure_ammonia_ppd_free_hair_colour_cream_100ml-2.png","width":600,"height":600},{"@type":"BreadcrumbList","@id":"https:\/\/seipuntozero-haircare.it\/fr\/product\/krompure-creme-colorante-delicate-sans-ammoniaque-et-sans-ppd\/#breadcrumb","itemListElement":[{"@type":"ListItem","position":1,"name":"Home","item":"https:\/\/seipuntozero-haircare.it\/fr\/"},{"@type":"ListItem","position":2,"name":"Products","item":"https:\/\/seipuntozero-haircare.it\/fr\/shop\/"},{"@type":"ListItem","position":3,"name":"KROMPURE Cr\u00e8me colorante d\u00e9licate sans ammoniaque et sans PPD"}]},{"@type":"WebSite","@id":"https:\/\/seipuntozero-haircare.it\/fr\/#website","url":"https:\/\/seipuntozero-haircare.it\/fr\/","name":"6.Zero","description":"Essential Touch","potentialAction":[{"@type":"SearchAction","target":{"@type":"EntryPoint","urlTemplate":"https:\/\/seipuntozero-haircare.it\/fr\/?s={search_term_string}"},"query-input":{"@type":"PropertyValueSpecification","valueRequired":true,"valueName":"search_term_string"}}],"inLanguage":"fr-FR"}]}},"_links":{"self":[{"href":"https:\/\/seipuntozero-haircare.it\/fr\/wp-json\/wp\/v2\/product\/14695","targetHints":{"allow":["GET"]}}],"collection":[{"href":"https:\/\/seipuntozero-haircare.it\/fr\/wp-json\/wp\/v2\/product"}],"about":[{"href":"https:\/\/seipuntozero-haircare.it\/fr\/wp-json\/wp\/v2\/types\/product"}],"wp:featuredmedia":[{"embeddable":true,"href":"https:\/\/seipuntozero-haircare.it\/fr\/wp-json\/wp\/v2\/media\/20087"}],"wp:attachment":[{"href":"https:\/\/seipuntozero-haircare.it\/fr\/wp-json\/wp\/v2\/media?parent=14695"}],"wp:term":[{"taxonomy":"product_brand","embeddable":true,"href":"https:\/\/seipuntozero-haircare.it\/fr\/wp-json\/wp\/v2\/product_brand?post=14695"},{"taxonomy":"product_cat","embeddable":true,"href":"https:\/\/seipuntozero-haircare.it\/fr\/wp-json\/wp\/v2\/product_cat?post=14695"},{"taxonomy":"product_tag","embeddable":true,"href":"https:\/\/seipuntozero-haircare.it\/fr\/wp-json\/wp\/v2\/product_tag?post=14695"}],"curies":[{"name":"wp","href":"https:\/\/api.w.org\/{rel}","templated":true}]}}