{"id":14693,"date":"2017-03-15T14:48:10","date_gmt":"2017-03-15T13:48:10","guid":{"rendered":"https:\/\/seipuntozero-haircare.it\/prodotto\/wipes-color-off-lingettes-emollientes-detachantes-pour-coloration\/"},"modified":"2021-06-08T17:24:15","modified_gmt":"2021-06-08T15:24:15","slug":"wipes-color-off-lingettes-emollientes-detachantes-pour-coloration","status":"publish","type":"product","link":"https:\/\/seipuntozero-haircare.it\/fr\/product\/wipes-color-off-lingettes-emollientes-detachantes-pour-coloration\/","title":{"rendered":"WIPES COLOR OFF <br> Lingettes \u00e9mollientes d\u00e9tachantes pour coloration"},"content":{"rendered":"<ul>\n<li>Enl\u00e8vent les <strong>traces de couleur<\/strong> pendant et apr\u00e8s les traitements<\/li>\n<li><strong>Nettoient<\/strong> d\u00e9licatement la peau<\/li>\n<li>Enrichies \u00e0 l\u2019<strong>Extrait de Camomille<\/strong><\/li>\n<\/ul>\n","protected":false},"excerpt":{"rendered":"<p>Wipes Color Off, <strong>lingettes \u00e9mollientes d\u00e9tachantes<\/strong> con\u00e7ues pour enlever les traces et les <strong>taches de couleur<\/strong> pendant et apr\u00e8s les traitements. L\u2019action nettoyante est soutenue par la pr\u00e9sence d\u2019<strong>Extrait de Camomille<\/strong>, connue pour ses propri\u00e9t\u00e9s \u00e9mollientes et ses vertus cosm\u00e9tiques, l\u00e9nitives et purifiantes, qui agit en <strong>douceur sur l\u2019\u00e9piderme<\/strong>, afin d\u2019\u00e9liminer tous les r\u00e9sidus apr\u00e8s le service technique et de laisser un agr\u00e9able parfum sur la zone trait\u00e9e.<\/p>\n<p>100 lingettes<\/p>\n","protected":false},"featured_media":18003,"template":"","meta":[],"product_brand":[],"product_cat":[593],"product_tag":[],"class_list":["post-14693","product","type-product","status-publish","has-post-thumbnail","hentry","product_cat-professional-colouring-fr"],"yoast_head":"<!-- This site is optimized with the Yoast SEO plugin v27.1.1 - https:\/\/yoast.com\/product\/yoast-seo-wordpress\/ -->\n<title>WIPES COLOR OFF  Lingettes \u00e9mollientes d\u00e9tachantes pour coloration - 6.Zero<\/title>\n<meta name=\"description\" content=\"Wipes Color Off, lingettes \u00e9mollientes d\u00e9tachantes con\u00e7ues pour enlever les traces et les taches de couleur pendant et apr\u00e8s les traitements.\" \/>\n<meta name=\"robots\" content=\"index, follow, max-snippet:-1, max-image-preview:large, max-video-preview:-1\" \/>\n<link rel=\"canonical\" href=\"https:\/\/seipuntozero-haircare.it\/fr\/product\/wipes-color-off-lingettes-emollientes-detachantes-pour-coloration\/\" \/>\n<meta property=\"og:locale\" content=\"fr_FR\" \/>\n<meta property=\"og:type\" content=\"article\" \/>\n<meta property=\"og:title\" content=\"WIPES COLOR OFF  Lingettes \u00e9mollientes d\u00e9tachantes pour coloration - 6.Zero\" \/>\n<meta property=\"og:description\" content=\"Wipes Color Off, lingettes \u00e9mollientes d\u00e9tachantes con\u00e7ues pour enlever les traces et les taches de couleur pendant et apr\u00e8s les traitements.\" \/>\n<meta property=\"og:url\" content=\"https:\/\/seipuntozero-haircare.it\/fr\/product\/wipes-color-off-lingettes-emollientes-detachantes-pour-coloration\/\" \/>\n<meta property=\"og:site_name\" content=\"6.Zero\" \/>\n<meta property=\"article:modified_time\" content=\"2021-06-08T15:24:15+00:00\" \/>\n<meta property=\"og:image\" content=\"https:\/\/seipuntozero-haircare.it\/wp-content\/uploads\/2017\/03\/262472_sei_punto_zero_wipes_color_off_soothing_colour_remover_wipes.png\" \/>\n\t<meta property=\"og:image:width\" content=\"600\" \/>\n\t<meta property=\"og:image:height\" content=\"600\" \/>\n\t<meta property=\"og:image:type\" content=\"image\/png\" \/>\n<meta name=\"twitter:card\" content=\"summary_large_image\" \/>\n<meta name=\"twitter:label1\" content=\"Dur\u00e9e de lecture estim\u00e9e\" \/>\n\t<meta name=\"twitter:data1\" content=\"1 minute\" \/>\n<script type=\"application\/ld+json\" class=\"yoast-schema-graph\">{\"@context\":\"https:\/\/schema.org\",\"@graph\":[{\"@type\":\"WebPage\",\"@id\":\"https:\/\/seipuntozero-haircare.it\/fr\/product\/wipes-color-off-lingettes-emollientes-detachantes-pour-coloration\/\",\"url\":\"https:\/\/seipuntozero-haircare.it\/fr\/product\/wipes-color-off-lingettes-emollientes-detachantes-pour-coloration\/\",\"name\":\"WIPES COLOR OFF Lingettes \u00e9mollientes d\u00e9tachantes pour coloration - 6.Zero\",\"isPartOf\":{\"@id\":\"https:\/\/seipuntozero-haircare.it\/fr\/#website\"},\"primaryImageOfPage\":{\"@id\":\"https:\/\/seipuntozero-haircare.it\/fr\/product\/wipes-color-off-lingettes-emollientes-detachantes-pour-coloration\/#primaryimage\"},\"image\":{\"@id\":\"https:\/\/seipuntozero-haircare.it\/fr\/product\/wipes-color-off-lingettes-emollientes-detachantes-pour-coloration\/#primaryimage\"},\"thumbnailUrl\":\"https:\/\/seipuntozero-haircare.it\/wp-content\/uploads\/2017\/03\/262472_sei_punto_zero_wipes_color_off_soothing_colour_remover_wipes.png\",\"datePublished\":\"2017-03-15T13:48:10+00:00\",\"dateModified\":\"2021-06-08T15:24:15+00:00\",\"description\":\"Wipes Color Off, lingettes \u00e9mollientes d\u00e9tachantes con\u00e7ues pour enlever les traces et les taches de couleur pendant et apr\u00e8s les traitements.\",\"breadcrumb\":{\"@id\":\"https:\/\/seipuntozero-haircare.it\/fr\/product\/wipes-color-off-lingettes-emollientes-detachantes-pour-coloration\/#breadcrumb\"},\"inLanguage\":\"fr-FR\",\"potentialAction\":[{\"@type\":\"ReadAction\",\"target\":[\"https:\/\/seipuntozero-haircare.it\/fr\/product\/wipes-color-off-lingettes-emollientes-detachantes-pour-coloration\/\"]}]},{\"@type\":\"ImageObject\",\"inLanguage\":\"fr-FR\",\"@id\":\"https:\/\/seipuntozero-haircare.it\/fr\/product\/wipes-color-off-lingettes-emollientes-detachantes-pour-coloration\/#primaryimage\",\"url\":\"https:\/\/seipuntozero-haircare.it\/wp-content\/uploads\/2017\/03\/262472_sei_punto_zero_wipes_color_off_soothing_colour_remover_wipes.png\",\"contentUrl\":\"https:\/\/seipuntozero-haircare.it\/wp-content\/uploads\/2017\/03\/262472_sei_punto_zero_wipes_color_off_soothing_colour_remover_wipes.png\",\"width\":600,\"height\":600,\"caption\":\"Wipes Color Off \u2013 Salviette emollienti smacchianti per colorazione\"},{\"@type\":\"BreadcrumbList\",\"@id\":\"https:\/\/seipuntozero-haircare.it\/fr\/product\/wipes-color-off-lingettes-emollientes-detachantes-pour-coloration\/#breadcrumb\",\"itemListElement\":[{\"@type\":\"ListItem\",\"position\":1,\"name\":\"Home\",\"item\":\"https:\/\/seipuntozero-haircare.it\/fr\/\"},{\"@type\":\"ListItem\",\"position\":2,\"name\":\"Products\",\"item\":\"https:\/\/seipuntozero-haircare.it\/fr\/shop\/\"},{\"@type\":\"ListItem\",\"position\":3,\"name\":\"WIPES COLOR OFF Lingettes \u00e9mollientes d\u00e9tachantes pour coloration\"}]},{\"@type\":\"WebSite\",\"@id\":\"https:\/\/seipuntozero-haircare.it\/fr\/#website\",\"url\":\"https:\/\/seipuntozero-haircare.it\/fr\/\",\"name\":\"6.Zero\",\"description\":\"Essential Touch\",\"potentialAction\":[{\"@type\":\"SearchAction\",\"target\":{\"@type\":\"EntryPoint\",\"urlTemplate\":\"https:\/\/seipuntozero-haircare.it\/fr\/?s={search_term_string}\"},\"query-input\":{\"@type\":\"PropertyValueSpecification\",\"valueRequired\":true,\"valueName\":\"search_term_string\"}}],\"inLanguage\":\"fr-FR\"}]}<\/script>\n<!-- \/ Yoast SEO plugin. -->","yoast_head_json":{"title":"WIPES COLOR OFF  Lingettes \u00e9mollientes d\u00e9tachantes pour coloration - 6.Zero","description":"Wipes Color Off, lingettes \u00e9mollientes d\u00e9tachantes con\u00e7ues pour enlever les traces et les taches de couleur pendant et apr\u00e8s les traitements.","robots":{"index":"index","follow":"follow","max-snippet":"max-snippet:-1","max-image-preview":"max-image-preview:large","max-video-preview":"max-video-preview:-1"},"canonical":"https:\/\/seipuntozero-haircare.it\/fr\/product\/wipes-color-off-lingettes-emollientes-detachantes-pour-coloration\/","og_locale":"fr_FR","og_type":"article","og_title":"WIPES COLOR OFF  Lingettes \u00e9mollientes d\u00e9tachantes pour coloration - 6.Zero","og_description":"Wipes Color Off, lingettes \u00e9mollientes d\u00e9tachantes con\u00e7ues pour enlever les traces et les taches de couleur pendant et apr\u00e8s les traitements.","og_url":"https:\/\/seipuntozero-haircare.it\/fr\/product\/wipes-color-off-lingettes-emollientes-detachantes-pour-coloration\/","og_site_name":"6.Zero","article_modified_time":"2021-06-08T15:24:15+00:00","og_image":[{"width":600,"height":600,"url":"https:\/\/seipuntozero-haircare.it\/wp-content\/uploads\/2017\/03\/262472_sei_punto_zero_wipes_color_off_soothing_colour_remover_wipes.png","type":"image\/png"}],"twitter_card":"summary_large_image","twitter_misc":{"Dur\u00e9e de lecture estim\u00e9e":"1 minute"},"schema":{"@context":"https:\/\/schema.org","@graph":[{"@type":"WebPage","@id":"https:\/\/seipuntozero-haircare.it\/fr\/product\/wipes-color-off-lingettes-emollientes-detachantes-pour-coloration\/","url":"https:\/\/seipuntozero-haircare.it\/fr\/product\/wipes-color-off-lingettes-emollientes-detachantes-pour-coloration\/","name":"WIPES COLOR OFF Lingettes \u00e9mollientes d\u00e9tachantes pour coloration - 6.Zero","isPartOf":{"@id":"https:\/\/seipuntozero-haircare.it\/fr\/#website"},"primaryImageOfPage":{"@id":"https:\/\/seipuntozero-haircare.it\/fr\/product\/wipes-color-off-lingettes-emollientes-detachantes-pour-coloration\/#primaryimage"},"image":{"@id":"https:\/\/seipuntozero-haircare.it\/fr\/product\/wipes-color-off-lingettes-emollientes-detachantes-pour-coloration\/#primaryimage"},"thumbnailUrl":"https:\/\/seipuntozero-haircare.it\/wp-content\/uploads\/2017\/03\/262472_sei_punto_zero_wipes_color_off_soothing_colour_remover_wipes.png","datePublished":"2017-03-15T13:48:10+00:00","dateModified":"2021-06-08T15:24:15+00:00","description":"Wipes Color Off, lingettes \u00e9mollientes d\u00e9tachantes con\u00e7ues pour enlever les traces et les taches de couleur pendant et apr\u00e8s les traitements.","breadcrumb":{"@id":"https:\/\/seipuntozero-haircare.it\/fr\/product\/wipes-color-off-lingettes-emollientes-detachantes-pour-coloration\/#breadcrumb"},"inLanguage":"fr-FR","potentialAction":[{"@type":"ReadAction","target":["https:\/\/seipuntozero-haircare.it\/fr\/product\/wipes-color-off-lingettes-emollientes-detachantes-pour-coloration\/"]}]},{"@type":"ImageObject","inLanguage":"fr-FR","@id":"https:\/\/seipuntozero-haircare.it\/fr\/product\/wipes-color-off-lingettes-emollientes-detachantes-pour-coloration\/#primaryimage","url":"https:\/\/seipuntozero-haircare.it\/wp-content\/uploads\/2017\/03\/262472_sei_punto_zero_wipes_color_off_soothing_colour_remover_wipes.png","contentUrl":"https:\/\/seipuntozero-haircare.it\/wp-content\/uploads\/2017\/03\/262472_sei_punto_zero_wipes_color_off_soothing_colour_remover_wipes.png","width":600,"height":600,"caption":"Wipes Color Off \u2013 Salviette emollienti smacchianti per colorazione"},{"@type":"BreadcrumbList","@id":"https:\/\/seipuntozero-haircare.it\/fr\/product\/wipes-color-off-lingettes-emollientes-detachantes-pour-coloration\/#breadcrumb","itemListElement":[{"@type":"ListItem","position":1,"name":"Home","item":"https:\/\/seipuntozero-haircare.it\/fr\/"},{"@type":"ListItem","position":2,"name":"Products","item":"https:\/\/seipuntozero-haircare.it\/fr\/shop\/"},{"@type":"ListItem","position":3,"name":"WIPES COLOR OFF Lingettes \u00e9mollientes d\u00e9tachantes pour coloration"}]},{"@type":"WebSite","@id":"https:\/\/seipuntozero-haircare.it\/fr\/#website","url":"https:\/\/seipuntozero-haircare.it\/fr\/","name":"6.Zero","description":"Essential Touch","potentialAction":[{"@type":"SearchAction","target":{"@type":"EntryPoint","urlTemplate":"https:\/\/seipuntozero-haircare.it\/fr\/?s={search_term_string}"},"query-input":{"@type":"PropertyValueSpecification","valueRequired":true,"valueName":"search_term_string"}}],"inLanguage":"fr-FR"}]}},"_links":{"self":[{"href":"https:\/\/seipuntozero-haircare.it\/fr\/wp-json\/wp\/v2\/product\/14693","targetHints":{"allow":["GET"]}}],"collection":[{"href":"https:\/\/seipuntozero-haircare.it\/fr\/wp-json\/wp\/v2\/product"}],"about":[{"href":"https:\/\/seipuntozero-haircare.it\/fr\/wp-json\/wp\/v2\/types\/product"}],"wp:featuredmedia":[{"embeddable":true,"href":"https:\/\/seipuntozero-haircare.it\/fr\/wp-json\/wp\/v2\/media\/18003"}],"wp:attachment":[{"href":"https:\/\/seipuntozero-haircare.it\/fr\/wp-json\/wp\/v2\/media?parent=14693"}],"wp:term":[{"taxonomy":"product_brand","embeddable":true,"href":"https:\/\/seipuntozero-haircare.it\/fr\/wp-json\/wp\/v2\/product_brand?post=14693"},{"taxonomy":"product_cat","embeddable":true,"href":"https:\/\/seipuntozero-haircare.it\/fr\/wp-json\/wp\/v2\/product_cat?post=14693"},{"taxonomy":"product_tag","embeddable":true,"href":"https:\/\/seipuntozero-haircare.it\/fr\/wp-json\/wp\/v2\/product_tag?post=14693"}],"curies":[{"name":"wp","href":"https:\/\/api.w.org\/{rel}","templated":true}]}}