{"id":14676,"date":"2018-03-16T09:00:52","date_gmt":"2018-03-16T08:00:52","guid":{"rendered":"https:\/\/seipuntozero-haircare.it\/prodotto\/impact-krom-masque-ravivant-couleur\/"},"modified":"2021-06-09T11:55:49","modified_gmt":"2021-06-09T09:55:49","slug":"impact-krom-masque-ravivant-couleur","status":"publish","type":"product","link":"https:\/\/seipuntozero-haircare.it\/fr\/product\/impact-krom-masque-ravivant-couleur\/","title":{"rendered":"IMPACT KROM <br> Masque ravivant couleur"},"content":{"rendered":"<ul>\n<li><strong>Ravive la couleur<\/strong>, en l\u2019illuminant<\/li>\n<li>Intensifie les <strong>reflets <\/strong><\/li>\n<li><strong>Couvre<\/strong> les premiers cheveux blancs<\/li>\n<li>Permet un service <strong>ultra-rapide<\/strong>, gr\u00e2ce \u00e0 <strong>3\/5 minutes de pose<\/strong><\/li>\n<\/ul>\n","protected":false},"excerpt":{"rendered":"<p>Pr\u00eat \u00e0 l\u2019utilisation et facile \u00e0 appliquer, le nouveau <strong>Masque Impact Krom<\/strong> <strong>exalte les reflets<\/strong>, camoufle les premiers cheveux blancs, \u00e9tant con\u00e7u pour <strong>raviver la couleur<\/strong> entre un service et le suivant en l\u2019illuminant de <strong>nuances brillantes<\/strong>. Le masque 6.Zero intensifie les reflets et nourrit : la formule extr\u00eamement cosm\u00e9tique, <strong>sans ammoniaque, sans oxydants<\/strong> et enrichie aux qualit\u00e9s \u00e9mollientes de l\u2019<strong>Huile de N\u00e9nuphar Blanc<\/strong>, maintient le bon <strong>\u00e9quilibre hydrique<\/strong> du cheveu.<\/p>\n<p>Flacon 200 ml<\/p>\n","protected":false},"featured_media":17967,"template":"","meta":[],"product_brand":[],"product_cat":[593],"product_tag":[],"class_list":["post-14676","product","type-product","status-publish","has-post-thumbnail","hentry","product_cat-professional-colouring-fr"],"yoast_head":"<!-- This site is optimized with the Yoast SEO plugin v27.1.1 - https:\/\/yoast.com\/product\/yoast-seo-wordpress\/ -->\n<title>IMPACT KROM | Masque ravivant couleur<\/title>\n<meta name=\"description\" content=\"Pr\u00eat \u00e0 l\u2019utilisation et facile \u00e0 appliquer, le nouveau Masque Impact Krom exalte les reflets, camoufle les premiers cheveux blancs, \u00e9tant con\u00e7u pour raviver la couleur entre un service et le suivant en l\u2019illuminant de nuances brillantes.\" \/>\n<meta name=\"robots\" content=\"index, follow, max-snippet:-1, max-image-preview:large, max-video-preview:-1\" \/>\n<link rel=\"canonical\" href=\"https:\/\/seipuntozero-haircare.it\/fr\/product\/impact-krom-masque-ravivant-couleur\/\" \/>\n<meta property=\"og:locale\" content=\"fr_FR\" \/>\n<meta property=\"og:type\" content=\"article\" \/>\n<meta property=\"og:title\" content=\"IMPACT KROM | Masque ravivant couleur\" \/>\n<meta property=\"og:description\" content=\"Pr\u00eat \u00e0 l\u2019utilisation et facile \u00e0 appliquer, le nouveau Masque Impact Krom exalte les reflets, camoufle les premiers cheveux blancs, \u00e9tant con\u00e7u pour raviver la couleur entre un service et le suivant en l\u2019illuminant de nuances brillantes.\" \/>\n<meta property=\"og:url\" content=\"https:\/\/seipuntozero-haircare.it\/fr\/product\/impact-krom-masque-ravivant-couleur\/\" \/>\n<meta property=\"og:site_name\" content=\"6.Zero\" \/>\n<meta property=\"article:modified_time\" content=\"2021-06-09T09:55:49+00:00\" \/>\n<meta property=\"og:image\" content=\"https:\/\/seipuntozero-haircare.it\/wp-content\/uploads\/2021\/09\/262915_sei_punto_zero_impact_krome_reaviving_color_mask_blonde.png\" \/>\n\t<meta property=\"og:image:width\" content=\"600\" \/>\n\t<meta property=\"og:image:height\" content=\"600\" \/>\n\t<meta property=\"og:image:type\" content=\"image\/png\" \/>\n<meta name=\"twitter:card\" content=\"summary_large_image\" \/>\n<meta name=\"twitter:label1\" content=\"Dur\u00e9e de lecture estim\u00e9e\" \/>\n\t<meta name=\"twitter:data1\" content=\"1 minute\" \/>\n<script type=\"application\/ld+json\" class=\"yoast-schema-graph\">{\"@context\":\"https:\/\/schema.org\",\"@graph\":[{\"@type\":\"WebPage\",\"@id\":\"https:\/\/seipuntozero-haircare.it\/fr\/product\/impact-krom-masque-ravivant-couleur\/\",\"url\":\"https:\/\/seipuntozero-haircare.it\/fr\/product\/impact-krom-masque-ravivant-couleur\/\",\"name\":\"IMPACT KROM | Masque ravivant couleur\",\"isPartOf\":{\"@id\":\"https:\/\/seipuntozero-haircare.it\/fr\/#website\"},\"primaryImageOfPage\":{\"@id\":\"https:\/\/seipuntozero-haircare.it\/fr\/product\/impact-krom-masque-ravivant-couleur\/#primaryimage\"},\"image\":{\"@id\":\"https:\/\/seipuntozero-haircare.it\/fr\/product\/impact-krom-masque-ravivant-couleur\/#primaryimage\"},\"thumbnailUrl\":\"https:\/\/seipuntozero-haircare.it\/wp-content\/uploads\/2021\/09\/262915_sei_punto_zero_impact_krome_reaviving_color_mask_blonde.png\",\"datePublished\":\"2018-03-16T08:00:52+00:00\",\"dateModified\":\"2021-06-09T09:55:49+00:00\",\"description\":\"Pr\u00eat \u00e0 l\u2019utilisation et facile \u00e0 appliquer, le nouveau Masque Impact Krom exalte les reflets, camoufle les premiers cheveux blancs, \u00e9tant con\u00e7u pour raviver la couleur entre un service et le suivant en l\u2019illuminant de nuances brillantes.\",\"breadcrumb\":{\"@id\":\"https:\/\/seipuntozero-haircare.it\/fr\/product\/impact-krom-masque-ravivant-couleur\/#breadcrumb\"},\"inLanguage\":\"fr-FR\",\"potentialAction\":[{\"@type\":\"ReadAction\",\"target\":[\"https:\/\/seipuntozero-haircare.it\/fr\/product\/impact-krom-masque-ravivant-couleur\/\"]}]},{\"@type\":\"ImageObject\",\"inLanguage\":\"fr-FR\",\"@id\":\"https:\/\/seipuntozero-haircare.it\/fr\/product\/impact-krom-masque-ravivant-couleur\/#primaryimage\",\"url\":\"https:\/\/seipuntozero-haircare.it\/wp-content\/uploads\/2021\/09\/262915_sei_punto_zero_impact_krome_reaviving_color_mask_blonde.png\",\"contentUrl\":\"https:\/\/seipuntozero-haircare.it\/wp-content\/uploads\/2021\/09\/262915_sei_punto_zero_impact_krome_reaviving_color_mask_blonde.png\",\"width\":600,\"height\":600,\"caption\":\"Impact Krom - Maschera Ravvivante Colore\"},{\"@type\":\"BreadcrumbList\",\"@id\":\"https:\/\/seipuntozero-haircare.it\/fr\/product\/impact-krom-masque-ravivant-couleur\/#breadcrumb\",\"itemListElement\":[{\"@type\":\"ListItem\",\"position\":1,\"name\":\"Home\",\"item\":\"https:\/\/seipuntozero-haircare.it\/fr\/\"},{\"@type\":\"ListItem\",\"position\":2,\"name\":\"Products\",\"item\":\"https:\/\/seipuntozero-haircare.it\/fr\/shop\/\"},{\"@type\":\"ListItem\",\"position\":3,\"name\":\"IMPACT KROM Masque ravivant couleur\"}]},{\"@type\":\"WebSite\",\"@id\":\"https:\/\/seipuntozero-haircare.it\/fr\/#website\",\"url\":\"https:\/\/seipuntozero-haircare.it\/fr\/\",\"name\":\"6.Zero\",\"description\":\"Essential Touch\",\"potentialAction\":[{\"@type\":\"SearchAction\",\"target\":{\"@type\":\"EntryPoint\",\"urlTemplate\":\"https:\/\/seipuntozero-haircare.it\/fr\/?s={search_term_string}\"},\"query-input\":{\"@type\":\"PropertyValueSpecification\",\"valueRequired\":true,\"valueName\":\"search_term_string\"}}],\"inLanguage\":\"fr-FR\"}]}<\/script>\n<!-- \/ Yoast SEO plugin. -->","yoast_head_json":{"title":"IMPACT KROM | Masque ravivant couleur","description":"Pr\u00eat \u00e0 l\u2019utilisation et facile \u00e0 appliquer, le nouveau Masque Impact Krom exalte les reflets, camoufle les premiers cheveux blancs, \u00e9tant con\u00e7u pour raviver la couleur entre un service et le suivant en l\u2019illuminant de nuances brillantes.","robots":{"index":"index","follow":"follow","max-snippet":"max-snippet:-1","max-image-preview":"max-image-preview:large","max-video-preview":"max-video-preview:-1"},"canonical":"https:\/\/seipuntozero-haircare.it\/fr\/product\/impact-krom-masque-ravivant-couleur\/","og_locale":"fr_FR","og_type":"article","og_title":"IMPACT KROM | Masque ravivant couleur","og_description":"Pr\u00eat \u00e0 l\u2019utilisation et facile \u00e0 appliquer, le nouveau Masque Impact Krom exalte les reflets, camoufle les premiers cheveux blancs, \u00e9tant con\u00e7u pour raviver la couleur entre un service et le suivant en l\u2019illuminant de nuances brillantes.","og_url":"https:\/\/seipuntozero-haircare.it\/fr\/product\/impact-krom-masque-ravivant-couleur\/","og_site_name":"6.Zero","article_modified_time":"2021-06-09T09:55:49+00:00","og_image":[{"width":600,"height":600,"url":"https:\/\/seipuntozero-haircare.it\/wp-content\/uploads\/2021\/09\/262915_sei_punto_zero_impact_krome_reaviving_color_mask_blonde.png","type":"image\/png"}],"twitter_card":"summary_large_image","twitter_misc":{"Dur\u00e9e de lecture estim\u00e9e":"1 minute"},"schema":{"@context":"https:\/\/schema.org","@graph":[{"@type":"WebPage","@id":"https:\/\/seipuntozero-haircare.it\/fr\/product\/impact-krom-masque-ravivant-couleur\/","url":"https:\/\/seipuntozero-haircare.it\/fr\/product\/impact-krom-masque-ravivant-couleur\/","name":"IMPACT KROM | Masque ravivant couleur","isPartOf":{"@id":"https:\/\/seipuntozero-haircare.it\/fr\/#website"},"primaryImageOfPage":{"@id":"https:\/\/seipuntozero-haircare.it\/fr\/product\/impact-krom-masque-ravivant-couleur\/#primaryimage"},"image":{"@id":"https:\/\/seipuntozero-haircare.it\/fr\/product\/impact-krom-masque-ravivant-couleur\/#primaryimage"},"thumbnailUrl":"https:\/\/seipuntozero-haircare.it\/wp-content\/uploads\/2021\/09\/262915_sei_punto_zero_impact_krome_reaviving_color_mask_blonde.png","datePublished":"2018-03-16T08:00:52+00:00","dateModified":"2021-06-09T09:55:49+00:00","description":"Pr\u00eat \u00e0 l\u2019utilisation et facile \u00e0 appliquer, le nouveau Masque Impact Krom exalte les reflets, camoufle les premiers cheveux blancs, \u00e9tant con\u00e7u pour raviver la couleur entre un service et le suivant en l\u2019illuminant de nuances brillantes.","breadcrumb":{"@id":"https:\/\/seipuntozero-haircare.it\/fr\/product\/impact-krom-masque-ravivant-couleur\/#breadcrumb"},"inLanguage":"fr-FR","potentialAction":[{"@type":"ReadAction","target":["https:\/\/seipuntozero-haircare.it\/fr\/product\/impact-krom-masque-ravivant-couleur\/"]}]},{"@type":"ImageObject","inLanguage":"fr-FR","@id":"https:\/\/seipuntozero-haircare.it\/fr\/product\/impact-krom-masque-ravivant-couleur\/#primaryimage","url":"https:\/\/seipuntozero-haircare.it\/wp-content\/uploads\/2021\/09\/262915_sei_punto_zero_impact_krome_reaviving_color_mask_blonde.png","contentUrl":"https:\/\/seipuntozero-haircare.it\/wp-content\/uploads\/2021\/09\/262915_sei_punto_zero_impact_krome_reaviving_color_mask_blonde.png","width":600,"height":600,"caption":"Impact Krom - Maschera Ravvivante Colore"},{"@type":"BreadcrumbList","@id":"https:\/\/seipuntozero-haircare.it\/fr\/product\/impact-krom-masque-ravivant-couleur\/#breadcrumb","itemListElement":[{"@type":"ListItem","position":1,"name":"Home","item":"https:\/\/seipuntozero-haircare.it\/fr\/"},{"@type":"ListItem","position":2,"name":"Products","item":"https:\/\/seipuntozero-haircare.it\/fr\/shop\/"},{"@type":"ListItem","position":3,"name":"IMPACT KROM Masque ravivant couleur"}]},{"@type":"WebSite","@id":"https:\/\/seipuntozero-haircare.it\/fr\/#website","url":"https:\/\/seipuntozero-haircare.it\/fr\/","name":"6.Zero","description":"Essential Touch","potentialAction":[{"@type":"SearchAction","target":{"@type":"EntryPoint","urlTemplate":"https:\/\/seipuntozero-haircare.it\/fr\/?s={search_term_string}"},"query-input":{"@type":"PropertyValueSpecification","valueRequired":true,"valueName":"search_term_string"}}],"inLanguage":"fr-FR"}]}},"_links":{"self":[{"href":"https:\/\/seipuntozero-haircare.it\/fr\/wp-json\/wp\/v2\/product\/14676","targetHints":{"allow":["GET"]}}],"collection":[{"href":"https:\/\/seipuntozero-haircare.it\/fr\/wp-json\/wp\/v2\/product"}],"about":[{"href":"https:\/\/seipuntozero-haircare.it\/fr\/wp-json\/wp\/v2\/types\/product"}],"wp:featuredmedia":[{"embeddable":true,"href":"https:\/\/seipuntozero-haircare.it\/fr\/wp-json\/wp\/v2\/media\/17967"}],"wp:attachment":[{"href":"https:\/\/seipuntozero-haircare.it\/fr\/wp-json\/wp\/v2\/media?parent=14676"}],"wp:term":[{"taxonomy":"product_brand","embeddable":true,"href":"https:\/\/seipuntozero-haircare.it\/fr\/wp-json\/wp\/v2\/product_brand?post=14676"},{"taxonomy":"product_cat","embeddable":true,"href":"https:\/\/seipuntozero-haircare.it\/fr\/wp-json\/wp\/v2\/product_cat?post=14676"},{"taxonomy":"product_tag","embeddable":true,"href":"https:\/\/seipuntozero-haircare.it\/fr\/wp-json\/wp\/v2\/product_tag?post=14676"}],"curies":[{"name":"wp","href":"https:\/\/api.w.org\/{rel}","templated":true}]}}