{"id":14674,"date":"2019-11-19T12:00:52","date_gmt":"2019-11-19T11:00:52","guid":{"rendered":"https:\/\/seipuntozero-haircare.it\/prodotto\/cream-color-off-creme-protectrice-anti-taches\/"},"modified":"2021-06-08T17:20:52","modified_gmt":"2021-06-08T15:20:52","slug":"cream-color-off-creme-protectrice-anti-taches","status":"publish","type":"product","link":"https:\/\/seipuntozero-haircare.it\/fr\/product\/cream-color-off-creme-protectrice-anti-taches\/","title":{"rendered":"CREAM COLOR OFF <br> Cr\u00e8me protectrice anti-taches"},"content":{"rendered":"<ul>\n<li>Prot\u00e8ge la peau des taches de couleur<\/li>\n<li>Isole la peau et la prot\u00e8ge d&rsquo;\u00e9ventuelles rougeurs<\/li>\n<li>Id\u00e9al pour un usage professionnel en salon<\/li>\n<\/ul>\n","protected":false},"excerpt":{"rendered":"<p>La <strong>cr\u00e8me Color Off <\/strong>prot\u00e8ge la peau contre les <strong>taches <\/strong>de <strong>coloration des cheveux<\/strong>. L&rsquo;action filmog\u00e8ne et protectrice r\u00e9pare la peau lors des soins colorants et pr\u00e9vient des rougeurs ind\u00e9sirables : gr\u00e2ce aux <strong>substances isolantes <\/strong>qui cr\u00e9ent un excellent film protecteur, la cr\u00e8me <strong>agit comme une barri\u00e8re <\/strong>qui exclut tout contact entre la peau et les agents colorants de la coloration. Indispensable pour <strong>une utilisation en salon<\/strong>.<\/p>\n","protected":false},"featured_media":17997,"template":"","meta":[],"product_brand":[],"product_cat":[593],"product_tag":[],"class_list":["post-14674","product","type-product","status-publish","has-post-thumbnail","hentry","product_cat-professional-colouring-fr"],"yoast_head":"<!-- This site is optimized with the Yoast SEO plugin v27.1.1 - https:\/\/yoast.com\/product\/yoast-seo-wordpress\/ -->\n<title>Cr\u00e8me protectrice anti-taches<\/title>\n<meta name=\"description\" content=\"La cr\u00e8me Color Off prot\u00e8ge la peau contre les taches de coloration des cheveux.\" \/>\n<meta name=\"robots\" content=\"index, follow, max-snippet:-1, max-image-preview:large, max-video-preview:-1\" \/>\n<link rel=\"canonical\" href=\"https:\/\/seipuntozero-haircare.it\/fr\/product\/cream-color-off-creme-protectrice-anti-taches\/\" \/>\n<meta property=\"og:locale\" content=\"fr_FR\" \/>\n<meta property=\"og:type\" content=\"article\" \/>\n<meta property=\"og:title\" content=\"Cr\u00e8me protectrice anti-taches\" \/>\n<meta property=\"og:description\" content=\"La cr\u00e8me Color Off prot\u00e8ge la peau contre les taches de coloration des cheveux.\" \/>\n<meta property=\"og:url\" content=\"https:\/\/seipuntozero-haircare.it\/fr\/product\/cream-color-off-creme-protectrice-anti-taches\/\" \/>\n<meta property=\"og:site_name\" content=\"6.Zero\" \/>\n<meta property=\"article:modified_time\" content=\"2021-06-08T15:20:52+00:00\" \/>\n<meta property=\"og:image\" content=\"https:\/\/seipuntozero-haircare.it\/wp-content\/uploads\/2019\/11\/262649_sei_punto_zero_cream_color_off_anti_stain_protective_cream_250ml.png\" \/>\n\t<meta property=\"og:image:width\" content=\"600\" \/>\n\t<meta property=\"og:image:height\" content=\"600\" \/>\n\t<meta property=\"og:image:type\" content=\"image\/png\" \/>\n<meta name=\"twitter:card\" content=\"summary_large_image\" \/>\n<meta name=\"twitter:label1\" content=\"Dur\u00e9e de lecture estim\u00e9e\" \/>\n\t<meta name=\"twitter:data1\" content=\"1 minute\" \/>\n<script type=\"application\/ld+json\" class=\"yoast-schema-graph\">{\"@context\":\"https:\/\/schema.org\",\"@graph\":[{\"@type\":\"WebPage\",\"@id\":\"https:\/\/seipuntozero-haircare.it\/fr\/product\/cream-color-off-creme-protectrice-anti-taches\/\",\"url\":\"https:\/\/seipuntozero-haircare.it\/fr\/product\/cream-color-off-creme-protectrice-anti-taches\/\",\"name\":\"Cr\u00e8me protectrice anti-taches\",\"isPartOf\":{\"@id\":\"https:\/\/seipuntozero-haircare.it\/fr\/#website\"},\"primaryImageOfPage\":{\"@id\":\"https:\/\/seipuntozero-haircare.it\/fr\/product\/cream-color-off-creme-protectrice-anti-taches\/#primaryimage\"},\"image\":{\"@id\":\"https:\/\/seipuntozero-haircare.it\/fr\/product\/cream-color-off-creme-protectrice-anti-taches\/#primaryimage\"},\"thumbnailUrl\":\"https:\/\/seipuntozero-haircare.it\/wp-content\/uploads\/2019\/11\/262649_sei_punto_zero_cream_color_off_anti_stain_protective_cream_250ml.png\",\"datePublished\":\"2019-11-19T11:00:52+00:00\",\"dateModified\":\"2021-06-08T15:20:52+00:00\",\"description\":\"La cr\u00e8me Color Off prot\u00e8ge la peau contre les taches de coloration des cheveux.\",\"breadcrumb\":{\"@id\":\"https:\/\/seipuntozero-haircare.it\/fr\/product\/cream-color-off-creme-protectrice-anti-taches\/#breadcrumb\"},\"inLanguage\":\"fr-FR\",\"potentialAction\":[{\"@type\":\"ReadAction\",\"target\":[\"https:\/\/seipuntozero-haircare.it\/fr\/product\/cream-color-off-creme-protectrice-anti-taches\/\"]}]},{\"@type\":\"ImageObject\",\"inLanguage\":\"fr-FR\",\"@id\":\"https:\/\/seipuntozero-haircare.it\/fr\/product\/cream-color-off-creme-protectrice-anti-taches\/#primaryimage\",\"url\":\"https:\/\/seipuntozero-haircare.it\/wp-content\/uploads\/2019\/11\/262649_sei_punto_zero_cream_color_off_anti_stain_protective_cream_250ml.png\",\"contentUrl\":\"https:\/\/seipuntozero-haircare.it\/wp-content\/uploads\/2019\/11\/262649_sei_punto_zero_cream_color_off_anti_stain_protective_cream_250ml.png\",\"width\":600,\"height\":600,\"caption\":\"Crema antimacchia protettiva\"},{\"@type\":\"BreadcrumbList\",\"@id\":\"https:\/\/seipuntozero-haircare.it\/fr\/product\/cream-color-off-creme-protectrice-anti-taches\/#breadcrumb\",\"itemListElement\":[{\"@type\":\"ListItem\",\"position\":1,\"name\":\"Home\",\"item\":\"https:\/\/seipuntozero-haircare.it\/fr\/\"},{\"@type\":\"ListItem\",\"position\":2,\"name\":\"Products\",\"item\":\"https:\/\/seipuntozero-haircare.it\/fr\/shop\/\"},{\"@type\":\"ListItem\",\"position\":3,\"name\":\"CREAM COLOR OFF Cr\u00e8me protectrice anti-taches\"}]},{\"@type\":\"WebSite\",\"@id\":\"https:\/\/seipuntozero-haircare.it\/fr\/#website\",\"url\":\"https:\/\/seipuntozero-haircare.it\/fr\/\",\"name\":\"6.Zero\",\"description\":\"Essential Touch\",\"potentialAction\":[{\"@type\":\"SearchAction\",\"target\":{\"@type\":\"EntryPoint\",\"urlTemplate\":\"https:\/\/seipuntozero-haircare.it\/fr\/?s={search_term_string}\"},\"query-input\":{\"@type\":\"PropertyValueSpecification\",\"valueRequired\":true,\"valueName\":\"search_term_string\"}}],\"inLanguage\":\"fr-FR\"}]}<\/script>\n<!-- \/ Yoast SEO plugin. -->","yoast_head_json":{"title":"Cr\u00e8me protectrice anti-taches","description":"La cr\u00e8me Color Off prot\u00e8ge la peau contre les taches de coloration des cheveux.","robots":{"index":"index","follow":"follow","max-snippet":"max-snippet:-1","max-image-preview":"max-image-preview:large","max-video-preview":"max-video-preview:-1"},"canonical":"https:\/\/seipuntozero-haircare.it\/fr\/product\/cream-color-off-creme-protectrice-anti-taches\/","og_locale":"fr_FR","og_type":"article","og_title":"Cr\u00e8me protectrice anti-taches","og_description":"La cr\u00e8me Color Off prot\u00e8ge la peau contre les taches de coloration des cheveux.","og_url":"https:\/\/seipuntozero-haircare.it\/fr\/product\/cream-color-off-creme-protectrice-anti-taches\/","og_site_name":"6.Zero","article_modified_time":"2021-06-08T15:20:52+00:00","og_image":[{"width":600,"height":600,"url":"https:\/\/seipuntozero-haircare.it\/wp-content\/uploads\/2019\/11\/262649_sei_punto_zero_cream_color_off_anti_stain_protective_cream_250ml.png","type":"image\/png"}],"twitter_card":"summary_large_image","twitter_misc":{"Dur\u00e9e de lecture estim\u00e9e":"1 minute"},"schema":{"@context":"https:\/\/schema.org","@graph":[{"@type":"WebPage","@id":"https:\/\/seipuntozero-haircare.it\/fr\/product\/cream-color-off-creme-protectrice-anti-taches\/","url":"https:\/\/seipuntozero-haircare.it\/fr\/product\/cream-color-off-creme-protectrice-anti-taches\/","name":"Cr\u00e8me protectrice anti-taches","isPartOf":{"@id":"https:\/\/seipuntozero-haircare.it\/fr\/#website"},"primaryImageOfPage":{"@id":"https:\/\/seipuntozero-haircare.it\/fr\/product\/cream-color-off-creme-protectrice-anti-taches\/#primaryimage"},"image":{"@id":"https:\/\/seipuntozero-haircare.it\/fr\/product\/cream-color-off-creme-protectrice-anti-taches\/#primaryimage"},"thumbnailUrl":"https:\/\/seipuntozero-haircare.it\/wp-content\/uploads\/2019\/11\/262649_sei_punto_zero_cream_color_off_anti_stain_protective_cream_250ml.png","datePublished":"2019-11-19T11:00:52+00:00","dateModified":"2021-06-08T15:20:52+00:00","description":"La cr\u00e8me Color Off prot\u00e8ge la peau contre les taches de coloration des cheveux.","breadcrumb":{"@id":"https:\/\/seipuntozero-haircare.it\/fr\/product\/cream-color-off-creme-protectrice-anti-taches\/#breadcrumb"},"inLanguage":"fr-FR","potentialAction":[{"@type":"ReadAction","target":["https:\/\/seipuntozero-haircare.it\/fr\/product\/cream-color-off-creme-protectrice-anti-taches\/"]}]},{"@type":"ImageObject","inLanguage":"fr-FR","@id":"https:\/\/seipuntozero-haircare.it\/fr\/product\/cream-color-off-creme-protectrice-anti-taches\/#primaryimage","url":"https:\/\/seipuntozero-haircare.it\/wp-content\/uploads\/2019\/11\/262649_sei_punto_zero_cream_color_off_anti_stain_protective_cream_250ml.png","contentUrl":"https:\/\/seipuntozero-haircare.it\/wp-content\/uploads\/2019\/11\/262649_sei_punto_zero_cream_color_off_anti_stain_protective_cream_250ml.png","width":600,"height":600,"caption":"Crema antimacchia protettiva"},{"@type":"BreadcrumbList","@id":"https:\/\/seipuntozero-haircare.it\/fr\/product\/cream-color-off-creme-protectrice-anti-taches\/#breadcrumb","itemListElement":[{"@type":"ListItem","position":1,"name":"Home","item":"https:\/\/seipuntozero-haircare.it\/fr\/"},{"@type":"ListItem","position":2,"name":"Products","item":"https:\/\/seipuntozero-haircare.it\/fr\/shop\/"},{"@type":"ListItem","position":3,"name":"CREAM COLOR OFF Cr\u00e8me protectrice anti-taches"}]},{"@type":"WebSite","@id":"https:\/\/seipuntozero-haircare.it\/fr\/#website","url":"https:\/\/seipuntozero-haircare.it\/fr\/","name":"6.Zero","description":"Essential Touch","potentialAction":[{"@type":"SearchAction","target":{"@type":"EntryPoint","urlTemplate":"https:\/\/seipuntozero-haircare.it\/fr\/?s={search_term_string}"},"query-input":{"@type":"PropertyValueSpecification","valueRequired":true,"valueName":"search_term_string"}}],"inLanguage":"fr-FR"}]}},"_links":{"self":[{"href":"https:\/\/seipuntozero-haircare.it\/fr\/wp-json\/wp\/v2\/product\/14674","targetHints":{"allow":["GET"]}}],"collection":[{"href":"https:\/\/seipuntozero-haircare.it\/fr\/wp-json\/wp\/v2\/product"}],"about":[{"href":"https:\/\/seipuntozero-haircare.it\/fr\/wp-json\/wp\/v2\/types\/product"}],"wp:featuredmedia":[{"embeddable":true,"href":"https:\/\/seipuntozero-haircare.it\/fr\/wp-json\/wp\/v2\/media\/17997"}],"wp:attachment":[{"href":"https:\/\/seipuntozero-haircare.it\/fr\/wp-json\/wp\/v2\/media?parent=14674"}],"wp:term":[{"taxonomy":"product_brand","embeddable":true,"href":"https:\/\/seipuntozero-haircare.it\/fr\/wp-json\/wp\/v2\/product_brand?post=14674"},{"taxonomy":"product_cat","embeddable":true,"href":"https:\/\/seipuntozero-haircare.it\/fr\/wp-json\/wp\/v2\/product_cat?post=14674"},{"taxonomy":"product_tag","embeddable":true,"href":"https:\/\/seipuntozero-haircare.it\/fr\/wp-json\/wp\/v2\/product_tag?post=14674"}],"curies":[{"name":"wp","href":"https:\/\/api.w.org\/{rel}","templated":true}]}}