{"id":14670,"date":"2017-03-15T15:42:47","date_gmt":"2017-03-15T14:42:47","guid":{"rendered":"https:\/\/seipuntozero-haircare.it\/prodotto\/perfection-y10-huile-pour-cheveux-abimes-lumiere-douceur\/"},"modified":"2021-06-08T17:17:27","modified_gmt":"2021-06-08T15:17:27","slug":"perfection-y10-huile-pour-cheveux-abimes-lumiere-douceur","status":"publish","type":"product","link":"https:\/\/seipuntozero-haircare.it\/fr\/product\/perfection-y10-huile-pour-cheveux-abimes-lumiere-douceur\/","title":{"rendered":"PERFECTION Y10 <br> Huile pour cheveux ab\u00eem\u00e9s lumi\u00e8re &#038; douceur"},"content":{"rendered":"<ul>\n<li><strong>Illumine et d\u00e9m\u00eale<\/strong> la chevelure<\/li>\n<li>Offre <strong>douceur et soyeux<\/strong><\/li>\n<li>Restructure les <strong>cheveux ab\u00eem\u00e9s<\/strong><\/li>\n<\/ul>\n","protected":false},"excerpt":{"rendered":"<p>Perfection Y10, <strong>huile pour cheveux ab\u00eem\u00e9s<\/strong> \u00e0 effet restructurant et d\u00e9m\u00ealant. La formule \u00e0 l\u2019Huile d\u2019Argan et \u00e0 la K\u00e9ratine apporte une <strong>douceur intense et un \u00e9clat extraordinaire<\/strong> \u00e0 la chevelure, sans alourdir ni graisser. Elle fournit une <strong>hydratation<\/strong> et une nouvelle force \u00e0 la <strong>chevelure affaiblie<\/strong>.<\/p>\n<p>Flacon 100 ml<\/p>\n","protected":false},"featured_media":24356,"template":"","meta":[],"product_brand":[],"product_cat":[592],"product_tag":[],"class_list":["post-14670","product","type-product","status-publish","has-post-thumbnail","hentry","product_cat-luxury-touch-fr"],"yoast_head":"<!-- This site is optimized with the Yoast SEO plugin v27.1.1 - https:\/\/yoast.com\/product\/yoast-seo-wordpress\/ -->\n<title>PERFECTION Y10  Huile pour cheveux ab\u00eem\u00e9s lumi\u00e8re &amp; douceur - 6.Zero<\/title>\n<meta name=\"description\" content=\"Perfection Y10, huile pour cheveux ab\u00eem\u00e9s \u00e0 effet restructurant et d\u00e9m\u00ealant. La formule \u00e0 l\u2019Huile d\u2019Argan et \u00e0 la K\u00e9ratine apporte une douceur intense et un \u00e9clat extraordinaire \u00e0 la chevelure, sans alourdir ni graisser.\" \/>\n<meta name=\"robots\" content=\"index, follow, max-snippet:-1, max-image-preview:large, max-video-preview:-1\" \/>\n<link rel=\"canonical\" href=\"https:\/\/seipuntozero-haircare.it\/fr\/product\/perfection-y10-huile-pour-cheveux-abimes-lumiere-douceur\/\" \/>\n<meta property=\"og:locale\" content=\"fr_FR\" \/>\n<meta property=\"og:type\" content=\"article\" \/>\n<meta property=\"og:title\" content=\"PERFECTION Y10  Huile pour cheveux ab\u00eem\u00e9s lumi\u00e8re &amp; douceur - 6.Zero\" \/>\n<meta property=\"og:description\" content=\"Perfection Y10, huile pour cheveux ab\u00eem\u00e9s \u00e0 effet restructurant et d\u00e9m\u00ealant. La formule \u00e0 l\u2019Huile d\u2019Argan et \u00e0 la K\u00e9ratine apporte une douceur intense et un \u00e9clat extraordinaire \u00e0 la chevelure, sans alourdir ni graisser.\" \/>\n<meta property=\"og:url\" content=\"https:\/\/seipuntozero-haircare.it\/fr\/product\/perfection-y10-huile-pour-cheveux-abimes-lumiere-douceur\/\" \/>\n<meta property=\"og:site_name\" content=\"6.Zero\" \/>\n<meta property=\"article:modified_time\" content=\"2021-06-08T15:17:27+00:00\" \/>\n<meta property=\"og:image\" content=\"https:\/\/seipuntozero-haircare.it\/wp-content\/uploads\/2017\/03\/262205_sei_punto_zero_perfection_y10_intense_oil_100ml-1.png\" \/>\n\t<meta property=\"og:image:width\" content=\"800\" \/>\n\t<meta property=\"og:image:height\" content=\"800\" \/>\n\t<meta property=\"og:image:type\" content=\"image\/png\" \/>\n<meta name=\"twitter:card\" content=\"summary_large_image\" \/>\n<meta name=\"twitter:label1\" content=\"Dur\u00e9e de lecture estim\u00e9e\" \/>\n\t<meta name=\"twitter:data1\" content=\"1 minute\" \/>\n<script type=\"application\/ld+json\" class=\"yoast-schema-graph\">{\"@context\":\"https:\/\/schema.org\",\"@graph\":[{\"@type\":\"WebPage\",\"@id\":\"https:\/\/seipuntozero-haircare.it\/fr\/product\/perfection-y10-huile-pour-cheveux-abimes-lumiere-douceur\/\",\"url\":\"https:\/\/seipuntozero-haircare.it\/fr\/product\/perfection-y10-huile-pour-cheveux-abimes-lumiere-douceur\/\",\"name\":\"PERFECTION Y10 Huile pour cheveux ab\u00eem\u00e9s lumi\u00e8re & douceur - 6.Zero\",\"isPartOf\":{\"@id\":\"https:\/\/seipuntozero-haircare.it\/fr\/#website\"},\"primaryImageOfPage\":{\"@id\":\"https:\/\/seipuntozero-haircare.it\/fr\/product\/perfection-y10-huile-pour-cheveux-abimes-lumiere-douceur\/#primaryimage\"},\"image\":{\"@id\":\"https:\/\/seipuntozero-haircare.it\/fr\/product\/perfection-y10-huile-pour-cheveux-abimes-lumiere-douceur\/#primaryimage\"},\"thumbnailUrl\":\"https:\/\/seipuntozero-haircare.it\/wp-content\/uploads\/2026\/03\/262205-sei-punto-zero-perfection-y10-intense-oil-100ml.png\",\"datePublished\":\"2017-03-15T14:42:47+00:00\",\"dateModified\":\"2021-06-08T15:17:27+00:00\",\"description\":\"Perfection Y10, huile pour cheveux ab\u00eem\u00e9s \u00e0 effet restructurant et d\u00e9m\u00ealant. La formule \u00e0 l\u2019Huile d\u2019Argan et \u00e0 la K\u00e9ratine apporte une douceur intense et un \u00e9clat extraordinaire \u00e0 la chevelure, sans alourdir ni graisser.\",\"breadcrumb\":{\"@id\":\"https:\/\/seipuntozero-haircare.it\/fr\/product\/perfection-y10-huile-pour-cheveux-abimes-lumiere-douceur\/#breadcrumb\"},\"inLanguage\":\"fr-FR\",\"potentialAction\":[{\"@type\":\"ReadAction\",\"target\":[\"https:\/\/seipuntozero-haircare.it\/fr\/product\/perfection-y10-huile-pour-cheveux-abimes-lumiere-douceur\/\"]}]},{\"@type\":\"ImageObject\",\"inLanguage\":\"fr-FR\",\"@id\":\"https:\/\/seipuntozero-haircare.it\/fr\/product\/perfection-y10-huile-pour-cheveux-abimes-lumiere-douceur\/#primaryimage\",\"url\":\"https:\/\/seipuntozero-haircare.it\/wp-content\/uploads\/2026\/03\/262205-sei-punto-zero-perfection-y10-intense-oil-100ml.png\",\"contentUrl\":\"https:\/\/seipuntozero-haircare.it\/wp-content\/uploads\/2026\/03\/262205-sei-punto-zero-perfection-y10-intense-oil-100ml.png\",\"width\":800,\"height\":800},{\"@type\":\"BreadcrumbList\",\"@id\":\"https:\/\/seipuntozero-haircare.it\/fr\/product\/perfection-y10-huile-pour-cheveux-abimes-lumiere-douceur\/#breadcrumb\",\"itemListElement\":[{\"@type\":\"ListItem\",\"position\":1,\"name\":\"Home\",\"item\":\"https:\/\/seipuntozero-haircare.it\/fr\/\"},{\"@type\":\"ListItem\",\"position\":2,\"name\":\"Products\",\"item\":\"https:\/\/seipuntozero-haircare.it\/fr\/shop\/\"},{\"@type\":\"ListItem\",\"position\":3,\"name\":\"PERFECTION Y10 Huile pour cheveux ab\u00eem\u00e9s lumi\u00e8re &#038; douceur\"}]},{\"@type\":\"WebSite\",\"@id\":\"https:\/\/seipuntozero-haircare.it\/fr\/#website\",\"url\":\"https:\/\/seipuntozero-haircare.it\/fr\/\",\"name\":\"6.Zero\",\"description\":\"Essential Touch\",\"potentialAction\":[{\"@type\":\"SearchAction\",\"target\":{\"@type\":\"EntryPoint\",\"urlTemplate\":\"https:\/\/seipuntozero-haircare.it\/fr\/?s={search_term_string}\"},\"query-input\":{\"@type\":\"PropertyValueSpecification\",\"valueRequired\":true,\"valueName\":\"search_term_string\"}}],\"inLanguage\":\"fr-FR\"}]}<\/script>\n<!-- \/ Yoast SEO plugin. -->","yoast_head_json":{"title":"PERFECTION Y10  Huile pour cheveux ab\u00eem\u00e9s lumi\u00e8re & douceur - 6.Zero","description":"Perfection Y10, huile pour cheveux ab\u00eem\u00e9s \u00e0 effet restructurant et d\u00e9m\u00ealant. La formule \u00e0 l\u2019Huile d\u2019Argan et \u00e0 la K\u00e9ratine apporte une douceur intense et un \u00e9clat extraordinaire \u00e0 la chevelure, sans alourdir ni graisser.","robots":{"index":"index","follow":"follow","max-snippet":"max-snippet:-1","max-image-preview":"max-image-preview:large","max-video-preview":"max-video-preview:-1"},"canonical":"https:\/\/seipuntozero-haircare.it\/fr\/product\/perfection-y10-huile-pour-cheveux-abimes-lumiere-douceur\/","og_locale":"fr_FR","og_type":"article","og_title":"PERFECTION Y10  Huile pour cheveux ab\u00eem\u00e9s lumi\u00e8re & douceur - 6.Zero","og_description":"Perfection Y10, huile pour cheveux ab\u00eem\u00e9s \u00e0 effet restructurant et d\u00e9m\u00ealant. La formule \u00e0 l\u2019Huile d\u2019Argan et \u00e0 la K\u00e9ratine apporte une douceur intense et un \u00e9clat extraordinaire \u00e0 la chevelure, sans alourdir ni graisser.","og_url":"https:\/\/seipuntozero-haircare.it\/fr\/product\/perfection-y10-huile-pour-cheveux-abimes-lumiere-douceur\/","og_site_name":"6.Zero","article_modified_time":"2021-06-08T15:17:27+00:00","og_image":[{"width":800,"height":800,"url":"https:\/\/seipuntozero-haircare.it\/wp-content\/uploads\/2017\/03\/262205_sei_punto_zero_perfection_y10_intense_oil_100ml-1.png","type":"image\/png"}],"twitter_card":"summary_large_image","twitter_misc":{"Dur\u00e9e de lecture estim\u00e9e":"1 minute"},"schema":{"@context":"https:\/\/schema.org","@graph":[{"@type":"WebPage","@id":"https:\/\/seipuntozero-haircare.it\/fr\/product\/perfection-y10-huile-pour-cheveux-abimes-lumiere-douceur\/","url":"https:\/\/seipuntozero-haircare.it\/fr\/product\/perfection-y10-huile-pour-cheveux-abimes-lumiere-douceur\/","name":"PERFECTION Y10 Huile pour cheveux ab\u00eem\u00e9s lumi\u00e8re & douceur - 6.Zero","isPartOf":{"@id":"https:\/\/seipuntozero-haircare.it\/fr\/#website"},"primaryImageOfPage":{"@id":"https:\/\/seipuntozero-haircare.it\/fr\/product\/perfection-y10-huile-pour-cheveux-abimes-lumiere-douceur\/#primaryimage"},"image":{"@id":"https:\/\/seipuntozero-haircare.it\/fr\/product\/perfection-y10-huile-pour-cheveux-abimes-lumiere-douceur\/#primaryimage"},"thumbnailUrl":"https:\/\/seipuntozero-haircare.it\/wp-content\/uploads\/2026\/03\/262205-sei-punto-zero-perfection-y10-intense-oil-100ml.png","datePublished":"2017-03-15T14:42:47+00:00","dateModified":"2021-06-08T15:17:27+00:00","description":"Perfection Y10, huile pour cheveux ab\u00eem\u00e9s \u00e0 effet restructurant et d\u00e9m\u00ealant. La formule \u00e0 l\u2019Huile d\u2019Argan et \u00e0 la K\u00e9ratine apporte une douceur intense et un \u00e9clat extraordinaire \u00e0 la chevelure, sans alourdir ni graisser.","breadcrumb":{"@id":"https:\/\/seipuntozero-haircare.it\/fr\/product\/perfection-y10-huile-pour-cheveux-abimes-lumiere-douceur\/#breadcrumb"},"inLanguage":"fr-FR","potentialAction":[{"@type":"ReadAction","target":["https:\/\/seipuntozero-haircare.it\/fr\/product\/perfection-y10-huile-pour-cheveux-abimes-lumiere-douceur\/"]}]},{"@type":"ImageObject","inLanguage":"fr-FR","@id":"https:\/\/seipuntozero-haircare.it\/fr\/product\/perfection-y10-huile-pour-cheveux-abimes-lumiere-douceur\/#primaryimage","url":"https:\/\/seipuntozero-haircare.it\/wp-content\/uploads\/2026\/03\/262205-sei-punto-zero-perfection-y10-intense-oil-100ml.png","contentUrl":"https:\/\/seipuntozero-haircare.it\/wp-content\/uploads\/2026\/03\/262205-sei-punto-zero-perfection-y10-intense-oil-100ml.png","width":800,"height":800},{"@type":"BreadcrumbList","@id":"https:\/\/seipuntozero-haircare.it\/fr\/product\/perfection-y10-huile-pour-cheveux-abimes-lumiere-douceur\/#breadcrumb","itemListElement":[{"@type":"ListItem","position":1,"name":"Home","item":"https:\/\/seipuntozero-haircare.it\/fr\/"},{"@type":"ListItem","position":2,"name":"Products","item":"https:\/\/seipuntozero-haircare.it\/fr\/shop\/"},{"@type":"ListItem","position":3,"name":"PERFECTION Y10 Huile pour cheveux ab\u00eem\u00e9s lumi\u00e8re &#038; douceur"}]},{"@type":"WebSite","@id":"https:\/\/seipuntozero-haircare.it\/fr\/#website","url":"https:\/\/seipuntozero-haircare.it\/fr\/","name":"6.Zero","description":"Essential Touch","potentialAction":[{"@type":"SearchAction","target":{"@type":"EntryPoint","urlTemplate":"https:\/\/seipuntozero-haircare.it\/fr\/?s={search_term_string}"},"query-input":{"@type":"PropertyValueSpecification","valueRequired":true,"valueName":"search_term_string"}}],"inLanguage":"fr-FR"}]}},"_links":{"self":[{"href":"https:\/\/seipuntozero-haircare.it\/fr\/wp-json\/wp\/v2\/product\/14670","targetHints":{"allow":["GET"]}}],"collection":[{"href":"https:\/\/seipuntozero-haircare.it\/fr\/wp-json\/wp\/v2\/product"}],"about":[{"href":"https:\/\/seipuntozero-haircare.it\/fr\/wp-json\/wp\/v2\/types\/product"}],"wp:featuredmedia":[{"embeddable":true,"href":"https:\/\/seipuntozero-haircare.it\/fr\/wp-json\/wp\/v2\/media\/24356"}],"wp:attachment":[{"href":"https:\/\/seipuntozero-haircare.it\/fr\/wp-json\/wp\/v2\/media?parent=14670"}],"wp:term":[{"taxonomy":"product_brand","embeddable":true,"href":"https:\/\/seipuntozero-haircare.it\/fr\/wp-json\/wp\/v2\/product_brand?post=14670"},{"taxonomy":"product_cat","embeddable":true,"href":"https:\/\/seipuntozero-haircare.it\/fr\/wp-json\/wp\/v2\/product_cat?post=14670"},{"taxonomy":"product_tag","embeddable":true,"href":"https:\/\/seipuntozero-haircare.it\/fr\/wp-json\/wp\/v2\/product_tag?post=14670"}],"curies":[{"name":"wp","href":"https:\/\/api.w.org\/{rel}","templated":true}]}}