{"id":14668,"date":"2019-03-14T18:00:19","date_gmt":"2019-03-14T17:00:19","guid":{"rendered":"https:\/\/seipuntozero-haircare.it\/prodotto\/selection-xy-shampoing-cheveux-abimes\/"},"modified":"2021-09-29T11:57:14","modified_gmt":"2021-09-29T09:57:14","slug":"selection-xy-shampoing-cheveux-abimes","status":"publish","type":"product","link":"https:\/\/seipuntozero-haircare.it\/fr\/product\/selection-xy-shampoing-cheveux-abimes\/","title":{"rendered":"SELECTION XY <br> Shampoing cheveux ab\u00eem\u00e9s"},"content":{"rendered":"<ul>\n<li>Lave d\u00e9licatement les cheveux ab\u00eem\u00e9s et hydrate en profondeur<\/li>\n<li>La chevelure retrouve souplesse et \u00e9lasticit\u00e9<\/li>\n<\/ul>\n","protected":false},"excerpt":{"rendered":"<p>Con\u00e7u pour un <strong>lavage sous le signe du luxe<\/strong>\u00a0: destin\u00e9 aux <strong>cheveux ab\u00eem\u00e9s<\/strong>, le <strong>shampoing Selection XY<\/strong> propose une nouvelle exp\u00e9rience pour votre chevelure, o\u00f9 <strong>nutrition<\/strong> et <strong>hydratation<\/strong> se rencontrent. Les cheveux deviennent <strong>souples et resplendissent<\/strong> de beaut\u00e9. Formule lavante enrichie \u00e0 l\u2019<strong>huile d\u2019argan<\/strong> et \u00e0 la <strong>k\u00e9ratine<\/strong>, des actifs qui aident \u00e0 maintenir l\u2019\u00e9lasticit\u00e9 des fibres de vos cheveux et hydratent en profondeur.<\/p>\n<p>Format 300 ml<\/p>\n","protected":false},"featured_media":24377,"template":"","meta":[],"product_brand":[],"product_cat":[592],"product_tag":[],"class_list":["post-14668","product","type-product","status-publish","has-post-thumbnail","hentry","product_cat-luxury-touch-fr"],"yoast_head":"<!-- This site is optimized with the Yoast SEO plugin v27.1.1 - https:\/\/yoast.com\/product\/yoast-seo-wordpress\/ -->\n<title>SELECTION XY | Shampoing cheveux ab\u00eem\u00e9s<\/title>\n<meta name=\"description\" content=\"Destin\u00e9 aux cheveux ab\u00eem\u00e9s, le shampoing Selection XY propose une nouvelle exp\u00e9rience pour votre chevelure, o\u00f9 nutrition et hydratation se rencontrent.\" \/>\n<meta name=\"robots\" content=\"index, follow, max-snippet:-1, max-image-preview:large, max-video-preview:-1\" \/>\n<link rel=\"canonical\" href=\"https:\/\/seipuntozero-haircare.it\/fr\/product\/selection-xy-shampoing-cheveux-abimes\/\" \/>\n<meta property=\"og:locale\" content=\"fr_FR\" \/>\n<meta property=\"og:type\" content=\"article\" \/>\n<meta property=\"og:title\" content=\"SELECTION XY | Shampoing cheveux ab\u00eem\u00e9s\" \/>\n<meta property=\"og:description\" content=\"Destin\u00e9 aux cheveux ab\u00eem\u00e9s, le shampoing Selection XY propose une nouvelle exp\u00e9rience pour votre chevelure, o\u00f9 nutrition et hydratation se rencontrent.\" \/>\n<meta property=\"og:url\" content=\"https:\/\/seipuntozero-haircare.it\/fr\/product\/selection-xy-shampoing-cheveux-abimes\/\" \/>\n<meta property=\"og:site_name\" content=\"6.Zero\" \/>\n<meta property=\"article:modified_time\" content=\"2021-09-29T09:57:14+00:00\" \/>\n<meta property=\"og:image\" content=\"https:\/\/seipuntozero-haircare.it\/wp-content\/uploads\/2021\/09\/263325_sei_punto_zero_selection_xy_shampoo_300ml-1.png\" \/>\n\t<meta property=\"og:image:width\" content=\"800\" \/>\n\t<meta property=\"og:image:height\" content=\"800\" \/>\n\t<meta property=\"og:image:type\" content=\"image\/png\" \/>\n<meta name=\"twitter:card\" content=\"summary_large_image\" \/>\n<meta name=\"twitter:label1\" content=\"Dur\u00e9e de lecture estim\u00e9e\" \/>\n\t<meta name=\"twitter:data1\" content=\"1 minute\" \/>\n<script type=\"application\/ld+json\" class=\"yoast-schema-graph\">{\"@context\":\"https:\/\/schema.org\",\"@graph\":[{\"@type\":\"WebPage\",\"@id\":\"https:\/\/seipuntozero-haircare.it\/fr\/product\/selection-xy-shampoing-cheveux-abimes\/\",\"url\":\"https:\/\/seipuntozero-haircare.it\/fr\/product\/selection-xy-shampoing-cheveux-abimes\/\",\"name\":\"SELECTION XY | Shampoing cheveux ab\u00eem\u00e9s\",\"isPartOf\":{\"@id\":\"https:\/\/seipuntozero-haircare.it\/fr\/#website\"},\"primaryImageOfPage\":{\"@id\":\"https:\/\/seipuntozero-haircare.it\/fr\/product\/selection-xy-shampoing-cheveux-abimes\/#primaryimage\"},\"image\":{\"@id\":\"https:\/\/seipuntozero-haircare.it\/fr\/product\/selection-xy-shampoing-cheveux-abimes\/#primaryimage\"},\"thumbnailUrl\":\"https:\/\/seipuntozero-haircare.it\/wp-content\/uploads\/2026\/03\/263325_sei_punto_zero_selection_xy_shampoo_300ml.png\",\"datePublished\":\"2019-03-14T17:00:19+00:00\",\"dateModified\":\"2021-09-29T09:57:14+00:00\",\"description\":\"Destin\u00e9 aux cheveux ab\u00eem\u00e9s, le shampoing Selection XY propose une nouvelle exp\u00e9rience pour votre chevelure, o\u00f9 nutrition et hydratation se rencontrent.\",\"breadcrumb\":{\"@id\":\"https:\/\/seipuntozero-haircare.it\/fr\/product\/selection-xy-shampoing-cheveux-abimes\/#breadcrumb\"},\"inLanguage\":\"fr-FR\",\"potentialAction\":[{\"@type\":\"ReadAction\",\"target\":[\"https:\/\/seipuntozero-haircare.it\/fr\/product\/selection-xy-shampoing-cheveux-abimes\/\"]}]},{\"@type\":\"ImageObject\",\"inLanguage\":\"fr-FR\",\"@id\":\"https:\/\/seipuntozero-haircare.it\/fr\/product\/selection-xy-shampoing-cheveux-abimes\/#primaryimage\",\"url\":\"https:\/\/seipuntozero-haircare.it\/wp-content\/uploads\/2026\/03\/263325_sei_punto_zero_selection_xy_shampoo_300ml.png\",\"contentUrl\":\"https:\/\/seipuntozero-haircare.it\/wp-content\/uploads\/2026\/03\/263325_sei_punto_zero_selection_xy_shampoo_300ml.png\",\"width\":800,\"height\":800},{\"@type\":\"BreadcrumbList\",\"@id\":\"https:\/\/seipuntozero-haircare.it\/fr\/product\/selection-xy-shampoing-cheveux-abimes\/#breadcrumb\",\"itemListElement\":[{\"@type\":\"ListItem\",\"position\":1,\"name\":\"Home\",\"item\":\"https:\/\/seipuntozero-haircare.it\/fr\/\"},{\"@type\":\"ListItem\",\"position\":2,\"name\":\"Products\",\"item\":\"https:\/\/seipuntozero-haircare.it\/fr\/shop\/\"},{\"@type\":\"ListItem\",\"position\":3,\"name\":\"SELECTION XY Shampoing cheveux ab\u00eem\u00e9s\"}]},{\"@type\":\"WebSite\",\"@id\":\"https:\/\/seipuntozero-haircare.it\/fr\/#website\",\"url\":\"https:\/\/seipuntozero-haircare.it\/fr\/\",\"name\":\"6.Zero\",\"description\":\"Essential Touch\",\"potentialAction\":[{\"@type\":\"SearchAction\",\"target\":{\"@type\":\"EntryPoint\",\"urlTemplate\":\"https:\/\/seipuntozero-haircare.it\/fr\/?s={search_term_string}\"},\"query-input\":{\"@type\":\"PropertyValueSpecification\",\"valueRequired\":true,\"valueName\":\"search_term_string\"}}],\"inLanguage\":\"fr-FR\"}]}<\/script>\n<!-- \/ Yoast SEO plugin. -->","yoast_head_json":{"title":"SELECTION XY | Shampoing cheveux ab\u00eem\u00e9s","description":"Destin\u00e9 aux cheveux ab\u00eem\u00e9s, le shampoing Selection XY propose une nouvelle exp\u00e9rience pour votre chevelure, o\u00f9 nutrition et hydratation se rencontrent.","robots":{"index":"index","follow":"follow","max-snippet":"max-snippet:-1","max-image-preview":"max-image-preview:large","max-video-preview":"max-video-preview:-1"},"canonical":"https:\/\/seipuntozero-haircare.it\/fr\/product\/selection-xy-shampoing-cheveux-abimes\/","og_locale":"fr_FR","og_type":"article","og_title":"SELECTION XY | Shampoing cheveux ab\u00eem\u00e9s","og_description":"Destin\u00e9 aux cheveux ab\u00eem\u00e9s, le shampoing Selection XY propose une nouvelle exp\u00e9rience pour votre chevelure, o\u00f9 nutrition et hydratation se rencontrent.","og_url":"https:\/\/seipuntozero-haircare.it\/fr\/product\/selection-xy-shampoing-cheveux-abimes\/","og_site_name":"6.Zero","article_modified_time":"2021-09-29T09:57:14+00:00","og_image":[{"width":800,"height":800,"url":"https:\/\/seipuntozero-haircare.it\/wp-content\/uploads\/2021\/09\/263325_sei_punto_zero_selection_xy_shampoo_300ml-1.png","type":"image\/png"}],"twitter_card":"summary_large_image","twitter_misc":{"Dur\u00e9e de lecture estim\u00e9e":"1 minute"},"schema":{"@context":"https:\/\/schema.org","@graph":[{"@type":"WebPage","@id":"https:\/\/seipuntozero-haircare.it\/fr\/product\/selection-xy-shampoing-cheveux-abimes\/","url":"https:\/\/seipuntozero-haircare.it\/fr\/product\/selection-xy-shampoing-cheveux-abimes\/","name":"SELECTION XY | Shampoing cheveux ab\u00eem\u00e9s","isPartOf":{"@id":"https:\/\/seipuntozero-haircare.it\/fr\/#website"},"primaryImageOfPage":{"@id":"https:\/\/seipuntozero-haircare.it\/fr\/product\/selection-xy-shampoing-cheveux-abimes\/#primaryimage"},"image":{"@id":"https:\/\/seipuntozero-haircare.it\/fr\/product\/selection-xy-shampoing-cheveux-abimes\/#primaryimage"},"thumbnailUrl":"https:\/\/seipuntozero-haircare.it\/wp-content\/uploads\/2026\/03\/263325_sei_punto_zero_selection_xy_shampoo_300ml.png","datePublished":"2019-03-14T17:00:19+00:00","dateModified":"2021-09-29T09:57:14+00:00","description":"Destin\u00e9 aux cheveux ab\u00eem\u00e9s, le shampoing Selection XY propose une nouvelle exp\u00e9rience pour votre chevelure, o\u00f9 nutrition et hydratation se rencontrent.","breadcrumb":{"@id":"https:\/\/seipuntozero-haircare.it\/fr\/product\/selection-xy-shampoing-cheveux-abimes\/#breadcrumb"},"inLanguage":"fr-FR","potentialAction":[{"@type":"ReadAction","target":["https:\/\/seipuntozero-haircare.it\/fr\/product\/selection-xy-shampoing-cheveux-abimes\/"]}]},{"@type":"ImageObject","inLanguage":"fr-FR","@id":"https:\/\/seipuntozero-haircare.it\/fr\/product\/selection-xy-shampoing-cheveux-abimes\/#primaryimage","url":"https:\/\/seipuntozero-haircare.it\/wp-content\/uploads\/2026\/03\/263325_sei_punto_zero_selection_xy_shampoo_300ml.png","contentUrl":"https:\/\/seipuntozero-haircare.it\/wp-content\/uploads\/2026\/03\/263325_sei_punto_zero_selection_xy_shampoo_300ml.png","width":800,"height":800},{"@type":"BreadcrumbList","@id":"https:\/\/seipuntozero-haircare.it\/fr\/product\/selection-xy-shampoing-cheveux-abimes\/#breadcrumb","itemListElement":[{"@type":"ListItem","position":1,"name":"Home","item":"https:\/\/seipuntozero-haircare.it\/fr\/"},{"@type":"ListItem","position":2,"name":"Products","item":"https:\/\/seipuntozero-haircare.it\/fr\/shop\/"},{"@type":"ListItem","position":3,"name":"SELECTION XY Shampoing cheveux ab\u00eem\u00e9s"}]},{"@type":"WebSite","@id":"https:\/\/seipuntozero-haircare.it\/fr\/#website","url":"https:\/\/seipuntozero-haircare.it\/fr\/","name":"6.Zero","description":"Essential Touch","potentialAction":[{"@type":"SearchAction","target":{"@type":"EntryPoint","urlTemplate":"https:\/\/seipuntozero-haircare.it\/fr\/?s={search_term_string}"},"query-input":{"@type":"PropertyValueSpecification","valueRequired":true,"valueName":"search_term_string"}}],"inLanguage":"fr-FR"}]}},"_links":{"self":[{"href":"https:\/\/seipuntozero-haircare.it\/fr\/wp-json\/wp\/v2\/product\/14668","targetHints":{"allow":["GET"]}}],"collection":[{"href":"https:\/\/seipuntozero-haircare.it\/fr\/wp-json\/wp\/v2\/product"}],"about":[{"href":"https:\/\/seipuntozero-haircare.it\/fr\/wp-json\/wp\/v2\/types\/product"}],"wp:featuredmedia":[{"embeddable":true,"href":"https:\/\/seipuntozero-haircare.it\/fr\/wp-json\/wp\/v2\/media\/24377"}],"wp:attachment":[{"href":"https:\/\/seipuntozero-haircare.it\/fr\/wp-json\/wp\/v2\/media?parent=14668"}],"wp:term":[{"taxonomy":"product_brand","embeddable":true,"href":"https:\/\/seipuntozero-haircare.it\/fr\/wp-json\/wp\/v2\/product_brand?post=14668"},{"taxonomy":"product_cat","embeddable":true,"href":"https:\/\/seipuntozero-haircare.it\/fr\/wp-json\/wp\/v2\/product_cat?post=14668"},{"taxonomy":"product_tag","embeddable":true,"href":"https:\/\/seipuntozero-haircare.it\/fr\/wp-json\/wp\/v2\/product_tag?post=14668"}],"curies":[{"name":"wp","href":"https:\/\/api.w.org\/{rel}","templated":true}]}}