{"id":14666,"date":"2019-03-14T18:00:13","date_gmt":"2019-03-14T17:00:13","guid":{"rendered":"https:\/\/seipuntozero-haircare.it\/prodotto\/selection-xy-masque-cheveux-abimes\/"},"modified":"2021-06-08T17:16:15","modified_gmt":"2021-06-08T15:16:15","slug":"selection-xy-masque-cheveux-abimes","status":"publish","type":"product","link":"https:\/\/seipuntozero-haircare.it\/fr\/product\/selection-xy-masque-cheveux-abimes\/","title":{"rendered":"SELECTION XY <br> Masque cheveux ab\u00eem\u00e9s"},"content":{"rendered":"<ul>\n<li>Soin de beaut\u00e9 \u00e0 haute action <strong>nourrissante<\/strong> et <strong>restructurante<\/strong>.<\/li>\n<li>Les cheveux retrouvent <strong>\u00e9clat, souplesse<\/strong> et <strong>vitalit\u00e9<\/strong><\/li>\n<\/ul>\n","protected":false},"excerpt":{"rendered":"<p>Brillance sensuelle et souplesse extraordinaire avec ce soin qui constitue une <em>th\u00e9rapie de beaut\u00e9<\/em> pour <strong>cheveux ab\u00eem\u00e9s<\/strong>\u00a0: le <strong>masque Selection XY<\/strong> revitalise la chevelure, la rend somptueuse et <strong>soyeuse au toucher<\/strong>. Le masque 6.Zero associe les <strong>pr\u00e9cieuses propri\u00e9t\u00e9s<\/strong> de transformation de l\u2019<strong>huile d\u2019argan et de la k\u00e9ratine<\/strong> \u00e0 une <strong>texture riche et g\u00e9n\u00e9reuse au parfum enivrant.<\/strong> Gr\u00e2ce \u00e0 l\u2019action <strong>nourrissante<\/strong> et <strong>restructurante<\/strong> des actifs pr\u00e9sents dans la formule, les cheveux retrouvent leur \u00e9clat, leur souplesse et leur vitalit\u00e9 naturels.<\/p>\n<p>Format 500\u00a0ml<\/p>\n","protected":false},"featured_media":24384,"template":"","meta":[],"product_brand":[],"product_cat":[592],"product_tag":[],"class_list":["post-14666","product","type-product","status-publish","has-post-thumbnail","hentry","product_cat-luxury-touch-fr"],"yoast_head":"<!-- This site is optimized with the Yoast SEO plugin v27.1.1 - https:\/\/yoast.com\/product\/yoast-seo-wordpress\/ -->\n<title>SELECTION XY | Masque cheveux ab\u00eem\u00e9s<\/title>\n<meta name=\"description\" content=\"Le masque Selection XY revitalise la chevelure, la rend somptueuse et soyeuse au toucher.\" \/>\n<meta name=\"robots\" content=\"index, follow, max-snippet:-1, max-image-preview:large, max-video-preview:-1\" \/>\n<link rel=\"canonical\" href=\"https:\/\/seipuntozero-haircare.it\/fr\/product\/selection-xy-masque-cheveux-abimes\/\" \/>\n<meta property=\"og:locale\" content=\"fr_FR\" \/>\n<meta property=\"og:type\" content=\"article\" \/>\n<meta property=\"og:title\" content=\"SELECTION XY | Masque cheveux ab\u00eem\u00e9s\" \/>\n<meta property=\"og:description\" content=\"Le masque Selection XY revitalise la chevelure, la rend somptueuse et soyeuse au toucher.\" \/>\n<meta property=\"og:url\" content=\"https:\/\/seipuntozero-haircare.it\/fr\/product\/selection-xy-masque-cheveux-abimes\/\" \/>\n<meta property=\"og:site_name\" content=\"6.Zero\" \/>\n<meta property=\"article:modified_time\" content=\"2021-06-08T15:16:15+00:00\" \/>\n<meta property=\"og:image\" content=\"https:\/\/seipuntozero-haircare.it\/wp-content\/uploads\/2021\/09\/263356_sei_punto_zero_selection_xy_mask_300ml-1.png\" \/>\n\t<meta property=\"og:image:width\" content=\"800\" \/>\n\t<meta property=\"og:image:height\" content=\"800\" \/>\n\t<meta property=\"og:image:type\" content=\"image\/png\" \/>\n<meta name=\"twitter:card\" content=\"summary_large_image\" \/>\n<meta name=\"twitter:label1\" content=\"Dur\u00e9e de lecture estim\u00e9e\" \/>\n\t<meta name=\"twitter:data1\" content=\"1 minute\" \/>\n<script type=\"application\/ld+json\" class=\"yoast-schema-graph\">{\"@context\":\"https:\/\/schema.org\",\"@graph\":[{\"@type\":\"WebPage\",\"@id\":\"https:\/\/seipuntozero-haircare.it\/fr\/product\/selection-xy-masque-cheveux-abimes\/\",\"url\":\"https:\/\/seipuntozero-haircare.it\/fr\/product\/selection-xy-masque-cheveux-abimes\/\",\"name\":\"SELECTION XY | Masque cheveux ab\u00eem\u00e9s\",\"isPartOf\":{\"@id\":\"https:\/\/seipuntozero-haircare.it\/fr\/#website\"},\"primaryImageOfPage\":{\"@id\":\"https:\/\/seipuntozero-haircare.it\/fr\/product\/selection-xy-masque-cheveux-abimes\/#primaryimage\"},\"image\":{\"@id\":\"https:\/\/seipuntozero-haircare.it\/fr\/product\/selection-xy-masque-cheveux-abimes\/#primaryimage\"},\"thumbnailUrl\":\"https:\/\/seipuntozero-haircare.it\/wp-content\/uploads\/2026\/03\/263356-sei-punto-zero-selection-xy-mask-300ml.png\",\"datePublished\":\"2019-03-14T17:00:13+00:00\",\"dateModified\":\"2021-06-08T15:16:15+00:00\",\"description\":\"Le masque Selection XY revitalise la chevelure, la rend somptueuse et soyeuse au toucher.\",\"breadcrumb\":{\"@id\":\"https:\/\/seipuntozero-haircare.it\/fr\/product\/selection-xy-masque-cheveux-abimes\/#breadcrumb\"},\"inLanguage\":\"fr-FR\",\"potentialAction\":[{\"@type\":\"ReadAction\",\"target\":[\"https:\/\/seipuntozero-haircare.it\/fr\/product\/selection-xy-masque-cheveux-abimes\/\"]}]},{\"@type\":\"ImageObject\",\"inLanguage\":\"fr-FR\",\"@id\":\"https:\/\/seipuntozero-haircare.it\/fr\/product\/selection-xy-masque-cheveux-abimes\/#primaryimage\",\"url\":\"https:\/\/seipuntozero-haircare.it\/wp-content\/uploads\/2026\/03\/263356-sei-punto-zero-selection-xy-mask-300ml.png\",\"contentUrl\":\"https:\/\/seipuntozero-haircare.it\/wp-content\/uploads\/2026\/03\/263356-sei-punto-zero-selection-xy-mask-300ml.png\",\"width\":800,\"height\":800},{\"@type\":\"BreadcrumbList\",\"@id\":\"https:\/\/seipuntozero-haircare.it\/fr\/product\/selection-xy-masque-cheveux-abimes\/#breadcrumb\",\"itemListElement\":[{\"@type\":\"ListItem\",\"position\":1,\"name\":\"Home\",\"item\":\"https:\/\/seipuntozero-haircare.it\/fr\/\"},{\"@type\":\"ListItem\",\"position\":2,\"name\":\"Products\",\"item\":\"https:\/\/seipuntozero-haircare.it\/fr\/shop\/\"},{\"@type\":\"ListItem\",\"position\":3,\"name\":\"SELECTION XY Masque cheveux ab\u00eem\u00e9s\"}]},{\"@type\":\"WebSite\",\"@id\":\"https:\/\/seipuntozero-haircare.it\/fr\/#website\",\"url\":\"https:\/\/seipuntozero-haircare.it\/fr\/\",\"name\":\"6.Zero\",\"description\":\"Essential Touch\",\"potentialAction\":[{\"@type\":\"SearchAction\",\"target\":{\"@type\":\"EntryPoint\",\"urlTemplate\":\"https:\/\/seipuntozero-haircare.it\/fr\/?s={search_term_string}\"},\"query-input\":{\"@type\":\"PropertyValueSpecification\",\"valueRequired\":true,\"valueName\":\"search_term_string\"}}],\"inLanguage\":\"fr-FR\"}]}<\/script>\n<!-- \/ Yoast SEO plugin. -->","yoast_head_json":{"title":"SELECTION XY | Masque cheveux ab\u00eem\u00e9s","description":"Le masque Selection XY revitalise la chevelure, la rend somptueuse et soyeuse au toucher.","robots":{"index":"index","follow":"follow","max-snippet":"max-snippet:-1","max-image-preview":"max-image-preview:large","max-video-preview":"max-video-preview:-1"},"canonical":"https:\/\/seipuntozero-haircare.it\/fr\/product\/selection-xy-masque-cheveux-abimes\/","og_locale":"fr_FR","og_type":"article","og_title":"SELECTION XY | Masque cheveux ab\u00eem\u00e9s","og_description":"Le masque Selection XY revitalise la chevelure, la rend somptueuse et soyeuse au toucher.","og_url":"https:\/\/seipuntozero-haircare.it\/fr\/product\/selection-xy-masque-cheveux-abimes\/","og_site_name":"6.Zero","article_modified_time":"2021-06-08T15:16:15+00:00","og_image":[{"width":800,"height":800,"url":"https:\/\/seipuntozero-haircare.it\/wp-content\/uploads\/2021\/09\/263356_sei_punto_zero_selection_xy_mask_300ml-1.png","type":"image\/png"}],"twitter_card":"summary_large_image","twitter_misc":{"Dur\u00e9e de lecture estim\u00e9e":"1 minute"},"schema":{"@context":"https:\/\/schema.org","@graph":[{"@type":"WebPage","@id":"https:\/\/seipuntozero-haircare.it\/fr\/product\/selection-xy-masque-cheveux-abimes\/","url":"https:\/\/seipuntozero-haircare.it\/fr\/product\/selection-xy-masque-cheveux-abimes\/","name":"SELECTION XY | Masque cheveux ab\u00eem\u00e9s","isPartOf":{"@id":"https:\/\/seipuntozero-haircare.it\/fr\/#website"},"primaryImageOfPage":{"@id":"https:\/\/seipuntozero-haircare.it\/fr\/product\/selection-xy-masque-cheveux-abimes\/#primaryimage"},"image":{"@id":"https:\/\/seipuntozero-haircare.it\/fr\/product\/selection-xy-masque-cheveux-abimes\/#primaryimage"},"thumbnailUrl":"https:\/\/seipuntozero-haircare.it\/wp-content\/uploads\/2026\/03\/263356-sei-punto-zero-selection-xy-mask-300ml.png","datePublished":"2019-03-14T17:00:13+00:00","dateModified":"2021-06-08T15:16:15+00:00","description":"Le masque Selection XY revitalise la chevelure, la rend somptueuse et soyeuse au toucher.","breadcrumb":{"@id":"https:\/\/seipuntozero-haircare.it\/fr\/product\/selection-xy-masque-cheveux-abimes\/#breadcrumb"},"inLanguage":"fr-FR","potentialAction":[{"@type":"ReadAction","target":["https:\/\/seipuntozero-haircare.it\/fr\/product\/selection-xy-masque-cheveux-abimes\/"]}]},{"@type":"ImageObject","inLanguage":"fr-FR","@id":"https:\/\/seipuntozero-haircare.it\/fr\/product\/selection-xy-masque-cheveux-abimes\/#primaryimage","url":"https:\/\/seipuntozero-haircare.it\/wp-content\/uploads\/2026\/03\/263356-sei-punto-zero-selection-xy-mask-300ml.png","contentUrl":"https:\/\/seipuntozero-haircare.it\/wp-content\/uploads\/2026\/03\/263356-sei-punto-zero-selection-xy-mask-300ml.png","width":800,"height":800},{"@type":"BreadcrumbList","@id":"https:\/\/seipuntozero-haircare.it\/fr\/product\/selection-xy-masque-cheveux-abimes\/#breadcrumb","itemListElement":[{"@type":"ListItem","position":1,"name":"Home","item":"https:\/\/seipuntozero-haircare.it\/fr\/"},{"@type":"ListItem","position":2,"name":"Products","item":"https:\/\/seipuntozero-haircare.it\/fr\/shop\/"},{"@type":"ListItem","position":3,"name":"SELECTION XY Masque cheveux ab\u00eem\u00e9s"}]},{"@type":"WebSite","@id":"https:\/\/seipuntozero-haircare.it\/fr\/#website","url":"https:\/\/seipuntozero-haircare.it\/fr\/","name":"6.Zero","description":"Essential Touch","potentialAction":[{"@type":"SearchAction","target":{"@type":"EntryPoint","urlTemplate":"https:\/\/seipuntozero-haircare.it\/fr\/?s={search_term_string}"},"query-input":{"@type":"PropertyValueSpecification","valueRequired":true,"valueName":"search_term_string"}}],"inLanguage":"fr-FR"}]}},"_links":{"self":[{"href":"https:\/\/seipuntozero-haircare.it\/fr\/wp-json\/wp\/v2\/product\/14666","targetHints":{"allow":["GET"]}}],"collection":[{"href":"https:\/\/seipuntozero-haircare.it\/fr\/wp-json\/wp\/v2\/product"}],"about":[{"href":"https:\/\/seipuntozero-haircare.it\/fr\/wp-json\/wp\/v2\/types\/product"}],"wp:featuredmedia":[{"embeddable":true,"href":"https:\/\/seipuntozero-haircare.it\/fr\/wp-json\/wp\/v2\/media\/24384"}],"wp:attachment":[{"href":"https:\/\/seipuntozero-haircare.it\/fr\/wp-json\/wp\/v2\/media?parent=14666"}],"wp:term":[{"taxonomy":"product_brand","embeddable":true,"href":"https:\/\/seipuntozero-haircare.it\/fr\/wp-json\/wp\/v2\/product_brand?post=14666"},{"taxonomy":"product_cat","embeddable":true,"href":"https:\/\/seipuntozero-haircare.it\/fr\/wp-json\/wp\/v2\/product_cat?post=14666"},{"taxonomy":"product_tag","embeddable":true,"href":"https:\/\/seipuntozero-haircare.it\/fr\/wp-json\/wp\/v2\/product_tag?post=14666"}],"curies":[{"name":"wp","href":"https:\/\/api.w.org\/{rel}","templated":true}]}}