{"id":14609,"date":"2021-06-08T12:09:52","date_gmt":"2021-06-08T10:09:52","guid":{"rendered":"https:\/\/seipuntozero-haircare.it\/home\/"},"modified":"2026-03-10T12:28:27","modified_gmt":"2026-03-10T11:28:27","slug":"home","status":"publish","type":"page","link":"https:\/\/seipuntozero-haircare.it\/fr\/","title":{"rendered":"Home"},"content":{"rendered":"<div class=\"wpb-content-wrapper\"><p>[vc_row css=\u00a0\u00bb.vc_custom_1489483907775{margin-bottom: 0px !important;border-bottom-width: 0px !important;padding-bottom: 0px !important;}\u00a0\u00bb][vc_column][vc_row_inner][vc_column_inner offset=\u00a0\u00bbvc_hidden-xs\u00a0\u00bb][rev_slider_vc alias=\u00a0\u00bbhome-1&Prime;][\/vc_column_inner][\/vc_row_inner][vc_row_inner][vc_column_inner offset=\u00a0\u00bbvc_hidden-lg vc_hidden-md vc_hidden-sm\u00a0\u00bb][rev_slider_vc alias=\u00a0\u00bbslide_home_mobile\u00a0\u00bb][\/vc_column_inner][\/vc_row_inner][\/vc_column][\/vc_row][vc_row parallax=\u00a0\u00bbcontent-moving\u00a0\u00bb parallax_image=\u00a0\u00bb11581&Prime; css=\u00a0\u00bb.vc_custom_1489484214754{margin-top: 0px !important;border-top-width: 0px !important;padding-top: 0px !important;}\u00a0\u00bb el_id=\u00a0\u00bbkromeside\u00a0\u00bb][vc_column css=\u00a0\u00bb.vc_custom_1489483859416{margin-top: 0px !important;border-top-width: 0px !important;padding-top: 0px !important;}\u00a0\u00bb][vc_row_inner][vc_column_inner][vc_empty_space height=\u00a0\u00bb80px\u00a0\u00bb][\/vc_column_inner][\/vc_row_inner][vc_row_inner wrap_type=\u00a0\u00bbin_container\u00a0\u00bb][vc_column_inner width=\u00a0\u00bb7\/12&Prime; offset=\u00a0\u00bbvc_hidden-xs\u00a0\u00bb][vc_single_image image=\u00a0\u00bb18586&Prime; img_size=\u00a0\u00bbfull\u00a0\u00bb][\/vc_column_inner][vc_column_inner width=\u00a0\u00bb5\/12&Prime; css=\u00a0\u00bb.vc_custom_1489484063901{padding-top: 20% !important;padding-bottom: 20% !important;}\u00a0\u00bb offset=\u00a0\u00bbvc_hidden-xs\u00a0\u00bb][vc_custom_heading text=\u00a0\u00bbKROMPURE\u00a0\u00bb font_container=\u00a0\u00bbtag:h1|text_align:left|color:%23457cbb\u00a0\u00bb use_theme_fonts=\u00a0\u00bbyes\u00a0\u00bb][vc_column_text]<\/p>\n<h4><strong>Couleur pure, service technique ultra-d\u00e9licat<\/strong><\/h4>\n<h4><strong>Krompure: le nouveau sp\u00e9cialiste au service du coloriste <\/strong><\/h4>\n<p>Con\u00e7ue pour offrir des <strong>nuances naturelles<\/strong>, expressives et riches en reflets lumineux, sans sacrifier le bien-\u00eatre de la chevelure, <strong>Krompure<\/strong> est la cr\u00e8me colorante d\u00e9licate <strong>sans ammoniaque ni PPD<\/strong>. Elle est enrichie \u00e0 la <strong>K\u00e9ratine, \u00e0 l\u2019Huile de Tamanu et \u00e0 la Pr\u00eale<\/strong>, aux vertus cosm\u00e9tiques exclusives. Couverture maximale des cheveux blancs, aucun risque pour la cliente.<\/p>\n<p><span class=\"col col_shortcode\"><a class=\"maxbutton-10 maxbutton maxbutton-kromepure-fr\" href=\"https:\/\/seipuntozero-haircare.it\/fr\/product\/krompure-creme-colorante-delicate-sans-ammoniaque-et-sans-ppd\/\"><span class='mb-text'>EN SAVOIR PLUS<\/span><\/a> <\/span>[\/vc_column_text][\/vc_column_inner][\/vc_row_inner][vc_row_inner wrap_type=\u00a0\u00bbin_container\u00a0\u00bb][vc_column_inner width=\u00a0\u00bb5\/12&Prime; offset=\u00a0\u00bbvc_hidden-lg vc_hidden-md vc_hidden-sm\u00a0\u00bb][vc_custom_heading text=\u00a0\u00bbKROMPURE\u00a0\u00bb font_container=\u00a0\u00bbtag:h1|text_align:center|color:%23457cbb\u00a0\u00bb use_theme_fonts=\u00a0\u00bbyes\u00a0\u00bb][vc_column_text]<\/p>\n<h4><strong>Couleur pure, service technique ultra-d\u00e9licat<\/strong><\/h4>\n<h4><strong>Krompure: le nouveau sp\u00e9cialiste au service du coloriste <\/strong><\/h4>\n<p>Con\u00e7ue pour offrir des <strong>nuances naturelles<\/strong>, expressives et riches en reflets lumineux, sans sacrifier le bien-\u00eatre de la chevelure, <strong>Krompure<\/strong> est la cr\u00e8me colorante d\u00e9licate <strong>sans ammoniaque ni PPD<\/strong>. Elle est enrichie \u00e0 la <strong>K\u00e9ratine, \u00e0 l\u2019Huile de Tamanu et \u00e0 la Pr\u00eale<\/strong>, aux vertus cosm\u00e9tiques exclusives. Couverture maximale des cheveux blancs, aucun risque pour la cliente.<\/p>\n<p><span class=\"col col_shortcode\"><a class=\"maxbutton-10 maxbutton maxbutton-kromepure-fr\" href=\"https:\/\/seipuntozero-haircare.it\/fr\/product\/krompure-creme-colorante-delicate-sans-ammoniaque-et-sans-ppd\/\"><span class='mb-text'>EN SAVOIR PLUS<\/span><\/a> <\/span>[\/vc_column_text][\/vc_column_inner][vc_column_inner width=\u00a0\u00bb7\/12&Prime; offset=\u00a0\u00bbvc_hidden-lg vc_hidden-md vc_hidden-sm\u00a0\u00bb][vc_single_image image=\u00a0\u00bb18586&Prime; img_size=\u00a0\u00bbfull\u00a0\u00bb][\/vc_column_inner][\/vc_row_inner][vc_row_inner][vc_column_inner][vc_empty_space height=\u00a0\u00bb80px\u00a0\u00bb][\/vc_column_inner][\/vc_row_inner][\/vc_column][\/vc_row][vc_row parallax=\u00a0\u00bbcontent-moving\u00a0\u00bb parallax_image=\u00a0\u00bb11599&Prime; css=\u00a0\u00bb.vc_custom_1489484892060{margin-top: 0px !important;border-top-width: 0px !important;padding-top: 0px !important;background-color: #0a0a0a !important;}\u00a0\u00bb el_id=\u00a0\u00bbxy10&Prime;][vc_column css=\u00a0\u00bb.vc_custom_1489483859416{margin-top: 0px !important;border-top-width: 0px !important;padding-top: 0px !important;}\u00a0\u00bb][vc_row_inner][vc_column_inner][vc_empty_space height=\u00a0\u00bb80px\u00a0\u00bb][\/vc_column_inner][\/vc_row_inner][vc_row_inner wrap_type=\u00a0\u00bbin_container\u00a0\u00bb][vc_column_inner width=\u00a0\u00bb5\/12&Prime; css=\u00a0\u00bb.vc_custom_1489484063901{padding-top: 20% !important;padding-bottom: 20% !important;}\u00a0\u00bb offset=\u00a0\u00bbvc_hidden-xs\u00a0\u00bb][vc_custom_heading text=\u00a0\u00bbXY 10&Prime; font_container=\u00a0\u00bbtag:h1|text_align:left|color:%23948146&Prime; use_theme_fonts=\u00a0\u00bbyes\u00a0\u00bb][vc_column_text]<\/p>\n<h4><span style=\"color: #ffffff;\"><strong>Le lien avec la perfection<\/strong><\/span><\/h4>\n<h4><span style=\"color: #ffffff;\"><strong>Connection X10 et Perfection Y10: une touche de luxe pour des cheveux sublimes<\/strong><\/span><\/h4>\n<p><span style=\"color: #ffffff;\">Une gestuelle d\u00e9licate et la synergie d\u2019<strong>actifs pr\u00e9cieux<\/strong> qui subliment la beaut\u00e9 et le bien-\u00eatre de la chevelure\u00a0: <strong>Connection X10<\/strong>, masque spray instantan\u00e9 \u00e0 l\u2019<strong>Huile de Cassis<\/strong> et au <strong>Collag\u00e8ne V\u00e9g\u00e9tal<\/strong>, combine 10 actions pour une chevelure toujours nourrie et prot\u00e9g\u00e9e\u00a0; <strong>Perfection Y10<\/strong>, huile lumi\u00e8re et douceur \u00e0 l\u2019<strong>Huile d\u2019Argan et \u00e0 la K\u00e9ratine<\/strong>, offre des cheveux parfaitement d\u00e9m\u00eal\u00e9s et r\u00e9g\u00e9n\u00e9r\u00e9s.<\/span><\/p>\n<p><span class=\"col col_shortcode\"><a class=\"maxbutton-14 maxbutton maxbutton-xy-10-fr\" href=\"https:\/\/seipuntozero-haircare.it\/fr\/product-category\/luxury-touch-fr\/\"><span class='mb-text'>EN SAVOIR PLUS<\/span><\/a> <\/span>[\/vc_column_text][\/vc_column_inner][vc_column_inner width=\u00a0\u00bb7\/12&Prime; offset=\u00a0\u00bbvc_hidden-xs\u00a0\u00bb][vc_single_image image=\u00a0\u00bb24405&Prime; img_size=\u00a0\u00bbfull\u00a0\u00bb alignment=\u00a0\u00bbright\u00a0\u00bb css=\u00a0\u00bb\u00a0\u00bb][\/vc_column_inner][\/vc_row_inner][vc_row_inner wrap_type=\u00a0\u00bbin_container\u00a0\u00bb][vc_column_inner width=\u00a0\u00bb5\/12&Prime; offset=\u00a0\u00bbvc_hidden-lg vc_hidden-md vc_hidden-sm\u00a0\u00bb][vc_custom_heading text=\u00a0\u00bbXY 10&Prime; font_container=\u00a0\u00bbtag:h1|text_align:center|color:%23948146&Prime; use_theme_fonts=\u00a0\u00bbyes\u00a0\u00bb][vc_column_text]<\/p>\n<h4><span style=\"color: #ffffff;\"><strong>Le lien avec la perfection<\/strong><\/span><\/h4>\n<h4><span style=\"color: #ffffff;\"><strong>Connection X10 et Perfection Y10: une touche de luxe pour des cheveux sublimes<\/strong><\/span><\/h4>\n<p><span style=\"color: #ffffff;\">Une gestuelle d\u00e9licate et la synergie d\u2019<strong>actifs pr\u00e9cieux<\/strong> qui subliment la beaut\u00e9 et le bien-\u00eatre de la chevelure\u00a0: <strong>Connection X10<\/strong>, masque spray instantan\u00e9 \u00e0 l\u2019<strong>Huile de Cassis<\/strong> et au <strong>Collag\u00e8ne V\u00e9g\u00e9tal<\/strong>, combine 10 actions pour une chevelure toujours nourrie et prot\u00e9g\u00e9e\u00a0; <strong>Perfection Y10<\/strong>, huile lumi\u00e8re et douceur \u00e0 l\u2019<strong>Huile d\u2019Argan et \u00e0 la K\u00e9ratine<\/strong>, offre des cheveux parfaitement d\u00e9m\u00eal\u00e9s et r\u00e9g\u00e9n\u00e9r\u00e9s.<\/span><\/p>\n<p><span class=\"col col_shortcode\"><a class=\"maxbutton-14 maxbutton maxbutton-xy-10-fr\" href=\"https:\/\/seipuntozero-haircare.it\/fr\/product-category\/luxury-touch-fr\/\"><span class='mb-text'>EN SAVOIR PLUS<\/span><\/a> <\/span>[\/vc_column_text][\/vc_column_inner][vc_column_inner width=\u00a0\u00bb7\/12&Prime; offset=\u00a0\u00bbvc_hidden-lg vc_hidden-md vc_hidden-sm\u00a0\u00bb][vc_single_image image=\u00a0\u00bb24405&Prime; img_size=\u00a0\u00bbfull\u00a0\u00bb alignment=\u00a0\u00bbright\u00a0\u00bb css=\u00a0\u00bb\u00a0\u00bb][\/vc_column_inner][\/vc_row_inner][vc_row_inner][vc_column_inner][vc_empty_space height=\u00a0\u00bb80px\u00a0\u00bb][\/vc_column_inner][\/vc_row_inner][\/vc_column][\/vc_row][vc_row parallax=\u00a0\u00bbcontent-moving\u00a0\u00bb parallax_image=\u00a0\u00bb11615&Prime; css=\u00a0\u00bb.vc_custom_1489487081199{margin-top: 0px !important;border-top-width: 0px !important;padding-top: 0px !important;}\u00a0\u00bb el_id=\u00a0\u00bbheshe\u00a0\u00bb][vc_column css=\u00a0\u00bb.vc_custom_1489483859416{margin-top: 0px !important;border-top-width: 0px !important;padding-top: 0px !important;}\u00a0\u00bb][vc_row_inner][vc_column_inner][vc_empty_space height=\u00a0\u00bb80px\u00a0\u00bb][\/vc_column_inner][\/vc_row_inner][vc_row_inner wrap_type=\u00a0\u00bbin_container\u00a0\u00bb][vc_column_inner width=\u00a0\u00bb7\/12&Prime; offset=\u00a0\u00bbvc_hidden-xs\u00a0\u00bb][vc_single_image image=\u00a0\u00bb18574&Prime; img_size=\u00a0\u00bbfull\u00a0\u00bb][\/vc_column_inner][vc_column_inner width=\u00a0\u00bb5\/12&Prime; css=\u00a0\u00bb.vc_custom_1489484063901{padding-top: 20% !important;padding-bottom: 20% !important;}\u00a0\u00bb offset=\u00a0\u00bbvc_hidden-xs\u00a0\u00bb][vc_custom_heading text=\u00a0\u00bbHE.SHE\u00a0\u00bb font_container=\u00a0\u00bbtag:h1|text_align:left|color:%23c7343d\u00a0\u00bb use_theme_fonts=\u00a0\u00bbyes\u00a0\u00bb][vc_column_text]<\/p>\n<h4><strong>Cr\u00e9ez le style le plus cr\u00e9atif<\/strong><\/h4>\n<h4><strong>He.She: le top de la forme pour elle et lui<\/strong><\/h4>\n<p>Gr\u00e2ce \u00e0 la ligne compl\u00e8te de <strong>produits pour finition et coiffure<\/strong> He.She, vous pouvez mettre en valeur la coiffure au mieux, en faisant de nouvelles exp\u00e9riences\u00a0: gels, cr\u00e8mes, cires et sprays pour cheveux mod\u00e8lent, d\u00e9finissent et fixent <strong>tout type de coiffure<\/strong>, cr\u00e9ant et perfectionnant la coiffure de vos r\u00eaves \u00e0 travers un <strong>style branch\u00e9<\/strong>, pr\u00e9cis et lib\u00e9r\u00e9 des conventions.<\/p>\n<p><span class=\"col col_shortcode\"><a class=\"maxbutton-13 maxbutton maxbutton-he-she-fr\" href=\"https:\/\/seipuntozero-haircare.it\/fr\/product-category\/styling-fr\/\"><span class='mb-text'>EN SAVOIR PLUS<\/span><\/a> <\/span>[\/vc_column_text][\/vc_column_inner][\/vc_row_inner][vc_row_inner wrap_type=\u00a0\u00bbin_container\u00a0\u00bb][vc_column_inner width=\u00a0\u00bb5\/12&Prime; offset=\u00a0\u00bbvc_hidden-lg vc_hidden-md vc_hidden-sm\u00a0\u00bb][vc_custom_heading text=\u00a0\u00bbHE.SHE\u00a0\u00bb font_container=\u00a0\u00bbtag:h1|text_align:center|color:%23c7343d\u00a0\u00bb use_theme_fonts=\u00a0\u00bbyes\u00a0\u00bb][vc_column_text]<\/p>\n<h4><strong>Cr\u00e9ez le style le plus cr\u00e9atif<\/strong><\/h4>\n<h4><strong>He.She: le top de la forme pour elle et lui<\/strong><\/h4>\n<p>Gr\u00e2ce \u00e0 la ligne compl\u00e8te de <strong>produits pour finition et coiffure<\/strong> He.She, vous pouvez mettre en valeur la coiffure au mieux, en faisant de nouvelles exp\u00e9riences\u00a0: gels, cr\u00e8mes, cires et sprays pour cheveux mod\u00e8lent, d\u00e9finissent et fixent <strong>tout type de coiffure<\/strong>, cr\u00e9ant et perfectionnant la coiffure de vos r\u00eaves \u00e0 travers un <strong>style branch\u00e9<\/strong>, pr\u00e9cis et lib\u00e9r\u00e9 des conventions.<\/p>\n<p><span class=\"col col_shortcode\"><a class=\"maxbutton-13 maxbutton maxbutton-he-she-fr\" href=\"https:\/\/seipuntozero-haircare.it\/fr\/product-category\/styling-fr\/\"><span class='mb-text'>EN SAVOIR PLUS<\/span><\/a> <\/span>[\/vc_column_text][\/vc_column_inner][vc_column_inner width=\u00a0\u00bb7\/12&Prime; offset=\u00a0\u00bbvc_hidden-lg vc_hidden-md vc_hidden-sm\u00a0\u00bb][vc_single_image image=\u00a0\u00bb18574&Prime; img_size=\u00a0\u00bbfull\u00a0\u00bb][\/vc_column_inner][\/vc_row_inner][vc_row_inner][vc_column_inner][vc_empty_space height=\u00a0\u00bb80px\u00a0\u00bb][\/vc_column_inner][\/vc_row_inner][\/vc_column][\/vc_row]<\/p>\n<\/div>","protected":false},"excerpt":{"rendered":"<p>[vc_row css=\u00a0\u00bb.vc_custom_1489483907775{margin-bottom: 0px !important;border-bottom-width: 0px !important;padding-bottom: 0px !important;}\u00a0\u00bb][vc_column][vc_row_inner][vc_column_inner offset=\u00a0\u00bbvc_hidden-xs\u00a0\u00bb][rev_slider_vc alias=\u00a0\u00bbhome-1&Prime;][\/vc_column_inner][\/vc_row_inner][vc_row_inner][vc_column_inner offset=\u00a0\u00bbvc_hidden-lg vc_hidden-md vc_hidden-sm\u00a0\u00bb][rev_slider_vc alias=\u00a0\u00bbslide_home_mobile\u00a0\u00bb][\/vc_column_inner][\/vc_row_inner][\/vc_column][\/vc_row][vc_row parallax=\u00a0\u00bbcontent-moving\u00a0\u00bb parallax_image=\u00a0\u00bb11581&Prime; css=\u00a0\u00bb.vc_custom_1489484214754{margin-top: 0px !important;border-top-width: 0px !important;padding-top: 0px !important;}\u00a0\u00bb el_id=\u00a0\u00bbkromeside\u00a0\u00bb][vc_column css=\u00a0\u00bb.vc_custom_1489483859416{margin-top: 0px !important;border-top-width: 0px !important;padding-top: 0px !important;}\u00a0\u00bb][vc_row_inner][vc_column_inner][vc_empty_space height=\u00a0\u00bb80px\u00a0\u00bb][\/vc_column_inner][\/vc_row_inner][vc_row_inner wrap_type=\u00a0\u00bbin_container\u00a0\u00bb][vc_column_inner width=\u00a0\u00bb7\/12&Prime; offset=\u00a0\u00bbvc_hidden-xs\u00a0\u00bb][vc_single_image image=\u00a0\u00bb18586&Prime; img_size=\u00a0\u00bbfull\u00a0\u00bb][\/vc_column_inner][vc_column_inner width=\u00a0\u00bb5\/12&Prime; css=\u00a0\u00bb.vc_custom_1489484063901{padding-top: 20% !important;padding-bottom: 20% !important;}\u00a0\u00bb offset=\u00a0\u00bbvc_hidden-xs\u00a0\u00bb][vc_custom_heading text=\u00a0\u00bbKROMPURE\u00a0\u00bb font_container=\u00a0\u00bbtag:h1|text_align:left|color:%23457cbb\u00a0\u00bb use_theme_fonts=\u00a0\u00bbyes\u00a0\u00bb][vc_column_text] Couleur pure, service technique ultra-d\u00e9licat Krompure: le nouveau sp\u00e9cialiste au service du coloriste&#8230;<\/p>\n","protected":false},"author":1,"featured_media":0,"parent":0,"menu_order":0,"comment_status":"closed","ping_status":"closed","template":"page-full-width.php","meta":{"footnotes":""},"class_list":["post-14609","page","type-page","status-publish","hentry"],"yoast_head":"<!-- This site is optimized with the Yoast SEO plugin v27.1.1 - https:\/\/yoast.com\/product\/yoast-seo-wordpress\/ -->\n<title>Produits, soins capillaires et coiffants | 6.Zero<\/title>\n<meta name=\"description\" content=\"Tous les produits pour cheveux 6.Zero, destin\u00e9s au Salon ou au commerce de d\u00e9tail, concentrent une id\u00e9e exclusive de soins capillaires.\" \/>\n<meta name=\"robots\" content=\"index, follow, max-snippet:-1, max-image-preview:large, max-video-preview:-1\" \/>\n<link rel=\"canonical\" href=\"https:\/\/seipuntozero-haircare.it\/fr\/\" \/>\n<meta property=\"og:locale\" content=\"fr_FR\" \/>\n<meta property=\"og:type\" content=\"article\" \/>\n<meta property=\"og:title\" content=\"Produits, soins capillaires et coiffants | 6.Zero\" \/>\n<meta property=\"og:description\" content=\"Tous les produits pour cheveux 6.Zero, destin\u00e9s au Salon ou au commerce de d\u00e9tail, concentrent une id\u00e9e exclusive de soins capillaires.\" \/>\n<meta property=\"og:url\" content=\"https:\/\/seipuntozero-haircare.it\/fr\/\" \/>\n<meta property=\"og:site_name\" content=\"6.Zero\" \/>\n<meta property=\"article:modified_time\" content=\"2026-03-10T11:28:27+00:00\" \/>\n<meta name=\"twitter:card\" content=\"summary_large_image\" \/>\n<meta name=\"twitter:label1\" content=\"Dur\u00e9e de lecture estim\u00e9e\" \/>\n\t<meta name=\"twitter:data1\" content=\"4 minutes\" \/>\n<script type=\"application\/ld+json\" class=\"yoast-schema-graph\">{\"@context\":\"https:\/\/schema.org\",\"@graph\":[{\"@type\":\"WebPage\",\"@id\":\"https:\/\/seipuntozero-haircare.it\/fr\/\",\"url\":\"https:\/\/seipuntozero-haircare.it\/fr\/\",\"name\":\"Produits, soins capillaires et coiffants | 6.Zero\",\"isPartOf\":{\"@id\":\"https:\/\/seipuntozero-haircare.it\/fr\/#website\"},\"datePublished\":\"2021-06-08T10:09:52+00:00\",\"dateModified\":\"2026-03-10T11:28:27+00:00\",\"description\":\"Tous les produits pour cheveux 6.Zero, destin\u00e9s au Salon ou au commerce de d\u00e9tail, concentrent une id\u00e9e exclusive de soins capillaires.\",\"breadcrumb\":{\"@id\":\"https:\/\/seipuntozero-haircare.it\/fr\/#breadcrumb\"},\"inLanguage\":\"fr-FR\",\"potentialAction\":[{\"@type\":\"ReadAction\",\"target\":[\"https:\/\/seipuntozero-haircare.it\/fr\/\"]}]},{\"@type\":\"BreadcrumbList\",\"@id\":\"https:\/\/seipuntozero-haircare.it\/fr\/#breadcrumb\",\"itemListElement\":[{\"@type\":\"ListItem\",\"position\":1,\"name\":\"Home\",\"item\":\"https:\/\/seipuntozero-haircare.it\/fr\/\"},{\"@type\":\"ListItem\",\"position\":2,\"name\":\"Home\"}]},{\"@type\":\"WebSite\",\"@id\":\"https:\/\/seipuntozero-haircare.it\/fr\/#website\",\"url\":\"https:\/\/seipuntozero-haircare.it\/fr\/\",\"name\":\"6.Zero\",\"description\":\"Essential Touch\",\"potentialAction\":[{\"@type\":\"SearchAction\",\"target\":{\"@type\":\"EntryPoint\",\"urlTemplate\":\"https:\/\/seipuntozero-haircare.it\/fr\/?s={search_term_string}\"},\"query-input\":{\"@type\":\"PropertyValueSpecification\",\"valueRequired\":true,\"valueName\":\"search_term_string\"}}],\"inLanguage\":\"fr-FR\"}]}<\/script>\n<!-- \/ Yoast SEO plugin. -->","yoast_head_json":{"title":"Produits, soins capillaires et coiffants | 6.Zero","description":"Tous les produits pour cheveux 6.Zero, destin\u00e9s au Salon ou au commerce de d\u00e9tail, concentrent une id\u00e9e exclusive de soins capillaires.","robots":{"index":"index","follow":"follow","max-snippet":"max-snippet:-1","max-image-preview":"max-image-preview:large","max-video-preview":"max-video-preview:-1"},"canonical":"https:\/\/seipuntozero-haircare.it\/fr\/","og_locale":"fr_FR","og_type":"article","og_title":"Produits, soins capillaires et coiffants | 6.Zero","og_description":"Tous les produits pour cheveux 6.Zero, destin\u00e9s au Salon ou au commerce de d\u00e9tail, concentrent une id\u00e9e exclusive de soins capillaires.","og_url":"https:\/\/seipuntozero-haircare.it\/fr\/","og_site_name":"6.Zero","article_modified_time":"2026-03-10T11:28:27+00:00","twitter_card":"summary_large_image","twitter_misc":{"Dur\u00e9e de lecture estim\u00e9e":"4 minutes"},"schema":{"@context":"https:\/\/schema.org","@graph":[{"@type":"WebPage","@id":"https:\/\/seipuntozero-haircare.it\/fr\/","url":"https:\/\/seipuntozero-haircare.it\/fr\/","name":"Produits, soins capillaires et coiffants | 6.Zero","isPartOf":{"@id":"https:\/\/seipuntozero-haircare.it\/fr\/#website"},"datePublished":"2021-06-08T10:09:52+00:00","dateModified":"2026-03-10T11:28:27+00:00","description":"Tous les produits pour cheveux 6.Zero, destin\u00e9s au Salon ou au commerce de d\u00e9tail, concentrent une id\u00e9e exclusive de soins capillaires.","breadcrumb":{"@id":"https:\/\/seipuntozero-haircare.it\/fr\/#breadcrumb"},"inLanguage":"fr-FR","potentialAction":[{"@type":"ReadAction","target":["https:\/\/seipuntozero-haircare.it\/fr\/"]}]},{"@type":"BreadcrumbList","@id":"https:\/\/seipuntozero-haircare.it\/fr\/#breadcrumb","itemListElement":[{"@type":"ListItem","position":1,"name":"Home","item":"https:\/\/seipuntozero-haircare.it\/fr\/"},{"@type":"ListItem","position":2,"name":"Home"}]},{"@type":"WebSite","@id":"https:\/\/seipuntozero-haircare.it\/fr\/#website","url":"https:\/\/seipuntozero-haircare.it\/fr\/","name":"6.Zero","description":"Essential Touch","potentialAction":[{"@type":"SearchAction","target":{"@type":"EntryPoint","urlTemplate":"https:\/\/seipuntozero-haircare.it\/fr\/?s={search_term_string}"},"query-input":{"@type":"PropertyValueSpecification","valueRequired":true,"valueName":"search_term_string"}}],"inLanguage":"fr-FR"}]}},"_links":{"self":[{"href":"https:\/\/seipuntozero-haircare.it\/fr\/wp-json\/wp\/v2\/pages\/14609","targetHints":{"allow":["GET"]}}],"collection":[{"href":"https:\/\/seipuntozero-haircare.it\/fr\/wp-json\/wp\/v2\/pages"}],"about":[{"href":"https:\/\/seipuntozero-haircare.it\/fr\/wp-json\/wp\/v2\/types\/page"}],"author":[{"embeddable":true,"href":"https:\/\/seipuntozero-haircare.it\/fr\/wp-json\/wp\/v2\/users\/1"}],"replies":[{"embeddable":true,"href":"https:\/\/seipuntozero-haircare.it\/fr\/wp-json\/wp\/v2\/comments?post=14609"}],"version-history":[{"count":4,"href":"https:\/\/seipuntozero-haircare.it\/fr\/wp-json\/wp\/v2\/pages\/14609\/revisions"}],"predecessor-version":[{"id":24413,"href":"https:\/\/seipuntozero-haircare.it\/fr\/wp-json\/wp\/v2\/pages\/14609\/revisions\/24413"}],"wp:attachment":[{"href":"https:\/\/seipuntozero-haircare.it\/fr\/wp-json\/wp\/v2\/media?parent=14609"}],"curies":[{"name":"wp","href":"https:\/\/api.w.org\/{rel}","templated":true}]}}