{"id":14598,"date":"2021-06-08T12:06:40","date_gmt":"2021-06-08T10:06:40","guid":{"rendered":"https:\/\/seipuntozero-haircare.it\/hair-connection\/"},"modified":"2022-03-21T12:20:16","modified_gmt":"2022-03-21T11:20:16","slug":"essential-touch","status":"publish","type":"page","link":"https:\/\/seipuntozero-haircare.it\/fr\/essential-touch\/","title":{"rendered":"Essential Touch"},"content":{"rendered":"<div class=\"wpb-content-wrapper\"><p>[vc_row css=\u00a0\u00bb.vc_custom_1489489155009{margin-top: 0px !important;border-top-width: 0px !important;padding-top: 0px !important;}\u00a0\u00bb][vc_column css=\u00a0\u00bb.vc_custom_1489483859416{margin-top: 0px !important;border-top-width: 0px !important;padding-top: 0px !important;}\u00a0\u00bb][vc_row_inner][vc_column_inner offset=\u00a0\u00bbvc_hidden-md vc_hidden-sm vc_hidden-xs\u00a0\u00bb][vc_empty_space height=\u00a0\u00bb20px\u00a0\u00bb][\/vc_column_inner][\/vc_row_inner][vc_row_inner wrap_type=\u00a0\u00bbin_container\u00a0\u00bb][vc_column_inner][vc_custom_heading text=\u00a0\u00bbNOUS CR\u00c9ONS DES PRODUITS POUR LES<br \/>\nCHEVEUX QUI ANTICIPENT LES TENDANCES ET LES BESOINS.\u00a0\u00bb font_container=\u00a0\u00bbtag:h1|text_align:center\u00a0\u00bb use_theme_fonts=\u00a0\u00bbyes\u00a0\u00bb][vc_column_text]<\/p>\n<p style=\"text-align: center;\"><span style=\"font-weight: 400;\"><strong>6.Zero<\/strong> d\u00e9fit les conventions pour cr\u00e9er un <\/span><strong><i>beauty concept<\/i><\/strong><span style=\"font-weight: 400;\"> smart et de tendance. <strong>Expression d\u2019id\u00e9es <\/strong><\/span><strong><i>fashion forward <\/i><\/strong><span style=\"font-weight: 400;\"><strong>et de libert\u00e9 d&rsquo;imagination<\/strong>: signaux du futur<\/span><\/p>\n<p style=\"text-align: center;\"><span style=\"font-weight: 400;\"><strong>Essential Touch<\/strong>: c\u2019est la philosophie \u00e0 la base de ce que nous faisons.<\/span><\/p>\n<p style=\"text-align: center;\"><span style=\"font-weight: 400;\">Car, dans un monde d&rsquo;exc\u00e8s, c\u2019est l\u2019essentiel qui s\u2019impose. <strong>6.Zero<\/strong> donne vie \u00e0 une experience de beaut\u00e9 qui connecte chaque sph\u00e8re sensorielle.<\/span><\/p>\n<p>[\/vc_column_text][\/vc_column_inner][\/vc_row_inner][vc_row_inner][vc_column_inner offset=\u00a0\u00bbvc_hidden-md vc_hidden-sm vc_hidden-xs\u00a0\u00bb][vc_empty_space height=\u00a0\u00bb20px\u00a0\u00bb][\/vc_column_inner][\/vc_row_inner][\/vc_column][\/vc_row][vc_row css=\u00a0\u00bb.vc_custom_1489489147637{margin-top: 0px !important;border-top-width: 0px !important;padding-top: 0px !important;}\u00a0\u00bb][vc_column css=\u00a0\u00bb.vc_custom_1489483859416{margin-top: 0px !important;border-top-width: 0px !important;padding-top: 0px !important;}\u00a0\u00bb][vc_row_inner][vc_column_inner offset=\u00a0\u00bbvc_hidden-md vc_hidden-sm vc_hidden-xs\u00a0\u00bb][vc_empty_space height=\u00a0\u00bb20px\u00a0\u00bb][\/vc_column_inner][\/vc_row_inner][vc_row_inner wrap_type=\u00a0\u00bbin_container\u00a0\u00bb][vc_column_inner width=\u00a0\u00bb5\/12&Prime; css=\u00a0\u00bb.vc_custom_1489488972825{padding-top: 20% !important;padding-bottom: 20% !important;}\u00a0\u00bb offset=\u00a0\u00bbvc_hidden-sm vc_hidden-xs\u00a0\u00bb][vc_custom_heading text=\u00a0\u00bbNOUS NE SOMMES PAS L\u00c0 POUR TE FAIRE CHOISIR ENTRE FONCTION ET STYLE.\u00a0\u00bb font_container=\u00a0\u00bbtag:h1|text_align:left\u00a0\u00bb use_theme_fonts=\u00a0\u00bbyes\u00a0\u00bb][vc_column_text]<span style=\"font-weight: 400;\"><strong>6.Zero<\/strong> est la technologie et les mati\u00e8res premi\u00e8res s\u00e9lectionn\u00e9es, pour donner vie \u00e0 des formulations innovantes et performantes. Un style lin\u00e9aire, mais avec des d\u00e9tails qui laissent une marque.<\/span><\/p>\n<p><span style=\"font-weight: 400;\">Renouveler l\u2019id\u00e9e d&rsquo;essentiel: cr\u00e9er des produits complets et fonctionnels, des nouveaux must pour l\u2019<\/span><strong><i>haircare routine<\/i><\/strong><span style=\"font-weight: 400;\">. <\/span>[\/vc_column_text][\/vc_column_inner][vc_column_inner width=\u00a0\u00bb7\/12&Prime; css=\u00a0\u00bb.vc_custom_1510063195349{background-image: url(https:\/\/seipuntozero-haircare.it\/wp-content\/uploads\/2015\/04\/seipuntozero_riga2_hair_connection-1.png?id=12161) !important;background-position: center !important;background-repeat: no-repeat !important;background-size: contain !important;}\u00a0\u00bb offset=\u00a0\u00bbvc_hidden-sm vc_hidden-xs\u00a0\u00bb][vc_empty_space height=\u00a0\u00bb600px\u00a0\u00bb][\/vc_column_inner][\/vc_row_inner][vc_row_inner wrap_type=\u00a0\u00bbin_container\u00a0\u00bb][vc_column_inner offset=\u00a0\u00bbvc_hidden-lg vc_hidden-md\u00a0\u00bb][vc_empty_space height=\u00a0\u00bb400px\u00a0\u00bb css=\u00a0\u00bb.vc_custom_1489489093986{background-image: url(https:\/\/seipuntozero-haircare.it\/wp-content\/uploads\/2015\/04\/seipuntozero_riga2_hair_connection.png?id=11624) !important;background-position: center !important;background-repeat: no-repeat !important;background-size: cover !important;}\u00a0\u00bb][vc_custom_heading text=\u00a0\u00bbNOUS NE SOMMES PAS L\u00c0 POUR TE FAIRE CHOISIR ENTRE FONCTION ET STYLE.\u00a0\u00bb font_container=\u00a0\u00bbtag:h1|text_align:center\u00a0\u00bb use_theme_fonts=\u00a0\u00bbyes\u00a0\u00bb][vc_column_text]<\/p>\n<p style=\"text-align: center;\"><span style=\"font-weight: 400;\"><strong>6.Zero<\/strong> est la technologie et les mati\u00e8res premi\u00e8res s\u00e9lectionn\u00e9es, pour donner vie \u00e0 des formulations innovantes et performantes. Un style lin\u00e9aire, mais avec des d\u00e9tails qui laissent une marque.<\/span><\/p>\n<p style=\"text-align: center;\"><span style=\"font-weight: 400;\">Renouveler l\u2019id\u00e9e d&rsquo;essentiel: cr\u00e9er des produits complets et fonctionnels, des nouveaux must pour l\u2019<\/span><strong><i>haircare routine<\/i><\/strong><span style=\"font-weight: 400;\">. <\/span><\/p>\n<p>[\/vc_column_text][\/vc_column_inner][\/vc_row_inner][vc_row_inner][vc_column_inner offset=\u00a0\u00bbvc_hidden-md vc_hidden-sm vc_hidden-xs\u00a0\u00bb][vc_empty_space height=\u00a0\u00bb20px\u00a0\u00bb][\/vc_column_inner][\/vc_row_inner][\/vc_column][\/vc_row]<\/p>\n<\/div>","protected":false},"excerpt":{"rendered":"<p>[vc_row css=\u00a0\u00bb.vc_custom_1489489155009{margin-top: 0px !important;border-top-width: 0px !important;padding-top: 0px !important;}\u00a0\u00bb][vc_column css=\u00a0\u00bb.vc_custom_1489483859416{margin-top: 0px !important;border-top-width: 0px !important;padding-top: 0px !important;}\u00a0\u00bb][vc_row_inner][vc_column_inner offset=\u00a0\u00bbvc_hidden-md vc_hidden-sm vc_hidden-xs\u00a0\u00bb][vc_empty_space height=\u00a0\u00bb20px\u00a0\u00bb][\/vc_column_inner][\/vc_row_inner][vc_row_inner wrap_type=\u00a0\u00bbin_container\u00a0\u00bb][vc_column_inner][vc_custom_heading text=\u00a0\u00bbNOUS CR\u00c9ONS DES PRODUITS POUR LES CHEVEUX QUI ANTICIPENT LES TENDANCES ET LES BESOINS.\u00a0\u00bb font_container=\u00a0\u00bbtag:h1|text_align:center\u00a0\u00bb use_theme_fonts=\u00a0\u00bbyes\u00a0\u00bb][vc_column_text] 6.Zero d\u00e9fit les conventions pour cr\u00e9er un beauty concept smart et de tendance. Expression d\u2019id\u00e9es fashion forward et de libert\u00e9 d&rsquo;imagination: signaux du futur&#8230;<\/p>\n","protected":false},"author":1,"featured_media":0,"parent":0,"menu_order":0,"comment_status":"closed","ping_status":"closed","template":"page-full-width-padding.php","meta":{"footnotes":""},"class_list":["post-14598","page","type-page","status-publish","hentry"],"yoast_head":"<!-- This site is optimized with the Yoast SEO plugin v27.1.1 - https:\/\/yoast.com\/product\/yoast-seo-wordpress\/ -->\n<title>Hair Connection | 6.Zero<\/title>\n<meta name=\"description\" content=\"Entrez dans une nouvelle \u00e8re pour les cheveux\u00a0: projetez-vous dans le futur avec les produits professionnels r\u00e9volutionnaires pour cheveux 6.Zero.\" \/>\n<meta name=\"robots\" content=\"index, follow, max-snippet:-1, max-image-preview:large, max-video-preview:-1\" \/>\n<link rel=\"canonical\" href=\"https:\/\/seipuntozero-haircare.it\/fr\/essential-touch\/\" \/>\n<meta property=\"og:locale\" content=\"fr_FR\" \/>\n<meta property=\"og:type\" content=\"article\" \/>\n<meta property=\"og:title\" content=\"Hair Connection | 6.Zero\" \/>\n<meta property=\"og:description\" content=\"Entrez dans une nouvelle \u00e8re pour les cheveux\u00a0: projetez-vous dans le futur avec les produits professionnels r\u00e9volutionnaires pour cheveux 6.Zero.\" \/>\n<meta property=\"og:url\" content=\"https:\/\/seipuntozero-haircare.it\/fr\/essential-touch\/\" \/>\n<meta property=\"og:site_name\" content=\"6.Zero\" \/>\n<meta property=\"article:modified_time\" content=\"2022-03-21T11:20:16+00:00\" \/>\n<meta name=\"twitter:card\" content=\"summary_large_image\" \/>\n<meta name=\"twitter:label1\" content=\"Dur\u00e9e de lecture estim\u00e9e\" \/>\n\t<meta name=\"twitter:data1\" content=\"2 minutes\" \/>\n<script type=\"application\/ld+json\" class=\"yoast-schema-graph\">{\"@context\":\"https:\/\/schema.org\",\"@graph\":[{\"@type\":\"WebPage\",\"@id\":\"https:\/\/seipuntozero-haircare.it\/fr\/essential-touch\/\",\"url\":\"https:\/\/seipuntozero-haircare.it\/fr\/essential-touch\/\",\"name\":\"Hair Connection | 6.Zero\",\"isPartOf\":{\"@id\":\"https:\/\/seipuntozero-haircare.it\/fr\/#website\"},\"datePublished\":\"2021-06-08T10:06:40+00:00\",\"dateModified\":\"2022-03-21T11:20:16+00:00\",\"description\":\"Entrez dans une nouvelle \u00e8re pour les cheveux\u00a0: projetez-vous dans le futur avec les produits professionnels r\u00e9volutionnaires pour cheveux 6.Zero.\",\"breadcrumb\":{\"@id\":\"https:\/\/seipuntozero-haircare.it\/fr\/essential-touch\/#breadcrumb\"},\"inLanguage\":\"fr-FR\",\"potentialAction\":[{\"@type\":\"ReadAction\",\"target\":[\"https:\/\/seipuntozero-haircare.it\/fr\/essential-touch\/\"]}]},{\"@type\":\"BreadcrumbList\",\"@id\":\"https:\/\/seipuntozero-haircare.it\/fr\/essential-touch\/#breadcrumb\",\"itemListElement\":[{\"@type\":\"ListItem\",\"position\":1,\"name\":\"Home\",\"item\":\"https:\/\/seipuntozero-haircare.it\/fr\/\"},{\"@type\":\"ListItem\",\"position\":2,\"name\":\"Essential Touch\"}]},{\"@type\":\"WebSite\",\"@id\":\"https:\/\/seipuntozero-haircare.it\/fr\/#website\",\"url\":\"https:\/\/seipuntozero-haircare.it\/fr\/\",\"name\":\"6.Zero\",\"description\":\"Essential Touch\",\"potentialAction\":[{\"@type\":\"SearchAction\",\"target\":{\"@type\":\"EntryPoint\",\"urlTemplate\":\"https:\/\/seipuntozero-haircare.it\/fr\/?s={search_term_string}\"},\"query-input\":{\"@type\":\"PropertyValueSpecification\",\"valueRequired\":true,\"valueName\":\"search_term_string\"}}],\"inLanguage\":\"fr-FR\"}]}<\/script>\n<!-- \/ Yoast SEO plugin. -->","yoast_head_json":{"title":"Hair Connection | 6.Zero","description":"Entrez dans une nouvelle \u00e8re pour les cheveux\u00a0: projetez-vous dans le futur avec les produits professionnels r\u00e9volutionnaires pour cheveux 6.Zero.","robots":{"index":"index","follow":"follow","max-snippet":"max-snippet:-1","max-image-preview":"max-image-preview:large","max-video-preview":"max-video-preview:-1"},"canonical":"https:\/\/seipuntozero-haircare.it\/fr\/essential-touch\/","og_locale":"fr_FR","og_type":"article","og_title":"Hair Connection | 6.Zero","og_description":"Entrez dans une nouvelle \u00e8re pour les cheveux\u00a0: projetez-vous dans le futur avec les produits professionnels r\u00e9volutionnaires pour cheveux 6.Zero.","og_url":"https:\/\/seipuntozero-haircare.it\/fr\/essential-touch\/","og_site_name":"6.Zero","article_modified_time":"2022-03-21T11:20:16+00:00","twitter_card":"summary_large_image","twitter_misc":{"Dur\u00e9e de lecture estim\u00e9e":"2 minutes"},"schema":{"@context":"https:\/\/schema.org","@graph":[{"@type":"WebPage","@id":"https:\/\/seipuntozero-haircare.it\/fr\/essential-touch\/","url":"https:\/\/seipuntozero-haircare.it\/fr\/essential-touch\/","name":"Hair Connection | 6.Zero","isPartOf":{"@id":"https:\/\/seipuntozero-haircare.it\/fr\/#website"},"datePublished":"2021-06-08T10:06:40+00:00","dateModified":"2022-03-21T11:20:16+00:00","description":"Entrez dans une nouvelle \u00e8re pour les cheveux\u00a0: projetez-vous dans le futur avec les produits professionnels r\u00e9volutionnaires pour cheveux 6.Zero.","breadcrumb":{"@id":"https:\/\/seipuntozero-haircare.it\/fr\/essential-touch\/#breadcrumb"},"inLanguage":"fr-FR","potentialAction":[{"@type":"ReadAction","target":["https:\/\/seipuntozero-haircare.it\/fr\/essential-touch\/"]}]},{"@type":"BreadcrumbList","@id":"https:\/\/seipuntozero-haircare.it\/fr\/essential-touch\/#breadcrumb","itemListElement":[{"@type":"ListItem","position":1,"name":"Home","item":"https:\/\/seipuntozero-haircare.it\/fr\/"},{"@type":"ListItem","position":2,"name":"Essential Touch"}]},{"@type":"WebSite","@id":"https:\/\/seipuntozero-haircare.it\/fr\/#website","url":"https:\/\/seipuntozero-haircare.it\/fr\/","name":"6.Zero","description":"Essential Touch","potentialAction":[{"@type":"SearchAction","target":{"@type":"EntryPoint","urlTemplate":"https:\/\/seipuntozero-haircare.it\/fr\/?s={search_term_string}"},"query-input":{"@type":"PropertyValueSpecification","valueRequired":true,"valueName":"search_term_string"}}],"inLanguage":"fr-FR"}]}},"_links":{"self":[{"href":"https:\/\/seipuntozero-haircare.it\/fr\/wp-json\/wp\/v2\/pages\/14598","targetHints":{"allow":["GET"]}}],"collection":[{"href":"https:\/\/seipuntozero-haircare.it\/fr\/wp-json\/wp\/v2\/pages"}],"about":[{"href":"https:\/\/seipuntozero-haircare.it\/fr\/wp-json\/wp\/v2\/types\/page"}],"author":[{"embeddable":true,"href":"https:\/\/seipuntozero-haircare.it\/fr\/wp-json\/wp\/v2\/users\/1"}],"replies":[{"embeddable":true,"href":"https:\/\/seipuntozero-haircare.it\/fr\/wp-json\/wp\/v2\/comments?post=14598"}],"version-history":[{"count":3,"href":"https:\/\/seipuntozero-haircare.it\/fr\/wp-json\/wp\/v2\/pages\/14598\/revisions"}],"predecessor-version":[{"id":19140,"href":"https:\/\/seipuntozero-haircare.it\/fr\/wp-json\/wp\/v2\/pages\/14598\/revisions\/19140"}],"wp:attachment":[{"href":"https:\/\/seipuntozero-haircare.it\/fr\/wp-json\/wp\/v2\/media?parent=14598"}],"curies":[{"name":"wp","href":"https:\/\/api.w.org\/{rel}","templated":true}]}}