{"id":14595,"date":"2021-06-08T12:01:36","date_gmt":"2021-06-08T10:01:36","guid":{"rendered":"https:\/\/seipuntozero-haircare.it\/donnees-completes-de-la-societe\/"},"modified":"2021-06-08T12:01:36","modified_gmt":"2021-06-08T10:01:36","slug":"donnees-completes-de-la-societe","status":"publish","type":"page","link":"https:\/\/seipuntozero-haircare.it\/fr\/donnees-completes-de-la-societe\/","title":{"rendered":"Donnees completes de la societe"},"content":{"rendered":"<div class=\"wpb-content-wrapper\"><p>[vc_row][vc_column][vc_column_text]<strong>DONNEES COMPLETES DE LA SOCIETE:<\/strong><\/p>\n<p>Comprof Milano S.r.l.<\/p>\n<p>Num\u00e9ro de T.V.A. : IT07479001211<\/p>\n<p>Si\u00e8gle social: P.zza S. Maria degli Angeli a Pizzofalcone 1, 80132, Napoli (Na)<\/p>\n<p>Si\u00e8ge d&rsquo;exploitation: Cis di Nola Isola 8, lotto 8024, 80035, Nola (Na)<\/p>\n<p>Service du Registre du Commerce et des Soci\u00e9t\u00e9s: Napoli<\/p>\n<p>Num\u00e9ro d&rsquo;inscription au registre des entreprises: 07479001211<\/p>\n<p>Capital social lib\u00e9r\u00e9: \u20ac 100.000,00<\/p>\n<p>Adresse de courrier \u00e9lectronique certifi\u00e9: \u00a0<a href=\"mailto:comprofmilano@legalmail.it\">comprofmilano@legalmail.it<\/a>[\/vc_column_text][\/vc_column][\/vc_row]<\/p>\n<\/div>","protected":false},"excerpt":{"rendered":"<p>[vc_row][vc_column][vc_column_text]DONNEES COMPLETES DE LA SOCIETE: Comprof Milano S.r.l. Num\u00e9ro de T.V.A. : IT07479001211 Si\u00e8gle social: P.zza S. Maria degli Angeli a Pizzofalcone 1, 80132, Napoli (Na) Si\u00e8ge d&rsquo;exploitation: Cis di Nola Isola 8, lotto 8024, 80035, Nola (Na) Service du Registre du Commerce et des Soci\u00e9t\u00e9s: Napoli Num\u00e9ro d&rsquo;inscription au registre des entreprises: 07479001211 Capital social lib\u00e9r\u00e9: \u20ac 100.000,00 Adresse&#8230;<\/p>\n","protected":false},"author":1,"featured_media":0,"parent":0,"menu_order":0,"comment_status":"closed","ping_status":"closed","template":"page-full-width-padding.php","meta":{"footnotes":""},"class_list":["post-14595","page","type-page","status-publish","hentry"],"yoast_head":"<!-- This site is optimized with the Yoast SEO plugin v27.1.1 - https:\/\/yoast.com\/product\/yoast-seo-wordpress\/ -->\n<title>Donnees completes de la societe - 6.Zero<\/title>\n<meta name=\"robots\" content=\"noindex, nofollow\" \/>\n<meta property=\"og:locale\" content=\"fr_FR\" \/>\n<meta property=\"og:type\" content=\"article\" \/>\n<meta property=\"og:title\" content=\"Donnees completes de la societe - 6.Zero\" \/>\n<meta property=\"og:description\" content=\"[vc_row][vc_column][vc_column_text]DONNEES COMPLETES DE LA SOCIETE: Comprof Milano S.r.l. Num\u00e9ro de T.V.A. : IT07479001211 Si\u00e8gle social: P.zza S. Maria degli Angeli a Pizzofalcone 1, 80132, Napoli (Na) Si\u00e8ge d&rsquo;exploitation: Cis di Nola Isola 8, lotto 8024, 80035, Nola (Na) Service du Registre du Commerce et des Soci\u00e9t\u00e9s: Napoli Num\u00e9ro d&rsquo;inscription au registre des entreprises: 07479001211 Capital social lib\u00e9r\u00e9: \u20ac 100.000,00 Adresse...\" \/>\n<meta property=\"og:url\" content=\"https:\/\/seipuntozero-haircare.it\/fr\/donnees-completes-de-la-societe\/\" \/>\n<meta property=\"og:site_name\" content=\"6.Zero\" \/>\n<meta name=\"twitter:card\" content=\"summary_large_image\" \/>\n<script type=\"application\/ld+json\" class=\"yoast-schema-graph\">{\"@context\":\"https:\/\/schema.org\",\"@graph\":[{\"@type\":\"WebPage\",\"@id\":\"https:\/\/seipuntozero-haircare.it\/fr\/donnees-completes-de-la-societe\/\",\"url\":\"https:\/\/seipuntozero-haircare.it\/fr\/donnees-completes-de-la-societe\/\",\"name\":\"Donnees completes de la societe - 6.Zero\",\"isPartOf\":{\"@id\":\"https:\/\/seipuntozero-haircare.it\/fr\/#website\"},\"datePublished\":\"2021-06-08T10:01:36+00:00\",\"breadcrumb\":{\"@id\":\"https:\/\/seipuntozero-haircare.it\/fr\/donnees-completes-de-la-societe\/#breadcrumb\"},\"inLanguage\":\"fr-FR\",\"potentialAction\":[{\"@type\":\"ReadAction\",\"target\":[\"https:\/\/seipuntozero-haircare.it\/fr\/donnees-completes-de-la-societe\/\"]}]},{\"@type\":\"BreadcrumbList\",\"@id\":\"https:\/\/seipuntozero-haircare.it\/fr\/donnees-completes-de-la-societe\/#breadcrumb\",\"itemListElement\":[{\"@type\":\"ListItem\",\"position\":1,\"name\":\"Home\",\"item\":\"https:\/\/seipuntozero-haircare.it\/fr\/\"},{\"@type\":\"ListItem\",\"position\":2,\"name\":\"Donnees completes de la societe\"}]},{\"@type\":\"WebSite\",\"@id\":\"https:\/\/seipuntozero-haircare.it\/fr\/#website\",\"url\":\"https:\/\/seipuntozero-haircare.it\/fr\/\",\"name\":\"6.Zero\",\"description\":\"Essential Touch\",\"potentialAction\":[{\"@type\":\"SearchAction\",\"target\":{\"@type\":\"EntryPoint\",\"urlTemplate\":\"https:\/\/seipuntozero-haircare.it\/fr\/?s={search_term_string}\"},\"query-input\":{\"@type\":\"PropertyValueSpecification\",\"valueRequired\":true,\"valueName\":\"search_term_string\"}}],\"inLanguage\":\"fr-FR\"}]}<\/script>\n<!-- \/ Yoast SEO plugin. -->","yoast_head_json":{"title":"Donnees completes de la societe - 6.Zero","robots":{"index":"noindex","follow":"nofollow"},"og_locale":"fr_FR","og_type":"article","og_title":"Donnees completes de la societe - 6.Zero","og_description":"[vc_row][vc_column][vc_column_text]DONNEES COMPLETES DE LA SOCIETE: Comprof Milano S.r.l. Num\u00e9ro de T.V.A. : IT07479001211 Si\u00e8gle social: P.zza S. Maria degli Angeli a Pizzofalcone 1, 80132, Napoli (Na) Si\u00e8ge d&rsquo;exploitation: Cis di Nola Isola 8, lotto 8024, 80035, Nola (Na) Service du Registre du Commerce et des Soci\u00e9t\u00e9s: Napoli Num\u00e9ro d&rsquo;inscription au registre des entreprises: 07479001211 Capital social lib\u00e9r\u00e9: \u20ac 100.000,00 Adresse...","og_url":"https:\/\/seipuntozero-haircare.it\/fr\/donnees-completes-de-la-societe\/","og_site_name":"6.Zero","twitter_card":"summary_large_image","schema":{"@context":"https:\/\/schema.org","@graph":[{"@type":"WebPage","@id":"https:\/\/seipuntozero-haircare.it\/fr\/donnees-completes-de-la-societe\/","url":"https:\/\/seipuntozero-haircare.it\/fr\/donnees-completes-de-la-societe\/","name":"Donnees completes de la societe - 6.Zero","isPartOf":{"@id":"https:\/\/seipuntozero-haircare.it\/fr\/#website"},"datePublished":"2021-06-08T10:01:36+00:00","breadcrumb":{"@id":"https:\/\/seipuntozero-haircare.it\/fr\/donnees-completes-de-la-societe\/#breadcrumb"},"inLanguage":"fr-FR","potentialAction":[{"@type":"ReadAction","target":["https:\/\/seipuntozero-haircare.it\/fr\/donnees-completes-de-la-societe\/"]}]},{"@type":"BreadcrumbList","@id":"https:\/\/seipuntozero-haircare.it\/fr\/donnees-completes-de-la-societe\/#breadcrumb","itemListElement":[{"@type":"ListItem","position":1,"name":"Home","item":"https:\/\/seipuntozero-haircare.it\/fr\/"},{"@type":"ListItem","position":2,"name":"Donnees completes de la societe"}]},{"@type":"WebSite","@id":"https:\/\/seipuntozero-haircare.it\/fr\/#website","url":"https:\/\/seipuntozero-haircare.it\/fr\/","name":"6.Zero","description":"Essential Touch","potentialAction":[{"@type":"SearchAction","target":{"@type":"EntryPoint","urlTemplate":"https:\/\/seipuntozero-haircare.it\/fr\/?s={search_term_string}"},"query-input":{"@type":"PropertyValueSpecification","valueRequired":true,"valueName":"search_term_string"}}],"inLanguage":"fr-FR"}]}},"_links":{"self":[{"href":"https:\/\/seipuntozero-haircare.it\/fr\/wp-json\/wp\/v2\/pages\/14595","targetHints":{"allow":["GET"]}}],"collection":[{"href":"https:\/\/seipuntozero-haircare.it\/fr\/wp-json\/wp\/v2\/pages"}],"about":[{"href":"https:\/\/seipuntozero-haircare.it\/fr\/wp-json\/wp\/v2\/types\/page"}],"author":[{"embeddable":true,"href":"https:\/\/seipuntozero-haircare.it\/fr\/wp-json\/wp\/v2\/users\/1"}],"replies":[{"embeddable":true,"href":"https:\/\/seipuntozero-haircare.it\/fr\/wp-json\/wp\/v2\/comments?post=14595"}],"version-history":[{"count":2,"href":"https:\/\/seipuntozero-haircare.it\/fr\/wp-json\/wp\/v2\/pages\/14595\/revisions"}],"predecessor-version":[{"id":14597,"href":"https:\/\/seipuntozero-haircare.it\/fr\/wp-json\/wp\/v2\/pages\/14595\/revisions\/14597"}],"wp:attachment":[{"href":"https:\/\/seipuntozero-haircare.it\/fr\/wp-json\/wp\/v2\/media?parent=14595"}],"curies":[{"name":"wp","href":"https:\/\/api.w.org\/{rel}","templated":true}]}}