{"id":24432,"date":"2026-04-03T11:41:40","date_gmt":"2026-04-03T09:41:40","guid":{"rendered":"https:\/\/seipuntozero-haircare.it\/?post_type=product&#038;p=24432"},"modified":"2026-04-03T11:51:21","modified_gmt":"2026-04-03T09:51:21","slug":"he-she-laca-en-spray-fijacion-extrema","status":"publish","type":"product","link":"https:\/\/seipuntozero-haircare.it\/es\/product\/he-she-laca-en-spray-fijacion-extrema\/","title":{"rendered":"HE.SHE <br> Laca en Spray Fijaci\u00f3n Extrema"},"content":{"rendered":"<div class=\"wpb-content-wrapper\"><p>[vc_row][vc_column][vc_column_text css=\u00bb\u00bb]<span style=\"font-weight: 400;\">\u2022 Fijaci\u00f3n ultra fuerte<\/span><span style=\"font-weight: 400;\"><br \/>\n<\/span><span style=\"font-weight: 400;\">\u2022 Nebulizaci\u00f3n ultra fina<\/span><span style=\"font-weight: 400;\"><br \/>\n<\/span><span style=\"font-weight: 400;\">\u2022 Control preciso del peinado<\/span><span style=\"font-weight: 400;\"><br \/>\n<\/span><span style=\"font-weight: 400;\">\u2022 Secado r\u00e1pido<\/span><span style=\"font-weight: 400;\"><br \/>\n<\/span><span style=\"font-weight: 400;\">\u2022 Fijaci\u00f3n uniforme<\/span><span style=\"font-weight: 400;\"><br \/>\n<\/span><span style=\"font-weight: 400;\">\u2022 Sin residuos<\/span>[\/vc_column_text][\/vc_column][\/vc_row]<\/p>\n<\/div>","protected":false},"excerpt":{"rendered":"<p><span style=\"font-weight: 400;\">Una laca profesional dise\u00f1ada para fijar el peinado con precisi\u00f3n y fijaci\u00f3n extrema, manteniendo ligereza y movimiento natural.<\/span><\/p>\n<p><span style=\"font-weight: 400;\">HE.SHE es la respuesta a las exigencias de los looks estructurados y los acabados impecables: una laca que define, fija y protege sin apelmazar ni dejar residuos.<\/span><span style=\"font-weight: 400;\"><br \/>\n<\/span><span style=\"font-weight: 400;\">La nebulizaci\u00f3n ultra fina garantiza una aplicaci\u00f3n uniforme, mientras que el secado r\u00e1pido permite un control inmediato del peinado.<\/span><\/p>\n<p><span style=\"font-weight: 400;\"><br \/>\n<\/span><span style=\"font-weight: 400;\">500 ml<\/span><\/p>\n","protected":false},"featured_media":24427,"template":"","meta":[],"product_brand":[],"product_cat":[959],"product_tag":[],"class_list":["post-24432","product","type-product","status-publish","has-post-thumbnail","hentry","product_cat-styling-es"],"yoast_head":"<!-- This site is optimized with the Yoast SEO plugin v27.1.1 - https:\/\/yoast.com\/product\/yoast-seo-wordpress\/ -->\n<title>HE.SHE  Laca en Spray Fijaci\u00f3n Extrema - 6.Zero<\/title>\n<meta name=\"description\" content=\"Una laca profesional dise\u00f1ada para fijar el peinado con precisi\u00f3n y fijaci\u00f3n extrema, manteniendo ligereza y movimiento natural.\" \/>\n<meta name=\"robots\" content=\"index, follow, max-snippet:-1, max-image-preview:large, max-video-preview:-1\" \/>\n<link rel=\"canonical\" href=\"https:\/\/seipuntozero-haircare.it\/es\/product\/he-she-laca-en-spray-fijacion-extrema\/\" \/>\n<meta property=\"og:locale\" content=\"es_ES\" \/>\n<meta property=\"og:type\" content=\"article\" \/>\n<meta property=\"og:title\" content=\"HE.SHE  Laca en Spray Fijaci\u00f3n Extrema - 6.Zero\" \/>\n<meta property=\"og:description\" content=\"Una laca profesional dise\u00f1ada para fijar el peinado con precisi\u00f3n y fijaci\u00f3n extrema, manteniendo ligereza y movimiento natural.\" \/>\n<meta property=\"og:url\" content=\"https:\/\/seipuntozero-haircare.it\/es\/product\/he-she-laca-en-spray-fijacion-extrema\/\" \/>\n<meta property=\"og:site_name\" content=\"6.Zero\" \/>\n<meta property=\"article:modified_time\" content=\"2026-04-03T09:51:21+00:00\" \/>\n<meta property=\"og:image\" content=\"https:\/\/seipuntozero-haircare.it\/wp-content\/uploads\/2026\/03\/lacca-spray-ultra-500ml-sito.png\" \/>\n\t<meta property=\"og:image:width\" content=\"600\" \/>\n\t<meta property=\"og:image:height\" content=\"600\" \/>\n\t<meta property=\"og:image:type\" content=\"image\/png\" \/>\n<meta name=\"twitter:card\" content=\"summary_large_image\" \/>\n<meta name=\"twitter:label1\" content=\"Tiempo de lectura\" \/>\n\t<meta name=\"twitter:data1\" content=\"1 minuto\" \/>\n<script type=\"application\/ld+json\" class=\"yoast-schema-graph\">{\"@context\":\"https:\/\/schema.org\",\"@graph\":[{\"@type\":\"WebPage\",\"@id\":\"https:\/\/seipuntozero-haircare.it\/es\/product\/he-she-laca-en-spray-fijacion-extrema\/\",\"url\":\"https:\/\/seipuntozero-haircare.it\/es\/product\/he-she-laca-en-spray-fijacion-extrema\/\",\"name\":\"HE.SHE Laca en Spray Fijaci\u00f3n Extrema - 6.Zero\",\"isPartOf\":{\"@id\":\"https:\/\/seipuntozero-haircare.it\/es\/#website\"},\"primaryImageOfPage\":{\"@id\":\"https:\/\/seipuntozero-haircare.it\/es\/product\/he-she-laca-en-spray-fijacion-extrema\/#primaryimage\"},\"image\":{\"@id\":\"https:\/\/seipuntozero-haircare.it\/es\/product\/he-she-laca-en-spray-fijacion-extrema\/#primaryimage\"},\"thumbnailUrl\":\"https:\/\/seipuntozero-haircare.it\/wp-content\/uploads\/2026\/03\/lacca-spray-ultra-500ml-sito.png\",\"datePublished\":\"2026-04-03T09:41:40+00:00\",\"dateModified\":\"2026-04-03T09:51:21+00:00\",\"description\":\"Una laca profesional dise\u00f1ada para fijar el peinado con precisi\u00f3n y fijaci\u00f3n extrema, manteniendo ligereza y movimiento natural.\",\"breadcrumb\":{\"@id\":\"https:\/\/seipuntozero-haircare.it\/es\/product\/he-she-laca-en-spray-fijacion-extrema\/#breadcrumb\"},\"inLanguage\":\"es\",\"potentialAction\":[{\"@type\":\"ReadAction\",\"target\":[\"https:\/\/seipuntozero-haircare.it\/es\/product\/he-she-laca-en-spray-fijacion-extrema\/\"]}]},{\"@type\":\"ImageObject\",\"inLanguage\":\"es\",\"@id\":\"https:\/\/seipuntozero-haircare.it\/es\/product\/he-she-laca-en-spray-fijacion-extrema\/#primaryimage\",\"url\":\"https:\/\/seipuntozero-haircare.it\/wp-content\/uploads\/2026\/03\/lacca-spray-ultra-500ml-sito.png\",\"contentUrl\":\"https:\/\/seipuntozero-haircare.it\/wp-content\/uploads\/2026\/03\/lacca-spray-ultra-500ml-sito.png\",\"width\":600,\"height\":600},{\"@type\":\"BreadcrumbList\",\"@id\":\"https:\/\/seipuntozero-haircare.it\/es\/product\/he-she-laca-en-spray-fijacion-extrema\/#breadcrumb\",\"itemListElement\":[{\"@type\":\"ListItem\",\"position\":1,\"name\":\"Home\",\"item\":\"https:\/\/seipuntozero-haircare.it\/es\/\"},{\"@type\":\"ListItem\",\"position\":2,\"name\":\"Products\",\"item\":\"https:\/\/seipuntozero-haircare.it\/es\/shop\/\"},{\"@type\":\"ListItem\",\"position\":3,\"name\":\"HE.SHE Laca en Spray Fijaci\u00f3n Extrema\"}]},{\"@type\":\"WebSite\",\"@id\":\"https:\/\/seipuntozero-haircare.it\/es\/#website\",\"url\":\"https:\/\/seipuntozero-haircare.it\/es\/\",\"name\":\"6.Zero\",\"description\":\"Essential Touch\",\"potentialAction\":[{\"@type\":\"SearchAction\",\"target\":{\"@type\":\"EntryPoint\",\"urlTemplate\":\"https:\/\/seipuntozero-haircare.it\/es\/?s={search_term_string}\"},\"query-input\":{\"@type\":\"PropertyValueSpecification\",\"valueRequired\":true,\"valueName\":\"search_term_string\"}}],\"inLanguage\":\"es\"}]}<\/script>\n<!-- \/ Yoast SEO plugin. -->","yoast_head_json":{"title":"HE.SHE  Laca en Spray Fijaci\u00f3n Extrema - 6.Zero","description":"Una laca profesional dise\u00f1ada para fijar el peinado con precisi\u00f3n y fijaci\u00f3n extrema, manteniendo ligereza y movimiento natural.","robots":{"index":"index","follow":"follow","max-snippet":"max-snippet:-1","max-image-preview":"max-image-preview:large","max-video-preview":"max-video-preview:-1"},"canonical":"https:\/\/seipuntozero-haircare.it\/es\/product\/he-she-laca-en-spray-fijacion-extrema\/","og_locale":"es_ES","og_type":"article","og_title":"HE.SHE  Laca en Spray Fijaci\u00f3n Extrema - 6.Zero","og_description":"Una laca profesional dise\u00f1ada para fijar el peinado con precisi\u00f3n y fijaci\u00f3n extrema, manteniendo ligereza y movimiento natural.","og_url":"https:\/\/seipuntozero-haircare.it\/es\/product\/he-she-laca-en-spray-fijacion-extrema\/","og_site_name":"6.Zero","article_modified_time":"2026-04-03T09:51:21+00:00","og_image":[{"width":600,"height":600,"url":"https:\/\/seipuntozero-haircare.it\/wp-content\/uploads\/2026\/03\/lacca-spray-ultra-500ml-sito.png","type":"image\/png"}],"twitter_card":"summary_large_image","twitter_misc":{"Tiempo de lectura":"1 minuto"},"schema":{"@context":"https:\/\/schema.org","@graph":[{"@type":"WebPage","@id":"https:\/\/seipuntozero-haircare.it\/es\/product\/he-she-laca-en-spray-fijacion-extrema\/","url":"https:\/\/seipuntozero-haircare.it\/es\/product\/he-she-laca-en-spray-fijacion-extrema\/","name":"HE.SHE Laca en Spray Fijaci\u00f3n Extrema - 6.Zero","isPartOf":{"@id":"https:\/\/seipuntozero-haircare.it\/es\/#website"},"primaryImageOfPage":{"@id":"https:\/\/seipuntozero-haircare.it\/es\/product\/he-she-laca-en-spray-fijacion-extrema\/#primaryimage"},"image":{"@id":"https:\/\/seipuntozero-haircare.it\/es\/product\/he-she-laca-en-spray-fijacion-extrema\/#primaryimage"},"thumbnailUrl":"https:\/\/seipuntozero-haircare.it\/wp-content\/uploads\/2026\/03\/lacca-spray-ultra-500ml-sito.png","datePublished":"2026-04-03T09:41:40+00:00","dateModified":"2026-04-03T09:51:21+00:00","description":"Una laca profesional dise\u00f1ada para fijar el peinado con precisi\u00f3n y fijaci\u00f3n extrema, manteniendo ligereza y movimiento natural.","breadcrumb":{"@id":"https:\/\/seipuntozero-haircare.it\/es\/product\/he-she-laca-en-spray-fijacion-extrema\/#breadcrumb"},"inLanguage":"es","potentialAction":[{"@type":"ReadAction","target":["https:\/\/seipuntozero-haircare.it\/es\/product\/he-she-laca-en-spray-fijacion-extrema\/"]}]},{"@type":"ImageObject","inLanguage":"es","@id":"https:\/\/seipuntozero-haircare.it\/es\/product\/he-she-laca-en-spray-fijacion-extrema\/#primaryimage","url":"https:\/\/seipuntozero-haircare.it\/wp-content\/uploads\/2026\/03\/lacca-spray-ultra-500ml-sito.png","contentUrl":"https:\/\/seipuntozero-haircare.it\/wp-content\/uploads\/2026\/03\/lacca-spray-ultra-500ml-sito.png","width":600,"height":600},{"@type":"BreadcrumbList","@id":"https:\/\/seipuntozero-haircare.it\/es\/product\/he-she-laca-en-spray-fijacion-extrema\/#breadcrumb","itemListElement":[{"@type":"ListItem","position":1,"name":"Home","item":"https:\/\/seipuntozero-haircare.it\/es\/"},{"@type":"ListItem","position":2,"name":"Products","item":"https:\/\/seipuntozero-haircare.it\/es\/shop\/"},{"@type":"ListItem","position":3,"name":"HE.SHE Laca en Spray Fijaci\u00f3n Extrema"}]},{"@type":"WebSite","@id":"https:\/\/seipuntozero-haircare.it\/es\/#website","url":"https:\/\/seipuntozero-haircare.it\/es\/","name":"6.Zero","description":"Essential Touch","potentialAction":[{"@type":"SearchAction","target":{"@type":"EntryPoint","urlTemplate":"https:\/\/seipuntozero-haircare.it\/es\/?s={search_term_string}"},"query-input":{"@type":"PropertyValueSpecification","valueRequired":true,"valueName":"search_term_string"}}],"inLanguage":"es"}]}},"_links":{"self":[{"href":"https:\/\/seipuntozero-haircare.it\/es\/wp-json\/wp\/v2\/product\/24432","targetHints":{"allow":["GET"]}}],"collection":[{"href":"https:\/\/seipuntozero-haircare.it\/es\/wp-json\/wp\/v2\/product"}],"about":[{"href":"https:\/\/seipuntozero-haircare.it\/es\/wp-json\/wp\/v2\/types\/product"}],"wp:featuredmedia":[{"embeddable":true,"href":"https:\/\/seipuntozero-haircare.it\/es\/wp-json\/wp\/v2\/media\/24427"}],"wp:attachment":[{"href":"https:\/\/seipuntozero-haircare.it\/es\/wp-json\/wp\/v2\/media?parent=24432"}],"wp:term":[{"taxonomy":"product_brand","embeddable":true,"href":"https:\/\/seipuntozero-haircare.it\/es\/wp-json\/wp\/v2\/product_brand?post=24432"},{"taxonomy":"product_cat","embeddable":true,"href":"https:\/\/seipuntozero-haircare.it\/es\/wp-json\/wp\/v2\/product_cat?post=24432"},{"taxonomy":"product_tag","embeddable":true,"href":"https:\/\/seipuntozero-haircare.it\/es\/wp-json\/wp\/v2\/product_tag?post=24432"}],"curies":[{"name":"wp","href":"https:\/\/api.w.org\/{rel}","templated":true}]}}