{"id":24052,"date":"2024-10-25T09:10:58","date_gmt":"2024-10-25T07:10:59","guid":{"rendered":"https:\/\/seipuntozero-haircare.it\/?post_type=product&#038;p=24052"},"modified":"2024-10-25T09:36:04","modified_gmt":"2024-10-25T07:36:04","slug":"take-over-protective-color-spray-sellador-del-color","status":"publish","type":"product","link":"https:\/\/seipuntozero-haircare.it\/es\/product\/take-over-protective-color-spray-sellador-del-color\/","title":{"rendered":"TAKE OVER \u2013 PROTECTIVE COLOR <br> Spray sellador del color"},"content":{"rendered":"<ul>\n<li>Mantiene el<strong> color vivo<\/strong>, <strong>brillante y radiante<\/strong><\/li>\n<li>Vuelve el <strong>cabello suave<\/strong> contrarrestando la<strong> humedad<\/strong> y el<strong> efecto encrespamiento<\/strong><\/li>\n<li>Resultado<strong> de larga duraci\u00f3n<\/strong> hasta<strong> 3 lavados<\/strong><\/li>\n<\/ul>\n","protected":false},"excerpt":{"rendered":"<p>Protector de color Take Over, <strong>spray sellador del color<\/strong> Se activa con una <strong>fuente de calor <\/strong>y act\u00faa como una<strong> barrera protectora<\/strong>.<br \/>\n<strong>Sella<\/strong> el<strong>color<\/strong>,<strong> preserva<\/strong> el <strong>brillo<\/strong> y la <strong>suavidad<\/strong> del cabello y tiene una<strong> potente acci\u00f3n antihumedad.<\/strong><\/p>\n<p>El <strong>cabello te\u00f1ido y tratado <\/strong>resultar\u00e1 m\u00e1s <strong>f\u00e1cil de peinar<\/strong> y de <strong>manejar<\/strong>.<\/p>\n<p>Frasco 150 ml<\/p>\n<p>&nbsp;<\/p>\n","protected":false},"featured_media":24062,"template":"","meta":[],"product_brand":[],"product_cat":[954],"product_tag":[],"class_list":["post-24052","product","type-product","status-publish","has-post-thumbnail","hentry","product_cat-take-over-protective-color-es"],"yoast_head":"<!-- This site is optimized with the Yoast SEO plugin v27.1.1 - https:\/\/yoast.com\/product\/yoast-seo-wordpress\/ -->\n<title>Take Over Protective Color | Spray sellador del color<\/title>\n<meta name=\"description\" content=\"Protector de color Take Over, spray sellador del color Se activa con una fuente de calor y act\u00faa como una barrera protectora.\" \/>\n<meta name=\"robots\" content=\"index, follow, max-snippet:-1, max-image-preview:large, max-video-preview:-1\" \/>\n<link rel=\"canonical\" href=\"https:\/\/seipuntozero-haircare.it\/es\/product\/take-over-protective-color-spray-sellador-del-color\/\" \/>\n<meta property=\"og:locale\" content=\"es_ES\" \/>\n<meta property=\"og:type\" content=\"article\" \/>\n<meta property=\"og:title\" content=\"Take Over Protective Color | Spray sellador del color\" \/>\n<meta property=\"og:description\" content=\"Protector de color Take Over, spray sellador del color Se activa con una fuente de calor y act\u00faa como una barrera protectora.\" \/>\n<meta property=\"og:url\" content=\"https:\/\/seipuntozero-haircare.it\/es\/product\/take-over-protective-color-spray-sellador-del-color\/\" \/>\n<meta property=\"og:site_name\" content=\"6.Zero\" \/>\n<meta property=\"article:modified_time\" content=\"2024-10-25T07:36:04+00:00\" \/>\n<meta property=\"og:image\" content=\"https:\/\/seipuntozero-haircare.it\/wp-content\/uploads\/2024\/10\/263486_sei_punto_zero_take_over_protective_color_spray_150ml.png\" \/>\n\t<meta property=\"og:image:width\" content=\"800\" \/>\n\t<meta property=\"og:image:height\" content=\"800\" \/>\n\t<meta property=\"og:image:type\" content=\"image\/png\" \/>\n<meta name=\"twitter:card\" content=\"summary_large_image\" \/>\n<meta name=\"twitter:label1\" content=\"Tiempo de lectura\" \/>\n\t<meta name=\"twitter:data1\" content=\"1 minuto\" \/>\n<script type=\"application\/ld+json\" class=\"yoast-schema-graph\">{\"@context\":\"https:\/\/schema.org\",\"@graph\":[{\"@type\":\"WebPage\",\"@id\":\"https:\/\/seipuntozero-haircare.it\/es\/product\/take-over-protective-color-spray-sellador-del-color\/\",\"url\":\"https:\/\/seipuntozero-haircare.it\/es\/product\/take-over-protective-color-spray-sellador-del-color\/\",\"name\":\"Take Over Protective Color | Spray sellador del color\",\"isPartOf\":{\"@id\":\"https:\/\/seipuntozero-haircare.it\/es\/#website\"},\"primaryImageOfPage\":{\"@id\":\"https:\/\/seipuntozero-haircare.it\/es\/product\/take-over-protective-color-spray-sellador-del-color\/#primaryimage\"},\"image\":{\"@id\":\"https:\/\/seipuntozero-haircare.it\/es\/product\/take-over-protective-color-spray-sellador-del-color\/#primaryimage\"},\"thumbnailUrl\":\"https:\/\/seipuntozero-haircare.it\/wp-content\/uploads\/2024\/10\/263486_sei_punto_zero_take_over_protective_color_spray_150ml.png\",\"datePublished\":\"2024-10-25T07:10:59+00:00\",\"dateModified\":\"2024-10-25T07:36:04+00:00\",\"description\":\"Protector de color Take Over, spray sellador del color Se activa con una fuente de calor y act\u00faa como una barrera protectora.\",\"breadcrumb\":{\"@id\":\"https:\/\/seipuntozero-haircare.it\/es\/product\/take-over-protective-color-spray-sellador-del-color\/#breadcrumb\"},\"inLanguage\":\"es\",\"potentialAction\":[{\"@type\":\"ReadAction\",\"target\":[\"https:\/\/seipuntozero-haircare.it\/es\/product\/take-over-protective-color-spray-sellador-del-color\/\"]}]},{\"@type\":\"ImageObject\",\"inLanguage\":\"es\",\"@id\":\"https:\/\/seipuntozero-haircare.it\/es\/product\/take-over-protective-color-spray-sellador-del-color\/#primaryimage\",\"url\":\"https:\/\/seipuntozero-haircare.it\/wp-content\/uploads\/2024\/10\/263486_sei_punto_zero_take_over_protective_color_spray_150ml.png\",\"contentUrl\":\"https:\/\/seipuntozero-haircare.it\/wp-content\/uploads\/2024\/10\/263486_sei_punto_zero_take_over_protective_color_spray_150ml.png\",\"width\":800,\"height\":800},{\"@type\":\"BreadcrumbList\",\"@id\":\"https:\/\/seipuntozero-haircare.it\/es\/product\/take-over-protective-color-spray-sellador-del-color\/#breadcrumb\",\"itemListElement\":[{\"@type\":\"ListItem\",\"position\":1,\"name\":\"Home\",\"item\":\"https:\/\/seipuntozero-haircare.it\/es\/\"},{\"@type\":\"ListItem\",\"position\":2,\"name\":\"Products\",\"item\":\"https:\/\/seipuntozero-haircare.it\/es\/shop\/\"},{\"@type\":\"ListItem\",\"position\":3,\"name\":\"TAKE OVER \u2013 PROTECTIVE COLOR Spray sellador del color\"}]},{\"@type\":\"WebSite\",\"@id\":\"https:\/\/seipuntozero-haircare.it\/es\/#website\",\"url\":\"https:\/\/seipuntozero-haircare.it\/es\/\",\"name\":\"6.Zero\",\"description\":\"Essential Touch\",\"potentialAction\":[{\"@type\":\"SearchAction\",\"target\":{\"@type\":\"EntryPoint\",\"urlTemplate\":\"https:\/\/seipuntozero-haircare.it\/es\/?s={search_term_string}\"},\"query-input\":{\"@type\":\"PropertyValueSpecification\",\"valueRequired\":true,\"valueName\":\"search_term_string\"}}],\"inLanguage\":\"es\"}]}<\/script>\n<!-- \/ Yoast SEO plugin. -->","yoast_head_json":{"title":"Take Over Protective Color | Spray sellador del color","description":"Protector de color Take Over, spray sellador del color Se activa con una fuente de calor y act\u00faa como una barrera protectora.","robots":{"index":"index","follow":"follow","max-snippet":"max-snippet:-1","max-image-preview":"max-image-preview:large","max-video-preview":"max-video-preview:-1"},"canonical":"https:\/\/seipuntozero-haircare.it\/es\/product\/take-over-protective-color-spray-sellador-del-color\/","og_locale":"es_ES","og_type":"article","og_title":"Take Over Protective Color | Spray sellador del color","og_description":"Protector de color Take Over, spray sellador del color Se activa con una fuente de calor y act\u00faa como una barrera protectora.","og_url":"https:\/\/seipuntozero-haircare.it\/es\/product\/take-over-protective-color-spray-sellador-del-color\/","og_site_name":"6.Zero","article_modified_time":"2024-10-25T07:36:04+00:00","og_image":[{"width":800,"height":800,"url":"https:\/\/seipuntozero-haircare.it\/wp-content\/uploads\/2024\/10\/263486_sei_punto_zero_take_over_protective_color_spray_150ml.png","type":"image\/png"}],"twitter_card":"summary_large_image","twitter_misc":{"Tiempo de lectura":"1 minuto"},"schema":{"@context":"https:\/\/schema.org","@graph":[{"@type":"WebPage","@id":"https:\/\/seipuntozero-haircare.it\/es\/product\/take-over-protective-color-spray-sellador-del-color\/","url":"https:\/\/seipuntozero-haircare.it\/es\/product\/take-over-protective-color-spray-sellador-del-color\/","name":"Take Over Protective Color | Spray sellador del color","isPartOf":{"@id":"https:\/\/seipuntozero-haircare.it\/es\/#website"},"primaryImageOfPage":{"@id":"https:\/\/seipuntozero-haircare.it\/es\/product\/take-over-protective-color-spray-sellador-del-color\/#primaryimage"},"image":{"@id":"https:\/\/seipuntozero-haircare.it\/es\/product\/take-over-protective-color-spray-sellador-del-color\/#primaryimage"},"thumbnailUrl":"https:\/\/seipuntozero-haircare.it\/wp-content\/uploads\/2024\/10\/263486_sei_punto_zero_take_over_protective_color_spray_150ml.png","datePublished":"2024-10-25T07:10:59+00:00","dateModified":"2024-10-25T07:36:04+00:00","description":"Protector de color Take Over, spray sellador del color Se activa con una fuente de calor y act\u00faa como una barrera protectora.","breadcrumb":{"@id":"https:\/\/seipuntozero-haircare.it\/es\/product\/take-over-protective-color-spray-sellador-del-color\/#breadcrumb"},"inLanguage":"es","potentialAction":[{"@type":"ReadAction","target":["https:\/\/seipuntozero-haircare.it\/es\/product\/take-over-protective-color-spray-sellador-del-color\/"]}]},{"@type":"ImageObject","inLanguage":"es","@id":"https:\/\/seipuntozero-haircare.it\/es\/product\/take-over-protective-color-spray-sellador-del-color\/#primaryimage","url":"https:\/\/seipuntozero-haircare.it\/wp-content\/uploads\/2024\/10\/263486_sei_punto_zero_take_over_protective_color_spray_150ml.png","contentUrl":"https:\/\/seipuntozero-haircare.it\/wp-content\/uploads\/2024\/10\/263486_sei_punto_zero_take_over_protective_color_spray_150ml.png","width":800,"height":800},{"@type":"BreadcrumbList","@id":"https:\/\/seipuntozero-haircare.it\/es\/product\/take-over-protective-color-spray-sellador-del-color\/#breadcrumb","itemListElement":[{"@type":"ListItem","position":1,"name":"Home","item":"https:\/\/seipuntozero-haircare.it\/es\/"},{"@type":"ListItem","position":2,"name":"Products","item":"https:\/\/seipuntozero-haircare.it\/es\/shop\/"},{"@type":"ListItem","position":3,"name":"TAKE OVER \u2013 PROTECTIVE COLOR Spray sellador del color"}]},{"@type":"WebSite","@id":"https:\/\/seipuntozero-haircare.it\/es\/#website","url":"https:\/\/seipuntozero-haircare.it\/es\/","name":"6.Zero","description":"Essential Touch","potentialAction":[{"@type":"SearchAction","target":{"@type":"EntryPoint","urlTemplate":"https:\/\/seipuntozero-haircare.it\/es\/?s={search_term_string}"},"query-input":{"@type":"PropertyValueSpecification","valueRequired":true,"valueName":"search_term_string"}}],"inLanguage":"es"}]}},"_links":{"self":[{"href":"https:\/\/seipuntozero-haircare.it\/es\/wp-json\/wp\/v2\/product\/24052","targetHints":{"allow":["GET"]}}],"collection":[{"href":"https:\/\/seipuntozero-haircare.it\/es\/wp-json\/wp\/v2\/product"}],"about":[{"href":"https:\/\/seipuntozero-haircare.it\/es\/wp-json\/wp\/v2\/types\/product"}],"wp:featuredmedia":[{"embeddable":true,"href":"https:\/\/seipuntozero-haircare.it\/es\/wp-json\/wp\/v2\/media\/24062"}],"wp:attachment":[{"href":"https:\/\/seipuntozero-haircare.it\/es\/wp-json\/wp\/v2\/media?parent=24052"}],"wp:term":[{"taxonomy":"product_brand","embeddable":true,"href":"https:\/\/seipuntozero-haircare.it\/es\/wp-json\/wp\/v2\/product_brand?post=24052"},{"taxonomy":"product_cat","embeddable":true,"href":"https:\/\/seipuntozero-haircare.it\/es\/wp-json\/wp\/v2\/product_cat?post=24052"},{"taxonomy":"product_tag","embeddable":true,"href":"https:\/\/seipuntozero-haircare.it\/es\/wp-json\/wp\/v2\/product_tag?post=24052"}],"curies":[{"name":"wp","href":"https:\/\/api.w.org\/{rel}","templated":true}]}}