{"id":23385,"date":"2024-06-26T12:20:08","date_gmt":"2024-06-26T10:21:27","guid":{"rendered":"https:\/\/seipuntozero-haircare.it\/?post_type=product&#038;p=23385"},"modified":"2024-06-27T11:30:00","modified_gmt":"2024-06-27T09:30:00","slug":"kromlite-double-mode-coloracion-semipermanente-sin-amoniaco","status":"publish","type":"product","link":"https:\/\/seipuntozero-haircare.it\/es\/product\/kromlite-double-mode-coloracion-semipermanente-sin-amoniaco\/","title":{"rendered":"KROMLITE <br> Coloraci\u00f3n semipermanente sin amoniaco"},"content":{"rendered":"<ul>\n<li><strong>Cobertura<\/strong> de las canas <strong>hasta el 80 %<\/strong><\/li>\n<li>Hasta 3 niveles de aclarado<\/li>\n<li>Tambi\u00e9n ideal para <strong>el cabello<\/strong> <strong>estresado y da\u00f1ado<\/strong><\/li>\n<\/ul>\n","protected":false},"excerpt":{"rendered":"<p>Kromlite es el<strong> coloraci\u00f3n semipermanente con base de aceite<\/strong>, sin amoniaco, dise\u00f1ada para ofrecer<strong> dos tipos de coloraci\u00f3n<\/strong> en una soluci\u00f3n. Su<strong> f\u00f3rmula bivalente<\/strong> te permite obtener tanto<strong> esmaltes naturales <\/strong>como <strong>colores tono sobre tono<\/strong>.<\/p>\n<p>Enriquecida con <strong>aceite de macadamia<\/strong> y <strong>Extractos de t\u00e9 verde<\/strong> <strong>y sa\u00faco<\/strong>, Kromlite da una <strong>intensidad de reflejo<\/strong> y <strong>un brillo<\/strong> extraordinario para un<strong> efecto natural y duradero<\/strong>.<\/p>\n<p>&nbsp;<\/p>\n<p>Uso profesional<\/p>\n<p>Frasco de 60 ml<\/p>\n<p>42 matices<\/p>\n","protected":false},"featured_media":22789,"template":"","meta":[],"product_brand":[],"product_cat":[945],"product_tag":[],"class_list":["post-23385","product","type-product","status-publish","has-post-thumbnail","hentry","product_cat-coloracion-profesional"],"yoast_head":"<!-- This site is optimized with the Yoast SEO plugin v27.1.1 - https:\/\/yoast.com\/product\/yoast-seo-wordpress\/ -->\n<title>KROMLITE - Coloraci\u00f3n semipermanente sin amoniaco<\/title>\n<meta name=\"description\" content=\"Kromlite es el coloraci\u00f3n semipermanente con base de aceite, sin amoniaco, dise\u00f1ada para ofrecer dos tipos de coloraci\u00f3n en una soluci\u00f3n.\" \/>\n<meta name=\"robots\" content=\"index, follow, max-snippet:-1, max-image-preview:large, max-video-preview:-1\" \/>\n<link rel=\"canonical\" href=\"https:\/\/seipuntozero-haircare.it\/es\/product\/kromlite-double-mode-coloracion-semipermanente-sin-amoniaco\/\" \/>\n<meta property=\"og:locale\" content=\"es_ES\" \/>\n<meta property=\"og:type\" content=\"article\" \/>\n<meta property=\"og:title\" content=\"KROMLITE - Coloraci\u00f3n semipermanente sin amoniaco\" \/>\n<meta property=\"og:description\" content=\"Kromlite es el coloraci\u00f3n semipermanente con base de aceite, sin amoniaco, dise\u00f1ada para ofrecer dos tipos de coloraci\u00f3n en una soluci\u00f3n.\" \/>\n<meta property=\"og:url\" content=\"https:\/\/seipuntozero-haircare.it\/es\/product\/kromlite-double-mode-coloracion-semipermanente-sin-amoniaco\/\" \/>\n<meta property=\"og:site_name\" content=\"6.Zero\" \/>\n<meta property=\"article:modified_time\" content=\"2024-06-27T09:30:00+00:00\" \/>\n<meta property=\"og:image\" content=\"https:\/\/seipuntozero-haircare.it\/wp-content\/uploads\/2024\/06\/265xxx_sei_punto_zero_kromlite.png\" \/>\n\t<meta property=\"og:image:width\" content=\"800\" \/>\n\t<meta property=\"og:image:height\" content=\"800\" \/>\n\t<meta property=\"og:image:type\" content=\"image\/png\" \/>\n<meta name=\"twitter:card\" content=\"summary_large_image\" \/>\n<meta name=\"twitter:label1\" content=\"Tiempo de lectura\" \/>\n\t<meta name=\"twitter:data1\" content=\"1 minuto\" \/>\n<script type=\"application\/ld+json\" class=\"yoast-schema-graph\">{\"@context\":\"https:\/\/schema.org\",\"@graph\":[{\"@type\":\"WebPage\",\"@id\":\"https:\/\/seipuntozero-haircare.it\/es\/product\/kromlite-double-mode-coloracion-semipermanente-sin-amoniaco\/\",\"url\":\"https:\/\/seipuntozero-haircare.it\/es\/product\/kromlite-double-mode-coloracion-semipermanente-sin-amoniaco\/\",\"name\":\"KROMLITE - Coloraci\u00f3n semipermanente sin amoniaco\",\"isPartOf\":{\"@id\":\"https:\/\/seipuntozero-haircare.it\/es\/#website\"},\"primaryImageOfPage\":{\"@id\":\"https:\/\/seipuntozero-haircare.it\/es\/product\/kromlite-double-mode-coloracion-semipermanente-sin-amoniaco\/#primaryimage\"},\"image\":{\"@id\":\"https:\/\/seipuntozero-haircare.it\/es\/product\/kromlite-double-mode-coloracion-semipermanente-sin-amoniaco\/#primaryimage\"},\"thumbnailUrl\":\"https:\/\/seipuntozero-haircare.it\/wp-content\/uploads\/2024\/06\/265xxx_sei_punto_zero_kromlite.png\",\"datePublished\":\"2024-06-26T10:21:27+00:00\",\"dateModified\":\"2024-06-27T09:30:00+00:00\",\"description\":\"Kromlite es el coloraci\u00f3n semipermanente con base de aceite, sin amoniaco, dise\u00f1ada para ofrecer dos tipos de coloraci\u00f3n en una soluci\u00f3n.\",\"breadcrumb\":{\"@id\":\"https:\/\/seipuntozero-haircare.it\/es\/product\/kromlite-double-mode-coloracion-semipermanente-sin-amoniaco\/#breadcrumb\"},\"inLanguage\":\"es\",\"potentialAction\":[{\"@type\":\"ReadAction\",\"target\":[\"https:\/\/seipuntozero-haircare.it\/es\/product\/kromlite-double-mode-coloracion-semipermanente-sin-amoniaco\/\"]}]},{\"@type\":\"ImageObject\",\"inLanguage\":\"es\",\"@id\":\"https:\/\/seipuntozero-haircare.it\/es\/product\/kromlite-double-mode-coloracion-semipermanente-sin-amoniaco\/#primaryimage\",\"url\":\"https:\/\/seipuntozero-haircare.it\/wp-content\/uploads\/2024\/06\/265xxx_sei_punto_zero_kromlite.png\",\"contentUrl\":\"https:\/\/seipuntozero-haircare.it\/wp-content\/uploads\/2024\/06\/265xxx_sei_punto_zero_kromlite.png\",\"width\":800,\"height\":800},{\"@type\":\"BreadcrumbList\",\"@id\":\"https:\/\/seipuntozero-haircare.it\/es\/product\/kromlite-double-mode-coloracion-semipermanente-sin-amoniaco\/#breadcrumb\",\"itemListElement\":[{\"@type\":\"ListItem\",\"position\":1,\"name\":\"Home\",\"item\":\"https:\/\/seipuntozero-haircare.it\/es\/\"},{\"@type\":\"ListItem\",\"position\":2,\"name\":\"Products\",\"item\":\"https:\/\/seipuntozero-haircare.it\/es\/shop\/\"},{\"@type\":\"ListItem\",\"position\":3,\"name\":\"KROMLITE Coloraci\u00f3n semipermanente sin amoniaco\"}]},{\"@type\":\"WebSite\",\"@id\":\"https:\/\/seipuntozero-haircare.it\/es\/#website\",\"url\":\"https:\/\/seipuntozero-haircare.it\/es\/\",\"name\":\"6.Zero\",\"description\":\"Essential Touch\",\"potentialAction\":[{\"@type\":\"SearchAction\",\"target\":{\"@type\":\"EntryPoint\",\"urlTemplate\":\"https:\/\/seipuntozero-haircare.it\/es\/?s={search_term_string}\"},\"query-input\":{\"@type\":\"PropertyValueSpecification\",\"valueRequired\":true,\"valueName\":\"search_term_string\"}}],\"inLanguage\":\"es\"}]}<\/script>\n<!-- \/ Yoast SEO plugin. -->","yoast_head_json":{"title":"KROMLITE - Coloraci\u00f3n semipermanente sin amoniaco","description":"Kromlite es el coloraci\u00f3n semipermanente con base de aceite, sin amoniaco, dise\u00f1ada para ofrecer dos tipos de coloraci\u00f3n en una soluci\u00f3n.","robots":{"index":"index","follow":"follow","max-snippet":"max-snippet:-1","max-image-preview":"max-image-preview:large","max-video-preview":"max-video-preview:-1"},"canonical":"https:\/\/seipuntozero-haircare.it\/es\/product\/kromlite-double-mode-coloracion-semipermanente-sin-amoniaco\/","og_locale":"es_ES","og_type":"article","og_title":"KROMLITE - Coloraci\u00f3n semipermanente sin amoniaco","og_description":"Kromlite es el coloraci\u00f3n semipermanente con base de aceite, sin amoniaco, dise\u00f1ada para ofrecer dos tipos de coloraci\u00f3n en una soluci\u00f3n.","og_url":"https:\/\/seipuntozero-haircare.it\/es\/product\/kromlite-double-mode-coloracion-semipermanente-sin-amoniaco\/","og_site_name":"6.Zero","article_modified_time":"2024-06-27T09:30:00+00:00","og_image":[{"width":800,"height":800,"url":"https:\/\/seipuntozero-haircare.it\/wp-content\/uploads\/2024\/06\/265xxx_sei_punto_zero_kromlite.png","type":"image\/png"}],"twitter_card":"summary_large_image","twitter_misc":{"Tiempo de lectura":"1 minuto"},"schema":{"@context":"https:\/\/schema.org","@graph":[{"@type":"WebPage","@id":"https:\/\/seipuntozero-haircare.it\/es\/product\/kromlite-double-mode-coloracion-semipermanente-sin-amoniaco\/","url":"https:\/\/seipuntozero-haircare.it\/es\/product\/kromlite-double-mode-coloracion-semipermanente-sin-amoniaco\/","name":"KROMLITE - Coloraci\u00f3n semipermanente sin amoniaco","isPartOf":{"@id":"https:\/\/seipuntozero-haircare.it\/es\/#website"},"primaryImageOfPage":{"@id":"https:\/\/seipuntozero-haircare.it\/es\/product\/kromlite-double-mode-coloracion-semipermanente-sin-amoniaco\/#primaryimage"},"image":{"@id":"https:\/\/seipuntozero-haircare.it\/es\/product\/kromlite-double-mode-coloracion-semipermanente-sin-amoniaco\/#primaryimage"},"thumbnailUrl":"https:\/\/seipuntozero-haircare.it\/wp-content\/uploads\/2024\/06\/265xxx_sei_punto_zero_kromlite.png","datePublished":"2024-06-26T10:21:27+00:00","dateModified":"2024-06-27T09:30:00+00:00","description":"Kromlite es el coloraci\u00f3n semipermanente con base de aceite, sin amoniaco, dise\u00f1ada para ofrecer dos tipos de coloraci\u00f3n en una soluci\u00f3n.","breadcrumb":{"@id":"https:\/\/seipuntozero-haircare.it\/es\/product\/kromlite-double-mode-coloracion-semipermanente-sin-amoniaco\/#breadcrumb"},"inLanguage":"es","potentialAction":[{"@type":"ReadAction","target":["https:\/\/seipuntozero-haircare.it\/es\/product\/kromlite-double-mode-coloracion-semipermanente-sin-amoniaco\/"]}]},{"@type":"ImageObject","inLanguage":"es","@id":"https:\/\/seipuntozero-haircare.it\/es\/product\/kromlite-double-mode-coloracion-semipermanente-sin-amoniaco\/#primaryimage","url":"https:\/\/seipuntozero-haircare.it\/wp-content\/uploads\/2024\/06\/265xxx_sei_punto_zero_kromlite.png","contentUrl":"https:\/\/seipuntozero-haircare.it\/wp-content\/uploads\/2024\/06\/265xxx_sei_punto_zero_kromlite.png","width":800,"height":800},{"@type":"BreadcrumbList","@id":"https:\/\/seipuntozero-haircare.it\/es\/product\/kromlite-double-mode-coloracion-semipermanente-sin-amoniaco\/#breadcrumb","itemListElement":[{"@type":"ListItem","position":1,"name":"Home","item":"https:\/\/seipuntozero-haircare.it\/es\/"},{"@type":"ListItem","position":2,"name":"Products","item":"https:\/\/seipuntozero-haircare.it\/es\/shop\/"},{"@type":"ListItem","position":3,"name":"KROMLITE Coloraci\u00f3n semipermanente sin amoniaco"}]},{"@type":"WebSite","@id":"https:\/\/seipuntozero-haircare.it\/es\/#website","url":"https:\/\/seipuntozero-haircare.it\/es\/","name":"6.Zero","description":"Essential Touch","potentialAction":[{"@type":"SearchAction","target":{"@type":"EntryPoint","urlTemplate":"https:\/\/seipuntozero-haircare.it\/es\/?s={search_term_string}"},"query-input":{"@type":"PropertyValueSpecification","valueRequired":true,"valueName":"search_term_string"}}],"inLanguage":"es"}]}},"_links":{"self":[{"href":"https:\/\/seipuntozero-haircare.it\/es\/wp-json\/wp\/v2\/product\/23385","targetHints":{"allow":["GET"]}}],"collection":[{"href":"https:\/\/seipuntozero-haircare.it\/es\/wp-json\/wp\/v2\/product"}],"about":[{"href":"https:\/\/seipuntozero-haircare.it\/es\/wp-json\/wp\/v2\/types\/product"}],"wp:featuredmedia":[{"embeddable":true,"href":"https:\/\/seipuntozero-haircare.it\/es\/wp-json\/wp\/v2\/media\/22789"}],"wp:attachment":[{"href":"https:\/\/seipuntozero-haircare.it\/es\/wp-json\/wp\/v2\/media?parent=23385"}],"wp:term":[{"taxonomy":"product_brand","embeddable":true,"href":"https:\/\/seipuntozero-haircare.it\/es\/wp-json\/wp\/v2\/product_brand?post=23385"},{"taxonomy":"product_cat","embeddable":true,"href":"https:\/\/seipuntozero-haircare.it\/es\/wp-json\/wp\/v2\/product_cat?post=23385"},{"taxonomy":"product_tag","embeddable":true,"href":"https:\/\/seipuntozero-haircare.it\/es\/wp-json\/wp\/v2\/product_tag?post=23385"}],"curies":[{"name":"wp","href":"https:\/\/api.w.org\/{rel}","templated":true}]}}