{"id":19062,"date":"2021-12-13T09:00:22","date_gmt":"2021-11-25T09:34:22","guid":{"rendered":"https:\/\/seipuntozero-haircare.it\/?post_type=product&#038;p=19062"},"modified":"2021-12-13T10:44:27","modified_gmt":"2021-12-13T09:44:27","slug":"hy-plex-kit","status":"publish","type":"product","link":"https:\/\/seipuntozero-haircare.it\/es\/product\/hy-plex-kit\/","title":{"rendered":"HY-PLEX <br> KIT"},"content":{"rendered":"<ul>\n<li style=\"font-weight: 400;\" aria-level=\"1\"><span style=\"font-weight: 400;\">Revitaliza los cabellos tratados<\/span><\/li>\n<li style=\"font-weight: 400;\" aria-level=\"1\"><span style=\"font-weight: 400;\">Aporta suavidad y luminosidad extrema al cabello<\/span><\/li>\n<li style=\"font-weight: 400;\" aria-level=\"1\"><span style=\"font-weight: 400;\">Regenera la cut\u00edcula\u00a0<\/span><\/li>\n<li style=\"font-weight: 400;\" aria-level=\"1\"><span style=\"font-weight: 400;\">Reduce la rotura del cabello<\/span><\/li>\n<\/ul>\n","protected":false},"excerpt":{"rendered":"<p><span style=\"font-weight: 400;\">La innovaci\u00f3n comienza desde el interior: HY-PLEX es el exclusivo tratamiento que revoluciona el enfoque de los servicios t\u00e9cnicos, revitalizando el cabello da\u00f1ado por tratamientos qu\u00edmicos.<\/span><\/p>\n<p><span style=\"font-weight: 400;\">Su especial f\u00f3rmula con HP2-Technology aporta al cabello la m\u00e1xima protecci\u00f3n, antes y despu\u00e9s de los servicios de coloraci\u00f3n, decoloraci\u00f3n o permanente. Para un resultado de\u00a0 suavidad y luminosidad \u00fanica.<\/span><\/p>\n<p>&nbsp;<\/p>\n<p><span style=\"font-weight: 400;\">El kit se compone de:<\/span><\/p>\n<p>&nbsp;<\/p>\n<p><span style=\"font-weight: 400;\">1 unidad de HY-PLEX N\u00b01 (500 ml): Aditivo protector para servicios t\u00e9cnicos<\/span><\/p>\n<p><span style=\"font-weight: 400;\">2 unidades de HY-PLEX N\u00b02 (500 ml): Mascarilla fortificante postratamiento<\/span><\/p>\n","protected":false},"featured_media":18962,"template":"","meta":[],"product_brand":[],"product_cat":[1132],"product_tag":[],"class_list":["post-19062","product","type-product","status-publish","has-post-thumbnail","hentry","product_cat-hy-plex-es"],"yoast_head":"<!-- This site is optimized with the Yoast SEO plugin v27.1.1 - https:\/\/yoast.com\/product\/yoast-seo-wordpress\/ -->\n<title>HY-PLEX | KIT<\/title>\n<meta name=\"description\" content=\"HY-PLEX es el exclusivo tratamiento que revoluciona el enfoque de los servicios t\u00e9cnicos, revitalizando el cabello da\u00f1ado por tratamientos qu\u00edmicos.\" \/>\n<meta name=\"robots\" content=\"index, follow, max-snippet:-1, max-image-preview:large, max-video-preview:-1\" \/>\n<link rel=\"canonical\" href=\"https:\/\/seipuntozero-haircare.it\/es\/product\/hy-plex-kit\/\" \/>\n<meta property=\"og:locale\" content=\"es_ES\" \/>\n<meta property=\"og:type\" content=\"article\" \/>\n<meta property=\"og:title\" content=\"HY-PLEX | KIT\" \/>\n<meta property=\"og:description\" content=\"HY-PLEX es el exclusivo tratamiento que revoluciona el enfoque de los servicios t\u00e9cnicos, revitalizando el cabello da\u00f1ado por tratamientos qu\u00edmicos.\" \/>\n<meta property=\"og:url\" content=\"https:\/\/seipuntozero-haircare.it\/es\/product\/hy-plex-kit\/\" \/>\n<meta property=\"og:site_name\" content=\"6.Zero\" \/>\n<meta property=\"article:modified_time\" content=\"2021-12-13T09:44:27+00:00\" \/>\n<meta property=\"og:image\" content=\"https:\/\/seipuntozero-haircare.it\/wp-content\/uploads\/2021\/11\/263158_sei_punto_zero_hairzoe_restructuring_base_cream_500ml262991_sei_punto_zero_hy_plex_kit_2.png\" \/>\n\t<meta property=\"og:image:width\" content=\"600\" \/>\n\t<meta property=\"og:image:height\" content=\"600\" \/>\n\t<meta property=\"og:image:type\" content=\"image\/png\" \/>\n<meta name=\"twitter:card\" content=\"summary_large_image\" \/>\n<meta name=\"twitter:label1\" content=\"Tiempo de lectura\" \/>\n\t<meta name=\"twitter:data1\" content=\"1 minuto\" \/>\n<script type=\"application\/ld+json\" class=\"yoast-schema-graph\">{\"@context\":\"https:\/\/schema.org\",\"@graph\":[{\"@type\":\"WebPage\",\"@id\":\"https:\/\/seipuntozero-haircare.it\/es\/product\/hy-plex-kit\/\",\"url\":\"https:\/\/seipuntozero-haircare.it\/es\/product\/hy-plex-kit\/\",\"name\":\"HY-PLEX | KIT\",\"isPartOf\":{\"@id\":\"https:\/\/seipuntozero-haircare.it\/es\/#website\"},\"primaryImageOfPage\":{\"@id\":\"https:\/\/seipuntozero-haircare.it\/es\/product\/hy-plex-kit\/#primaryimage\"},\"image\":{\"@id\":\"https:\/\/seipuntozero-haircare.it\/es\/product\/hy-plex-kit\/#primaryimage\"},\"thumbnailUrl\":\"https:\/\/seipuntozero-haircare.it\/wp-content\/uploads\/2021\/11\/263158_sei_punto_zero_hairzoe_restructuring_base_cream_500ml262991_sei_punto_zero_hy_plex_kit_2.png\",\"datePublished\":\"2021-11-25T09:34:22+00:00\",\"dateModified\":\"2021-12-13T09:44:27+00:00\",\"description\":\"HY-PLEX es el exclusivo tratamiento que revoluciona el enfoque de los servicios t\u00e9cnicos, revitalizando el cabello da\u00f1ado por tratamientos qu\u00edmicos.\",\"breadcrumb\":{\"@id\":\"https:\/\/seipuntozero-haircare.it\/es\/product\/hy-plex-kit\/#breadcrumb\"},\"inLanguage\":\"es\",\"potentialAction\":[{\"@type\":\"ReadAction\",\"target\":[\"https:\/\/seipuntozero-haircare.it\/es\/product\/hy-plex-kit\/\"]}]},{\"@type\":\"ImageObject\",\"inLanguage\":\"es\",\"@id\":\"https:\/\/seipuntozero-haircare.it\/es\/product\/hy-plex-kit\/#primaryimage\",\"url\":\"https:\/\/seipuntozero-haircare.it\/wp-content\/uploads\/2021\/11\/263158_sei_punto_zero_hairzoe_restructuring_base_cream_500ml262991_sei_punto_zero_hy_plex_kit_2.png\",\"contentUrl\":\"https:\/\/seipuntozero-haircare.it\/wp-content\/uploads\/2021\/11\/263158_sei_punto_zero_hairzoe_restructuring_base_cream_500ml262991_sei_punto_zero_hy_plex_kit_2.png\",\"width\":600,\"height\":600},{\"@type\":\"BreadcrumbList\",\"@id\":\"https:\/\/seipuntozero-haircare.it\/es\/product\/hy-plex-kit\/#breadcrumb\",\"itemListElement\":[{\"@type\":\"ListItem\",\"position\":1,\"name\":\"Home\",\"item\":\"https:\/\/seipuntozero-haircare.it\/es\/\"},{\"@type\":\"ListItem\",\"position\":2,\"name\":\"Products\",\"item\":\"https:\/\/seipuntozero-haircare.it\/es\/shop\/\"},{\"@type\":\"ListItem\",\"position\":3,\"name\":\"HY-PLEX KIT\"}]},{\"@type\":\"WebSite\",\"@id\":\"https:\/\/seipuntozero-haircare.it\/es\/#website\",\"url\":\"https:\/\/seipuntozero-haircare.it\/es\/\",\"name\":\"6.Zero\",\"description\":\"Essential Touch\",\"potentialAction\":[{\"@type\":\"SearchAction\",\"target\":{\"@type\":\"EntryPoint\",\"urlTemplate\":\"https:\/\/seipuntozero-haircare.it\/es\/?s={search_term_string}\"},\"query-input\":{\"@type\":\"PropertyValueSpecification\",\"valueRequired\":true,\"valueName\":\"search_term_string\"}}],\"inLanguage\":\"es\"}]}<\/script>\n<!-- \/ Yoast SEO plugin. -->","yoast_head_json":{"title":"HY-PLEX | KIT","description":"HY-PLEX es el exclusivo tratamiento que revoluciona el enfoque de los servicios t\u00e9cnicos, revitalizando el cabello da\u00f1ado por tratamientos qu\u00edmicos.","robots":{"index":"index","follow":"follow","max-snippet":"max-snippet:-1","max-image-preview":"max-image-preview:large","max-video-preview":"max-video-preview:-1"},"canonical":"https:\/\/seipuntozero-haircare.it\/es\/product\/hy-plex-kit\/","og_locale":"es_ES","og_type":"article","og_title":"HY-PLEX | KIT","og_description":"HY-PLEX es el exclusivo tratamiento que revoluciona el enfoque de los servicios t\u00e9cnicos, revitalizando el cabello da\u00f1ado por tratamientos qu\u00edmicos.","og_url":"https:\/\/seipuntozero-haircare.it\/es\/product\/hy-plex-kit\/","og_site_name":"6.Zero","article_modified_time":"2021-12-13T09:44:27+00:00","og_image":[{"width":600,"height":600,"url":"https:\/\/seipuntozero-haircare.it\/wp-content\/uploads\/2021\/11\/263158_sei_punto_zero_hairzoe_restructuring_base_cream_500ml262991_sei_punto_zero_hy_plex_kit_2.png","type":"image\/png"}],"twitter_card":"summary_large_image","twitter_misc":{"Tiempo de lectura":"1 minuto"},"schema":{"@context":"https:\/\/schema.org","@graph":[{"@type":"WebPage","@id":"https:\/\/seipuntozero-haircare.it\/es\/product\/hy-plex-kit\/","url":"https:\/\/seipuntozero-haircare.it\/es\/product\/hy-plex-kit\/","name":"HY-PLEX | KIT","isPartOf":{"@id":"https:\/\/seipuntozero-haircare.it\/es\/#website"},"primaryImageOfPage":{"@id":"https:\/\/seipuntozero-haircare.it\/es\/product\/hy-plex-kit\/#primaryimage"},"image":{"@id":"https:\/\/seipuntozero-haircare.it\/es\/product\/hy-plex-kit\/#primaryimage"},"thumbnailUrl":"https:\/\/seipuntozero-haircare.it\/wp-content\/uploads\/2021\/11\/263158_sei_punto_zero_hairzoe_restructuring_base_cream_500ml262991_sei_punto_zero_hy_plex_kit_2.png","datePublished":"2021-11-25T09:34:22+00:00","dateModified":"2021-12-13T09:44:27+00:00","description":"HY-PLEX es el exclusivo tratamiento que revoluciona el enfoque de los servicios t\u00e9cnicos, revitalizando el cabello da\u00f1ado por tratamientos qu\u00edmicos.","breadcrumb":{"@id":"https:\/\/seipuntozero-haircare.it\/es\/product\/hy-plex-kit\/#breadcrumb"},"inLanguage":"es","potentialAction":[{"@type":"ReadAction","target":["https:\/\/seipuntozero-haircare.it\/es\/product\/hy-plex-kit\/"]}]},{"@type":"ImageObject","inLanguage":"es","@id":"https:\/\/seipuntozero-haircare.it\/es\/product\/hy-plex-kit\/#primaryimage","url":"https:\/\/seipuntozero-haircare.it\/wp-content\/uploads\/2021\/11\/263158_sei_punto_zero_hairzoe_restructuring_base_cream_500ml262991_sei_punto_zero_hy_plex_kit_2.png","contentUrl":"https:\/\/seipuntozero-haircare.it\/wp-content\/uploads\/2021\/11\/263158_sei_punto_zero_hairzoe_restructuring_base_cream_500ml262991_sei_punto_zero_hy_plex_kit_2.png","width":600,"height":600},{"@type":"BreadcrumbList","@id":"https:\/\/seipuntozero-haircare.it\/es\/product\/hy-plex-kit\/#breadcrumb","itemListElement":[{"@type":"ListItem","position":1,"name":"Home","item":"https:\/\/seipuntozero-haircare.it\/es\/"},{"@type":"ListItem","position":2,"name":"Products","item":"https:\/\/seipuntozero-haircare.it\/es\/shop\/"},{"@type":"ListItem","position":3,"name":"HY-PLEX KIT"}]},{"@type":"WebSite","@id":"https:\/\/seipuntozero-haircare.it\/es\/#website","url":"https:\/\/seipuntozero-haircare.it\/es\/","name":"6.Zero","description":"Essential Touch","potentialAction":[{"@type":"SearchAction","target":{"@type":"EntryPoint","urlTemplate":"https:\/\/seipuntozero-haircare.it\/es\/?s={search_term_string}"},"query-input":{"@type":"PropertyValueSpecification","valueRequired":true,"valueName":"search_term_string"}}],"inLanguage":"es"}]}},"_links":{"self":[{"href":"https:\/\/seipuntozero-haircare.it\/es\/wp-json\/wp\/v2\/product\/19062","targetHints":{"allow":["GET"]}}],"collection":[{"href":"https:\/\/seipuntozero-haircare.it\/es\/wp-json\/wp\/v2\/product"}],"about":[{"href":"https:\/\/seipuntozero-haircare.it\/es\/wp-json\/wp\/v2\/types\/product"}],"wp:featuredmedia":[{"embeddable":true,"href":"https:\/\/seipuntozero-haircare.it\/es\/wp-json\/wp\/v2\/media\/18962"}],"wp:attachment":[{"href":"https:\/\/seipuntozero-haircare.it\/es\/wp-json\/wp\/v2\/media?parent=19062"}],"wp:term":[{"taxonomy":"product_brand","embeddable":true,"href":"https:\/\/seipuntozero-haircare.it\/es\/wp-json\/wp\/v2\/product_brand?post=19062"},{"taxonomy":"product_cat","embeddable":true,"href":"https:\/\/seipuntozero-haircare.it\/es\/wp-json\/wp\/v2\/product_cat?post=19062"},{"taxonomy":"product_tag","embeddable":true,"href":"https:\/\/seipuntozero-haircare.it\/es\/wp-json\/wp\/v2\/product_tag?post=19062"}],"curies":[{"name":"wp","href":"https:\/\/api.w.org\/{rel}","templated":true}]}}