{"id":19055,"date":"2021-12-13T09:00:59","date_gmt":"2021-11-25T09:29:00","guid":{"rendered":"https:\/\/seipuntozero-haircare.it\/?post_type=product&#038;p=19055"},"modified":"2021-12-13T10:41:52","modified_gmt":"2021-12-13T09:41:52","slug":"hy-plex-n3-tratamiento-multifuncion-para-cabellos-tratados","status":"publish","type":"product","link":"https:\/\/seipuntozero-haircare.it\/es\/product\/hy-plex-n3-tratamiento-multifuncion-para-cabellos-tratados\/","title":{"rendered":"HY-PLEX N\u00b03 <br> Tratamiento multifunci\u00f3n para cabellos tratados"},"content":{"rendered":"<ul>\n<li style=\"font-weight: 400;\" aria-level=\"1\"><span style=\"font-weight: 400;\">\u00datil para el mantenimiento del tratamiento realizado en el sal\u00f3n<\/span><\/li>\n<li style=\"font-weight: 400;\" aria-level=\"1\"><span style=\"font-weight: 400;\">Ayuda a proteger el cabello da\u00f1ado por servicios qu\u00edmicos agresivos<\/span><\/li>\n<li style=\"font-weight: 400;\" aria-level=\"1\"><span style=\"font-weight: 400;\">Renueva y preserva la estructura interna del cabello<\/span><\/li>\n<li style=\"font-weight: 400;\" aria-level=\"1\"><span style=\"font-weight: 400;\">El cabello recupera fuerza y vitalidad<\/span><\/li>\n<\/ul>\n","protected":false},"excerpt":{"rendered":"<p><span style=\"font-weight: 400;\">HY-PLEX N\u00b03 es una emulsi\u00f3n multifunci\u00f3n para aplicar antes o despu\u00e9s del champ\u00fa, \u00fatil para\u00a0 prolongar los resultados\u00a0 del tratamiento HY-PLEX realizado en el sal\u00f3n. Creado para cabellos da\u00f1ados por servicios t\u00e9cnicos como la coloraci\u00f3n, la decoloraci\u00f3n o la permanente, ayuda a mantener un alto nivel de\u00a0 nutrici\u00f3n en el cabello, tambi\u00e9n en casa.<\/span><\/p>\n<p><span style=\"font-weight: 400;\">Gracias a la combinaci\u00f3n de mol\u00e9culas funcionales, su especial f\u00f3rmula con HP2-Technology revueva y\u00a0 preserva la estructura interna\u00a0 del cabello.<\/span><\/p>\n<p><span style=\"font-weight: 400;\">Necesita aclarado.<\/span><\/p>\n<p><span style=\"font-weight: 400;\">150 ml<\/span><\/p>\n","protected":false},"featured_media":24071,"template":"","meta":[],"product_brand":[],"product_cat":[1132],"product_tag":[],"class_list":["post-19055","product","type-product","status-publish","has-post-thumbnail","hentry","product_cat-hy-plex-es"],"yoast_head":"<!-- This site is optimized with the Yoast SEO plugin v27.1.1 - https:\/\/yoast.com\/product\/yoast-seo-wordpress\/ -->\n<title>HY-PLEX N\u00b03 | Tratamiento multifunci\u00f3n para cabellos tratados<\/title>\n<meta name=\"description\" content=\"HY-PLEX N\u00b03 es una emulsi\u00f3n multifunci\u00f3n para aplicar antes o despu\u00e9s del champ\u00fa, \u00fatil para\u00a0 prolongar los resultados\u00a0 del tratamiento HY-PLEX realizado en el sal\u00f3n.\" \/>\n<meta name=\"robots\" content=\"index, follow, max-snippet:-1, max-image-preview:large, max-video-preview:-1\" \/>\n<link rel=\"canonical\" href=\"https:\/\/seipuntozero-haircare.it\/es\/product\/hy-plex-n3-tratamiento-multifuncion-para-cabellos-tratados\/\" \/>\n<meta property=\"og:locale\" content=\"es_ES\" \/>\n<meta property=\"og:type\" content=\"article\" \/>\n<meta property=\"og:title\" content=\"HY-PLEX N\u00b03 | Tratamiento multifunci\u00f3n para cabellos tratados\" \/>\n<meta property=\"og:description\" content=\"HY-PLEX N\u00b03 es una emulsi\u00f3n multifunci\u00f3n para aplicar antes o despu\u00e9s del champ\u00fa, \u00fatil para\u00a0 prolongar los resultados\u00a0 del tratamiento HY-PLEX realizado en el sal\u00f3n.\" \/>\n<meta property=\"og:url\" content=\"https:\/\/seipuntozero-haircare.it\/es\/product\/hy-plex-n3-tratamiento-multifuncion-para-cabellos-tratados\/\" \/>\n<meta property=\"og:site_name\" content=\"6.Zero\" \/>\n<meta property=\"article:modified_time\" content=\"2021-12-13T09:41:52+00:00\" \/>\n<meta property=\"og:image\" content=\"https:\/\/seipuntozero-haircare.it\/wp-content\/uploads\/2021\/11\/262984_sei_punto_zero_hy_plex_multifunctional_treatment_3_150ml.png\" \/>\n\t<meta property=\"og:image:width\" content=\"600\" \/>\n\t<meta property=\"og:image:height\" content=\"600\" \/>\n\t<meta property=\"og:image:type\" content=\"image\/png\" \/>\n<meta name=\"twitter:card\" content=\"summary_large_image\" \/>\n<meta name=\"twitter:label1\" content=\"Tiempo de lectura\" \/>\n\t<meta name=\"twitter:data1\" content=\"1 minuto\" \/>\n<script type=\"application\/ld+json\" class=\"yoast-schema-graph\">{\"@context\":\"https:\/\/schema.org\",\"@graph\":[{\"@type\":\"WebPage\",\"@id\":\"https:\/\/seipuntozero-haircare.it\/es\/product\/hy-plex-n3-tratamiento-multifuncion-para-cabellos-tratados\/\",\"url\":\"https:\/\/seipuntozero-haircare.it\/es\/product\/hy-plex-n3-tratamiento-multifuncion-para-cabellos-tratados\/\",\"name\":\"HY-PLEX N\u00b03 | Tratamiento multifunci\u00f3n para cabellos tratados\",\"isPartOf\":{\"@id\":\"https:\/\/seipuntozero-haircare.it\/es\/#website\"},\"primaryImageOfPage\":{\"@id\":\"https:\/\/seipuntozero-haircare.it\/es\/product\/hy-plex-n3-tratamiento-multifuncion-para-cabellos-tratados\/#primaryimage\"},\"image\":{\"@id\":\"https:\/\/seipuntozero-haircare.it\/es\/product\/hy-plex-n3-tratamiento-multifuncion-para-cabellos-tratados\/#primaryimage\"},\"thumbnailUrl\":\"https:\/\/seipuntozero-haircare.it\/wp-content\/uploads\/2021\/12\/262984_sei_punto_zero_hy_plex_multifunctional_treatment_3_150ml.png\",\"datePublished\":\"2021-11-25T09:29:00+00:00\",\"dateModified\":\"2021-12-13T09:41:52+00:00\",\"description\":\"HY-PLEX N\u00b03 es una emulsi\u00f3n multifunci\u00f3n para aplicar antes o despu\u00e9s del champ\u00fa, \u00fatil para\u00a0 prolongar los resultados\u00a0 del tratamiento HY-PLEX realizado en el sal\u00f3n.\",\"breadcrumb\":{\"@id\":\"https:\/\/seipuntozero-haircare.it\/es\/product\/hy-plex-n3-tratamiento-multifuncion-para-cabellos-tratados\/#breadcrumb\"},\"inLanguage\":\"es\",\"potentialAction\":[{\"@type\":\"ReadAction\",\"target\":[\"https:\/\/seipuntozero-haircare.it\/es\/product\/hy-plex-n3-tratamiento-multifuncion-para-cabellos-tratados\/\"]}]},{\"@type\":\"ImageObject\",\"inLanguage\":\"es\",\"@id\":\"https:\/\/seipuntozero-haircare.it\/es\/product\/hy-plex-n3-tratamiento-multifuncion-para-cabellos-tratados\/#primaryimage\",\"url\":\"https:\/\/seipuntozero-haircare.it\/wp-content\/uploads\/2021\/12\/262984_sei_punto_zero_hy_plex_multifunctional_treatment_3_150ml.png\",\"contentUrl\":\"https:\/\/seipuntozero-haircare.it\/wp-content\/uploads\/2021\/12\/262984_sei_punto_zero_hy_plex_multifunctional_treatment_3_150ml.png\",\"width\":600,\"height\":600},{\"@type\":\"BreadcrumbList\",\"@id\":\"https:\/\/seipuntozero-haircare.it\/es\/product\/hy-plex-n3-tratamiento-multifuncion-para-cabellos-tratados\/#breadcrumb\",\"itemListElement\":[{\"@type\":\"ListItem\",\"position\":1,\"name\":\"Home\",\"item\":\"https:\/\/seipuntozero-haircare.it\/es\/\"},{\"@type\":\"ListItem\",\"position\":2,\"name\":\"Products\",\"item\":\"https:\/\/seipuntozero-haircare.it\/es\/shop\/\"},{\"@type\":\"ListItem\",\"position\":3,\"name\":\"HY-PLEX N\u00b03 Tratamiento multifunci\u00f3n para cabellos tratados\"}]},{\"@type\":\"WebSite\",\"@id\":\"https:\/\/seipuntozero-haircare.it\/es\/#website\",\"url\":\"https:\/\/seipuntozero-haircare.it\/es\/\",\"name\":\"6.Zero\",\"description\":\"Essential Touch\",\"potentialAction\":[{\"@type\":\"SearchAction\",\"target\":{\"@type\":\"EntryPoint\",\"urlTemplate\":\"https:\/\/seipuntozero-haircare.it\/es\/?s={search_term_string}\"},\"query-input\":{\"@type\":\"PropertyValueSpecification\",\"valueRequired\":true,\"valueName\":\"search_term_string\"}}],\"inLanguage\":\"es\"}]}<\/script>\n<!-- \/ Yoast SEO plugin. -->","yoast_head_json":{"title":"HY-PLEX N\u00b03 | Tratamiento multifunci\u00f3n para cabellos tratados","description":"HY-PLEX N\u00b03 es una emulsi\u00f3n multifunci\u00f3n para aplicar antes o despu\u00e9s del champ\u00fa, \u00fatil para\u00a0 prolongar los resultados\u00a0 del tratamiento HY-PLEX realizado en el sal\u00f3n.","robots":{"index":"index","follow":"follow","max-snippet":"max-snippet:-1","max-image-preview":"max-image-preview:large","max-video-preview":"max-video-preview:-1"},"canonical":"https:\/\/seipuntozero-haircare.it\/es\/product\/hy-plex-n3-tratamiento-multifuncion-para-cabellos-tratados\/","og_locale":"es_ES","og_type":"article","og_title":"HY-PLEX N\u00b03 | Tratamiento multifunci\u00f3n para cabellos tratados","og_description":"HY-PLEX N\u00b03 es una emulsi\u00f3n multifunci\u00f3n para aplicar antes o despu\u00e9s del champ\u00fa, \u00fatil para\u00a0 prolongar los resultados\u00a0 del tratamiento HY-PLEX realizado en el sal\u00f3n.","og_url":"https:\/\/seipuntozero-haircare.it\/es\/product\/hy-plex-n3-tratamiento-multifuncion-para-cabellos-tratados\/","og_site_name":"6.Zero","article_modified_time":"2021-12-13T09:41:52+00:00","og_image":[{"width":600,"height":600,"url":"https:\/\/seipuntozero-haircare.it\/wp-content\/uploads\/2021\/11\/262984_sei_punto_zero_hy_plex_multifunctional_treatment_3_150ml.png","type":"image\/png"}],"twitter_card":"summary_large_image","twitter_misc":{"Tiempo de lectura":"1 minuto"},"schema":{"@context":"https:\/\/schema.org","@graph":[{"@type":"WebPage","@id":"https:\/\/seipuntozero-haircare.it\/es\/product\/hy-plex-n3-tratamiento-multifuncion-para-cabellos-tratados\/","url":"https:\/\/seipuntozero-haircare.it\/es\/product\/hy-plex-n3-tratamiento-multifuncion-para-cabellos-tratados\/","name":"HY-PLEX N\u00b03 | Tratamiento multifunci\u00f3n para cabellos tratados","isPartOf":{"@id":"https:\/\/seipuntozero-haircare.it\/es\/#website"},"primaryImageOfPage":{"@id":"https:\/\/seipuntozero-haircare.it\/es\/product\/hy-plex-n3-tratamiento-multifuncion-para-cabellos-tratados\/#primaryimage"},"image":{"@id":"https:\/\/seipuntozero-haircare.it\/es\/product\/hy-plex-n3-tratamiento-multifuncion-para-cabellos-tratados\/#primaryimage"},"thumbnailUrl":"https:\/\/seipuntozero-haircare.it\/wp-content\/uploads\/2021\/12\/262984_sei_punto_zero_hy_plex_multifunctional_treatment_3_150ml.png","datePublished":"2021-11-25T09:29:00+00:00","dateModified":"2021-12-13T09:41:52+00:00","description":"HY-PLEX N\u00b03 es una emulsi\u00f3n multifunci\u00f3n para aplicar antes o despu\u00e9s del champ\u00fa, \u00fatil para\u00a0 prolongar los resultados\u00a0 del tratamiento HY-PLEX realizado en el sal\u00f3n.","breadcrumb":{"@id":"https:\/\/seipuntozero-haircare.it\/es\/product\/hy-plex-n3-tratamiento-multifuncion-para-cabellos-tratados\/#breadcrumb"},"inLanguage":"es","potentialAction":[{"@type":"ReadAction","target":["https:\/\/seipuntozero-haircare.it\/es\/product\/hy-plex-n3-tratamiento-multifuncion-para-cabellos-tratados\/"]}]},{"@type":"ImageObject","inLanguage":"es","@id":"https:\/\/seipuntozero-haircare.it\/es\/product\/hy-plex-n3-tratamiento-multifuncion-para-cabellos-tratados\/#primaryimage","url":"https:\/\/seipuntozero-haircare.it\/wp-content\/uploads\/2021\/12\/262984_sei_punto_zero_hy_plex_multifunctional_treatment_3_150ml.png","contentUrl":"https:\/\/seipuntozero-haircare.it\/wp-content\/uploads\/2021\/12\/262984_sei_punto_zero_hy_plex_multifunctional_treatment_3_150ml.png","width":600,"height":600},{"@type":"BreadcrumbList","@id":"https:\/\/seipuntozero-haircare.it\/es\/product\/hy-plex-n3-tratamiento-multifuncion-para-cabellos-tratados\/#breadcrumb","itemListElement":[{"@type":"ListItem","position":1,"name":"Home","item":"https:\/\/seipuntozero-haircare.it\/es\/"},{"@type":"ListItem","position":2,"name":"Products","item":"https:\/\/seipuntozero-haircare.it\/es\/shop\/"},{"@type":"ListItem","position":3,"name":"HY-PLEX N\u00b03 Tratamiento multifunci\u00f3n para cabellos tratados"}]},{"@type":"WebSite","@id":"https:\/\/seipuntozero-haircare.it\/es\/#website","url":"https:\/\/seipuntozero-haircare.it\/es\/","name":"6.Zero","description":"Essential Touch","potentialAction":[{"@type":"SearchAction","target":{"@type":"EntryPoint","urlTemplate":"https:\/\/seipuntozero-haircare.it\/es\/?s={search_term_string}"},"query-input":{"@type":"PropertyValueSpecification","valueRequired":true,"valueName":"search_term_string"}}],"inLanguage":"es"}]}},"_links":{"self":[{"href":"https:\/\/seipuntozero-haircare.it\/es\/wp-json\/wp\/v2\/product\/19055","targetHints":{"allow":["GET"]}}],"collection":[{"href":"https:\/\/seipuntozero-haircare.it\/es\/wp-json\/wp\/v2\/product"}],"about":[{"href":"https:\/\/seipuntozero-haircare.it\/es\/wp-json\/wp\/v2\/types\/product"}],"wp:featuredmedia":[{"embeddable":true,"href":"https:\/\/seipuntozero-haircare.it\/es\/wp-json\/wp\/v2\/media\/24071"}],"wp:attachment":[{"href":"https:\/\/seipuntozero-haircare.it\/es\/wp-json\/wp\/v2\/media?parent=19055"}],"wp:term":[{"taxonomy":"product_brand","embeddable":true,"href":"https:\/\/seipuntozero-haircare.it\/es\/wp-json\/wp\/v2\/product_brand?post=19055"},{"taxonomy":"product_cat","embeddable":true,"href":"https:\/\/seipuntozero-haircare.it\/es\/wp-json\/wp\/v2\/product_cat?post=19055"},{"taxonomy":"product_tag","embeddable":true,"href":"https:\/\/seipuntozero-haircare.it\/es\/wp-json\/wp\/v2\/product_tag?post=19055"}],"curies":[{"name":"wp","href":"https:\/\/api.w.org\/{rel}","templated":true}]}}