{"id":19048,"date":"2021-12-13T09:00:48","date_gmt":"2021-11-25T09:23:49","guid":{"rendered":"https:\/\/seipuntozero-haircare.it\/?post_type=product&#038;p=19048"},"modified":"2021-12-13T10:40:34","modified_gmt":"2021-12-13T09:40:34","slug":"hy-plex-n2-mascarilla-fortificante-postratamiento","status":"publish","type":"product","link":"https:\/\/seipuntozero-haircare.it\/es\/product\/hy-plex-n2-mascarilla-fortificante-postratamiento\/","title":{"rendered":"HY-PLEX N\u00b02 <br> Mascarilla fortificante postratamiento"},"content":{"rendered":"<ul>\n<li style=\"font-weight: 400;\" aria-level=\"1\"><span style=\"font-weight: 400;\">Mejora la textura del cabello<\/span><\/li>\n<li style=\"font-weight: 400;\" aria-level=\"1\"><span style=\"font-weight: 400;\">Tiene un efecto protector en la estructura capilar<\/span><\/li>\n<li style=\"font-weight: 400;\" aria-level=\"1\"><span style=\"font-weight: 400;\">La HP2-Technology preserva los enlaces de queratina<\/span><\/li>\n<li style=\"font-weight: 400;\" aria-level=\"1\"><span style=\"font-weight: 400;\">Permite reconstruir la estructura e integridad del cabello<\/span><\/li>\n<\/ul>\n","protected":false},"excerpt":{"rendered":"<p><span style=\"font-weight: 400;\">HY-PLEX N\u00b02 es la\u00a0 mascarilla fortificante\u00a0 que completa la acci\u00f3n de HY-PLEX N\u00b01 y ayuda a regenerar y fortalecer el cabello desde el interior, tras los servicios de coloraci\u00f3n, decoloraci\u00f3n y permanente. La tecnolog\u00eda de HY-PLEX aprovecha la acci\u00f3n de una exclusiva composici\u00f3n qu\u00edmica que favorece la protecci\u00f3n de la estructura interna del cabello y mejora su resistencia.<\/span><\/p>\n<p>&nbsp;<\/p>\n<p><span style=\"font-weight: 400;\">Formato de 500 ml<\/span><\/p>\n","protected":false},"featured_media":18980,"template":"","meta":[],"product_brand":[],"product_cat":[1132],"product_tag":[],"class_list":["post-19048","product","type-product","status-publish","has-post-thumbnail","hentry","product_cat-hy-plex-es"],"yoast_head":"<!-- This site is optimized with the Yoast SEO plugin v27.1.1 - https:\/\/yoast.com\/product\/yoast-seo-wordpress\/ -->\n<title>HY-PLEX N\u00b02 - Mascarilla fortificante postratamiento<\/title>\n<meta name=\"description\" content=\"HY-PLEX N\u00b02 es la\u00a0 mascarilla fortificante\u00a0 que completa la acci\u00f3n de HY-PLEX N\u00b01 y ayuda a regenerar y fortalecer el cabello.\" \/>\n<meta name=\"robots\" content=\"index, follow, max-snippet:-1, max-image-preview:large, max-video-preview:-1\" \/>\n<link rel=\"canonical\" href=\"https:\/\/seipuntozero-haircare.it\/es\/product\/hy-plex-n2-mascarilla-fortificante-postratamiento\/\" \/>\n<meta property=\"og:locale\" content=\"es_ES\" \/>\n<meta property=\"og:type\" content=\"article\" \/>\n<meta property=\"og:title\" content=\"HY-PLEX N\u00b02 - Mascarilla fortificante postratamiento\" \/>\n<meta property=\"og:description\" content=\"HY-PLEX N\u00b02 es la\u00a0 mascarilla fortificante\u00a0 que completa la acci\u00f3n de HY-PLEX N\u00b01 y ayuda a regenerar y fortalecer el cabello.\" \/>\n<meta property=\"og:url\" content=\"https:\/\/seipuntozero-haircare.it\/es\/product\/hy-plex-n2-mascarilla-fortificante-postratamiento\/\" \/>\n<meta property=\"og:site_name\" content=\"6.Zero\" \/>\n<meta property=\"article:modified_time\" content=\"2021-12-13T09:40:34+00:00\" \/>\n<meta property=\"og:image\" content=\"https:\/\/seipuntozero-haircare.it\/wp-content\/uploads\/2021\/11\/262977_sei_punto_zero_hy_plex_mask_2_500ml.png\" \/>\n\t<meta property=\"og:image:width\" content=\"600\" \/>\n\t<meta property=\"og:image:height\" content=\"600\" \/>\n\t<meta property=\"og:image:type\" content=\"image\/png\" \/>\n<meta name=\"twitter:card\" content=\"summary_large_image\" \/>\n<meta name=\"twitter:label1\" content=\"Tiempo de lectura\" \/>\n\t<meta name=\"twitter:data1\" content=\"1 minuto\" \/>\n<script type=\"application\/ld+json\" class=\"yoast-schema-graph\">{\"@context\":\"https:\/\/schema.org\",\"@graph\":[{\"@type\":\"WebPage\",\"@id\":\"https:\/\/seipuntozero-haircare.it\/es\/product\/hy-plex-n2-mascarilla-fortificante-postratamiento\/\",\"url\":\"https:\/\/seipuntozero-haircare.it\/es\/product\/hy-plex-n2-mascarilla-fortificante-postratamiento\/\",\"name\":\"HY-PLEX N\u00b02 - Mascarilla fortificante postratamiento\",\"isPartOf\":{\"@id\":\"https:\/\/seipuntozero-haircare.it\/es\/#website\"},\"primaryImageOfPage\":{\"@id\":\"https:\/\/seipuntozero-haircare.it\/es\/product\/hy-plex-n2-mascarilla-fortificante-postratamiento\/#primaryimage\"},\"image\":{\"@id\":\"https:\/\/seipuntozero-haircare.it\/es\/product\/hy-plex-n2-mascarilla-fortificante-postratamiento\/#primaryimage\"},\"thumbnailUrl\":\"https:\/\/seipuntozero-haircare.it\/wp-content\/uploads\/2021\/11\/262977_sei_punto_zero_hy_plex_mask_2_500ml.png\",\"datePublished\":\"2021-11-25T09:23:49+00:00\",\"dateModified\":\"2021-12-13T09:40:34+00:00\",\"description\":\"HY-PLEX N\u00b02 es la\u00a0 mascarilla fortificante\u00a0 que completa la acci\u00f3n de HY-PLEX N\u00b01 y ayuda a regenerar y fortalecer el cabello.\",\"breadcrumb\":{\"@id\":\"https:\/\/seipuntozero-haircare.it\/es\/product\/hy-plex-n2-mascarilla-fortificante-postratamiento\/#breadcrumb\"},\"inLanguage\":\"es\",\"potentialAction\":[{\"@type\":\"ReadAction\",\"target\":[\"https:\/\/seipuntozero-haircare.it\/es\/product\/hy-plex-n2-mascarilla-fortificante-postratamiento\/\"]}]},{\"@type\":\"ImageObject\",\"inLanguage\":\"es\",\"@id\":\"https:\/\/seipuntozero-haircare.it\/es\/product\/hy-plex-n2-mascarilla-fortificante-postratamiento\/#primaryimage\",\"url\":\"https:\/\/seipuntozero-haircare.it\/wp-content\/uploads\/2021\/11\/262977_sei_punto_zero_hy_plex_mask_2_500ml.png\",\"contentUrl\":\"https:\/\/seipuntozero-haircare.it\/wp-content\/uploads\/2021\/11\/262977_sei_punto_zero_hy_plex_mask_2_500ml.png\",\"width\":600,\"height\":600},{\"@type\":\"BreadcrumbList\",\"@id\":\"https:\/\/seipuntozero-haircare.it\/es\/product\/hy-plex-n2-mascarilla-fortificante-postratamiento\/#breadcrumb\",\"itemListElement\":[{\"@type\":\"ListItem\",\"position\":1,\"name\":\"Home\",\"item\":\"https:\/\/seipuntozero-haircare.it\/es\/\"},{\"@type\":\"ListItem\",\"position\":2,\"name\":\"Products\",\"item\":\"https:\/\/seipuntozero-haircare.it\/es\/shop\/\"},{\"@type\":\"ListItem\",\"position\":3,\"name\":\"HY-PLEX N\u00b02 Mascarilla fortificante postratamiento\"}]},{\"@type\":\"WebSite\",\"@id\":\"https:\/\/seipuntozero-haircare.it\/es\/#website\",\"url\":\"https:\/\/seipuntozero-haircare.it\/es\/\",\"name\":\"6.Zero\",\"description\":\"Essential Touch\",\"potentialAction\":[{\"@type\":\"SearchAction\",\"target\":{\"@type\":\"EntryPoint\",\"urlTemplate\":\"https:\/\/seipuntozero-haircare.it\/es\/?s={search_term_string}\"},\"query-input\":{\"@type\":\"PropertyValueSpecification\",\"valueRequired\":true,\"valueName\":\"search_term_string\"}}],\"inLanguage\":\"es\"}]}<\/script>\n<!-- \/ Yoast SEO plugin. -->","yoast_head_json":{"title":"HY-PLEX N\u00b02 - Mascarilla fortificante postratamiento","description":"HY-PLEX N\u00b02 es la\u00a0 mascarilla fortificante\u00a0 que completa la acci\u00f3n de HY-PLEX N\u00b01 y ayuda a regenerar y fortalecer el cabello.","robots":{"index":"index","follow":"follow","max-snippet":"max-snippet:-1","max-image-preview":"max-image-preview:large","max-video-preview":"max-video-preview:-1"},"canonical":"https:\/\/seipuntozero-haircare.it\/es\/product\/hy-plex-n2-mascarilla-fortificante-postratamiento\/","og_locale":"es_ES","og_type":"article","og_title":"HY-PLEX N\u00b02 - Mascarilla fortificante postratamiento","og_description":"HY-PLEX N\u00b02 es la\u00a0 mascarilla fortificante\u00a0 que completa la acci\u00f3n de HY-PLEX N\u00b01 y ayuda a regenerar y fortalecer el cabello.","og_url":"https:\/\/seipuntozero-haircare.it\/es\/product\/hy-plex-n2-mascarilla-fortificante-postratamiento\/","og_site_name":"6.Zero","article_modified_time":"2021-12-13T09:40:34+00:00","og_image":[{"width":600,"height":600,"url":"https:\/\/seipuntozero-haircare.it\/wp-content\/uploads\/2021\/11\/262977_sei_punto_zero_hy_plex_mask_2_500ml.png","type":"image\/png"}],"twitter_card":"summary_large_image","twitter_misc":{"Tiempo de lectura":"1 minuto"},"schema":{"@context":"https:\/\/schema.org","@graph":[{"@type":"WebPage","@id":"https:\/\/seipuntozero-haircare.it\/es\/product\/hy-plex-n2-mascarilla-fortificante-postratamiento\/","url":"https:\/\/seipuntozero-haircare.it\/es\/product\/hy-plex-n2-mascarilla-fortificante-postratamiento\/","name":"HY-PLEX N\u00b02 - Mascarilla fortificante postratamiento","isPartOf":{"@id":"https:\/\/seipuntozero-haircare.it\/es\/#website"},"primaryImageOfPage":{"@id":"https:\/\/seipuntozero-haircare.it\/es\/product\/hy-plex-n2-mascarilla-fortificante-postratamiento\/#primaryimage"},"image":{"@id":"https:\/\/seipuntozero-haircare.it\/es\/product\/hy-plex-n2-mascarilla-fortificante-postratamiento\/#primaryimage"},"thumbnailUrl":"https:\/\/seipuntozero-haircare.it\/wp-content\/uploads\/2021\/11\/262977_sei_punto_zero_hy_plex_mask_2_500ml.png","datePublished":"2021-11-25T09:23:49+00:00","dateModified":"2021-12-13T09:40:34+00:00","description":"HY-PLEX N\u00b02 es la\u00a0 mascarilla fortificante\u00a0 que completa la acci\u00f3n de HY-PLEX N\u00b01 y ayuda a regenerar y fortalecer el cabello.","breadcrumb":{"@id":"https:\/\/seipuntozero-haircare.it\/es\/product\/hy-plex-n2-mascarilla-fortificante-postratamiento\/#breadcrumb"},"inLanguage":"es","potentialAction":[{"@type":"ReadAction","target":["https:\/\/seipuntozero-haircare.it\/es\/product\/hy-plex-n2-mascarilla-fortificante-postratamiento\/"]}]},{"@type":"ImageObject","inLanguage":"es","@id":"https:\/\/seipuntozero-haircare.it\/es\/product\/hy-plex-n2-mascarilla-fortificante-postratamiento\/#primaryimage","url":"https:\/\/seipuntozero-haircare.it\/wp-content\/uploads\/2021\/11\/262977_sei_punto_zero_hy_plex_mask_2_500ml.png","contentUrl":"https:\/\/seipuntozero-haircare.it\/wp-content\/uploads\/2021\/11\/262977_sei_punto_zero_hy_plex_mask_2_500ml.png","width":600,"height":600},{"@type":"BreadcrumbList","@id":"https:\/\/seipuntozero-haircare.it\/es\/product\/hy-plex-n2-mascarilla-fortificante-postratamiento\/#breadcrumb","itemListElement":[{"@type":"ListItem","position":1,"name":"Home","item":"https:\/\/seipuntozero-haircare.it\/es\/"},{"@type":"ListItem","position":2,"name":"Products","item":"https:\/\/seipuntozero-haircare.it\/es\/shop\/"},{"@type":"ListItem","position":3,"name":"HY-PLEX N\u00b02 Mascarilla fortificante postratamiento"}]},{"@type":"WebSite","@id":"https:\/\/seipuntozero-haircare.it\/es\/#website","url":"https:\/\/seipuntozero-haircare.it\/es\/","name":"6.Zero","description":"Essential Touch","potentialAction":[{"@type":"SearchAction","target":{"@type":"EntryPoint","urlTemplate":"https:\/\/seipuntozero-haircare.it\/es\/?s={search_term_string}"},"query-input":{"@type":"PropertyValueSpecification","valueRequired":true,"valueName":"search_term_string"}}],"inLanguage":"es"}]}},"_links":{"self":[{"href":"https:\/\/seipuntozero-haircare.it\/es\/wp-json\/wp\/v2\/product\/19048","targetHints":{"allow":["GET"]}}],"collection":[{"href":"https:\/\/seipuntozero-haircare.it\/es\/wp-json\/wp\/v2\/product"}],"about":[{"href":"https:\/\/seipuntozero-haircare.it\/es\/wp-json\/wp\/v2\/types\/product"}],"wp:featuredmedia":[{"embeddable":true,"href":"https:\/\/seipuntozero-haircare.it\/es\/wp-json\/wp\/v2\/media\/18980"}],"wp:attachment":[{"href":"https:\/\/seipuntozero-haircare.it\/es\/wp-json\/wp\/v2\/media?parent=19048"}],"wp:term":[{"taxonomy":"product_brand","embeddable":true,"href":"https:\/\/seipuntozero-haircare.it\/es\/wp-json\/wp\/v2\/product_brand?post=19048"},{"taxonomy":"product_cat","embeddable":true,"href":"https:\/\/seipuntozero-haircare.it\/es\/wp-json\/wp\/v2\/product_cat?post=19048"},{"taxonomy":"product_tag","embeddable":true,"href":"https:\/\/seipuntozero-haircare.it\/es\/wp-json\/wp\/v2\/product_tag?post=19048"}],"curies":[{"name":"wp","href":"https:\/\/api.w.org\/{rel}","templated":true}]}}