{"id":19041,"date":"2021-12-13T09:00:54","date_gmt":"2021-11-25T09:16:55","guid":{"rendered":"https:\/\/seipuntozero-haircare.it\/?post_type=product&#038;p=19041"},"modified":"2021-12-13T10:39:20","modified_gmt":"2021-12-13T09:39:20","slug":"hy-plex-n1-aditivo-protector-para-servicios-tecnicos","status":"publish","type":"product","link":"https:\/\/seipuntozero-haircare.it\/es\/product\/hy-plex-n1-aditivo-protector-para-servicios-tecnicos\/","title":{"rendered":"HY-PLEX N\u00b01 <br> Aditivo protector para servicios t\u00e9cnicos"},"content":{"rendered":"<ul>\n<li style=\"font-weight: 400;\" aria-level=\"1\"><span style=\"font-weight: 400;\">Ayuda a proteger el cabello de los tratamientos qu\u00edmicos agresivos<\/span><\/li>\n<li style=\"font-weight: 400;\" aria-level=\"1\"><span style=\"font-weight: 400;\">Proporciona gran resistencia al cabello y sella su parte m\u00e1s externa\u00a0<\/span><\/li>\n<li style=\"font-weight: 400;\" aria-level=\"1\"><span style=\"font-weight: 400;\">Fortalece la fibra capilar<\/span><\/li>\n<li style=\"font-weight: 400;\" aria-level=\"1\"><span style=\"font-weight: 400;\">Deja el cabello suave y brillante<\/span><\/li>\n<\/ul>\n","protected":false},"excerpt":{"rendered":"<p><span style=\"font-weight: 400;\">Cabello fuerte y protegido con HY-PLEX N\u00b01: el fluido protector que se mezcla con el producto t\u00e9cnico para efectuar servicios de coloraci\u00f3n, decoloraci\u00f3n o permanente.<\/span><\/p>\n<p><span style=\"font-weight: 400;\">El primer paso HY-PLEX devuelve vitalidad y cuerpo al cabello y mejora el resultado cosm\u00e9tico del tratamiento t\u00e9cnico.<\/span><span style=\"font-weight: 400;\">La revolucionaria tecnolog\u00eda HP2-Technology\u00a0 act\u00faa en la fibra capilar y\u00a0 ayuda a preservar los enlaces internos, evitando la rotura del cabello.<\/span><\/p>\n<p>&nbsp;<\/p>\n<p><span style=\"font-weight: 400;\">Formato de 500 ml<\/span><\/p>\n","protected":false},"featured_media":18986,"template":"","meta":[],"product_brand":[],"product_cat":[1132],"product_tag":[],"class_list":["post-19041","product","type-product","status-publish","has-post-thumbnail","hentry","product_cat-hy-plex-es"],"yoast_head":"<!-- This site is optimized with the Yoast SEO plugin v27.1.1 - https:\/\/yoast.com\/product\/yoast-seo-wordpress\/ -->\n<title>HY-PLEX N\u00b01 | Aditivo protector para servicios t\u00e9cnicos<\/title>\n<meta name=\"description\" content=\"HY-PLEX N\u00b01: el fluido protector que se mezcla con el producto t\u00e9cnico para efectuar servicios de coloraci\u00f3n, decoloraci\u00f3n o permanente.\" \/>\n<meta name=\"robots\" content=\"index, follow, max-snippet:-1, max-image-preview:large, max-video-preview:-1\" \/>\n<link rel=\"canonical\" href=\"https:\/\/seipuntozero-haircare.it\/es\/product\/hy-plex-n1-aditivo-protector-para-servicios-tecnicos\/\" \/>\n<meta property=\"og:locale\" content=\"es_ES\" \/>\n<meta property=\"og:type\" content=\"article\" \/>\n<meta property=\"og:title\" content=\"HY-PLEX N\u00b01 | Aditivo protector para servicios t\u00e9cnicos\" \/>\n<meta property=\"og:description\" content=\"HY-PLEX N\u00b01: el fluido protector que se mezcla con el producto t\u00e9cnico para efectuar servicios de coloraci\u00f3n, decoloraci\u00f3n o permanente.\" \/>\n<meta property=\"og:url\" content=\"https:\/\/seipuntozero-haircare.it\/es\/product\/hy-plex-n1-aditivo-protector-para-servicios-tecnicos\/\" \/>\n<meta property=\"og:site_name\" content=\"6.Zero\" \/>\n<meta property=\"article:modified_time\" content=\"2021-12-13T09:39:20+00:00\" \/>\n<meta property=\"og:image\" content=\"https:\/\/seipuntozero-haircare.it\/wp-content\/uploads\/2021\/11\/262960_sei_punto_zero_hy_plex_defense_additive_1_500ml.png\" \/>\n\t<meta property=\"og:image:width\" content=\"600\" \/>\n\t<meta property=\"og:image:height\" content=\"600\" \/>\n\t<meta property=\"og:image:type\" content=\"image\/png\" \/>\n<meta name=\"twitter:card\" content=\"summary_large_image\" \/>\n<meta name=\"twitter:label1\" content=\"Tiempo de lectura\" \/>\n\t<meta name=\"twitter:data1\" content=\"1 minuto\" \/>\n<script type=\"application\/ld+json\" class=\"yoast-schema-graph\">{\"@context\":\"https:\/\/schema.org\",\"@graph\":[{\"@type\":\"WebPage\",\"@id\":\"https:\/\/seipuntozero-haircare.it\/es\/product\/hy-plex-n1-aditivo-protector-para-servicios-tecnicos\/\",\"url\":\"https:\/\/seipuntozero-haircare.it\/es\/product\/hy-plex-n1-aditivo-protector-para-servicios-tecnicos\/\",\"name\":\"HY-PLEX N\u00b01 | Aditivo protector para servicios t\u00e9cnicos\",\"isPartOf\":{\"@id\":\"https:\/\/seipuntozero-haircare.it\/es\/#website\"},\"primaryImageOfPage\":{\"@id\":\"https:\/\/seipuntozero-haircare.it\/es\/product\/hy-plex-n1-aditivo-protector-para-servicios-tecnicos\/#primaryimage\"},\"image\":{\"@id\":\"https:\/\/seipuntozero-haircare.it\/es\/product\/hy-plex-n1-aditivo-protector-para-servicios-tecnicos\/#primaryimage\"},\"thumbnailUrl\":\"https:\/\/seipuntozero-haircare.it\/wp-content\/uploads\/2021\/11\/262960_sei_punto_zero_hy_plex_defense_additive_1_500ml.png\",\"datePublished\":\"2021-11-25T09:16:55+00:00\",\"dateModified\":\"2021-12-13T09:39:20+00:00\",\"description\":\"HY-PLEX N\u00b01: el fluido protector que se mezcla con el producto t\u00e9cnico para efectuar servicios de coloraci\u00f3n, decoloraci\u00f3n o permanente.\",\"breadcrumb\":{\"@id\":\"https:\/\/seipuntozero-haircare.it\/es\/product\/hy-plex-n1-aditivo-protector-para-servicios-tecnicos\/#breadcrumb\"},\"inLanguage\":\"es\",\"potentialAction\":[{\"@type\":\"ReadAction\",\"target\":[\"https:\/\/seipuntozero-haircare.it\/es\/product\/hy-plex-n1-aditivo-protector-para-servicios-tecnicos\/\"]}]},{\"@type\":\"ImageObject\",\"inLanguage\":\"es\",\"@id\":\"https:\/\/seipuntozero-haircare.it\/es\/product\/hy-plex-n1-aditivo-protector-para-servicios-tecnicos\/#primaryimage\",\"url\":\"https:\/\/seipuntozero-haircare.it\/wp-content\/uploads\/2021\/11\/262960_sei_punto_zero_hy_plex_defense_additive_1_500ml.png\",\"contentUrl\":\"https:\/\/seipuntozero-haircare.it\/wp-content\/uploads\/2021\/11\/262960_sei_punto_zero_hy_plex_defense_additive_1_500ml.png\",\"width\":600,\"height\":600},{\"@type\":\"BreadcrumbList\",\"@id\":\"https:\/\/seipuntozero-haircare.it\/es\/product\/hy-plex-n1-aditivo-protector-para-servicios-tecnicos\/#breadcrumb\",\"itemListElement\":[{\"@type\":\"ListItem\",\"position\":1,\"name\":\"Home\",\"item\":\"https:\/\/seipuntozero-haircare.it\/es\/\"},{\"@type\":\"ListItem\",\"position\":2,\"name\":\"Products\",\"item\":\"https:\/\/seipuntozero-haircare.it\/es\/shop\/\"},{\"@type\":\"ListItem\",\"position\":3,\"name\":\"HY-PLEX N\u00b01 Aditivo protector para servicios t\u00e9cnicos\"}]},{\"@type\":\"WebSite\",\"@id\":\"https:\/\/seipuntozero-haircare.it\/es\/#website\",\"url\":\"https:\/\/seipuntozero-haircare.it\/es\/\",\"name\":\"6.Zero\",\"description\":\"Essential Touch\",\"potentialAction\":[{\"@type\":\"SearchAction\",\"target\":{\"@type\":\"EntryPoint\",\"urlTemplate\":\"https:\/\/seipuntozero-haircare.it\/es\/?s={search_term_string}\"},\"query-input\":{\"@type\":\"PropertyValueSpecification\",\"valueRequired\":true,\"valueName\":\"search_term_string\"}}],\"inLanguage\":\"es\"}]}<\/script>\n<!-- \/ Yoast SEO plugin. -->","yoast_head_json":{"title":"HY-PLEX N\u00b01 | Aditivo protector para servicios t\u00e9cnicos","description":"HY-PLEX N\u00b01: el fluido protector que se mezcla con el producto t\u00e9cnico para efectuar servicios de coloraci\u00f3n, decoloraci\u00f3n o permanente.","robots":{"index":"index","follow":"follow","max-snippet":"max-snippet:-1","max-image-preview":"max-image-preview:large","max-video-preview":"max-video-preview:-1"},"canonical":"https:\/\/seipuntozero-haircare.it\/es\/product\/hy-plex-n1-aditivo-protector-para-servicios-tecnicos\/","og_locale":"es_ES","og_type":"article","og_title":"HY-PLEX N\u00b01 | Aditivo protector para servicios t\u00e9cnicos","og_description":"HY-PLEX N\u00b01: el fluido protector que se mezcla con el producto t\u00e9cnico para efectuar servicios de coloraci\u00f3n, decoloraci\u00f3n o permanente.","og_url":"https:\/\/seipuntozero-haircare.it\/es\/product\/hy-plex-n1-aditivo-protector-para-servicios-tecnicos\/","og_site_name":"6.Zero","article_modified_time":"2021-12-13T09:39:20+00:00","og_image":[{"width":600,"height":600,"url":"https:\/\/seipuntozero-haircare.it\/wp-content\/uploads\/2021\/11\/262960_sei_punto_zero_hy_plex_defense_additive_1_500ml.png","type":"image\/png"}],"twitter_card":"summary_large_image","twitter_misc":{"Tiempo de lectura":"1 minuto"},"schema":{"@context":"https:\/\/schema.org","@graph":[{"@type":"WebPage","@id":"https:\/\/seipuntozero-haircare.it\/es\/product\/hy-plex-n1-aditivo-protector-para-servicios-tecnicos\/","url":"https:\/\/seipuntozero-haircare.it\/es\/product\/hy-plex-n1-aditivo-protector-para-servicios-tecnicos\/","name":"HY-PLEX N\u00b01 | Aditivo protector para servicios t\u00e9cnicos","isPartOf":{"@id":"https:\/\/seipuntozero-haircare.it\/es\/#website"},"primaryImageOfPage":{"@id":"https:\/\/seipuntozero-haircare.it\/es\/product\/hy-plex-n1-aditivo-protector-para-servicios-tecnicos\/#primaryimage"},"image":{"@id":"https:\/\/seipuntozero-haircare.it\/es\/product\/hy-plex-n1-aditivo-protector-para-servicios-tecnicos\/#primaryimage"},"thumbnailUrl":"https:\/\/seipuntozero-haircare.it\/wp-content\/uploads\/2021\/11\/262960_sei_punto_zero_hy_plex_defense_additive_1_500ml.png","datePublished":"2021-11-25T09:16:55+00:00","dateModified":"2021-12-13T09:39:20+00:00","description":"HY-PLEX N\u00b01: el fluido protector que se mezcla con el producto t\u00e9cnico para efectuar servicios de coloraci\u00f3n, decoloraci\u00f3n o permanente.","breadcrumb":{"@id":"https:\/\/seipuntozero-haircare.it\/es\/product\/hy-plex-n1-aditivo-protector-para-servicios-tecnicos\/#breadcrumb"},"inLanguage":"es","potentialAction":[{"@type":"ReadAction","target":["https:\/\/seipuntozero-haircare.it\/es\/product\/hy-plex-n1-aditivo-protector-para-servicios-tecnicos\/"]}]},{"@type":"ImageObject","inLanguage":"es","@id":"https:\/\/seipuntozero-haircare.it\/es\/product\/hy-plex-n1-aditivo-protector-para-servicios-tecnicos\/#primaryimage","url":"https:\/\/seipuntozero-haircare.it\/wp-content\/uploads\/2021\/11\/262960_sei_punto_zero_hy_plex_defense_additive_1_500ml.png","contentUrl":"https:\/\/seipuntozero-haircare.it\/wp-content\/uploads\/2021\/11\/262960_sei_punto_zero_hy_plex_defense_additive_1_500ml.png","width":600,"height":600},{"@type":"BreadcrumbList","@id":"https:\/\/seipuntozero-haircare.it\/es\/product\/hy-plex-n1-aditivo-protector-para-servicios-tecnicos\/#breadcrumb","itemListElement":[{"@type":"ListItem","position":1,"name":"Home","item":"https:\/\/seipuntozero-haircare.it\/es\/"},{"@type":"ListItem","position":2,"name":"Products","item":"https:\/\/seipuntozero-haircare.it\/es\/shop\/"},{"@type":"ListItem","position":3,"name":"HY-PLEX N\u00b01 Aditivo protector para servicios t\u00e9cnicos"}]},{"@type":"WebSite","@id":"https:\/\/seipuntozero-haircare.it\/es\/#website","url":"https:\/\/seipuntozero-haircare.it\/es\/","name":"6.Zero","description":"Essential Touch","potentialAction":[{"@type":"SearchAction","target":{"@type":"EntryPoint","urlTemplate":"https:\/\/seipuntozero-haircare.it\/es\/?s={search_term_string}"},"query-input":{"@type":"PropertyValueSpecification","valueRequired":true,"valueName":"search_term_string"}}],"inLanguage":"es"}]}},"_links":{"self":[{"href":"https:\/\/seipuntozero-haircare.it\/es\/wp-json\/wp\/v2\/product\/19041","targetHints":{"allow":["GET"]}}],"collection":[{"href":"https:\/\/seipuntozero-haircare.it\/es\/wp-json\/wp\/v2\/product"}],"about":[{"href":"https:\/\/seipuntozero-haircare.it\/es\/wp-json\/wp\/v2\/types\/product"}],"wp:featuredmedia":[{"embeddable":true,"href":"https:\/\/seipuntozero-haircare.it\/es\/wp-json\/wp\/v2\/media\/18986"}],"wp:attachment":[{"href":"https:\/\/seipuntozero-haircare.it\/es\/wp-json\/wp\/v2\/media?parent=19041"}],"wp:term":[{"taxonomy":"product_brand","embeddable":true,"href":"https:\/\/seipuntozero-haircare.it\/es\/wp-json\/wp\/v2\/product_brand?post=19041"},{"taxonomy":"product_cat","embeddable":true,"href":"https:\/\/seipuntozero-haircare.it\/es\/wp-json\/wp\/v2\/product_cat?post=19041"},{"taxonomy":"product_tag","embeddable":true,"href":"https:\/\/seipuntozero-haircare.it\/es\/wp-json\/wp\/v2\/product_tag?post=19041"}],"curies":[{"name":"wp","href":"https:\/\/api.w.org\/{rel}","templated":true}]}}