{"id":18450,"date":"2021-09-29T16:37:29","date_gmt":"2021-09-29T14:37:29","guid":{"rendered":"https:\/\/seipuntozero-haircare.it\/?post_type=product&#038;p=18450"},"modified":"2022-09-01T16:58:59","modified_gmt":"2022-09-01T14:58:59","slug":"take-over-active-power-champu-coadyuvante-prevencion-caida-copia","status":"publish","type":"product","link":"https:\/\/seipuntozero-haircare.it\/es\/product\/take-over-active-power-champu-coadyuvante-prevencion-caida-copia\/","title":{"rendered":"TAKE OVER \u2013 ACTIVE POWER <br> Kit antica\u00edda con Champ\u00fa y Ampollas"},"content":{"rendered":"<ul>\n<li style=\"font-weight: 400;\" aria-level=\"1\"><span style=\"font-weight: 400;\">Ideal para el cabello <\/span><b>\u00a0propenso a la ca\u00edda\u00a0<\/b><\/li>\n<li style=\"font-weight: 400;\" aria-level=\"1\"><span style=\"font-weight: 400;\">Tonifica y protege el cuero cabelludo\u00a0<\/span><\/li>\n<li style=\"font-weight: 400;\" aria-level=\"1\"><span style=\"font-weight: 400;\">Confiere un aspecto sano y brillante al cabello <\/span><\/li>\n<li style=\"font-weight: 400;\" aria-level=\"1\"><b>Contrarresta<\/b> eficazmente el <b>debilitamiento del cabello<\/b><\/li>\n<\/ul>\n","protected":false},"excerpt":{"rendered":"<p><span style=\"font-weight: 400;\">El estr\u00e9s, los tratamientos cosm\u00e9ticos agresivos y la contaminaci\u00f3n ambiental son factores que\u00a0<\/span><span style=\"font-weight: 400;\">debilitan el cabello desde el interior y aumentan el <\/span><b>riesgo de ca\u00edda<\/b><span style=\"font-weight: 400;\">.\u00a0<\/span><span style=\"font-weight: 400;\">Active Power<\/span><span style=\"font-weight: 400;\"> Champ\u00fa y Tratamiento en ampollas <\/span><b>\u00a0refuerzan el cabello fr\u00e1gil<\/b><span style=\"font-weight: 400;\">, gracias a su <\/span><b>\u00a0acci\u00f3n protectora<\/b><span style=\"font-weight: 400;\"> y <\/span><b>\u00a0antioxidante<\/b><span style=\"font-weight: 400;\">, evitando la ca\u00edda.<\/span><span style=\"font-weight: 400;\">Los extractos vegetales y las vitaminas presentes en la f\u00f3rmula ofrecen propiedades tonificantes y estimulantes que acondicionan el cabello y le dan un <\/span><b>aspecto sano y brillante<\/b><span style=\"font-weight: 400;\">.\u00a0<\/span><\/p>\n<p class=\"p1\">El Kit se compone de un Champ\u00fa Coadyuvante de 300 ml, una caja con 10 ampollas de 8 ml y el Masajeador Cut\u00e1neo dise\u00f1ado para ayudar a reactivar la microcirculaci\u00f3n y favorecer el crecimiento del cabello.<\/p>\n","protected":false},"featured_media":19792,"template":"","meta":[],"product_brand":[],"product_cat":[957],"product_tag":[],"class_list":["post-18450","product","type-product","status-publish","has-post-thumbnail","hentry","product_cat-take-over-active-power-es"],"yoast_head":"<!-- This site is optimized with the Yoast SEO plugin v27.1.1 - https:\/\/yoast.com\/product\/yoast-seo-wordpress\/ -->\n<title>TAKE OVER \u2013 ACTIVE POWER | Kit antica\u00edda con Champ\u00fa y Ampollas<\/title>\n<meta name=\"description\" content=\"Active Power Champ\u00fa y Tratamiento en ampollas \u00a0refuerzan el cabello fr\u00e1gil, gracias a su \u00a0acci\u00f3n protectora y \u00a0antioxidante, evitando la ca\u00edda\" \/>\n<meta name=\"robots\" content=\"index, follow, max-snippet:-1, max-image-preview:large, max-video-preview:-1\" \/>\n<link rel=\"canonical\" href=\"https:\/\/seipuntozero-haircare.it\/es\/product\/take-over-active-power-champu-coadyuvante-prevencion-caida-copia\/\" \/>\n<meta property=\"og:locale\" content=\"es_ES\" \/>\n<meta property=\"og:type\" content=\"article\" \/>\n<meta property=\"og:title\" content=\"TAKE OVER \u2013 ACTIVE POWER | Kit antica\u00edda con Champ\u00fa y Ampollas\" \/>\n<meta property=\"og:description\" content=\"Active Power Champ\u00fa y Tratamiento en ampollas \u00a0refuerzan el cabello fr\u00e1gil, gracias a su \u00a0acci\u00f3n protectora y \u00a0antioxidante, evitando la ca\u00edda\" \/>\n<meta property=\"og:url\" content=\"https:\/\/seipuntozero-haircare.it\/es\/product\/take-over-active-power-champu-coadyuvante-prevencion-caida-copia\/\" \/>\n<meta property=\"og:site_name\" content=\"6.Zero\" \/>\n<meta property=\"article:modified_time\" content=\"2022-09-01T14:58:59+00:00\" \/>\n<meta property=\"og:image\" content=\"https:\/\/seipuntozero-haircare.it\/wp-content\/uploads\/2021\/09\/sei_punto_zero_take_over_kit_active_power_massaggiatore.png\" \/>\n\t<meta property=\"og:image:width\" content=\"600\" \/>\n\t<meta property=\"og:image:height\" content=\"600\" \/>\n\t<meta property=\"og:image:type\" content=\"image\/png\" \/>\n<meta name=\"twitter:card\" content=\"summary_large_image\" \/>\n<meta name=\"twitter:label1\" content=\"Tiempo de lectura\" \/>\n\t<meta name=\"twitter:data1\" content=\"1 minuto\" \/>\n<script type=\"application\/ld+json\" class=\"yoast-schema-graph\">{\"@context\":\"https:\/\/schema.org\",\"@graph\":[{\"@type\":\"WebPage\",\"@id\":\"https:\/\/seipuntozero-haircare.it\/es\/product\/take-over-active-power-champu-coadyuvante-prevencion-caida-copia\/\",\"url\":\"https:\/\/seipuntozero-haircare.it\/es\/product\/take-over-active-power-champu-coadyuvante-prevencion-caida-copia\/\",\"name\":\"TAKE OVER \u2013 ACTIVE POWER | Kit antica\u00edda con Champ\u00fa y Ampollas\",\"isPartOf\":{\"@id\":\"https:\/\/seipuntozero-haircare.it\/es\/#website\"},\"primaryImageOfPage\":{\"@id\":\"https:\/\/seipuntozero-haircare.it\/es\/product\/take-over-active-power-champu-coadyuvante-prevencion-caida-copia\/#primaryimage\"},\"image\":{\"@id\":\"https:\/\/seipuntozero-haircare.it\/es\/product\/take-over-active-power-champu-coadyuvante-prevencion-caida-copia\/#primaryimage\"},\"thumbnailUrl\":\"https:\/\/seipuntozero-haircare.it\/wp-content\/uploads\/2021\/09\/sei_punto_zero_take_over_kit_active_power_massaggiatore.png\",\"datePublished\":\"2021-09-29T14:37:29+00:00\",\"dateModified\":\"2022-09-01T14:58:59+00:00\",\"description\":\"Active Power Champ\u00fa y Tratamiento en ampollas \u00a0refuerzan el cabello fr\u00e1gil, gracias a su \u00a0acci\u00f3n protectora y \u00a0antioxidante, evitando la ca\u00edda\",\"breadcrumb\":{\"@id\":\"https:\/\/seipuntozero-haircare.it\/es\/product\/take-over-active-power-champu-coadyuvante-prevencion-caida-copia\/#breadcrumb\"},\"inLanguage\":\"es\",\"potentialAction\":[{\"@type\":\"ReadAction\",\"target\":[\"https:\/\/seipuntozero-haircare.it\/es\/product\/take-over-active-power-champu-coadyuvante-prevencion-caida-copia\/\"]}]},{\"@type\":\"ImageObject\",\"inLanguage\":\"es\",\"@id\":\"https:\/\/seipuntozero-haircare.it\/es\/product\/take-over-active-power-champu-coadyuvante-prevencion-caida-copia\/#primaryimage\",\"url\":\"https:\/\/seipuntozero-haircare.it\/wp-content\/uploads\/2021\/09\/sei_punto_zero_take_over_kit_active_power_massaggiatore.png\",\"contentUrl\":\"https:\/\/seipuntozero-haircare.it\/wp-content\/uploads\/2021\/09\/sei_punto_zero_take_over_kit_active_power_massaggiatore.png\",\"width\":600,\"height\":600},{\"@type\":\"BreadcrumbList\",\"@id\":\"https:\/\/seipuntozero-haircare.it\/es\/product\/take-over-active-power-champu-coadyuvante-prevencion-caida-copia\/#breadcrumb\",\"itemListElement\":[{\"@type\":\"ListItem\",\"position\":1,\"name\":\"Home\",\"item\":\"https:\/\/seipuntozero-haircare.it\/es\/\"},{\"@type\":\"ListItem\",\"position\":2,\"name\":\"Products\",\"item\":\"https:\/\/seipuntozero-haircare.it\/es\/shop\/\"},{\"@type\":\"ListItem\",\"position\":3,\"name\":\"TAKE OVER \u2013 ACTIVE POWER Kit antica\u00edda con Champ\u00fa y Ampollas\"}]},{\"@type\":\"WebSite\",\"@id\":\"https:\/\/seipuntozero-haircare.it\/es\/#website\",\"url\":\"https:\/\/seipuntozero-haircare.it\/es\/\",\"name\":\"6.Zero\",\"description\":\"Essential Touch\",\"potentialAction\":[{\"@type\":\"SearchAction\",\"target\":{\"@type\":\"EntryPoint\",\"urlTemplate\":\"https:\/\/seipuntozero-haircare.it\/es\/?s={search_term_string}\"},\"query-input\":{\"@type\":\"PropertyValueSpecification\",\"valueRequired\":true,\"valueName\":\"search_term_string\"}}],\"inLanguage\":\"es\"}]}<\/script>\n<!-- \/ Yoast SEO plugin. -->","yoast_head_json":{"title":"TAKE OVER \u2013 ACTIVE POWER | Kit antica\u00edda con Champ\u00fa y Ampollas","description":"Active Power Champ\u00fa y Tratamiento en ampollas \u00a0refuerzan el cabello fr\u00e1gil, gracias a su \u00a0acci\u00f3n protectora y \u00a0antioxidante, evitando la ca\u00edda","robots":{"index":"index","follow":"follow","max-snippet":"max-snippet:-1","max-image-preview":"max-image-preview:large","max-video-preview":"max-video-preview:-1"},"canonical":"https:\/\/seipuntozero-haircare.it\/es\/product\/take-over-active-power-champu-coadyuvante-prevencion-caida-copia\/","og_locale":"es_ES","og_type":"article","og_title":"TAKE OVER \u2013 ACTIVE POWER | Kit antica\u00edda con Champ\u00fa y Ampollas","og_description":"Active Power Champ\u00fa y Tratamiento en ampollas \u00a0refuerzan el cabello fr\u00e1gil, gracias a su \u00a0acci\u00f3n protectora y \u00a0antioxidante, evitando la ca\u00edda","og_url":"https:\/\/seipuntozero-haircare.it\/es\/product\/take-over-active-power-champu-coadyuvante-prevencion-caida-copia\/","og_site_name":"6.Zero","article_modified_time":"2022-09-01T14:58:59+00:00","og_image":[{"width":600,"height":600,"url":"https:\/\/seipuntozero-haircare.it\/wp-content\/uploads\/2021\/09\/sei_punto_zero_take_over_kit_active_power_massaggiatore.png","type":"image\/png"}],"twitter_card":"summary_large_image","twitter_misc":{"Tiempo de lectura":"1 minuto"},"schema":{"@context":"https:\/\/schema.org","@graph":[{"@type":"WebPage","@id":"https:\/\/seipuntozero-haircare.it\/es\/product\/take-over-active-power-champu-coadyuvante-prevencion-caida-copia\/","url":"https:\/\/seipuntozero-haircare.it\/es\/product\/take-over-active-power-champu-coadyuvante-prevencion-caida-copia\/","name":"TAKE OVER \u2013 ACTIVE POWER | Kit antica\u00edda con Champ\u00fa y Ampollas","isPartOf":{"@id":"https:\/\/seipuntozero-haircare.it\/es\/#website"},"primaryImageOfPage":{"@id":"https:\/\/seipuntozero-haircare.it\/es\/product\/take-over-active-power-champu-coadyuvante-prevencion-caida-copia\/#primaryimage"},"image":{"@id":"https:\/\/seipuntozero-haircare.it\/es\/product\/take-over-active-power-champu-coadyuvante-prevencion-caida-copia\/#primaryimage"},"thumbnailUrl":"https:\/\/seipuntozero-haircare.it\/wp-content\/uploads\/2021\/09\/sei_punto_zero_take_over_kit_active_power_massaggiatore.png","datePublished":"2021-09-29T14:37:29+00:00","dateModified":"2022-09-01T14:58:59+00:00","description":"Active Power Champ\u00fa y Tratamiento en ampollas \u00a0refuerzan el cabello fr\u00e1gil, gracias a su \u00a0acci\u00f3n protectora y \u00a0antioxidante, evitando la ca\u00edda","breadcrumb":{"@id":"https:\/\/seipuntozero-haircare.it\/es\/product\/take-over-active-power-champu-coadyuvante-prevencion-caida-copia\/#breadcrumb"},"inLanguage":"es","potentialAction":[{"@type":"ReadAction","target":["https:\/\/seipuntozero-haircare.it\/es\/product\/take-over-active-power-champu-coadyuvante-prevencion-caida-copia\/"]}]},{"@type":"ImageObject","inLanguage":"es","@id":"https:\/\/seipuntozero-haircare.it\/es\/product\/take-over-active-power-champu-coadyuvante-prevencion-caida-copia\/#primaryimage","url":"https:\/\/seipuntozero-haircare.it\/wp-content\/uploads\/2021\/09\/sei_punto_zero_take_over_kit_active_power_massaggiatore.png","contentUrl":"https:\/\/seipuntozero-haircare.it\/wp-content\/uploads\/2021\/09\/sei_punto_zero_take_over_kit_active_power_massaggiatore.png","width":600,"height":600},{"@type":"BreadcrumbList","@id":"https:\/\/seipuntozero-haircare.it\/es\/product\/take-over-active-power-champu-coadyuvante-prevencion-caida-copia\/#breadcrumb","itemListElement":[{"@type":"ListItem","position":1,"name":"Home","item":"https:\/\/seipuntozero-haircare.it\/es\/"},{"@type":"ListItem","position":2,"name":"Products","item":"https:\/\/seipuntozero-haircare.it\/es\/shop\/"},{"@type":"ListItem","position":3,"name":"TAKE OVER \u2013 ACTIVE POWER Kit antica\u00edda con Champ\u00fa y Ampollas"}]},{"@type":"WebSite","@id":"https:\/\/seipuntozero-haircare.it\/es\/#website","url":"https:\/\/seipuntozero-haircare.it\/es\/","name":"6.Zero","description":"Essential Touch","potentialAction":[{"@type":"SearchAction","target":{"@type":"EntryPoint","urlTemplate":"https:\/\/seipuntozero-haircare.it\/es\/?s={search_term_string}"},"query-input":{"@type":"PropertyValueSpecification","valueRequired":true,"valueName":"search_term_string"}}],"inLanguage":"es"}]}},"_links":{"self":[{"href":"https:\/\/seipuntozero-haircare.it\/es\/wp-json\/wp\/v2\/product\/18450","targetHints":{"allow":["GET"]}}],"collection":[{"href":"https:\/\/seipuntozero-haircare.it\/es\/wp-json\/wp\/v2\/product"}],"about":[{"href":"https:\/\/seipuntozero-haircare.it\/es\/wp-json\/wp\/v2\/types\/product"}],"wp:featuredmedia":[{"embeddable":true,"href":"https:\/\/seipuntozero-haircare.it\/es\/wp-json\/wp\/v2\/media\/19792"}],"wp:attachment":[{"href":"https:\/\/seipuntozero-haircare.it\/es\/wp-json\/wp\/v2\/media?parent=18450"}],"wp:term":[{"taxonomy":"product_brand","embeddable":true,"href":"https:\/\/seipuntozero-haircare.it\/es\/wp-json\/wp\/v2\/product_brand?post=18450"},{"taxonomy":"product_cat","embeddable":true,"href":"https:\/\/seipuntozero-haircare.it\/es\/wp-json\/wp\/v2\/product_cat?post=18450"},{"taxonomy":"product_tag","embeddable":true,"href":"https:\/\/seipuntozero-haircare.it\/es\/wp-json\/wp\/v2\/product_tag?post=18450"}],"curies":[{"name":"wp","href":"https:\/\/api.w.org\/{rel}","templated":true}]}}