{"id":16908,"date":"2017-03-15T14:55:05","date_gmt":"2017-03-15T13:55:05","guid":{"rendered":"https:\/\/seipuntozero-haircare.it\/prodotto\/post-color-salon-champu-para-cabello-tratado-y-tenido\/"},"modified":"2021-06-25T12:56:50","modified_gmt":"2021-06-25T10:56:50","slug":"post-color-salon-champu-para-cabello-tratado-y-tenido","status":"publish","type":"product","link":"https:\/\/seipuntozero-haircare.it\/es\/product\/post-color-salon-champu-para-cabello-tratado-y-tenido\/","title":{"rendered":"POST COLOR SALON <br> Champ\u00fa para cabello tratado y te\u00f1ido"},"content":{"rendered":"<ul>\n<li><strong>Protege y realza<\/strong> el color cosm\u00e9tico<\/li>\n<li><strong>Limpia delicadamente<\/strong> la piel y el cuero cabelludo<\/li>\n<li>Prolonga la <strong>intensidad del color<\/strong><\/li>\n<\/ul>\n","protected":false},"excerpt":{"rendered":"<p>Post Color Salon, <strong>champ\u00fa para cabello tratado y te\u00f1ido<\/strong>. La f\u00f3rmula espec\u00edfica del producto combina una limpieza delicada y la <strong>potenciaci\u00f3n del color cosm\u00e9tico<\/strong>, previniendo la oxidaci\u00f3n que provoca la p\u00e9rdida de tono y brillo. El aceite de arg\u00e1n, el extracto de granada y un complejo espec\u00edfico vegetal para proteger el color se combinan para proporcionar <strong>nutrici\u00f3n, fuerza y brillo a la melena<\/strong>, preservando largo tiempo la intensidad del color.<\/p>\n<p>Uso profesional<\/p>\n<p>Frasco de 1000 ml<\/p>\n","protected":false},"featured_media":18103,"template":"","meta":[],"product_brand":[],"product_cat":[946],"product_tag":[],"class_list":["post-16908","product","type-product","status-publish","has-post-thumbnail","hentry","product_cat-salon-treatments-es"],"yoast_head":"<!-- This site is optimized with the Yoast SEO plugin v27.1.1 - https:\/\/yoast.com\/product\/yoast-seo-wordpress\/ -->\n<title>POST COLOR SALON - Champ\u00fa para cabello tratado y te\u00f1ido | 6.Zero<\/title>\n<meta name=\"description\" content=\"Post Color Salon, champ\u00fa para cabello tratado y te\u00f1ido. La f\u00f3rmula espec\u00edfica del producto combina una limpieza delicada y la potenciaci\u00f3n del color cosm\u00e9tico.\" \/>\n<meta name=\"robots\" content=\"index, follow, max-snippet:-1, max-image-preview:large, max-video-preview:-1\" \/>\n<link rel=\"canonical\" href=\"https:\/\/seipuntozero-haircare.it\/es\/product\/post-color-salon-champu-para-cabello-tratado-y-tenido\/\" \/>\n<meta property=\"og:locale\" content=\"es_ES\" \/>\n<meta property=\"og:type\" content=\"article\" \/>\n<meta property=\"og:title\" content=\"POST COLOR SALON - Champ\u00fa para cabello tratado y te\u00f1ido | 6.Zero\" \/>\n<meta property=\"og:description\" content=\"Post Color Salon, champ\u00fa para cabello tratado y te\u00f1ido. La f\u00f3rmula espec\u00edfica del producto combina una limpieza delicada y la potenciaci\u00f3n del color cosm\u00e9tico.\" \/>\n<meta property=\"og:url\" content=\"https:\/\/seipuntozero-haircare.it\/es\/product\/post-color-salon-champu-para-cabello-tratado-y-tenido\/\" \/>\n<meta property=\"og:site_name\" content=\"6.Zero\" \/>\n<meta property=\"article:modified_time\" content=\"2021-06-25T10:56:50+00:00\" \/>\n<meta property=\"og:image\" content=\"https:\/\/seipuntozero-haircare.it\/wp-content\/uploads\/2019\/11\/262144_sei_punto_zero_post_color_salon_shampoo_1000ml.png\" \/>\n\t<meta property=\"og:image:width\" content=\"600\" \/>\n\t<meta property=\"og:image:height\" content=\"600\" \/>\n\t<meta property=\"og:image:type\" content=\"image\/png\" \/>\n<meta name=\"twitter:card\" content=\"summary_large_image\" \/>\n<meta name=\"twitter:label1\" content=\"Tiempo de lectura\" \/>\n\t<meta name=\"twitter:data1\" content=\"1 minuto\" \/>\n<script type=\"application\/ld+json\" class=\"yoast-schema-graph\">{\"@context\":\"https:\/\/schema.org\",\"@graph\":[{\"@type\":\"WebPage\",\"@id\":\"https:\/\/seipuntozero-haircare.it\/es\/product\/post-color-salon-champu-para-cabello-tratado-y-tenido\/\",\"url\":\"https:\/\/seipuntozero-haircare.it\/es\/product\/post-color-salon-champu-para-cabello-tratado-y-tenido\/\",\"name\":\"POST COLOR SALON - Champ\u00fa para cabello tratado y te\u00f1ido | 6.Zero\",\"isPartOf\":{\"@id\":\"https:\/\/seipuntozero-haircare.it\/es\/#website\"},\"primaryImageOfPage\":{\"@id\":\"https:\/\/seipuntozero-haircare.it\/es\/product\/post-color-salon-champu-para-cabello-tratado-y-tenido\/#primaryimage\"},\"image\":{\"@id\":\"https:\/\/seipuntozero-haircare.it\/es\/product\/post-color-salon-champu-para-cabello-tratado-y-tenido\/#primaryimage\"},\"thumbnailUrl\":\"https:\/\/seipuntozero-haircare.it\/wp-content\/uploads\/2019\/11\/262144_sei_punto_zero_post_color_salon_shampoo_1000ml.png\",\"datePublished\":\"2017-03-15T13:55:05+00:00\",\"dateModified\":\"2021-06-25T10:56:50+00:00\",\"description\":\"Post Color Salon, champ\u00fa para cabello tratado y te\u00f1ido. La f\u00f3rmula espec\u00edfica del producto combina una limpieza delicada y la potenciaci\u00f3n del color cosm\u00e9tico.\",\"breadcrumb\":{\"@id\":\"https:\/\/seipuntozero-haircare.it\/es\/product\/post-color-salon-champu-para-cabello-tratado-y-tenido\/#breadcrumb\"},\"inLanguage\":\"es\",\"potentialAction\":[{\"@type\":\"ReadAction\",\"target\":[\"https:\/\/seipuntozero-haircare.it\/es\/product\/post-color-salon-champu-para-cabello-tratado-y-tenido\/\"]}]},{\"@type\":\"ImageObject\",\"inLanguage\":\"es\",\"@id\":\"https:\/\/seipuntozero-haircare.it\/es\/product\/post-color-salon-champu-para-cabello-tratado-y-tenido\/#primaryimage\",\"url\":\"https:\/\/seipuntozero-haircare.it\/wp-content\/uploads\/2019\/11\/262144_sei_punto_zero_post_color_salon_shampoo_1000ml.png\",\"contentUrl\":\"https:\/\/seipuntozero-haircare.it\/wp-content\/uploads\/2019\/11\/262144_sei_punto_zero_post_color_salon_shampoo_1000ml.png\",\"width\":600,\"height\":600,\"caption\":\"Post Color Salon | Shampoo per capelli trattati e colorati\"},{\"@type\":\"BreadcrumbList\",\"@id\":\"https:\/\/seipuntozero-haircare.it\/es\/product\/post-color-salon-champu-para-cabello-tratado-y-tenido\/#breadcrumb\",\"itemListElement\":[{\"@type\":\"ListItem\",\"position\":1,\"name\":\"Home\",\"item\":\"https:\/\/seipuntozero-haircare.it\/es\/\"},{\"@type\":\"ListItem\",\"position\":2,\"name\":\"Products\",\"item\":\"https:\/\/seipuntozero-haircare.it\/es\/shop\/\"},{\"@type\":\"ListItem\",\"position\":3,\"name\":\"POST COLOR SALON Champ\u00fa para cabello tratado y te\u00f1ido\"}]},{\"@type\":\"WebSite\",\"@id\":\"https:\/\/seipuntozero-haircare.it\/es\/#website\",\"url\":\"https:\/\/seipuntozero-haircare.it\/es\/\",\"name\":\"6.Zero\",\"description\":\"Essential Touch\",\"potentialAction\":[{\"@type\":\"SearchAction\",\"target\":{\"@type\":\"EntryPoint\",\"urlTemplate\":\"https:\/\/seipuntozero-haircare.it\/es\/?s={search_term_string}\"},\"query-input\":{\"@type\":\"PropertyValueSpecification\",\"valueRequired\":true,\"valueName\":\"search_term_string\"}}],\"inLanguage\":\"es\"}]}<\/script>\n<!-- \/ Yoast SEO plugin. -->","yoast_head_json":{"title":"POST COLOR SALON - Champ\u00fa para cabello tratado y te\u00f1ido | 6.Zero","description":"Post Color Salon, champ\u00fa para cabello tratado y te\u00f1ido. La f\u00f3rmula espec\u00edfica del producto combina una limpieza delicada y la potenciaci\u00f3n del color cosm\u00e9tico.","robots":{"index":"index","follow":"follow","max-snippet":"max-snippet:-1","max-image-preview":"max-image-preview:large","max-video-preview":"max-video-preview:-1"},"canonical":"https:\/\/seipuntozero-haircare.it\/es\/product\/post-color-salon-champu-para-cabello-tratado-y-tenido\/","og_locale":"es_ES","og_type":"article","og_title":"POST COLOR SALON - Champ\u00fa para cabello tratado y te\u00f1ido | 6.Zero","og_description":"Post Color Salon, champ\u00fa para cabello tratado y te\u00f1ido. La f\u00f3rmula espec\u00edfica del producto combina una limpieza delicada y la potenciaci\u00f3n del color cosm\u00e9tico.","og_url":"https:\/\/seipuntozero-haircare.it\/es\/product\/post-color-salon-champu-para-cabello-tratado-y-tenido\/","og_site_name":"6.Zero","article_modified_time":"2021-06-25T10:56:50+00:00","og_image":[{"width":600,"height":600,"url":"https:\/\/seipuntozero-haircare.it\/wp-content\/uploads\/2019\/11\/262144_sei_punto_zero_post_color_salon_shampoo_1000ml.png","type":"image\/png"}],"twitter_card":"summary_large_image","twitter_misc":{"Tiempo de lectura":"1 minuto"},"schema":{"@context":"https:\/\/schema.org","@graph":[{"@type":"WebPage","@id":"https:\/\/seipuntozero-haircare.it\/es\/product\/post-color-salon-champu-para-cabello-tratado-y-tenido\/","url":"https:\/\/seipuntozero-haircare.it\/es\/product\/post-color-salon-champu-para-cabello-tratado-y-tenido\/","name":"POST COLOR SALON - Champ\u00fa para cabello tratado y te\u00f1ido | 6.Zero","isPartOf":{"@id":"https:\/\/seipuntozero-haircare.it\/es\/#website"},"primaryImageOfPage":{"@id":"https:\/\/seipuntozero-haircare.it\/es\/product\/post-color-salon-champu-para-cabello-tratado-y-tenido\/#primaryimage"},"image":{"@id":"https:\/\/seipuntozero-haircare.it\/es\/product\/post-color-salon-champu-para-cabello-tratado-y-tenido\/#primaryimage"},"thumbnailUrl":"https:\/\/seipuntozero-haircare.it\/wp-content\/uploads\/2019\/11\/262144_sei_punto_zero_post_color_salon_shampoo_1000ml.png","datePublished":"2017-03-15T13:55:05+00:00","dateModified":"2021-06-25T10:56:50+00:00","description":"Post Color Salon, champ\u00fa para cabello tratado y te\u00f1ido. La f\u00f3rmula espec\u00edfica del producto combina una limpieza delicada y la potenciaci\u00f3n del color cosm\u00e9tico.","breadcrumb":{"@id":"https:\/\/seipuntozero-haircare.it\/es\/product\/post-color-salon-champu-para-cabello-tratado-y-tenido\/#breadcrumb"},"inLanguage":"es","potentialAction":[{"@type":"ReadAction","target":["https:\/\/seipuntozero-haircare.it\/es\/product\/post-color-salon-champu-para-cabello-tratado-y-tenido\/"]}]},{"@type":"ImageObject","inLanguage":"es","@id":"https:\/\/seipuntozero-haircare.it\/es\/product\/post-color-salon-champu-para-cabello-tratado-y-tenido\/#primaryimage","url":"https:\/\/seipuntozero-haircare.it\/wp-content\/uploads\/2019\/11\/262144_sei_punto_zero_post_color_salon_shampoo_1000ml.png","contentUrl":"https:\/\/seipuntozero-haircare.it\/wp-content\/uploads\/2019\/11\/262144_sei_punto_zero_post_color_salon_shampoo_1000ml.png","width":600,"height":600,"caption":"Post Color Salon | Shampoo per capelli trattati e colorati"},{"@type":"BreadcrumbList","@id":"https:\/\/seipuntozero-haircare.it\/es\/product\/post-color-salon-champu-para-cabello-tratado-y-tenido\/#breadcrumb","itemListElement":[{"@type":"ListItem","position":1,"name":"Home","item":"https:\/\/seipuntozero-haircare.it\/es\/"},{"@type":"ListItem","position":2,"name":"Products","item":"https:\/\/seipuntozero-haircare.it\/es\/shop\/"},{"@type":"ListItem","position":3,"name":"POST COLOR SALON Champ\u00fa para cabello tratado y te\u00f1ido"}]},{"@type":"WebSite","@id":"https:\/\/seipuntozero-haircare.it\/es\/#website","url":"https:\/\/seipuntozero-haircare.it\/es\/","name":"6.Zero","description":"Essential Touch","potentialAction":[{"@type":"SearchAction","target":{"@type":"EntryPoint","urlTemplate":"https:\/\/seipuntozero-haircare.it\/es\/?s={search_term_string}"},"query-input":{"@type":"PropertyValueSpecification","valueRequired":true,"valueName":"search_term_string"}}],"inLanguage":"es"}]}},"_links":{"self":[{"href":"https:\/\/seipuntozero-haircare.it\/es\/wp-json\/wp\/v2\/product\/16908","targetHints":{"allow":["GET"]}}],"collection":[{"href":"https:\/\/seipuntozero-haircare.it\/es\/wp-json\/wp\/v2\/product"}],"about":[{"href":"https:\/\/seipuntozero-haircare.it\/es\/wp-json\/wp\/v2\/types\/product"}],"wp:featuredmedia":[{"embeddable":true,"href":"https:\/\/seipuntozero-haircare.it\/es\/wp-json\/wp\/v2\/media\/18103"}],"wp:attachment":[{"href":"https:\/\/seipuntozero-haircare.it\/es\/wp-json\/wp\/v2\/media?parent=16908"}],"wp:term":[{"taxonomy":"product_brand","embeddable":true,"href":"https:\/\/seipuntozero-haircare.it\/es\/wp-json\/wp\/v2\/product_brand?post=16908"},{"taxonomy":"product_cat","embeddable":true,"href":"https:\/\/seipuntozero-haircare.it\/es\/wp-json\/wp\/v2\/product_cat?post=16908"},{"taxonomy":"product_tag","embeddable":true,"href":"https:\/\/seipuntozero-haircare.it\/es\/wp-json\/wp\/v2\/product_tag?post=16908"}],"curies":[{"name":"wp","href":"https:\/\/api.w.org\/{rel}","templated":true}]}}