{"id":16904,"date":"2017-03-15T15:02:41","date_gmt":"2017-03-15T14:02:41","guid":{"rendered":"https:\/\/seipuntozero-haircare.it\/prodotto\/champu-multivitaminico-profesional\/"},"modified":"2021-06-25T12:55:16","modified_gmt":"2021-06-25T10:55:16","slug":"champu-multivitaminico-profesional","status":"publish","type":"product","link":"https:\/\/seipuntozero-haircare.it\/es\/product\/champu-multivitaminico-profesional\/","title":{"rendered":"Champ\u00fa multivitam\u00ednico profesional"},"content":{"rendered":"<ul>\n<li>Ejerce una<strong> limpieza delicada<\/strong> en toda la cabellera<\/li>\n<li>Pr\u00e1ctico y de larga duraci\u00f3n, en formato de <strong>10 litros<\/strong><\/li>\n<li><strong>Hidrata y nutre<\/strong> la fibra capilar<\/li>\n<\/ul>\n","protected":false},"excerpt":{"rendered":"<p><strong>Champ\u00fa multivitam\u00ednico<\/strong>, dise\u00f1ado para ofrecer al peluquero un producto profesional para el uso en la <strong>peluquer\u00eda<\/strong>. Limpia suavemente la piel y el cuero cabelludo, <strong>hidratando y nutriendo<\/strong> el cabello mediante el aporte de vitaminas de la f\u00f3rmula, que<strong> revitaliza la melena<\/strong>.<\/p>\n<p>Uso profesional<\/p>\n<p>Garrafa de 10 litros<\/p>\n","protected":false},"featured_media":18146,"template":"","meta":[],"product_brand":[],"product_cat":[946],"product_tag":[],"class_list":["post-16904","product","type-product","status-publish","has-post-thumbnail","hentry","product_cat-salon-treatments-es"],"yoast_head":"<!-- This site is optimized with the Yoast SEO plugin v27.1.1 - https:\/\/yoast.com\/product\/yoast-seo-wordpress\/ -->\n<title>Champ\u00fa multivitam\u00ednico profesional | Sei.Zero<\/title>\n<meta name=\"description\" content=\"Champ\u00fa multivitam\u00ednico, dise\u00f1ado para ofrecer al peluquero un producto profesional para el uso en la peluquer\u00eda.\" \/>\n<meta name=\"robots\" content=\"index, follow, max-snippet:-1, max-image-preview:large, max-video-preview:-1\" \/>\n<link rel=\"canonical\" href=\"https:\/\/seipuntozero-haircare.it\/es\/product\/champu-multivitaminico-profesional\/\" \/>\n<meta property=\"og:locale\" content=\"es_ES\" \/>\n<meta property=\"og:type\" content=\"article\" \/>\n<meta property=\"og:title\" content=\"Champ\u00fa multivitam\u00ednico profesional | Sei.Zero\" \/>\n<meta property=\"og:description\" content=\"Champ\u00fa multivitam\u00ednico, dise\u00f1ado para ofrecer al peluquero un producto profesional para el uso en la peluquer\u00eda.\" \/>\n<meta property=\"og:url\" content=\"https:\/\/seipuntozero-haircare.it\/es\/product\/champu-multivitaminico-profesional\/\" \/>\n<meta property=\"og:site_name\" content=\"6.Zero\" \/>\n<meta property=\"article:modified_time\" content=\"2021-06-25T10:55:16+00:00\" \/>\n<meta property=\"og:image\" content=\"https:\/\/seipuntozero-haircare.it\/wp-content\/uploads\/2017\/03\/262151_sei_punto_zero_professiona_multi_vitamin_shampoo_10lt.png\" \/>\n\t<meta property=\"og:image:width\" content=\"600\" \/>\n\t<meta property=\"og:image:height\" content=\"600\" \/>\n\t<meta property=\"og:image:type\" content=\"image\/png\" \/>\n<meta name=\"twitter:card\" content=\"summary_large_image\" \/>\n<meta name=\"twitter:label1\" content=\"Tiempo de lectura\" \/>\n\t<meta name=\"twitter:data1\" content=\"1 minuto\" \/>\n<script type=\"application\/ld+json\" class=\"yoast-schema-graph\">{\"@context\":\"https:\/\/schema.org\",\"@graph\":[{\"@type\":\"WebPage\",\"@id\":\"https:\/\/seipuntozero-haircare.it\/es\/product\/champu-multivitaminico-profesional\/\",\"url\":\"https:\/\/seipuntozero-haircare.it\/es\/product\/champu-multivitaminico-profesional\/\",\"name\":\"Champ\u00fa multivitam\u00ednico profesional | Sei.Zero\",\"isPartOf\":{\"@id\":\"https:\/\/seipuntozero-haircare.it\/es\/#website\"},\"primaryImageOfPage\":{\"@id\":\"https:\/\/seipuntozero-haircare.it\/es\/product\/champu-multivitaminico-profesional\/#primaryimage\"},\"image\":{\"@id\":\"https:\/\/seipuntozero-haircare.it\/es\/product\/champu-multivitaminico-profesional\/#primaryimage\"},\"thumbnailUrl\":\"https:\/\/seipuntozero-haircare.it\/wp-content\/uploads\/2017\/03\/262151_sei_punto_zero_professiona_multi_vitamin_shampoo_10lt.png\",\"datePublished\":\"2017-03-15T14:02:41+00:00\",\"dateModified\":\"2021-06-25T10:55:16+00:00\",\"description\":\"Champ\u00fa multivitam\u00ednico, dise\u00f1ado para ofrecer al peluquero un producto profesional para el uso en la peluquer\u00eda.\",\"breadcrumb\":{\"@id\":\"https:\/\/seipuntozero-haircare.it\/es\/product\/champu-multivitaminico-profesional\/#breadcrumb\"},\"inLanguage\":\"es\",\"potentialAction\":[{\"@type\":\"ReadAction\",\"target\":[\"https:\/\/seipuntozero-haircare.it\/es\/product\/champu-multivitaminico-profesional\/\"]}]},{\"@type\":\"ImageObject\",\"inLanguage\":\"es\",\"@id\":\"https:\/\/seipuntozero-haircare.it\/es\/product\/champu-multivitaminico-profesional\/#primaryimage\",\"url\":\"https:\/\/seipuntozero-haircare.it\/wp-content\/uploads\/2017\/03\/262151_sei_punto_zero_professiona_multi_vitamin_shampoo_10lt.png\",\"contentUrl\":\"https:\/\/seipuntozero-haircare.it\/wp-content\/uploads\/2017\/03\/262151_sei_punto_zero_professiona_multi_vitamin_shampoo_10lt.png\",\"width\":600,\"height\":600,\"caption\":\"Shampoo multi-vitaminico professionale\"},{\"@type\":\"BreadcrumbList\",\"@id\":\"https:\/\/seipuntozero-haircare.it\/es\/product\/champu-multivitaminico-profesional\/#breadcrumb\",\"itemListElement\":[{\"@type\":\"ListItem\",\"position\":1,\"name\":\"Home\",\"item\":\"https:\/\/seipuntozero-haircare.it\/es\/\"},{\"@type\":\"ListItem\",\"position\":2,\"name\":\"Products\",\"item\":\"https:\/\/seipuntozero-haircare.it\/es\/shop\/\"},{\"@type\":\"ListItem\",\"position\":3,\"name\":\"Champ\u00fa multivitam\u00ednico profesional\"}]},{\"@type\":\"WebSite\",\"@id\":\"https:\/\/seipuntozero-haircare.it\/es\/#website\",\"url\":\"https:\/\/seipuntozero-haircare.it\/es\/\",\"name\":\"6.Zero\",\"description\":\"Essential Touch\",\"potentialAction\":[{\"@type\":\"SearchAction\",\"target\":{\"@type\":\"EntryPoint\",\"urlTemplate\":\"https:\/\/seipuntozero-haircare.it\/es\/?s={search_term_string}\"},\"query-input\":{\"@type\":\"PropertyValueSpecification\",\"valueRequired\":true,\"valueName\":\"search_term_string\"}}],\"inLanguage\":\"es\"}]}<\/script>\n<!-- \/ Yoast SEO plugin. -->","yoast_head_json":{"title":"Champ\u00fa multivitam\u00ednico profesional | Sei.Zero","description":"Champ\u00fa multivitam\u00ednico, dise\u00f1ado para ofrecer al peluquero un producto profesional para el uso en la peluquer\u00eda.","robots":{"index":"index","follow":"follow","max-snippet":"max-snippet:-1","max-image-preview":"max-image-preview:large","max-video-preview":"max-video-preview:-1"},"canonical":"https:\/\/seipuntozero-haircare.it\/es\/product\/champu-multivitaminico-profesional\/","og_locale":"es_ES","og_type":"article","og_title":"Champ\u00fa multivitam\u00ednico profesional | Sei.Zero","og_description":"Champ\u00fa multivitam\u00ednico, dise\u00f1ado para ofrecer al peluquero un producto profesional para el uso en la peluquer\u00eda.","og_url":"https:\/\/seipuntozero-haircare.it\/es\/product\/champu-multivitaminico-profesional\/","og_site_name":"6.Zero","article_modified_time":"2021-06-25T10:55:16+00:00","og_image":[{"width":600,"height":600,"url":"https:\/\/seipuntozero-haircare.it\/wp-content\/uploads\/2017\/03\/262151_sei_punto_zero_professiona_multi_vitamin_shampoo_10lt.png","type":"image\/png"}],"twitter_card":"summary_large_image","twitter_misc":{"Tiempo de lectura":"1 minuto"},"schema":{"@context":"https:\/\/schema.org","@graph":[{"@type":"WebPage","@id":"https:\/\/seipuntozero-haircare.it\/es\/product\/champu-multivitaminico-profesional\/","url":"https:\/\/seipuntozero-haircare.it\/es\/product\/champu-multivitaminico-profesional\/","name":"Champ\u00fa multivitam\u00ednico profesional | Sei.Zero","isPartOf":{"@id":"https:\/\/seipuntozero-haircare.it\/es\/#website"},"primaryImageOfPage":{"@id":"https:\/\/seipuntozero-haircare.it\/es\/product\/champu-multivitaminico-profesional\/#primaryimage"},"image":{"@id":"https:\/\/seipuntozero-haircare.it\/es\/product\/champu-multivitaminico-profesional\/#primaryimage"},"thumbnailUrl":"https:\/\/seipuntozero-haircare.it\/wp-content\/uploads\/2017\/03\/262151_sei_punto_zero_professiona_multi_vitamin_shampoo_10lt.png","datePublished":"2017-03-15T14:02:41+00:00","dateModified":"2021-06-25T10:55:16+00:00","description":"Champ\u00fa multivitam\u00ednico, dise\u00f1ado para ofrecer al peluquero un producto profesional para el uso en la peluquer\u00eda.","breadcrumb":{"@id":"https:\/\/seipuntozero-haircare.it\/es\/product\/champu-multivitaminico-profesional\/#breadcrumb"},"inLanguage":"es","potentialAction":[{"@type":"ReadAction","target":["https:\/\/seipuntozero-haircare.it\/es\/product\/champu-multivitaminico-profesional\/"]}]},{"@type":"ImageObject","inLanguage":"es","@id":"https:\/\/seipuntozero-haircare.it\/es\/product\/champu-multivitaminico-profesional\/#primaryimage","url":"https:\/\/seipuntozero-haircare.it\/wp-content\/uploads\/2017\/03\/262151_sei_punto_zero_professiona_multi_vitamin_shampoo_10lt.png","contentUrl":"https:\/\/seipuntozero-haircare.it\/wp-content\/uploads\/2017\/03\/262151_sei_punto_zero_professiona_multi_vitamin_shampoo_10lt.png","width":600,"height":600,"caption":"Shampoo multi-vitaminico professionale"},{"@type":"BreadcrumbList","@id":"https:\/\/seipuntozero-haircare.it\/es\/product\/champu-multivitaminico-profesional\/#breadcrumb","itemListElement":[{"@type":"ListItem","position":1,"name":"Home","item":"https:\/\/seipuntozero-haircare.it\/es\/"},{"@type":"ListItem","position":2,"name":"Products","item":"https:\/\/seipuntozero-haircare.it\/es\/shop\/"},{"@type":"ListItem","position":3,"name":"Champ\u00fa multivitam\u00ednico profesional"}]},{"@type":"WebSite","@id":"https:\/\/seipuntozero-haircare.it\/es\/#website","url":"https:\/\/seipuntozero-haircare.it\/es\/","name":"6.Zero","description":"Essential Touch","potentialAction":[{"@type":"SearchAction","target":{"@type":"EntryPoint","urlTemplate":"https:\/\/seipuntozero-haircare.it\/es\/?s={search_term_string}"},"query-input":{"@type":"PropertyValueSpecification","valueRequired":true,"valueName":"search_term_string"}}],"inLanguage":"es"}]}},"_links":{"self":[{"href":"https:\/\/seipuntozero-haircare.it\/es\/wp-json\/wp\/v2\/product\/16904","targetHints":{"allow":["GET"]}}],"collection":[{"href":"https:\/\/seipuntozero-haircare.it\/es\/wp-json\/wp\/v2\/product"}],"about":[{"href":"https:\/\/seipuntozero-haircare.it\/es\/wp-json\/wp\/v2\/types\/product"}],"wp:featuredmedia":[{"embeddable":true,"href":"https:\/\/seipuntozero-haircare.it\/es\/wp-json\/wp\/v2\/media\/18146"}],"wp:attachment":[{"href":"https:\/\/seipuntozero-haircare.it\/es\/wp-json\/wp\/v2\/media?parent=16904"}],"wp:term":[{"taxonomy":"product_brand","embeddable":true,"href":"https:\/\/seipuntozero-haircare.it\/es\/wp-json\/wp\/v2\/product_brand?post=16904"},{"taxonomy":"product_cat","embeddable":true,"href":"https:\/\/seipuntozero-haircare.it\/es\/wp-json\/wp\/v2\/product_cat?post=16904"},{"taxonomy":"product_tag","embeddable":true,"href":"https:\/\/seipuntozero-haircare.it\/es\/wp-json\/wp\/v2\/product_tag?post=16904"}],"curies":[{"name":"wp","href":"https:\/\/api.w.org\/{rel}","templated":true}]}}