{"id":16898,"date":"2017-03-15T15:33:27","date_gmt":"2017-03-15T14:33:27","guid":{"rendered":"https:\/\/seipuntozero-haircare.it\/prodotto\/almond-karite-treatment-mascarilla-nutritiva-para-cabello-tratado-y-tenido\/"},"modified":"2021-06-25T12:52:40","modified_gmt":"2021-06-25T10:52:40","slug":"almond-karite-treatment-mascarilla-nutritiva-para-cabello-tratado-y-tenido","status":"publish","type":"product","link":"https:\/\/seipuntozero-haircare.it\/es\/product\/almond-karite-treatment-mascarilla-nutritiva-para-cabello-tratado-y-tenido\/","title":{"rendered":"ALMOND &#038; KARIT\u00c9 TREATMENT<br> Mascarilla nutritiva para cabello tratado y te\u00f1ido"},"content":{"rendered":"<ul>\n<li><strong>Nutre y protege<\/strong> el cabello tratado y te\u00f1ido<\/li>\n<li>Da nuevo <strong>tono y cuerpo<\/strong> a la cabellera<\/li>\n<\/ul>\n","protected":false},"excerpt":{"rendered":"<p>Almond &amp; Karit\u00e9 Treatment, <strong>mascarilla nutritiva<\/strong> para cabello tratado y te\u00f1ido. Rica en<strong> vitaminas<\/strong>, se caracteriza por una f\u00f3rmula a base de manteca de<strong> karit\u00e9 y almendra<\/strong>, que regenera,<strong> nutre y protege<\/strong>, dando <strong>cuerpo y elasticidad<\/strong>. El cabello se vuelve suave y sano desde la primera aplicaci\u00f3n de la mascarilla, gracias al <strong>efecto reconstituyente<\/strong> que restaura el vigor natural de la cabellera.<\/p>\n<p>Uso profesional<\/p>\n<p>Vaso de 1000 ml<\/p>\n","protected":false},"featured_media":18127,"template":"","meta":[],"product_brand":[],"product_cat":[946],"product_tag":[],"class_list":["post-16898","product","type-product","status-publish","has-post-thumbnail","hentry","product_cat-salon-treatments-es"],"yoast_head":"<!-- This site is optimized with the Yoast SEO plugin v27.1.1 - https:\/\/yoast.com\/product\/yoast-seo-wordpress\/ -->\n<title>ALMOND &amp; KARIT\u00c9 TREATMENT | Mascarilla nutritiva para cabello tratado y te\u00f1ido<\/title>\n<meta name=\"description\" content=\"Almond &amp; Karit\u00e9 Treatment, mascarilla nutritiva para cabello tratado y te\u00f1ido. Rica en vitaminas, se caracteriza por una f\u00f3rmula a base de manteca de karit\u00e9 y almendra.\" \/>\n<meta name=\"robots\" content=\"index, follow, max-snippet:-1, max-image-preview:large, max-video-preview:-1\" \/>\n<link rel=\"canonical\" href=\"https:\/\/seipuntozero-haircare.it\/es\/product\/almond-karite-treatment-mascarilla-nutritiva-para-cabello-tratado-y-tenido\/\" \/>\n<meta property=\"og:locale\" content=\"es_ES\" \/>\n<meta property=\"og:type\" content=\"article\" \/>\n<meta property=\"og:title\" content=\"ALMOND &amp; KARIT\u00c9 TREATMENT | Mascarilla nutritiva para cabello tratado y te\u00f1ido\" \/>\n<meta property=\"og:description\" content=\"Almond &amp; Karit\u00e9 Treatment, mascarilla nutritiva para cabello tratado y te\u00f1ido. Rica en vitaminas, se caracteriza por una f\u00f3rmula a base de manteca de karit\u00e9 y almendra.\" \/>\n<meta property=\"og:url\" content=\"https:\/\/seipuntozero-haircare.it\/es\/product\/almond-karite-treatment-mascarilla-nutritiva-para-cabello-tratado-y-tenido\/\" \/>\n<meta property=\"og:site_name\" content=\"6.Zero\" \/>\n<meta property=\"article:modified_time\" content=\"2021-06-25T10:52:40+00:00\" \/>\n<meta property=\"og:image\" content=\"https:\/\/seipuntozero-haircare.it\/wp-content\/uploads\/2019\/11\/262182_sei_punto_zero_almond_karite_treatment_mask_1000ml.png\" \/>\n\t<meta property=\"og:image:width\" content=\"600\" \/>\n\t<meta property=\"og:image:height\" content=\"600\" \/>\n\t<meta property=\"og:image:type\" content=\"image\/png\" \/>\n<meta name=\"twitter:card\" content=\"summary_large_image\" \/>\n<meta name=\"twitter:label1\" content=\"Tiempo de lectura\" \/>\n\t<meta name=\"twitter:data1\" content=\"1 minuto\" \/>\n<script type=\"application\/ld+json\" class=\"yoast-schema-graph\">{\"@context\":\"https:\/\/schema.org\",\"@graph\":[{\"@type\":\"WebPage\",\"@id\":\"https:\/\/seipuntozero-haircare.it\/es\/product\/almond-karite-treatment-mascarilla-nutritiva-para-cabello-tratado-y-tenido\/\",\"url\":\"https:\/\/seipuntozero-haircare.it\/es\/product\/almond-karite-treatment-mascarilla-nutritiva-para-cabello-tratado-y-tenido\/\",\"name\":\"ALMOND & KARIT\u00c9 TREATMENT | Mascarilla nutritiva para cabello tratado y te\u00f1ido\",\"isPartOf\":{\"@id\":\"https:\/\/seipuntozero-haircare.it\/es\/#website\"},\"primaryImageOfPage\":{\"@id\":\"https:\/\/seipuntozero-haircare.it\/es\/product\/almond-karite-treatment-mascarilla-nutritiva-para-cabello-tratado-y-tenido\/#primaryimage\"},\"image\":{\"@id\":\"https:\/\/seipuntozero-haircare.it\/es\/product\/almond-karite-treatment-mascarilla-nutritiva-para-cabello-tratado-y-tenido\/#primaryimage\"},\"thumbnailUrl\":\"https:\/\/seipuntozero-haircare.it\/wp-content\/uploads\/2019\/11\/262182_sei_punto_zero_almond_karite_treatment_mask_1000ml.png\",\"datePublished\":\"2017-03-15T14:33:27+00:00\",\"dateModified\":\"2021-06-25T10:52:40+00:00\",\"description\":\"Almond & Karit\u00e9 Treatment, mascarilla nutritiva para cabello tratado y te\u00f1ido. Rica en vitaminas, se caracteriza por una f\u00f3rmula a base de manteca de karit\u00e9 y almendra.\",\"breadcrumb\":{\"@id\":\"https:\/\/seipuntozero-haircare.it\/es\/product\/almond-karite-treatment-mascarilla-nutritiva-para-cabello-tratado-y-tenido\/#breadcrumb\"},\"inLanguage\":\"es\",\"potentialAction\":[{\"@type\":\"ReadAction\",\"target\":[\"https:\/\/seipuntozero-haircare.it\/es\/product\/almond-karite-treatment-mascarilla-nutritiva-para-cabello-tratado-y-tenido\/\"]}]},{\"@type\":\"ImageObject\",\"inLanguage\":\"es\",\"@id\":\"https:\/\/seipuntozero-haircare.it\/es\/product\/almond-karite-treatment-mascarilla-nutritiva-para-cabello-tratado-y-tenido\/#primaryimage\",\"url\":\"https:\/\/seipuntozero-haircare.it\/wp-content\/uploads\/2019\/11\/262182_sei_punto_zero_almond_karite_treatment_mask_1000ml.png\",\"contentUrl\":\"https:\/\/seipuntozero-haircare.it\/wp-content\/uploads\/2019\/11\/262182_sei_punto_zero_almond_karite_treatment_mask_1000ml.png\",\"width\":600,\"height\":600,\"caption\":\"Almond & Karit\u00e9 Treatment | Maschera nutriente per capelli trattati e colorati\"},{\"@type\":\"BreadcrumbList\",\"@id\":\"https:\/\/seipuntozero-haircare.it\/es\/product\/almond-karite-treatment-mascarilla-nutritiva-para-cabello-tratado-y-tenido\/#breadcrumb\",\"itemListElement\":[{\"@type\":\"ListItem\",\"position\":1,\"name\":\"Home\",\"item\":\"https:\/\/seipuntozero-haircare.it\/es\/\"},{\"@type\":\"ListItem\",\"position\":2,\"name\":\"Products\",\"item\":\"https:\/\/seipuntozero-haircare.it\/es\/shop\/\"},{\"@type\":\"ListItem\",\"position\":3,\"name\":\"ALMOND &#038; KARIT\u00c9 TREATMENT Mascarilla nutritiva para cabello tratado y te\u00f1ido\"}]},{\"@type\":\"WebSite\",\"@id\":\"https:\/\/seipuntozero-haircare.it\/es\/#website\",\"url\":\"https:\/\/seipuntozero-haircare.it\/es\/\",\"name\":\"6.Zero\",\"description\":\"Essential Touch\",\"potentialAction\":[{\"@type\":\"SearchAction\",\"target\":{\"@type\":\"EntryPoint\",\"urlTemplate\":\"https:\/\/seipuntozero-haircare.it\/es\/?s={search_term_string}\"},\"query-input\":{\"@type\":\"PropertyValueSpecification\",\"valueRequired\":true,\"valueName\":\"search_term_string\"}}],\"inLanguage\":\"es\"}]}<\/script>\n<!-- \/ Yoast SEO plugin. -->","yoast_head_json":{"title":"ALMOND & KARIT\u00c9 TREATMENT | Mascarilla nutritiva para cabello tratado y te\u00f1ido","description":"Almond & Karit\u00e9 Treatment, mascarilla nutritiva para cabello tratado y te\u00f1ido. Rica en vitaminas, se caracteriza por una f\u00f3rmula a base de manteca de karit\u00e9 y almendra.","robots":{"index":"index","follow":"follow","max-snippet":"max-snippet:-1","max-image-preview":"max-image-preview:large","max-video-preview":"max-video-preview:-1"},"canonical":"https:\/\/seipuntozero-haircare.it\/es\/product\/almond-karite-treatment-mascarilla-nutritiva-para-cabello-tratado-y-tenido\/","og_locale":"es_ES","og_type":"article","og_title":"ALMOND & KARIT\u00c9 TREATMENT | Mascarilla nutritiva para cabello tratado y te\u00f1ido","og_description":"Almond & Karit\u00e9 Treatment, mascarilla nutritiva para cabello tratado y te\u00f1ido. Rica en vitaminas, se caracteriza por una f\u00f3rmula a base de manteca de karit\u00e9 y almendra.","og_url":"https:\/\/seipuntozero-haircare.it\/es\/product\/almond-karite-treatment-mascarilla-nutritiva-para-cabello-tratado-y-tenido\/","og_site_name":"6.Zero","article_modified_time":"2021-06-25T10:52:40+00:00","og_image":[{"width":600,"height":600,"url":"https:\/\/seipuntozero-haircare.it\/wp-content\/uploads\/2019\/11\/262182_sei_punto_zero_almond_karite_treatment_mask_1000ml.png","type":"image\/png"}],"twitter_card":"summary_large_image","twitter_misc":{"Tiempo de lectura":"1 minuto"},"schema":{"@context":"https:\/\/schema.org","@graph":[{"@type":"WebPage","@id":"https:\/\/seipuntozero-haircare.it\/es\/product\/almond-karite-treatment-mascarilla-nutritiva-para-cabello-tratado-y-tenido\/","url":"https:\/\/seipuntozero-haircare.it\/es\/product\/almond-karite-treatment-mascarilla-nutritiva-para-cabello-tratado-y-tenido\/","name":"ALMOND & KARIT\u00c9 TREATMENT | Mascarilla nutritiva para cabello tratado y te\u00f1ido","isPartOf":{"@id":"https:\/\/seipuntozero-haircare.it\/es\/#website"},"primaryImageOfPage":{"@id":"https:\/\/seipuntozero-haircare.it\/es\/product\/almond-karite-treatment-mascarilla-nutritiva-para-cabello-tratado-y-tenido\/#primaryimage"},"image":{"@id":"https:\/\/seipuntozero-haircare.it\/es\/product\/almond-karite-treatment-mascarilla-nutritiva-para-cabello-tratado-y-tenido\/#primaryimage"},"thumbnailUrl":"https:\/\/seipuntozero-haircare.it\/wp-content\/uploads\/2019\/11\/262182_sei_punto_zero_almond_karite_treatment_mask_1000ml.png","datePublished":"2017-03-15T14:33:27+00:00","dateModified":"2021-06-25T10:52:40+00:00","description":"Almond & Karit\u00e9 Treatment, mascarilla nutritiva para cabello tratado y te\u00f1ido. Rica en vitaminas, se caracteriza por una f\u00f3rmula a base de manteca de karit\u00e9 y almendra.","breadcrumb":{"@id":"https:\/\/seipuntozero-haircare.it\/es\/product\/almond-karite-treatment-mascarilla-nutritiva-para-cabello-tratado-y-tenido\/#breadcrumb"},"inLanguage":"es","potentialAction":[{"@type":"ReadAction","target":["https:\/\/seipuntozero-haircare.it\/es\/product\/almond-karite-treatment-mascarilla-nutritiva-para-cabello-tratado-y-tenido\/"]}]},{"@type":"ImageObject","inLanguage":"es","@id":"https:\/\/seipuntozero-haircare.it\/es\/product\/almond-karite-treatment-mascarilla-nutritiva-para-cabello-tratado-y-tenido\/#primaryimage","url":"https:\/\/seipuntozero-haircare.it\/wp-content\/uploads\/2019\/11\/262182_sei_punto_zero_almond_karite_treatment_mask_1000ml.png","contentUrl":"https:\/\/seipuntozero-haircare.it\/wp-content\/uploads\/2019\/11\/262182_sei_punto_zero_almond_karite_treatment_mask_1000ml.png","width":600,"height":600,"caption":"Almond & Karit\u00e9 Treatment | Maschera nutriente per capelli trattati e colorati"},{"@type":"BreadcrumbList","@id":"https:\/\/seipuntozero-haircare.it\/es\/product\/almond-karite-treatment-mascarilla-nutritiva-para-cabello-tratado-y-tenido\/#breadcrumb","itemListElement":[{"@type":"ListItem","position":1,"name":"Home","item":"https:\/\/seipuntozero-haircare.it\/es\/"},{"@type":"ListItem","position":2,"name":"Products","item":"https:\/\/seipuntozero-haircare.it\/es\/shop\/"},{"@type":"ListItem","position":3,"name":"ALMOND &#038; KARIT\u00c9 TREATMENT Mascarilla nutritiva para cabello tratado y te\u00f1ido"}]},{"@type":"WebSite","@id":"https:\/\/seipuntozero-haircare.it\/es\/#website","url":"https:\/\/seipuntozero-haircare.it\/es\/","name":"6.Zero","description":"Essential Touch","potentialAction":[{"@type":"SearchAction","target":{"@type":"EntryPoint","urlTemplate":"https:\/\/seipuntozero-haircare.it\/es\/?s={search_term_string}"},"query-input":{"@type":"PropertyValueSpecification","valueRequired":true,"valueName":"search_term_string"}}],"inLanguage":"es"}]}},"_links":{"self":[{"href":"https:\/\/seipuntozero-haircare.it\/es\/wp-json\/wp\/v2\/product\/16898","targetHints":{"allow":["GET"]}}],"collection":[{"href":"https:\/\/seipuntozero-haircare.it\/es\/wp-json\/wp\/v2\/product"}],"about":[{"href":"https:\/\/seipuntozero-haircare.it\/es\/wp-json\/wp\/v2\/types\/product"}],"wp:featuredmedia":[{"embeddable":true,"href":"https:\/\/seipuntozero-haircare.it\/es\/wp-json\/wp\/v2\/media\/18127"}],"wp:attachment":[{"href":"https:\/\/seipuntozero-haircare.it\/es\/wp-json\/wp\/v2\/media?parent=16898"}],"wp:term":[{"taxonomy":"product_brand","embeddable":true,"href":"https:\/\/seipuntozero-haircare.it\/es\/wp-json\/wp\/v2\/product_brand?post=16898"},{"taxonomy":"product_cat","embeddable":true,"href":"https:\/\/seipuntozero-haircare.it\/es\/wp-json\/wp\/v2\/product_cat?post=16898"},{"taxonomy":"product_tag","embeddable":true,"href":"https:\/\/seipuntozero-haircare.it\/es\/wp-json\/wp\/v2\/product_tag?post=16898"}],"curies":[{"name":"wp","href":"https:\/\/api.w.org\/{rel}","templated":true}]}}