{"id":16895,"date":"2017-03-15T14:32:02","date_gmt":"2017-03-15T13:32:02","guid":{"rendered":"https:\/\/seipuntozero-haircare.it\/prodotto\/ondulador-cosmetico-para-cabello-natural\/"},"modified":"2021-06-25T17:40:37","modified_gmt":"2021-06-25T15:40:37","slug":"ondulador-cosmetico-para-cabello-natural","status":"publish","type":"product","link":"https:\/\/seipuntozero-haircare.it\/es\/product\/ondulador-cosmetico-para-cabello-natural\/","title":{"rendered":"Ondulador cosm\u00e9tico para cabello natural"},"content":{"rendered":"<ul>\n<li>Define los rizos y crea una ondulaci\u00f3n perfecta<\/li>\n<li>El cabello queda m\u00e1s suave y voluminoso<\/li>\n<li>Contrarresta el encrespamiento<\/li>\n<\/ul>\n","protected":false},"excerpt":{"rendered":"<p><strong>Ondulador cosm\u00e9tico para cabello natural<\/strong> con <strong>cisteamina<\/strong>, <strong>sin amoniaco ni tioglicolato<\/strong>. Genera rizos con <strong>cuerpo y el\u00e1sticos<\/strong> y garantiza una<strong> ondulaci\u00f3n perfecta<\/strong> respetando la fibra capilar. Las ondas son suaves, naturales y duraderas. Gracias a la aplicaci\u00f3n del ondulante cosm\u00e9tico, el cabello natural queda d\u00f3cil al tacto, lleno de volumen, brillante y<strong> libre de encrespamiento.<\/strong><\/p>\n<p>Uso profesional<\/p>\n<p>Frasco de 250 ml<\/p>\n","protected":false},"featured_media":18073,"template":"","meta":[],"product_brand":[],"product_cat":[963],"product_tag":[],"class_list":["post-16895","product","type-product","status-publish","has-post-thumbnail","hentry","product_cat-texturas-es"],"yoast_head":"<!-- This site is optimized with the Yoast SEO plugin v27.1.1 - https:\/\/yoast.com\/product\/yoast-seo-wordpress\/ -->\n<title>Ondulador cosm\u00e9tico para cabello natural | Sei.Zero<\/title>\n<meta name=\"description\" content=\"Ondulador cosm\u00e9tico para cabello natural con cisteamina, sin amoniaco ni tioglicolato. Genera rizos con cuerpo y el\u00e1sticos.\" \/>\n<meta name=\"robots\" content=\"index, follow, max-snippet:-1, max-image-preview:large, max-video-preview:-1\" \/>\n<link rel=\"canonical\" href=\"https:\/\/seipuntozero-haircare.it\/es\/product\/ondulador-cosmetico-para-cabello-natural\/\" \/>\n<meta property=\"og:locale\" content=\"es_ES\" \/>\n<meta property=\"og:type\" content=\"article\" \/>\n<meta property=\"og:title\" content=\"Ondulador cosm\u00e9tico para cabello natural | Sei.Zero\" \/>\n<meta property=\"og:description\" content=\"Ondulador cosm\u00e9tico para cabello natural con cisteamina, sin amoniaco ni tioglicolato. Genera rizos con cuerpo y el\u00e1sticos.\" \/>\n<meta property=\"og:url\" content=\"https:\/\/seipuntozero-haircare.it\/es\/product\/ondulador-cosmetico-para-cabello-natural\/\" \/>\n<meta property=\"og:site_name\" content=\"6.Zero\" \/>\n<meta property=\"article:modified_time\" content=\"2021-06-25T15:40:37+00:00\" \/>\n<meta property=\"og:image\" content=\"https:\/\/seipuntozero-haircare.it\/wp-content\/uploads\/2021\/09\/262106_sei_punto_zero_cosmetic_waving_lotion_for_natural_hair_250ml.png\" \/>\n\t<meta property=\"og:image:width\" content=\"600\" \/>\n\t<meta property=\"og:image:height\" content=\"600\" \/>\n\t<meta property=\"og:image:type\" content=\"image\/png\" \/>\n<meta name=\"twitter:card\" content=\"summary_large_image\" \/>\n<meta name=\"twitter:label1\" content=\"Tiempo de lectura\" \/>\n\t<meta name=\"twitter:data1\" content=\"1 minuto\" \/>\n<script type=\"application\/ld+json\" class=\"yoast-schema-graph\">{\"@context\":\"https:\/\/schema.org\",\"@graph\":[{\"@type\":\"WebPage\",\"@id\":\"https:\/\/seipuntozero-haircare.it\/es\/product\/ondulador-cosmetico-para-cabello-natural\/\",\"url\":\"https:\/\/seipuntozero-haircare.it\/es\/product\/ondulador-cosmetico-para-cabello-natural\/\",\"name\":\"Ondulador cosm\u00e9tico para cabello natural | Sei.Zero\",\"isPartOf\":{\"@id\":\"https:\/\/seipuntozero-haircare.it\/es\/#website\"},\"primaryImageOfPage\":{\"@id\":\"https:\/\/seipuntozero-haircare.it\/es\/product\/ondulador-cosmetico-para-cabello-natural\/#primaryimage\"},\"image\":{\"@id\":\"https:\/\/seipuntozero-haircare.it\/es\/product\/ondulador-cosmetico-para-cabello-natural\/#primaryimage\"},\"thumbnailUrl\":\"https:\/\/seipuntozero-haircare.it\/wp-content\/uploads\/2021\/09\/262106_sei_punto_zero_cosmetic_waving_lotion_for_natural_hair_250ml.png\",\"datePublished\":\"2017-03-15T13:32:02+00:00\",\"dateModified\":\"2021-06-25T15:40:37+00:00\",\"description\":\"Ondulador cosm\u00e9tico para cabello natural con cisteamina, sin amoniaco ni tioglicolato. Genera rizos con cuerpo y el\u00e1sticos.\",\"breadcrumb\":{\"@id\":\"https:\/\/seipuntozero-haircare.it\/es\/product\/ondulador-cosmetico-para-cabello-natural\/#breadcrumb\"},\"inLanguage\":\"es\",\"potentialAction\":[{\"@type\":\"ReadAction\",\"target\":[\"https:\/\/seipuntozero-haircare.it\/es\/product\/ondulador-cosmetico-para-cabello-natural\/\"]}]},{\"@type\":\"ImageObject\",\"inLanguage\":\"es\",\"@id\":\"https:\/\/seipuntozero-haircare.it\/es\/product\/ondulador-cosmetico-para-cabello-natural\/#primaryimage\",\"url\":\"https:\/\/seipuntozero-haircare.it\/wp-content\/uploads\/2021\/09\/262106_sei_punto_zero_cosmetic_waving_lotion_for_natural_hair_250ml.png\",\"contentUrl\":\"https:\/\/seipuntozero-haircare.it\/wp-content\/uploads\/2021\/09\/262106_sei_punto_zero_cosmetic_waving_lotion_for_natural_hair_250ml.png\",\"width\":600,\"height\":600,\"caption\":\"Ondulante cosmetico per capelli naturali\"},{\"@type\":\"BreadcrumbList\",\"@id\":\"https:\/\/seipuntozero-haircare.it\/es\/product\/ondulador-cosmetico-para-cabello-natural\/#breadcrumb\",\"itemListElement\":[{\"@type\":\"ListItem\",\"position\":1,\"name\":\"Home\",\"item\":\"https:\/\/seipuntozero-haircare.it\/es\/\"},{\"@type\":\"ListItem\",\"position\":2,\"name\":\"Products\",\"item\":\"https:\/\/seipuntozero-haircare.it\/es\/shop\/\"},{\"@type\":\"ListItem\",\"position\":3,\"name\":\"Ondulador cosm\u00e9tico para cabello natural\"}]},{\"@type\":\"WebSite\",\"@id\":\"https:\/\/seipuntozero-haircare.it\/es\/#website\",\"url\":\"https:\/\/seipuntozero-haircare.it\/es\/\",\"name\":\"6.Zero\",\"description\":\"Essential Touch\",\"potentialAction\":[{\"@type\":\"SearchAction\",\"target\":{\"@type\":\"EntryPoint\",\"urlTemplate\":\"https:\/\/seipuntozero-haircare.it\/es\/?s={search_term_string}\"},\"query-input\":{\"@type\":\"PropertyValueSpecification\",\"valueRequired\":true,\"valueName\":\"search_term_string\"}}],\"inLanguage\":\"es\"}]}<\/script>\n<!-- \/ Yoast SEO plugin. -->","yoast_head_json":{"title":"Ondulador cosm\u00e9tico para cabello natural | Sei.Zero","description":"Ondulador cosm\u00e9tico para cabello natural con cisteamina, sin amoniaco ni tioglicolato. Genera rizos con cuerpo y el\u00e1sticos.","robots":{"index":"index","follow":"follow","max-snippet":"max-snippet:-1","max-image-preview":"max-image-preview:large","max-video-preview":"max-video-preview:-1"},"canonical":"https:\/\/seipuntozero-haircare.it\/es\/product\/ondulador-cosmetico-para-cabello-natural\/","og_locale":"es_ES","og_type":"article","og_title":"Ondulador cosm\u00e9tico para cabello natural | Sei.Zero","og_description":"Ondulador cosm\u00e9tico para cabello natural con cisteamina, sin amoniaco ni tioglicolato. Genera rizos con cuerpo y el\u00e1sticos.","og_url":"https:\/\/seipuntozero-haircare.it\/es\/product\/ondulador-cosmetico-para-cabello-natural\/","og_site_name":"6.Zero","article_modified_time":"2021-06-25T15:40:37+00:00","og_image":[{"width":600,"height":600,"url":"https:\/\/seipuntozero-haircare.it\/wp-content\/uploads\/2021\/09\/262106_sei_punto_zero_cosmetic_waving_lotion_for_natural_hair_250ml.png","type":"image\/png"}],"twitter_card":"summary_large_image","twitter_misc":{"Tiempo de lectura":"1 minuto"},"schema":{"@context":"https:\/\/schema.org","@graph":[{"@type":"WebPage","@id":"https:\/\/seipuntozero-haircare.it\/es\/product\/ondulador-cosmetico-para-cabello-natural\/","url":"https:\/\/seipuntozero-haircare.it\/es\/product\/ondulador-cosmetico-para-cabello-natural\/","name":"Ondulador cosm\u00e9tico para cabello natural | Sei.Zero","isPartOf":{"@id":"https:\/\/seipuntozero-haircare.it\/es\/#website"},"primaryImageOfPage":{"@id":"https:\/\/seipuntozero-haircare.it\/es\/product\/ondulador-cosmetico-para-cabello-natural\/#primaryimage"},"image":{"@id":"https:\/\/seipuntozero-haircare.it\/es\/product\/ondulador-cosmetico-para-cabello-natural\/#primaryimage"},"thumbnailUrl":"https:\/\/seipuntozero-haircare.it\/wp-content\/uploads\/2021\/09\/262106_sei_punto_zero_cosmetic_waving_lotion_for_natural_hair_250ml.png","datePublished":"2017-03-15T13:32:02+00:00","dateModified":"2021-06-25T15:40:37+00:00","description":"Ondulador cosm\u00e9tico para cabello natural con cisteamina, sin amoniaco ni tioglicolato. Genera rizos con cuerpo y el\u00e1sticos.","breadcrumb":{"@id":"https:\/\/seipuntozero-haircare.it\/es\/product\/ondulador-cosmetico-para-cabello-natural\/#breadcrumb"},"inLanguage":"es","potentialAction":[{"@type":"ReadAction","target":["https:\/\/seipuntozero-haircare.it\/es\/product\/ondulador-cosmetico-para-cabello-natural\/"]}]},{"@type":"ImageObject","inLanguage":"es","@id":"https:\/\/seipuntozero-haircare.it\/es\/product\/ondulador-cosmetico-para-cabello-natural\/#primaryimage","url":"https:\/\/seipuntozero-haircare.it\/wp-content\/uploads\/2021\/09\/262106_sei_punto_zero_cosmetic_waving_lotion_for_natural_hair_250ml.png","contentUrl":"https:\/\/seipuntozero-haircare.it\/wp-content\/uploads\/2021\/09\/262106_sei_punto_zero_cosmetic_waving_lotion_for_natural_hair_250ml.png","width":600,"height":600,"caption":"Ondulante cosmetico per capelli naturali"},{"@type":"BreadcrumbList","@id":"https:\/\/seipuntozero-haircare.it\/es\/product\/ondulador-cosmetico-para-cabello-natural\/#breadcrumb","itemListElement":[{"@type":"ListItem","position":1,"name":"Home","item":"https:\/\/seipuntozero-haircare.it\/es\/"},{"@type":"ListItem","position":2,"name":"Products","item":"https:\/\/seipuntozero-haircare.it\/es\/shop\/"},{"@type":"ListItem","position":3,"name":"Ondulador cosm\u00e9tico para cabello natural"}]},{"@type":"WebSite","@id":"https:\/\/seipuntozero-haircare.it\/es\/#website","url":"https:\/\/seipuntozero-haircare.it\/es\/","name":"6.Zero","description":"Essential Touch","potentialAction":[{"@type":"SearchAction","target":{"@type":"EntryPoint","urlTemplate":"https:\/\/seipuntozero-haircare.it\/es\/?s={search_term_string}"},"query-input":{"@type":"PropertyValueSpecification","valueRequired":true,"valueName":"search_term_string"}}],"inLanguage":"es"}]}},"_links":{"self":[{"href":"https:\/\/seipuntozero-haircare.it\/es\/wp-json\/wp\/v2\/product\/16895","targetHints":{"allow":["GET"]}}],"collection":[{"href":"https:\/\/seipuntozero-haircare.it\/es\/wp-json\/wp\/v2\/product"}],"about":[{"href":"https:\/\/seipuntozero-haircare.it\/es\/wp-json\/wp\/v2\/types\/product"}],"wp:featuredmedia":[{"embeddable":true,"href":"https:\/\/seipuntozero-haircare.it\/es\/wp-json\/wp\/v2\/media\/18073"}],"wp:attachment":[{"href":"https:\/\/seipuntozero-haircare.it\/es\/wp-json\/wp\/v2\/media?parent=16895"}],"wp:term":[{"taxonomy":"product_brand","embeddable":true,"href":"https:\/\/seipuntozero-haircare.it\/es\/wp-json\/wp\/v2\/product_brand?post=16895"},{"taxonomy":"product_cat","embeddable":true,"href":"https:\/\/seipuntozero-haircare.it\/es\/wp-json\/wp\/v2\/product_cat?post=16895"},{"taxonomy":"product_tag","embeddable":true,"href":"https:\/\/seipuntozero-haircare.it\/es\/wp-json\/wp\/v2\/product_tag?post=16895"}],"curies":[{"name":"wp","href":"https:\/\/api.w.org\/{rel}","templated":true}]}}