{"id":16881,"date":"2017-03-15T14:21:59","date_gmt":"2017-03-15T13:21:59","guid":{"rendered":"https:\/\/seipuntozero-haircare.it\/prodotto\/emulsion-oxidante-perfumada-para-la-coloracion-cosmetica-30-volumenes\/"},"modified":"2021-06-25T17:32:21","modified_gmt":"2021-06-25T15:32:21","slug":"emulsion-oxidante-perfumada-para-la-coloracion-cosmetica-30-volumenes","status":"publish","type":"product","link":"https:\/\/seipuntozero-haircare.it\/es\/product\/emulsion-oxidante-perfumada-para-la-coloracion-cosmetica-30-volumenes\/","title":{"rendered":"Emulsi\u00f3n oxidante perfumada para la coloraci\u00f3n cosm\u00e9tica 30 vol\u00famenes"},"content":{"rendered":"<ul>\n<li>Indispensable para efectuar coloraciones o decoloraciones<\/li>\n<li>F\u00f3rmula muy estable<\/li>\n<li>Preserva la hidrataci\u00f3n y el brillo del cabello<\/li>\n<\/ul>\n","protected":false},"excerpt":{"rendered":"<p>La <strong>emulsi\u00f3n oxidante cremosa<\/strong> y delicadamente <strong>perfumada<\/strong> es el complemento ideal para la coloraci\u00f3n 6.Zero, realza sus caracter\u00edsticas y ejerce una acci\u00f3n acondicionadora y protectora que preserva la hidrataci\u00f3n y el brillo del cabello durante los tratamientos. Caracterizada por su <strong>alta estabilidad<\/strong>, el agua oxigenada emulsionada 6.Zero permite <strong>te\u00f1ir o decolorar libremente<\/strong> y respetando la fibra capilar.<\/p>\n<p>Uso profesional<\/p>\n<p>30 vol\u00famenes<\/p>\n<p>Frasco de 1000 ml<\/p>\n","protected":false},"featured_media":18042,"template":"","meta":[],"product_brand":[],"product_cat":[961],"product_tag":[],"class_list":["post-16881","product","type-product","status-publish","has-post-thumbnail","hentry","product_cat-oxidacion"],"yoast_head":"<!-- This site is optimized with the Yoast SEO plugin v27.1.1 - https:\/\/yoast.com\/product\/yoast-seo-wordpress\/ -->\n<title>Emulsi\u00f3n oxidante perfumada para la coloraci\u00f3n cosm\u00e9tica 30 vol\u00famenes<\/title>\n<meta name=\"description\" content=\"La emulsi\u00f3n oxidante cremosa y delicadamente perfumada es el complemento ideal para la coloraci\u00f3n 6.Zero.\" \/>\n<meta name=\"robots\" content=\"index, follow, max-snippet:-1, max-image-preview:large, max-video-preview:-1\" \/>\n<link rel=\"canonical\" href=\"https:\/\/seipuntozero-haircare.it\/es\/product\/emulsion-oxidante-perfumada-para-la-coloracion-cosmetica-30-volumenes\/\" \/>\n<meta property=\"og:locale\" content=\"es_ES\" \/>\n<meta property=\"og:type\" content=\"article\" \/>\n<meta property=\"og:title\" content=\"Emulsi\u00f3n oxidante perfumada para la coloraci\u00f3n cosm\u00e9tica 30 vol\u00famenes\" \/>\n<meta property=\"og:description\" content=\"La emulsi\u00f3n oxidante cremosa y delicadamente perfumada es el complemento ideal para la coloraci\u00f3n 6.Zero.\" \/>\n<meta property=\"og:url\" content=\"https:\/\/seipuntozero-haircare.it\/es\/product\/emulsion-oxidante-perfumada-para-la-coloracion-cosmetica-30-volumenes\/\" \/>\n<meta property=\"og:site_name\" content=\"6.Zero\" \/>\n<meta property=\"article:modified_time\" content=\"2021-06-25T15:32:21+00:00\" \/>\n<meta property=\"og:image\" content=\"https:\/\/seipuntozero-haircare.it\/wp-content\/uploads\/2017\/03\/262014_sei_punto_zero_oxidizing_emulsion_30vol_1000ml.png\" \/>\n\t<meta property=\"og:image:width\" content=\"600\" \/>\n\t<meta property=\"og:image:height\" content=\"600\" \/>\n\t<meta property=\"og:image:type\" content=\"image\/png\" \/>\n<meta name=\"twitter:card\" content=\"summary_large_image\" \/>\n<meta name=\"twitter:label1\" content=\"Tiempo de lectura\" \/>\n\t<meta name=\"twitter:data1\" content=\"1 minuto\" \/>\n<script type=\"application\/ld+json\" class=\"yoast-schema-graph\">{\"@context\":\"https:\/\/schema.org\",\"@graph\":[{\"@type\":\"WebPage\",\"@id\":\"https:\/\/seipuntozero-haircare.it\/es\/product\/emulsion-oxidante-perfumada-para-la-coloracion-cosmetica-30-volumenes\/\",\"url\":\"https:\/\/seipuntozero-haircare.it\/es\/product\/emulsion-oxidante-perfumada-para-la-coloracion-cosmetica-30-volumenes\/\",\"name\":\"Emulsi\u00f3n oxidante perfumada para la coloraci\u00f3n cosm\u00e9tica 30 vol\u00famenes\",\"isPartOf\":{\"@id\":\"https:\/\/seipuntozero-haircare.it\/es\/#website\"},\"primaryImageOfPage\":{\"@id\":\"https:\/\/seipuntozero-haircare.it\/es\/product\/emulsion-oxidante-perfumada-para-la-coloracion-cosmetica-30-volumenes\/#primaryimage\"},\"image\":{\"@id\":\"https:\/\/seipuntozero-haircare.it\/es\/product\/emulsion-oxidante-perfumada-para-la-coloracion-cosmetica-30-volumenes\/#primaryimage\"},\"thumbnailUrl\":\"https:\/\/seipuntozero-haircare.it\/wp-content\/uploads\/2017\/03\/262014_sei_punto_zero_oxidizing_emulsion_30vol_1000ml.png\",\"datePublished\":\"2017-03-15T13:21:59+00:00\",\"dateModified\":\"2021-06-25T15:32:21+00:00\",\"description\":\"La emulsi\u00f3n oxidante cremosa y delicadamente perfumada es el complemento ideal para la coloraci\u00f3n 6.Zero.\",\"breadcrumb\":{\"@id\":\"https:\/\/seipuntozero-haircare.it\/es\/product\/emulsion-oxidante-perfumada-para-la-coloracion-cosmetica-30-volumenes\/#breadcrumb\"},\"inLanguage\":\"es\",\"potentialAction\":[{\"@type\":\"ReadAction\",\"target\":[\"https:\/\/seipuntozero-haircare.it\/es\/product\/emulsion-oxidante-perfumada-para-la-coloracion-cosmetica-30-volumenes\/\"]}]},{\"@type\":\"ImageObject\",\"inLanguage\":\"es\",\"@id\":\"https:\/\/seipuntozero-haircare.it\/es\/product\/emulsion-oxidante-perfumada-para-la-coloracion-cosmetica-30-volumenes\/#primaryimage\",\"url\":\"https:\/\/seipuntozero-haircare.it\/wp-content\/uploads\/2017\/03\/262014_sei_punto_zero_oxidizing_emulsion_30vol_1000ml.png\",\"contentUrl\":\"https:\/\/seipuntozero-haircare.it\/wp-content\/uploads\/2017\/03\/262014_sei_punto_zero_oxidizing_emulsion_30vol_1000ml.png\",\"width\":600,\"height\":600,\"caption\":\"Emulsione ossidante profumata 30 volumi\"},{\"@type\":\"BreadcrumbList\",\"@id\":\"https:\/\/seipuntozero-haircare.it\/es\/product\/emulsion-oxidante-perfumada-para-la-coloracion-cosmetica-30-volumenes\/#breadcrumb\",\"itemListElement\":[{\"@type\":\"ListItem\",\"position\":1,\"name\":\"Home\",\"item\":\"https:\/\/seipuntozero-haircare.it\/es\/\"},{\"@type\":\"ListItem\",\"position\":2,\"name\":\"Products\",\"item\":\"https:\/\/seipuntozero-haircare.it\/es\/shop\/\"},{\"@type\":\"ListItem\",\"position\":3,\"name\":\"Emulsi\u00f3n oxidante perfumada para la coloraci\u00f3n cosm\u00e9tica 30 vol\u00famenes\"}]},{\"@type\":\"WebSite\",\"@id\":\"https:\/\/seipuntozero-haircare.it\/es\/#website\",\"url\":\"https:\/\/seipuntozero-haircare.it\/es\/\",\"name\":\"6.Zero\",\"description\":\"Essential Touch\",\"potentialAction\":[{\"@type\":\"SearchAction\",\"target\":{\"@type\":\"EntryPoint\",\"urlTemplate\":\"https:\/\/seipuntozero-haircare.it\/es\/?s={search_term_string}\"},\"query-input\":{\"@type\":\"PropertyValueSpecification\",\"valueRequired\":true,\"valueName\":\"search_term_string\"}}],\"inLanguage\":\"es\"}]}<\/script>\n<!-- \/ Yoast SEO plugin. -->","yoast_head_json":{"title":"Emulsi\u00f3n oxidante perfumada para la coloraci\u00f3n cosm\u00e9tica 30 vol\u00famenes","description":"La emulsi\u00f3n oxidante cremosa y delicadamente perfumada es el complemento ideal para la coloraci\u00f3n 6.Zero.","robots":{"index":"index","follow":"follow","max-snippet":"max-snippet:-1","max-image-preview":"max-image-preview:large","max-video-preview":"max-video-preview:-1"},"canonical":"https:\/\/seipuntozero-haircare.it\/es\/product\/emulsion-oxidante-perfumada-para-la-coloracion-cosmetica-30-volumenes\/","og_locale":"es_ES","og_type":"article","og_title":"Emulsi\u00f3n oxidante perfumada para la coloraci\u00f3n cosm\u00e9tica 30 vol\u00famenes","og_description":"La emulsi\u00f3n oxidante cremosa y delicadamente perfumada es el complemento ideal para la coloraci\u00f3n 6.Zero.","og_url":"https:\/\/seipuntozero-haircare.it\/es\/product\/emulsion-oxidante-perfumada-para-la-coloracion-cosmetica-30-volumenes\/","og_site_name":"6.Zero","article_modified_time":"2021-06-25T15:32:21+00:00","og_image":[{"width":600,"height":600,"url":"https:\/\/seipuntozero-haircare.it\/wp-content\/uploads\/2017\/03\/262014_sei_punto_zero_oxidizing_emulsion_30vol_1000ml.png","type":"image\/png"}],"twitter_card":"summary_large_image","twitter_misc":{"Tiempo de lectura":"1 minuto"},"schema":{"@context":"https:\/\/schema.org","@graph":[{"@type":"WebPage","@id":"https:\/\/seipuntozero-haircare.it\/es\/product\/emulsion-oxidante-perfumada-para-la-coloracion-cosmetica-30-volumenes\/","url":"https:\/\/seipuntozero-haircare.it\/es\/product\/emulsion-oxidante-perfumada-para-la-coloracion-cosmetica-30-volumenes\/","name":"Emulsi\u00f3n oxidante perfumada para la coloraci\u00f3n cosm\u00e9tica 30 vol\u00famenes","isPartOf":{"@id":"https:\/\/seipuntozero-haircare.it\/es\/#website"},"primaryImageOfPage":{"@id":"https:\/\/seipuntozero-haircare.it\/es\/product\/emulsion-oxidante-perfumada-para-la-coloracion-cosmetica-30-volumenes\/#primaryimage"},"image":{"@id":"https:\/\/seipuntozero-haircare.it\/es\/product\/emulsion-oxidante-perfumada-para-la-coloracion-cosmetica-30-volumenes\/#primaryimage"},"thumbnailUrl":"https:\/\/seipuntozero-haircare.it\/wp-content\/uploads\/2017\/03\/262014_sei_punto_zero_oxidizing_emulsion_30vol_1000ml.png","datePublished":"2017-03-15T13:21:59+00:00","dateModified":"2021-06-25T15:32:21+00:00","description":"La emulsi\u00f3n oxidante cremosa y delicadamente perfumada es el complemento ideal para la coloraci\u00f3n 6.Zero.","breadcrumb":{"@id":"https:\/\/seipuntozero-haircare.it\/es\/product\/emulsion-oxidante-perfumada-para-la-coloracion-cosmetica-30-volumenes\/#breadcrumb"},"inLanguage":"es","potentialAction":[{"@type":"ReadAction","target":["https:\/\/seipuntozero-haircare.it\/es\/product\/emulsion-oxidante-perfumada-para-la-coloracion-cosmetica-30-volumenes\/"]}]},{"@type":"ImageObject","inLanguage":"es","@id":"https:\/\/seipuntozero-haircare.it\/es\/product\/emulsion-oxidante-perfumada-para-la-coloracion-cosmetica-30-volumenes\/#primaryimage","url":"https:\/\/seipuntozero-haircare.it\/wp-content\/uploads\/2017\/03\/262014_sei_punto_zero_oxidizing_emulsion_30vol_1000ml.png","contentUrl":"https:\/\/seipuntozero-haircare.it\/wp-content\/uploads\/2017\/03\/262014_sei_punto_zero_oxidizing_emulsion_30vol_1000ml.png","width":600,"height":600,"caption":"Emulsione ossidante profumata 30 volumi"},{"@type":"BreadcrumbList","@id":"https:\/\/seipuntozero-haircare.it\/es\/product\/emulsion-oxidante-perfumada-para-la-coloracion-cosmetica-30-volumenes\/#breadcrumb","itemListElement":[{"@type":"ListItem","position":1,"name":"Home","item":"https:\/\/seipuntozero-haircare.it\/es\/"},{"@type":"ListItem","position":2,"name":"Products","item":"https:\/\/seipuntozero-haircare.it\/es\/shop\/"},{"@type":"ListItem","position":3,"name":"Emulsi\u00f3n oxidante perfumada para la coloraci\u00f3n cosm\u00e9tica 30 vol\u00famenes"}]},{"@type":"WebSite","@id":"https:\/\/seipuntozero-haircare.it\/es\/#website","url":"https:\/\/seipuntozero-haircare.it\/es\/","name":"6.Zero","description":"Essential Touch","potentialAction":[{"@type":"SearchAction","target":{"@type":"EntryPoint","urlTemplate":"https:\/\/seipuntozero-haircare.it\/es\/?s={search_term_string}"},"query-input":{"@type":"PropertyValueSpecification","valueRequired":true,"valueName":"search_term_string"}}],"inLanguage":"es"}]}},"_links":{"self":[{"href":"https:\/\/seipuntozero-haircare.it\/es\/wp-json\/wp\/v2\/product\/16881","targetHints":{"allow":["GET"]}}],"collection":[{"href":"https:\/\/seipuntozero-haircare.it\/es\/wp-json\/wp\/v2\/product"}],"about":[{"href":"https:\/\/seipuntozero-haircare.it\/es\/wp-json\/wp\/v2\/types\/product"}],"wp:featuredmedia":[{"embeddable":true,"href":"https:\/\/seipuntozero-haircare.it\/es\/wp-json\/wp\/v2\/media\/18042"}],"wp:attachment":[{"href":"https:\/\/seipuntozero-haircare.it\/es\/wp-json\/wp\/v2\/media?parent=16881"}],"wp:term":[{"taxonomy":"product_brand","embeddable":true,"href":"https:\/\/seipuntozero-haircare.it\/es\/wp-json\/wp\/v2\/product_brand?post=16881"},{"taxonomy":"product_cat","embeddable":true,"href":"https:\/\/seipuntozero-haircare.it\/es\/wp-json\/wp\/v2\/product_cat?post=16881"},{"taxonomy":"product_tag","embeddable":true,"href":"https:\/\/seipuntozero-haircare.it\/es\/wp-json\/wp\/v2\/product_tag?post=16881"}],"curies":[{"name":"wp","href":"https:\/\/api.w.org\/{rel}","templated":true}]}}