{"id":16858,"date":"2017-03-15T16:46:15","date_gmt":"2017-03-15T15:46:15","guid":{"rendered":"https:\/\/seipuntozero-haircare.it\/prodotto\/he-she-matt-wax-cera-efecto-mate-para-el-cabello\/"},"modified":"2021-06-25T17:16:28","modified_gmt":"2021-06-25T15:16:28","slug":"he-she-matt-wax-cera-efecto-mate-para-el-cabello","status":"publish","type":"product","link":"https:\/\/seipuntozero-haircare.it\/es\/product\/he-she-matt-wax-cera-efecto-mate-para-el-cabello\/","title":{"rendered":"HE.SHE \u2013 MATT WAX <br> Cera efecto mate para el cabello"},"content":{"rendered":"<ul>\n<li>Confiere un look de efecto mate al peinado<\/li>\n<li>Permite moldear al gusto el estilismo<\/li>\n<li>Proporciona sujeci\u00f3n sin apelmazar, mojar ni pegar<\/li>\n<\/ul>\n","protected":false},"excerpt":{"rendered":"<p>He.She Matt Wax Definer, <strong>cera efecto mate<\/strong> para el cabello. Proporciona sujeci\u00f3n estable y <strong>moldea el peinado<\/strong>, proporcionando un acabado satinado sin mojar el peinado.<strong> Define el estilo<\/strong> y crea looks vers\u00e1tiles para hombre o mujer gracias a su f\u00f3rmula suave y moldeable. El estilismo queda natural y la fijaci\u00f3n es ligera.<\/p>\n<p>Vaso de 100 ml<\/p>\n","protected":false},"featured_media":18552,"template":"","meta":[],"product_brand":[],"product_cat":[959],"product_tag":[],"class_list":["post-16858","product","type-product","status-publish","has-post-thumbnail","hentry","product_cat-styling-es"],"yoast_head":"<!-- This site is optimized with the Yoast SEO plugin v27.1.1 - https:\/\/yoast.com\/product\/yoast-seo-wordpress\/ -->\n<title>HE.SHE \u2013 MATT WAX | Cera efecto mate para el cabello<\/title>\n<meta name=\"description\" content=\"He.She Matt Wax Definer, cera efecto mate para el cabello. Proporciona sujeci\u00f3n estable y moldea el peinado, proporcionando un acabado satinado sin mojar el peinado.\" \/>\n<meta name=\"robots\" content=\"index, follow, max-snippet:-1, max-image-preview:large, max-video-preview:-1\" \/>\n<link rel=\"canonical\" href=\"https:\/\/seipuntozero-haircare.it\/es\/product\/he-she-matt-wax-cera-efecto-mate-para-el-cabello\/\" \/>\n<meta property=\"og:locale\" content=\"es_ES\" \/>\n<meta property=\"og:type\" content=\"article\" \/>\n<meta property=\"og:title\" content=\"HE.SHE \u2013 MATT WAX | Cera efecto mate para el cabello\" \/>\n<meta property=\"og:description\" content=\"He.She Matt Wax Definer, cera efecto mate para el cabello. Proporciona sujeci\u00f3n estable y moldea el peinado, proporcionando un acabado satinado sin mojar el peinado.\" \/>\n<meta property=\"og:url\" content=\"https:\/\/seipuntozero-haircare.it\/es\/product\/he-she-matt-wax-cera-efecto-mate-para-el-cabello\/\" \/>\n<meta property=\"og:site_name\" content=\"6.Zero\" \/>\n<meta property=\"article:modified_time\" content=\"2021-06-25T15:16:28+00:00\" \/>\n<meta property=\"og:image\" content=\"https:\/\/seipuntozero-haircare.it\/wp-content\/uploads\/2017\/03\/262359_sei_punto_zero_heshe_matt_wax_100ml.png\" \/>\n\t<meta property=\"og:image:width\" content=\"600\" \/>\n\t<meta property=\"og:image:height\" content=\"600\" \/>\n\t<meta property=\"og:image:type\" content=\"image\/png\" \/>\n<meta name=\"twitter:card\" content=\"summary_large_image\" \/>\n<meta name=\"twitter:label1\" content=\"Tiempo de lectura\" \/>\n\t<meta name=\"twitter:data1\" content=\"1 minuto\" \/>\n<script type=\"application\/ld+json\" class=\"yoast-schema-graph\">{\"@context\":\"https:\/\/schema.org\",\"@graph\":[{\"@type\":\"WebPage\",\"@id\":\"https:\/\/seipuntozero-haircare.it\/es\/product\/he-she-matt-wax-cera-efecto-mate-para-el-cabello\/\",\"url\":\"https:\/\/seipuntozero-haircare.it\/es\/product\/he-she-matt-wax-cera-efecto-mate-para-el-cabello\/\",\"name\":\"HE.SHE \u2013 MATT WAX | Cera efecto mate para el cabello\",\"isPartOf\":{\"@id\":\"https:\/\/seipuntozero-haircare.it\/es\/#website\"},\"primaryImageOfPage\":{\"@id\":\"https:\/\/seipuntozero-haircare.it\/es\/product\/he-she-matt-wax-cera-efecto-mate-para-el-cabello\/#primaryimage\"},\"image\":{\"@id\":\"https:\/\/seipuntozero-haircare.it\/es\/product\/he-she-matt-wax-cera-efecto-mate-para-el-cabello\/#primaryimage\"},\"thumbnailUrl\":\"https:\/\/seipuntozero-haircare.it\/wp-content\/uploads\/2017\/03\/262359_sei_punto_zero_heshe_matt_wax_100ml.png\",\"datePublished\":\"2017-03-15T15:46:15+00:00\",\"dateModified\":\"2021-06-25T15:16:28+00:00\",\"description\":\"He.She Matt Wax Definer, cera efecto mate para el cabello. Proporciona sujeci\u00f3n estable y moldea el peinado, proporcionando un acabado satinado sin mojar el peinado.\",\"breadcrumb\":{\"@id\":\"https:\/\/seipuntozero-haircare.it\/es\/product\/he-she-matt-wax-cera-efecto-mate-para-el-cabello\/#breadcrumb\"},\"inLanguage\":\"es\",\"potentialAction\":[{\"@type\":\"ReadAction\",\"target\":[\"https:\/\/seipuntozero-haircare.it\/es\/product\/he-she-matt-wax-cera-efecto-mate-para-el-cabello\/\"]}]},{\"@type\":\"ImageObject\",\"inLanguage\":\"es\",\"@id\":\"https:\/\/seipuntozero-haircare.it\/es\/product\/he-she-matt-wax-cera-efecto-mate-para-el-cabello\/#primaryimage\",\"url\":\"https:\/\/seipuntozero-haircare.it\/wp-content\/uploads\/2017\/03\/262359_sei_punto_zero_heshe_matt_wax_100ml.png\",\"contentUrl\":\"https:\/\/seipuntozero-haircare.it\/wp-content\/uploads\/2017\/03\/262359_sei_punto_zero_heshe_matt_wax_100ml.png\",\"width\":600,\"height\":600,\"caption\":\"He.She - Cera Effetto Opaco\"},{\"@type\":\"BreadcrumbList\",\"@id\":\"https:\/\/seipuntozero-haircare.it\/es\/product\/he-she-matt-wax-cera-efecto-mate-para-el-cabello\/#breadcrumb\",\"itemListElement\":[{\"@type\":\"ListItem\",\"position\":1,\"name\":\"Home\",\"item\":\"https:\/\/seipuntozero-haircare.it\/es\/\"},{\"@type\":\"ListItem\",\"position\":2,\"name\":\"Products\",\"item\":\"https:\/\/seipuntozero-haircare.it\/es\/shop\/\"},{\"@type\":\"ListItem\",\"position\":3,\"name\":\"HE.SHE \u2013 MATT WAX Cera efecto mate para el cabello\"}]},{\"@type\":\"WebSite\",\"@id\":\"https:\/\/seipuntozero-haircare.it\/es\/#website\",\"url\":\"https:\/\/seipuntozero-haircare.it\/es\/\",\"name\":\"6.Zero\",\"description\":\"Essential Touch\",\"potentialAction\":[{\"@type\":\"SearchAction\",\"target\":{\"@type\":\"EntryPoint\",\"urlTemplate\":\"https:\/\/seipuntozero-haircare.it\/es\/?s={search_term_string}\"},\"query-input\":{\"@type\":\"PropertyValueSpecification\",\"valueRequired\":true,\"valueName\":\"search_term_string\"}}],\"inLanguage\":\"es\"}]}<\/script>\n<!-- \/ Yoast SEO plugin. -->","yoast_head_json":{"title":"HE.SHE \u2013 MATT WAX | Cera efecto mate para el cabello","description":"He.She Matt Wax Definer, cera efecto mate para el cabello. Proporciona sujeci\u00f3n estable y moldea el peinado, proporcionando un acabado satinado sin mojar el peinado.","robots":{"index":"index","follow":"follow","max-snippet":"max-snippet:-1","max-image-preview":"max-image-preview:large","max-video-preview":"max-video-preview:-1"},"canonical":"https:\/\/seipuntozero-haircare.it\/es\/product\/he-she-matt-wax-cera-efecto-mate-para-el-cabello\/","og_locale":"es_ES","og_type":"article","og_title":"HE.SHE \u2013 MATT WAX | Cera efecto mate para el cabello","og_description":"He.She Matt Wax Definer, cera efecto mate para el cabello. Proporciona sujeci\u00f3n estable y moldea el peinado, proporcionando un acabado satinado sin mojar el peinado.","og_url":"https:\/\/seipuntozero-haircare.it\/es\/product\/he-she-matt-wax-cera-efecto-mate-para-el-cabello\/","og_site_name":"6.Zero","article_modified_time":"2021-06-25T15:16:28+00:00","og_image":[{"width":600,"height":600,"url":"https:\/\/seipuntozero-haircare.it\/wp-content\/uploads\/2017\/03\/262359_sei_punto_zero_heshe_matt_wax_100ml.png","type":"image\/png"}],"twitter_card":"summary_large_image","twitter_misc":{"Tiempo de lectura":"1 minuto"},"schema":{"@context":"https:\/\/schema.org","@graph":[{"@type":"WebPage","@id":"https:\/\/seipuntozero-haircare.it\/es\/product\/he-she-matt-wax-cera-efecto-mate-para-el-cabello\/","url":"https:\/\/seipuntozero-haircare.it\/es\/product\/he-she-matt-wax-cera-efecto-mate-para-el-cabello\/","name":"HE.SHE \u2013 MATT WAX | Cera efecto mate para el cabello","isPartOf":{"@id":"https:\/\/seipuntozero-haircare.it\/es\/#website"},"primaryImageOfPage":{"@id":"https:\/\/seipuntozero-haircare.it\/es\/product\/he-she-matt-wax-cera-efecto-mate-para-el-cabello\/#primaryimage"},"image":{"@id":"https:\/\/seipuntozero-haircare.it\/es\/product\/he-she-matt-wax-cera-efecto-mate-para-el-cabello\/#primaryimage"},"thumbnailUrl":"https:\/\/seipuntozero-haircare.it\/wp-content\/uploads\/2017\/03\/262359_sei_punto_zero_heshe_matt_wax_100ml.png","datePublished":"2017-03-15T15:46:15+00:00","dateModified":"2021-06-25T15:16:28+00:00","description":"He.She Matt Wax Definer, cera efecto mate para el cabello. Proporciona sujeci\u00f3n estable y moldea el peinado, proporcionando un acabado satinado sin mojar el peinado.","breadcrumb":{"@id":"https:\/\/seipuntozero-haircare.it\/es\/product\/he-she-matt-wax-cera-efecto-mate-para-el-cabello\/#breadcrumb"},"inLanguage":"es","potentialAction":[{"@type":"ReadAction","target":["https:\/\/seipuntozero-haircare.it\/es\/product\/he-she-matt-wax-cera-efecto-mate-para-el-cabello\/"]}]},{"@type":"ImageObject","inLanguage":"es","@id":"https:\/\/seipuntozero-haircare.it\/es\/product\/he-she-matt-wax-cera-efecto-mate-para-el-cabello\/#primaryimage","url":"https:\/\/seipuntozero-haircare.it\/wp-content\/uploads\/2017\/03\/262359_sei_punto_zero_heshe_matt_wax_100ml.png","contentUrl":"https:\/\/seipuntozero-haircare.it\/wp-content\/uploads\/2017\/03\/262359_sei_punto_zero_heshe_matt_wax_100ml.png","width":600,"height":600,"caption":"He.She - Cera Effetto Opaco"},{"@type":"BreadcrumbList","@id":"https:\/\/seipuntozero-haircare.it\/es\/product\/he-she-matt-wax-cera-efecto-mate-para-el-cabello\/#breadcrumb","itemListElement":[{"@type":"ListItem","position":1,"name":"Home","item":"https:\/\/seipuntozero-haircare.it\/es\/"},{"@type":"ListItem","position":2,"name":"Products","item":"https:\/\/seipuntozero-haircare.it\/es\/shop\/"},{"@type":"ListItem","position":3,"name":"HE.SHE \u2013 MATT WAX Cera efecto mate para el cabello"}]},{"@type":"WebSite","@id":"https:\/\/seipuntozero-haircare.it\/es\/#website","url":"https:\/\/seipuntozero-haircare.it\/es\/","name":"6.Zero","description":"Essential Touch","potentialAction":[{"@type":"SearchAction","target":{"@type":"EntryPoint","urlTemplate":"https:\/\/seipuntozero-haircare.it\/es\/?s={search_term_string}"},"query-input":{"@type":"PropertyValueSpecification","valueRequired":true,"valueName":"search_term_string"}}],"inLanguage":"es"}]}},"_links":{"self":[{"href":"https:\/\/seipuntozero-haircare.it\/es\/wp-json\/wp\/v2\/product\/16858","targetHints":{"allow":["GET"]}}],"collection":[{"href":"https:\/\/seipuntozero-haircare.it\/es\/wp-json\/wp\/v2\/product"}],"about":[{"href":"https:\/\/seipuntozero-haircare.it\/es\/wp-json\/wp\/v2\/types\/product"}],"wp:featuredmedia":[{"embeddable":true,"href":"https:\/\/seipuntozero-haircare.it\/es\/wp-json\/wp\/v2\/media\/18552"}],"wp:attachment":[{"href":"https:\/\/seipuntozero-haircare.it\/es\/wp-json\/wp\/v2\/media?parent=16858"}],"wp:term":[{"taxonomy":"product_brand","embeddable":true,"href":"https:\/\/seipuntozero-haircare.it\/es\/wp-json\/wp\/v2\/product_brand?post=16858"},{"taxonomy":"product_cat","embeddable":true,"href":"https:\/\/seipuntozero-haircare.it\/es\/wp-json\/wp\/v2\/product_cat?post=16858"},{"taxonomy":"product_tag","embeddable":true,"href":"https:\/\/seipuntozero-haircare.it\/es\/wp-json\/wp\/v2\/product_tag?post=16858"}],"curies":[{"name":"wp","href":"https:\/\/api.w.org\/{rel}","templated":true}]}}