{"id":16852,"date":"2017-03-15T16:51:49","date_gmt":"2017-03-15T15:51:49","guid":{"rendered":"https:\/\/seipuntozero-haircare.it\/prodotto\/he-she-oil-non-oil-aceite-de-proteccion-y-brillo-antiencrespamiento\/"},"modified":"2021-06-25T17:14:07","modified_gmt":"2021-06-25T15:14:07","slug":"he-she-oil-non-oil-aceite-de-proteccion-y-brillo-antiencrespamiento","status":"publish","type":"product","link":"https:\/\/seipuntozero-haircare.it\/es\/product\/he-she-oil-non-oil-aceite-de-proteccion-y-brillo-antiencrespamiento\/","title":{"rendered":"HE.SHE \u2013 OIL NON OIL <br> Aceite de protecci\u00f3n y brillo antiencrespamiento"},"content":{"rendered":"<ul>\n<li>Ilumina el cabello sin apelmazarlo<\/li>\n<li>Ejerce una acci\u00f3n antiencrespamiento<\/li>\n<li>Nutre, hidrata y protege la cabellera frente a los agentes externos<\/li>\n<\/ul>\n","protected":false},"excerpt":{"rendered":"<p>He.She Oil non Oil, <strong>aceite de protecci\u00f3n y brillo antiencrespamiento<\/strong>, es ideal para el cabello tratado, seco y mate. La loci\u00f3n con propiedades regeneradoras y abrillantadoras neutraliza el encrespamiento y da un nuevo brillo al cabello: la<strong> nutrici\u00f3n, la hidrataci\u00f3n y la protecci\u00f3n<\/strong> frente a los agentes externos est\u00e1n aseguradas mediante una textura ligera y cosm\u00e9tica, que no engrasa y no apelmaza el cabello, que lo deja <strong>peinable y brillante<\/strong> al instante.<\/p>\n<p>Frasco de 200 ml<\/p>\n","protected":false},"featured_media":18533,"template":"","meta":[],"product_brand":[],"product_cat":[959],"product_tag":[],"class_list":["post-16852","product","type-product","status-publish","has-post-thumbnail","hentry","product_cat-styling-es"],"yoast_head":"<!-- This site is optimized with the Yoast SEO plugin v27.1.1 - https:\/\/yoast.com\/product\/yoast-seo-wordpress\/ -->\n<title>HE.SHE \u2013 OIL NON OIL - Aceite de protecci\u00f3n y brillo antiencrespamiento<\/title>\n<meta name=\"description\" content=\"He.She Oil non Oil, aceite de protecci\u00f3n y brillo antiencrespamiento, es ideal para el cabello tratado, seco y mate.\" \/>\n<meta name=\"robots\" content=\"index, follow, max-snippet:-1, max-image-preview:large, max-video-preview:-1\" \/>\n<link rel=\"canonical\" href=\"https:\/\/seipuntozero-haircare.it\/es\/product\/he-she-oil-non-oil-aceite-de-proteccion-y-brillo-antiencrespamiento\/\" \/>\n<meta property=\"og:locale\" content=\"es_ES\" \/>\n<meta property=\"og:type\" content=\"article\" \/>\n<meta property=\"og:title\" content=\"HE.SHE \u2013 OIL NON OIL - Aceite de protecci\u00f3n y brillo antiencrespamiento\" \/>\n<meta property=\"og:description\" content=\"He.She Oil non Oil, aceite de protecci\u00f3n y brillo antiencrespamiento, es ideal para el cabello tratado, seco y mate.\" \/>\n<meta property=\"og:url\" content=\"https:\/\/seipuntozero-haircare.it\/es\/product\/he-she-oil-non-oil-aceite-de-proteccion-y-brillo-antiencrespamiento\/\" \/>\n<meta property=\"og:site_name\" content=\"6.Zero\" \/>\n<meta property=\"article:modified_time\" content=\"2021-06-25T15:14:07+00:00\" \/>\n<meta property=\"og:image\" content=\"https:\/\/seipuntozero-haircare.it\/wp-content\/uploads\/2017\/03\/262380_sei_punto_zero_finish_styling_heshe_oil_non_oil_200ml.png\" \/>\n\t<meta property=\"og:image:width\" content=\"600\" \/>\n\t<meta property=\"og:image:height\" content=\"600\" \/>\n\t<meta property=\"og:image:type\" content=\"image\/png\" \/>\n<meta name=\"twitter:card\" content=\"summary_large_image\" \/>\n<meta name=\"twitter:label1\" content=\"Tiempo de lectura\" \/>\n\t<meta name=\"twitter:data1\" content=\"1 minuto\" \/>\n<script type=\"application\/ld+json\" class=\"yoast-schema-graph\">{\"@context\":\"https:\/\/schema.org\",\"@graph\":[{\"@type\":\"WebPage\",\"@id\":\"https:\/\/seipuntozero-haircare.it\/es\/product\/he-she-oil-non-oil-aceite-de-proteccion-y-brillo-antiencrespamiento\/\",\"url\":\"https:\/\/seipuntozero-haircare.it\/es\/product\/he-she-oil-non-oil-aceite-de-proteccion-y-brillo-antiencrespamiento\/\",\"name\":\"HE.SHE \u2013 OIL NON OIL - Aceite de protecci\u00f3n y brillo antiencrespamiento\",\"isPartOf\":{\"@id\":\"https:\/\/seipuntozero-haircare.it\/es\/#website\"},\"primaryImageOfPage\":{\"@id\":\"https:\/\/seipuntozero-haircare.it\/es\/product\/he-she-oil-non-oil-aceite-de-proteccion-y-brillo-antiencrespamiento\/#primaryimage\"},\"image\":{\"@id\":\"https:\/\/seipuntozero-haircare.it\/es\/product\/he-she-oil-non-oil-aceite-de-proteccion-y-brillo-antiencrespamiento\/#primaryimage\"},\"thumbnailUrl\":\"https:\/\/seipuntozero-haircare.it\/wp-content\/uploads\/2017\/03\/262380_sei_punto_zero_finish_styling_heshe_oil_non_oil_200ml.png\",\"datePublished\":\"2017-03-15T15:51:49+00:00\",\"dateModified\":\"2021-06-25T15:14:07+00:00\",\"description\":\"He.She Oil non Oil, aceite de protecci\u00f3n y brillo antiencrespamiento, es ideal para el cabello tratado, seco y mate.\",\"breadcrumb\":{\"@id\":\"https:\/\/seipuntozero-haircare.it\/es\/product\/he-she-oil-non-oil-aceite-de-proteccion-y-brillo-antiencrespamiento\/#breadcrumb\"},\"inLanguage\":\"es\",\"potentialAction\":[{\"@type\":\"ReadAction\",\"target\":[\"https:\/\/seipuntozero-haircare.it\/es\/product\/he-she-oil-non-oil-aceite-de-proteccion-y-brillo-antiencrespamiento\/\"]}]},{\"@type\":\"ImageObject\",\"inLanguage\":\"es\",\"@id\":\"https:\/\/seipuntozero-haircare.it\/es\/product\/he-she-oil-non-oil-aceite-de-proteccion-y-brillo-antiencrespamiento\/#primaryimage\",\"url\":\"https:\/\/seipuntozero-haircare.it\/wp-content\/uploads\/2017\/03\/262380_sei_punto_zero_finish_styling_heshe_oil_non_oil_200ml.png\",\"contentUrl\":\"https:\/\/seipuntozero-haircare.it\/wp-content\/uploads\/2017\/03\/262380_sei_punto_zero_finish_styling_heshe_oil_non_oil_200ml.png\",\"width\":600,\"height\":600,\"caption\":\"He.She - Oil non Oil\"},{\"@type\":\"BreadcrumbList\",\"@id\":\"https:\/\/seipuntozero-haircare.it\/es\/product\/he-she-oil-non-oil-aceite-de-proteccion-y-brillo-antiencrespamiento\/#breadcrumb\",\"itemListElement\":[{\"@type\":\"ListItem\",\"position\":1,\"name\":\"Home\",\"item\":\"https:\/\/seipuntozero-haircare.it\/es\/\"},{\"@type\":\"ListItem\",\"position\":2,\"name\":\"Products\",\"item\":\"https:\/\/seipuntozero-haircare.it\/es\/shop\/\"},{\"@type\":\"ListItem\",\"position\":3,\"name\":\"HE.SHE \u2013 OIL NON OIL Aceite de protecci\u00f3n y brillo antiencrespamiento\"}]},{\"@type\":\"WebSite\",\"@id\":\"https:\/\/seipuntozero-haircare.it\/es\/#website\",\"url\":\"https:\/\/seipuntozero-haircare.it\/es\/\",\"name\":\"6.Zero\",\"description\":\"Essential Touch\",\"potentialAction\":[{\"@type\":\"SearchAction\",\"target\":{\"@type\":\"EntryPoint\",\"urlTemplate\":\"https:\/\/seipuntozero-haircare.it\/es\/?s={search_term_string}\"},\"query-input\":{\"@type\":\"PropertyValueSpecification\",\"valueRequired\":true,\"valueName\":\"search_term_string\"}}],\"inLanguage\":\"es\"}]}<\/script>\n<!-- \/ Yoast SEO plugin. -->","yoast_head_json":{"title":"HE.SHE \u2013 OIL NON OIL - Aceite de protecci\u00f3n y brillo antiencrespamiento","description":"He.She Oil non Oil, aceite de protecci\u00f3n y brillo antiencrespamiento, es ideal para el cabello tratado, seco y mate.","robots":{"index":"index","follow":"follow","max-snippet":"max-snippet:-1","max-image-preview":"max-image-preview:large","max-video-preview":"max-video-preview:-1"},"canonical":"https:\/\/seipuntozero-haircare.it\/es\/product\/he-she-oil-non-oil-aceite-de-proteccion-y-brillo-antiencrespamiento\/","og_locale":"es_ES","og_type":"article","og_title":"HE.SHE \u2013 OIL NON OIL - Aceite de protecci\u00f3n y brillo antiencrespamiento","og_description":"He.She Oil non Oil, aceite de protecci\u00f3n y brillo antiencrespamiento, es ideal para el cabello tratado, seco y mate.","og_url":"https:\/\/seipuntozero-haircare.it\/es\/product\/he-she-oil-non-oil-aceite-de-proteccion-y-brillo-antiencrespamiento\/","og_site_name":"6.Zero","article_modified_time":"2021-06-25T15:14:07+00:00","og_image":[{"width":600,"height":600,"url":"https:\/\/seipuntozero-haircare.it\/wp-content\/uploads\/2017\/03\/262380_sei_punto_zero_finish_styling_heshe_oil_non_oil_200ml.png","type":"image\/png"}],"twitter_card":"summary_large_image","twitter_misc":{"Tiempo de lectura":"1 minuto"},"schema":{"@context":"https:\/\/schema.org","@graph":[{"@type":"WebPage","@id":"https:\/\/seipuntozero-haircare.it\/es\/product\/he-she-oil-non-oil-aceite-de-proteccion-y-brillo-antiencrespamiento\/","url":"https:\/\/seipuntozero-haircare.it\/es\/product\/he-she-oil-non-oil-aceite-de-proteccion-y-brillo-antiencrespamiento\/","name":"HE.SHE \u2013 OIL NON OIL - Aceite de protecci\u00f3n y brillo antiencrespamiento","isPartOf":{"@id":"https:\/\/seipuntozero-haircare.it\/es\/#website"},"primaryImageOfPage":{"@id":"https:\/\/seipuntozero-haircare.it\/es\/product\/he-she-oil-non-oil-aceite-de-proteccion-y-brillo-antiencrespamiento\/#primaryimage"},"image":{"@id":"https:\/\/seipuntozero-haircare.it\/es\/product\/he-she-oil-non-oil-aceite-de-proteccion-y-brillo-antiencrespamiento\/#primaryimage"},"thumbnailUrl":"https:\/\/seipuntozero-haircare.it\/wp-content\/uploads\/2017\/03\/262380_sei_punto_zero_finish_styling_heshe_oil_non_oil_200ml.png","datePublished":"2017-03-15T15:51:49+00:00","dateModified":"2021-06-25T15:14:07+00:00","description":"He.She Oil non Oil, aceite de protecci\u00f3n y brillo antiencrespamiento, es ideal para el cabello tratado, seco y mate.","breadcrumb":{"@id":"https:\/\/seipuntozero-haircare.it\/es\/product\/he-she-oil-non-oil-aceite-de-proteccion-y-brillo-antiencrespamiento\/#breadcrumb"},"inLanguage":"es","potentialAction":[{"@type":"ReadAction","target":["https:\/\/seipuntozero-haircare.it\/es\/product\/he-she-oil-non-oil-aceite-de-proteccion-y-brillo-antiencrespamiento\/"]}]},{"@type":"ImageObject","inLanguage":"es","@id":"https:\/\/seipuntozero-haircare.it\/es\/product\/he-she-oil-non-oil-aceite-de-proteccion-y-brillo-antiencrespamiento\/#primaryimage","url":"https:\/\/seipuntozero-haircare.it\/wp-content\/uploads\/2017\/03\/262380_sei_punto_zero_finish_styling_heshe_oil_non_oil_200ml.png","contentUrl":"https:\/\/seipuntozero-haircare.it\/wp-content\/uploads\/2017\/03\/262380_sei_punto_zero_finish_styling_heshe_oil_non_oil_200ml.png","width":600,"height":600,"caption":"He.She - Oil non Oil"},{"@type":"BreadcrumbList","@id":"https:\/\/seipuntozero-haircare.it\/es\/product\/he-she-oil-non-oil-aceite-de-proteccion-y-brillo-antiencrespamiento\/#breadcrumb","itemListElement":[{"@type":"ListItem","position":1,"name":"Home","item":"https:\/\/seipuntozero-haircare.it\/es\/"},{"@type":"ListItem","position":2,"name":"Products","item":"https:\/\/seipuntozero-haircare.it\/es\/shop\/"},{"@type":"ListItem","position":3,"name":"HE.SHE \u2013 OIL NON OIL Aceite de protecci\u00f3n y brillo antiencrespamiento"}]},{"@type":"WebSite","@id":"https:\/\/seipuntozero-haircare.it\/es\/#website","url":"https:\/\/seipuntozero-haircare.it\/es\/","name":"6.Zero","description":"Essential Touch","potentialAction":[{"@type":"SearchAction","target":{"@type":"EntryPoint","urlTemplate":"https:\/\/seipuntozero-haircare.it\/es\/?s={search_term_string}"},"query-input":{"@type":"PropertyValueSpecification","valueRequired":true,"valueName":"search_term_string"}}],"inLanguage":"es"}]}},"_links":{"self":[{"href":"https:\/\/seipuntozero-haircare.it\/es\/wp-json\/wp\/v2\/product\/16852","targetHints":{"allow":["GET"]}}],"collection":[{"href":"https:\/\/seipuntozero-haircare.it\/es\/wp-json\/wp\/v2\/product"}],"about":[{"href":"https:\/\/seipuntozero-haircare.it\/es\/wp-json\/wp\/v2\/types\/product"}],"wp:featuredmedia":[{"embeddable":true,"href":"https:\/\/seipuntozero-haircare.it\/es\/wp-json\/wp\/v2\/media\/18533"}],"wp:attachment":[{"href":"https:\/\/seipuntozero-haircare.it\/es\/wp-json\/wp\/v2\/media?parent=16852"}],"wp:term":[{"taxonomy":"product_brand","embeddable":true,"href":"https:\/\/seipuntozero-haircare.it\/es\/wp-json\/wp\/v2\/product_brand?post=16852"},{"taxonomy":"product_cat","embeddable":true,"href":"https:\/\/seipuntozero-haircare.it\/es\/wp-json\/wp\/v2\/product_cat?post=16852"},{"taxonomy":"product_tag","embeddable":true,"href":"https:\/\/seipuntozero-haircare.it\/es\/wp-json\/wp\/v2\/product_tag?post=16852"}],"curies":[{"name":"wp","href":"https:\/\/api.w.org\/{rel}","templated":true}]}}