{"id":16844,"date":"2017-03-15T17:01:06","date_gmt":"2017-03-15T16:01:06","guid":{"rendered":"https:\/\/seipuntozero-haircare.it\/prodotto\/he-she-laca-spray-strong-voluminizadora-antihumedad\/"},"modified":"2025-07-21T12:36:57","modified_gmt":"2025-07-21T10:36:57","slug":"he-she-laca-spray-strong-voluminizadora-antihumedad","status":"publish","type":"product","link":"https:\/\/seipuntozero-haircare.it\/es\/product\/he-she-laca-spray-strong-voluminizadora-antihumedad\/","title":{"rendered":"HE.SHE <br> Laca spray strong voluminizadora antihumedad"},"content":{"rendered":"<ul>\n<li>M\u00e1ximo control y volumen para el peinado<\/li>\n<li>F\u00f3rmula antihumedad para lucir un moldeado siempre perfecto<\/li>\n<li>Fijaci\u00f3n fuerte pero ligera<\/li>\n<\/ul>\n","protected":false},"excerpt":{"rendered":"<p>He.She<strong> Laca<\/strong> <strong>spray strong voluminizadora antihumedad<\/strong> permite dar forma al peinado r\u00e1pidamente y mantener el <strong>cabello el\u00e1stico y voluminoso<\/strong> durante m\u00e1s tiempo. Aporta brillo y suavidad natural, sin apelmazar, y se elimina f\u00e1cilmente con el cepillado. Al crear una pel\u00edcula impalpable que <strong>protege el cabello<\/strong>, la laca spray strong evita que la humedad afecte al moldeado.<\/p>\n","protected":false},"featured_media":24326,"template":"","meta":[],"product_brand":[],"product_cat":[959],"product_tag":[],"class_list":["post-16844","product","type-product","status-publish","has-post-thumbnail","hentry","product_cat-styling-es"],"yoast_head":"<!-- This site is optimized with the Yoast SEO plugin v27.1.1 - https:\/\/yoast.com\/product\/yoast-seo-wordpress\/ -->\n<title>HE.SHE - Laca spray strong voluminizadora antihumedad<\/title>\n<meta name=\"description\" content=\"He.She Laca spray strong voluminizadora antihumedad permite dar forma al peinado r\u00e1pidamente y mantener el cabello el\u00e1stico y voluminoso durante m\u00e1s tiempo.\" \/>\n<meta name=\"robots\" content=\"index, follow, max-snippet:-1, max-image-preview:large, max-video-preview:-1\" \/>\n<link rel=\"canonical\" href=\"https:\/\/seipuntozero-haircare.it\/es\/product\/he-she-laca-spray-strong-voluminizadora-antihumedad\/\" \/>\n<meta property=\"og:locale\" content=\"es_ES\" \/>\n<meta property=\"og:type\" content=\"article\" \/>\n<meta property=\"og:title\" content=\"HE.SHE - Laca spray strong voluminizadora antihumedad\" \/>\n<meta property=\"og:description\" content=\"He.She Laca spray strong voluminizadora antihumedad permite dar forma al peinado r\u00e1pidamente y mantener el cabello el\u00e1stico y voluminoso durante m\u00e1s tiempo.\" \/>\n<meta property=\"og:url\" content=\"https:\/\/seipuntozero-haircare.it\/es\/product\/he-she-laca-spray-strong-voluminizadora-antihumedad\/\" \/>\n<meta property=\"og:site_name\" content=\"6.Zero\" \/>\n<meta property=\"article:modified_time\" content=\"2025-07-21T10:36:57+00:00\" \/>\n<meta property=\"og:image\" content=\"https:\/\/seipuntozero-haircare.it\/wp-content\/uploads\/2017\/03\/262427_sei_punto_zero_heshe_wet_gel_extra_strong_500ml.png\" \/>\n\t<meta property=\"og:image:width\" content=\"600\" \/>\n\t<meta property=\"og:image:height\" content=\"600\" \/>\n\t<meta property=\"og:image:type\" content=\"image\/png\" \/>\n<meta name=\"twitter:card\" content=\"summary_large_image\" \/>\n<meta name=\"twitter:label1\" content=\"Tiempo de lectura\" \/>\n\t<meta name=\"twitter:data1\" content=\"1 minuto\" \/>\n<script type=\"application\/ld+json\" class=\"yoast-schema-graph\">{\"@context\":\"https:\/\/schema.org\",\"@graph\":[{\"@type\":\"WebPage\",\"@id\":\"https:\/\/seipuntozero-haircare.it\/es\/product\/he-she-laca-spray-strong-voluminizadora-antihumedad\/\",\"url\":\"https:\/\/seipuntozero-haircare.it\/es\/product\/he-she-laca-spray-strong-voluminizadora-antihumedad\/\",\"name\":\"HE.SHE - Laca spray strong voluminizadora antihumedad\",\"isPartOf\":{\"@id\":\"https:\/\/seipuntozero-haircare.it\/es\/#website\"},\"primaryImageOfPage\":{\"@id\":\"https:\/\/seipuntozero-haircare.it\/es\/product\/he-she-laca-spray-strong-voluminizadora-antihumedad\/#primaryimage\"},\"image\":{\"@id\":\"https:\/\/seipuntozero-haircare.it\/es\/product\/he-she-laca-spray-strong-voluminizadora-antihumedad\/#primaryimage\"},\"thumbnailUrl\":\"https:\/\/seipuntozero-haircare.it\/wp-content\/uploads\/2017\/03\/lacca-spray-500ml.png\",\"datePublished\":\"2017-03-15T16:01:06+00:00\",\"dateModified\":\"2025-07-21T10:36:57+00:00\",\"description\":\"He.She Laca spray strong voluminizadora antihumedad permite dar forma al peinado r\u00e1pidamente y mantener el cabello el\u00e1stico y voluminoso durante m\u00e1s tiempo.\",\"breadcrumb\":{\"@id\":\"https:\/\/seipuntozero-haircare.it\/es\/product\/he-she-laca-spray-strong-voluminizadora-antihumedad\/#breadcrumb\"},\"inLanguage\":\"es\",\"potentialAction\":[{\"@type\":\"ReadAction\",\"target\":[\"https:\/\/seipuntozero-haircare.it\/es\/product\/he-she-laca-spray-strong-voluminizadora-antihumedad\/\"]}]},{\"@type\":\"ImageObject\",\"inLanguage\":\"es\",\"@id\":\"https:\/\/seipuntozero-haircare.it\/es\/product\/he-she-laca-spray-strong-voluminizadora-antihumedad\/#primaryimage\",\"url\":\"https:\/\/seipuntozero-haircare.it\/wp-content\/uploads\/2017\/03\/lacca-spray-500ml.png\",\"contentUrl\":\"https:\/\/seipuntozero-haircare.it\/wp-content\/uploads\/2017\/03\/lacca-spray-500ml.png\",\"width\":600,\"height\":600},{\"@type\":\"BreadcrumbList\",\"@id\":\"https:\/\/seipuntozero-haircare.it\/es\/product\/he-she-laca-spray-strong-voluminizadora-antihumedad\/#breadcrumb\",\"itemListElement\":[{\"@type\":\"ListItem\",\"position\":1,\"name\":\"Home\",\"item\":\"https:\/\/seipuntozero-haircare.it\/es\/\"},{\"@type\":\"ListItem\",\"position\":2,\"name\":\"Products\",\"item\":\"https:\/\/seipuntozero-haircare.it\/es\/shop\/\"},{\"@type\":\"ListItem\",\"position\":3,\"name\":\"HE.SHE Laca spray strong voluminizadora antihumedad\"}]},{\"@type\":\"WebSite\",\"@id\":\"https:\/\/seipuntozero-haircare.it\/es\/#website\",\"url\":\"https:\/\/seipuntozero-haircare.it\/es\/\",\"name\":\"6.Zero\",\"description\":\"Essential Touch\",\"potentialAction\":[{\"@type\":\"SearchAction\",\"target\":{\"@type\":\"EntryPoint\",\"urlTemplate\":\"https:\/\/seipuntozero-haircare.it\/es\/?s={search_term_string}\"},\"query-input\":{\"@type\":\"PropertyValueSpecification\",\"valueRequired\":true,\"valueName\":\"search_term_string\"}}],\"inLanguage\":\"es\"}]}<\/script>\n<!-- \/ Yoast SEO plugin. -->","yoast_head_json":{"title":"HE.SHE - Laca spray strong voluminizadora antihumedad","description":"He.She Laca spray strong voluminizadora antihumedad permite dar forma al peinado r\u00e1pidamente y mantener el cabello el\u00e1stico y voluminoso durante m\u00e1s tiempo.","robots":{"index":"index","follow":"follow","max-snippet":"max-snippet:-1","max-image-preview":"max-image-preview:large","max-video-preview":"max-video-preview:-1"},"canonical":"https:\/\/seipuntozero-haircare.it\/es\/product\/he-she-laca-spray-strong-voluminizadora-antihumedad\/","og_locale":"es_ES","og_type":"article","og_title":"HE.SHE - Laca spray strong voluminizadora antihumedad","og_description":"He.She Laca spray strong voluminizadora antihumedad permite dar forma al peinado r\u00e1pidamente y mantener el cabello el\u00e1stico y voluminoso durante m\u00e1s tiempo.","og_url":"https:\/\/seipuntozero-haircare.it\/es\/product\/he-she-laca-spray-strong-voluminizadora-antihumedad\/","og_site_name":"6.Zero","article_modified_time":"2025-07-21T10:36:57+00:00","og_image":[{"width":600,"height":600,"url":"https:\/\/seipuntozero-haircare.it\/wp-content\/uploads\/2017\/03\/262427_sei_punto_zero_heshe_wet_gel_extra_strong_500ml.png","type":"image\/png"}],"twitter_card":"summary_large_image","twitter_misc":{"Tiempo de lectura":"1 minuto"},"schema":{"@context":"https:\/\/schema.org","@graph":[{"@type":"WebPage","@id":"https:\/\/seipuntozero-haircare.it\/es\/product\/he-she-laca-spray-strong-voluminizadora-antihumedad\/","url":"https:\/\/seipuntozero-haircare.it\/es\/product\/he-she-laca-spray-strong-voluminizadora-antihumedad\/","name":"HE.SHE - Laca spray strong voluminizadora antihumedad","isPartOf":{"@id":"https:\/\/seipuntozero-haircare.it\/es\/#website"},"primaryImageOfPage":{"@id":"https:\/\/seipuntozero-haircare.it\/es\/product\/he-she-laca-spray-strong-voluminizadora-antihumedad\/#primaryimage"},"image":{"@id":"https:\/\/seipuntozero-haircare.it\/es\/product\/he-she-laca-spray-strong-voluminizadora-antihumedad\/#primaryimage"},"thumbnailUrl":"https:\/\/seipuntozero-haircare.it\/wp-content\/uploads\/2017\/03\/lacca-spray-500ml.png","datePublished":"2017-03-15T16:01:06+00:00","dateModified":"2025-07-21T10:36:57+00:00","description":"He.She Laca spray strong voluminizadora antihumedad permite dar forma al peinado r\u00e1pidamente y mantener el cabello el\u00e1stico y voluminoso durante m\u00e1s tiempo.","breadcrumb":{"@id":"https:\/\/seipuntozero-haircare.it\/es\/product\/he-she-laca-spray-strong-voluminizadora-antihumedad\/#breadcrumb"},"inLanguage":"es","potentialAction":[{"@type":"ReadAction","target":["https:\/\/seipuntozero-haircare.it\/es\/product\/he-she-laca-spray-strong-voluminizadora-antihumedad\/"]}]},{"@type":"ImageObject","inLanguage":"es","@id":"https:\/\/seipuntozero-haircare.it\/es\/product\/he-she-laca-spray-strong-voluminizadora-antihumedad\/#primaryimage","url":"https:\/\/seipuntozero-haircare.it\/wp-content\/uploads\/2017\/03\/lacca-spray-500ml.png","contentUrl":"https:\/\/seipuntozero-haircare.it\/wp-content\/uploads\/2017\/03\/lacca-spray-500ml.png","width":600,"height":600},{"@type":"BreadcrumbList","@id":"https:\/\/seipuntozero-haircare.it\/es\/product\/he-she-laca-spray-strong-voluminizadora-antihumedad\/#breadcrumb","itemListElement":[{"@type":"ListItem","position":1,"name":"Home","item":"https:\/\/seipuntozero-haircare.it\/es\/"},{"@type":"ListItem","position":2,"name":"Products","item":"https:\/\/seipuntozero-haircare.it\/es\/shop\/"},{"@type":"ListItem","position":3,"name":"HE.SHE Laca spray strong voluminizadora antihumedad"}]},{"@type":"WebSite","@id":"https:\/\/seipuntozero-haircare.it\/es\/#website","url":"https:\/\/seipuntozero-haircare.it\/es\/","name":"6.Zero","description":"Essential Touch","potentialAction":[{"@type":"SearchAction","target":{"@type":"EntryPoint","urlTemplate":"https:\/\/seipuntozero-haircare.it\/es\/?s={search_term_string}"},"query-input":{"@type":"PropertyValueSpecification","valueRequired":true,"valueName":"search_term_string"}}],"inLanguage":"es"}]}},"_links":{"self":[{"href":"https:\/\/seipuntozero-haircare.it\/es\/wp-json\/wp\/v2\/product\/16844","targetHints":{"allow":["GET"]}}],"collection":[{"href":"https:\/\/seipuntozero-haircare.it\/es\/wp-json\/wp\/v2\/product"}],"about":[{"href":"https:\/\/seipuntozero-haircare.it\/es\/wp-json\/wp\/v2\/types\/product"}],"wp:featuredmedia":[{"embeddable":true,"href":"https:\/\/seipuntozero-haircare.it\/es\/wp-json\/wp\/v2\/media\/24326"}],"wp:attachment":[{"href":"https:\/\/seipuntozero-haircare.it\/es\/wp-json\/wp\/v2\/media?parent=16844"}],"wp:term":[{"taxonomy":"product_brand","embeddable":true,"href":"https:\/\/seipuntozero-haircare.it\/es\/wp-json\/wp\/v2\/product_brand?post=16844"},{"taxonomy":"product_cat","embeddable":true,"href":"https:\/\/seipuntozero-haircare.it\/es\/wp-json\/wp\/v2\/product_cat?post=16844"},{"taxonomy":"product_tag","embeddable":true,"href":"https:\/\/seipuntozero-haircare.it\/es\/wp-json\/wp\/v2\/product_tag?post=16844"}],"curies":[{"name":"wp","href":"https:\/\/api.w.org\/{rel}","templated":true}]}}