{"id":16842,"date":"2017-03-15T17:02:51","date_gmt":"2017-03-15T16:02:51","guid":{"rendered":"https:\/\/seipuntozero-haircare.it\/prodotto\/he-she-spray-direccional-alta-fijacion\/"},"modified":"2021-06-25T17:09:33","modified_gmt":"2021-06-25T15:09:33","slug":"he-she-spray-direccional-alta-fijacion","status":"publish","type":"product","link":"https:\/\/seipuntozero-haircare.it\/es\/product\/he-she-spray-direccional-alta-fijacion\/","title":{"rendered":"HE.SHE <br> Spray direccional alta fijaci\u00f3n"},"content":{"rendered":"<ul>\n<li>Moldea la cabellera d\u00e1ndole definici\u00f3n y forma<\/li>\n<li>Protege el cabello de los agentes externos<\/li>\n<li>Fijaci\u00f3n duradera de los mechones<\/li>\n<\/ul>\n","protected":false},"excerpt":{"rendered":"<p>He.She<strong> Spray direccional de alta fijaci\u00f3n sin gas<\/strong>. Ideal para peinados estructurados, permite moldear el cabello al gusto dando definici\u00f3n y forma. <strong>Protege el cabello<\/strong> de los agentes atmosf\u00e9ricos y puede eliminarse f\u00e1cilmente con un r\u00e1pido cepillado. La pulverizaci\u00f3n del spray direccional sobre la melena fija el cabello de forma flexible, garantizando una<strong> fijaci\u00f3n prolongada<\/strong> para lograr un peinado vibrante y en\u00e9rgico.<\/p>\n<p>Bote de 400 ml<\/p>\n","protected":false},"featured_media":24334,"template":"","meta":[],"product_brand":[],"product_cat":[959],"product_tag":[],"class_list":["post-16842","product","type-product","status-publish","has-post-thumbnail","hentry","product_cat-styling-es"],"yoast_head":"<!-- This site is optimized with the Yoast SEO plugin v27.1.1 - https:\/\/yoast.com\/product\/yoast-seo-wordpress\/ -->\n<title>HE.SHE  Spray direccional alta fijaci\u00f3n - 6.Zero<\/title>\n<meta name=\"description\" content=\"He.She Spray direccional de alta fijaci\u00f3n sin gas. Ideal para peinados estructurados, permite moldear el cabello al gusto dando definici\u00f3n y forma.\" \/>\n<meta name=\"robots\" content=\"index, follow, max-snippet:-1, max-image-preview:large, max-video-preview:-1\" \/>\n<link rel=\"canonical\" href=\"https:\/\/seipuntozero-haircare.it\/es\/product\/he-she-spray-direccional-alta-fijacion\/\" \/>\n<meta property=\"og:locale\" content=\"es_ES\" \/>\n<meta property=\"og:type\" content=\"article\" \/>\n<meta property=\"og:title\" content=\"HE.SHE  Spray direccional alta fijaci\u00f3n - 6.Zero\" \/>\n<meta property=\"og:description\" content=\"He.She Spray direccional de alta fijaci\u00f3n sin gas. Ideal para peinados estructurados, permite moldear el cabello al gusto dando definici\u00f3n y forma.\" \/>\n<meta property=\"og:url\" content=\"https:\/\/seipuntozero-haircare.it\/es\/product\/he-she-spray-direccional-alta-fijacion\/\" \/>\n<meta property=\"og:site_name\" content=\"6.Zero\" \/>\n<meta property=\"article:modified_time\" content=\"2021-06-25T15:09:33+00:00\" \/>\n<meta property=\"og:image\" content=\"https:\/\/seipuntozero-haircare.it\/wp-content\/uploads\/2017\/03\/262434_sei_punto_zero_finish_styling_heshe_spray_direzionale_no_gas_400ml.png\" \/>\n\t<meta property=\"og:image:width\" content=\"600\" \/>\n\t<meta property=\"og:image:height\" content=\"600\" \/>\n\t<meta property=\"og:image:type\" content=\"image\/png\" \/>\n<meta name=\"twitter:card\" content=\"summary_large_image\" \/>\n<meta name=\"twitter:label1\" content=\"Tiempo de lectura\" \/>\n\t<meta name=\"twitter:data1\" content=\"1 minuto\" \/>\n<script type=\"application\/ld+json\" class=\"yoast-schema-graph\">{\"@context\":\"https:\/\/schema.org\",\"@graph\":[{\"@type\":\"WebPage\",\"@id\":\"https:\/\/seipuntozero-haircare.it\/es\/product\/he-she-spray-direccional-alta-fijacion\/\",\"url\":\"https:\/\/seipuntozero-haircare.it\/es\/product\/he-she-spray-direccional-alta-fijacion\/\",\"name\":\"HE.SHE Spray direccional alta fijaci\u00f3n - 6.Zero\",\"isPartOf\":{\"@id\":\"https:\/\/seipuntozero-haircare.it\/es\/#website\"},\"primaryImageOfPage\":{\"@id\":\"https:\/\/seipuntozero-haircare.it\/es\/product\/he-she-spray-direccional-alta-fijacion\/#primaryimage\"},\"image\":{\"@id\":\"https:\/\/seipuntozero-haircare.it\/es\/product\/he-she-spray-direccional-alta-fijacion\/#primaryimage\"},\"thumbnailUrl\":\"https:\/\/seipuntozero-haircare.it\/wp-content\/uploads\/2017\/03\/spray-direzionale-400-ml.png\",\"datePublished\":\"2017-03-15T16:02:51+00:00\",\"dateModified\":\"2021-06-25T15:09:33+00:00\",\"description\":\"He.She Spray direccional de alta fijaci\u00f3n sin gas. Ideal para peinados estructurados, permite moldear el cabello al gusto dando definici\u00f3n y forma.\",\"breadcrumb\":{\"@id\":\"https:\/\/seipuntozero-haircare.it\/es\/product\/he-she-spray-direccional-alta-fijacion\/#breadcrumb\"},\"inLanguage\":\"es\",\"potentialAction\":[{\"@type\":\"ReadAction\",\"target\":[\"https:\/\/seipuntozero-haircare.it\/es\/product\/he-she-spray-direccional-alta-fijacion\/\"]}]},{\"@type\":\"ImageObject\",\"inLanguage\":\"es\",\"@id\":\"https:\/\/seipuntozero-haircare.it\/es\/product\/he-she-spray-direccional-alta-fijacion\/#primaryimage\",\"url\":\"https:\/\/seipuntozero-haircare.it\/wp-content\/uploads\/2017\/03\/spray-direzionale-400-ml.png\",\"contentUrl\":\"https:\/\/seipuntozero-haircare.it\/wp-content\/uploads\/2017\/03\/spray-direzionale-400-ml.png\",\"width\":600,\"height\":600},{\"@type\":\"BreadcrumbList\",\"@id\":\"https:\/\/seipuntozero-haircare.it\/es\/product\/he-she-spray-direccional-alta-fijacion\/#breadcrumb\",\"itemListElement\":[{\"@type\":\"ListItem\",\"position\":1,\"name\":\"Home\",\"item\":\"https:\/\/seipuntozero-haircare.it\/es\/\"},{\"@type\":\"ListItem\",\"position\":2,\"name\":\"Products\",\"item\":\"https:\/\/seipuntozero-haircare.it\/es\/shop\/\"},{\"@type\":\"ListItem\",\"position\":3,\"name\":\"HE.SHE Spray direccional alta fijaci\u00f3n\"}]},{\"@type\":\"WebSite\",\"@id\":\"https:\/\/seipuntozero-haircare.it\/es\/#website\",\"url\":\"https:\/\/seipuntozero-haircare.it\/es\/\",\"name\":\"6.Zero\",\"description\":\"Essential Touch\",\"potentialAction\":[{\"@type\":\"SearchAction\",\"target\":{\"@type\":\"EntryPoint\",\"urlTemplate\":\"https:\/\/seipuntozero-haircare.it\/es\/?s={search_term_string}\"},\"query-input\":{\"@type\":\"PropertyValueSpecification\",\"valueRequired\":true,\"valueName\":\"search_term_string\"}}],\"inLanguage\":\"es\"}]}<\/script>\n<!-- \/ Yoast SEO plugin. -->","yoast_head_json":{"title":"HE.SHE  Spray direccional alta fijaci\u00f3n - 6.Zero","description":"He.She Spray direccional de alta fijaci\u00f3n sin gas. Ideal para peinados estructurados, permite moldear el cabello al gusto dando definici\u00f3n y forma.","robots":{"index":"index","follow":"follow","max-snippet":"max-snippet:-1","max-image-preview":"max-image-preview:large","max-video-preview":"max-video-preview:-1"},"canonical":"https:\/\/seipuntozero-haircare.it\/es\/product\/he-she-spray-direccional-alta-fijacion\/","og_locale":"es_ES","og_type":"article","og_title":"HE.SHE  Spray direccional alta fijaci\u00f3n - 6.Zero","og_description":"He.She Spray direccional de alta fijaci\u00f3n sin gas. Ideal para peinados estructurados, permite moldear el cabello al gusto dando definici\u00f3n y forma.","og_url":"https:\/\/seipuntozero-haircare.it\/es\/product\/he-she-spray-direccional-alta-fijacion\/","og_site_name":"6.Zero","article_modified_time":"2021-06-25T15:09:33+00:00","og_image":[{"width":600,"height":600,"url":"https:\/\/seipuntozero-haircare.it\/wp-content\/uploads\/2017\/03\/262434_sei_punto_zero_finish_styling_heshe_spray_direzionale_no_gas_400ml.png","type":"image\/png"}],"twitter_card":"summary_large_image","twitter_misc":{"Tiempo de lectura":"1 minuto"},"schema":{"@context":"https:\/\/schema.org","@graph":[{"@type":"WebPage","@id":"https:\/\/seipuntozero-haircare.it\/es\/product\/he-she-spray-direccional-alta-fijacion\/","url":"https:\/\/seipuntozero-haircare.it\/es\/product\/he-she-spray-direccional-alta-fijacion\/","name":"HE.SHE Spray direccional alta fijaci\u00f3n - 6.Zero","isPartOf":{"@id":"https:\/\/seipuntozero-haircare.it\/es\/#website"},"primaryImageOfPage":{"@id":"https:\/\/seipuntozero-haircare.it\/es\/product\/he-she-spray-direccional-alta-fijacion\/#primaryimage"},"image":{"@id":"https:\/\/seipuntozero-haircare.it\/es\/product\/he-she-spray-direccional-alta-fijacion\/#primaryimage"},"thumbnailUrl":"https:\/\/seipuntozero-haircare.it\/wp-content\/uploads\/2017\/03\/spray-direzionale-400-ml.png","datePublished":"2017-03-15T16:02:51+00:00","dateModified":"2021-06-25T15:09:33+00:00","description":"He.She Spray direccional de alta fijaci\u00f3n sin gas. Ideal para peinados estructurados, permite moldear el cabello al gusto dando definici\u00f3n y forma.","breadcrumb":{"@id":"https:\/\/seipuntozero-haircare.it\/es\/product\/he-she-spray-direccional-alta-fijacion\/#breadcrumb"},"inLanguage":"es","potentialAction":[{"@type":"ReadAction","target":["https:\/\/seipuntozero-haircare.it\/es\/product\/he-she-spray-direccional-alta-fijacion\/"]}]},{"@type":"ImageObject","inLanguage":"es","@id":"https:\/\/seipuntozero-haircare.it\/es\/product\/he-she-spray-direccional-alta-fijacion\/#primaryimage","url":"https:\/\/seipuntozero-haircare.it\/wp-content\/uploads\/2017\/03\/spray-direzionale-400-ml.png","contentUrl":"https:\/\/seipuntozero-haircare.it\/wp-content\/uploads\/2017\/03\/spray-direzionale-400-ml.png","width":600,"height":600},{"@type":"BreadcrumbList","@id":"https:\/\/seipuntozero-haircare.it\/es\/product\/he-she-spray-direccional-alta-fijacion\/#breadcrumb","itemListElement":[{"@type":"ListItem","position":1,"name":"Home","item":"https:\/\/seipuntozero-haircare.it\/es\/"},{"@type":"ListItem","position":2,"name":"Products","item":"https:\/\/seipuntozero-haircare.it\/es\/shop\/"},{"@type":"ListItem","position":3,"name":"HE.SHE Spray direccional alta fijaci\u00f3n"}]},{"@type":"WebSite","@id":"https:\/\/seipuntozero-haircare.it\/es\/#website","url":"https:\/\/seipuntozero-haircare.it\/es\/","name":"6.Zero","description":"Essential Touch","potentialAction":[{"@type":"SearchAction","target":{"@type":"EntryPoint","urlTemplate":"https:\/\/seipuntozero-haircare.it\/es\/?s={search_term_string}"},"query-input":{"@type":"PropertyValueSpecification","valueRequired":true,"valueName":"search_term_string"}}],"inLanguage":"es"}]}},"_links":{"self":[{"href":"https:\/\/seipuntozero-haircare.it\/es\/wp-json\/wp\/v2\/product\/16842","targetHints":{"allow":["GET"]}}],"collection":[{"href":"https:\/\/seipuntozero-haircare.it\/es\/wp-json\/wp\/v2\/product"}],"about":[{"href":"https:\/\/seipuntozero-haircare.it\/es\/wp-json\/wp\/v2\/types\/product"}],"wp:featuredmedia":[{"embeddable":true,"href":"https:\/\/seipuntozero-haircare.it\/es\/wp-json\/wp\/v2\/media\/24334"}],"wp:attachment":[{"href":"https:\/\/seipuntozero-haircare.it\/es\/wp-json\/wp\/v2\/media?parent=16842"}],"wp:term":[{"taxonomy":"product_brand","embeddable":true,"href":"https:\/\/seipuntozero-haircare.it\/es\/wp-json\/wp\/v2\/product_brand?post=16842"},{"taxonomy":"product_cat","embeddable":true,"href":"https:\/\/seipuntozero-haircare.it\/es\/wp-json\/wp\/v2\/product_cat?post=16842"},{"taxonomy":"product_tag","embeddable":true,"href":"https:\/\/seipuntozero-haircare.it\/es\/wp-json\/wp\/v2\/product_tag?post=16842"}],"curies":[{"name":"wp","href":"https:\/\/api.w.org\/{rel}","templated":true}]}}