{"id":16838,"date":"2017-03-15T17:05:59","date_gmt":"2017-03-15T16:05:59","guid":{"rendered":"https:\/\/seipuntozero-haircare.it\/prodotto\/he-she-espuma-extrafuerte-cuerpo-y-sujecion\/"},"modified":"2022-10-14T10:12:46","modified_gmt":"2022-10-14T08:12:46","slug":"he-she-espuma-extrafuerte-cuerpo-y-sujecion","status":"publish","type":"product","link":"https:\/\/seipuntozero-haircare.it\/es\/product\/he-she-espuma-extrafuerte-cuerpo-y-sujecion\/","title":{"rendered":"HE.SHE <br> Espuma extrafuerte cuerpo y sujeci\u00f3n"},"content":{"rendered":"<ul>\n<li>Fija sin apelmazar la cabellera<\/li>\n<li>F\u00f3rmula voluminizadora que da tono y soporte al cabello<\/li>\n<li>M\u00e1xima definici\u00f3n, cuerpo y sujeci\u00f3n<\/li>\n<\/ul>\n","protected":false},"excerpt":{"rendered":"<p>He.She <strong>Espuma extrafuerte cuerpo y sujeci\u00f3n<\/strong> extrema con una<strong> f\u00f3rmula voluminizadora<\/strong> especial que aporta tono y sostiene incluso el cabello m\u00e1s fr\u00e1gil. Fija largo tiempo todo tipo de peinados sin apelmazar y deja el cabello voluminoso y brillante, para lograr una <strong>definici\u00f3n y una textura exclusivas<\/strong>. La espuma extrafuerte fija el movimiento mediante la creaci\u00f3n de una pel\u00edcula invisible alrededor del cabello, que deja el moldeado impecable y lo protege de las agresiones externas.<\/p>\n<p>Bote de 300 ml<\/p>\n","protected":false},"featured_media":18490,"template":"","meta":[],"product_brand":[],"product_cat":[959],"product_tag":[],"class_list":["post-16838","product","type-product","status-publish","has-post-thumbnail","hentry","product_cat-styling-es"],"yoast_head":"<!-- This site is optimized with the Yoast SEO plugin v27.1.1 - https:\/\/yoast.com\/product\/yoast-seo-wordpress\/ -->\n<title>He.She | Espuma extrafuerte cuerpo y sujeci\u00f3n<\/title>\n<meta name=\"description\" content=\"He.She Espuma extrafuerte cuerpo y sujeci\u00f3n extrema con una f\u00f3rmula voluminizadora especial que aporta tono y sostiene incluso el cabello m\u00e1s fr\u00e1gil.\" \/>\n<meta name=\"robots\" content=\"index, follow, max-snippet:-1, max-image-preview:large, max-video-preview:-1\" \/>\n<link rel=\"canonical\" href=\"https:\/\/seipuntozero-haircare.it\/es\/product\/he-she-espuma-extrafuerte-cuerpo-y-sujecion\/\" \/>\n<meta property=\"og:locale\" content=\"es_ES\" \/>\n<meta property=\"og:type\" content=\"article\" \/>\n<meta property=\"og:title\" content=\"He.She | Espuma extrafuerte cuerpo y sujeci\u00f3n\" \/>\n<meta property=\"og:description\" content=\"He.She Espuma extrafuerte cuerpo y sujeci\u00f3n extrema con una f\u00f3rmula voluminizadora especial que aporta tono y sostiene incluso el cabello m\u00e1s fr\u00e1gil.\" \/>\n<meta property=\"og:url\" content=\"https:\/\/seipuntozero-haircare.it\/es\/product\/he-she-espuma-extrafuerte-cuerpo-y-sujecion\/\" \/>\n<meta property=\"og:site_name\" content=\"6.Zero\" \/>\n<meta property=\"article:modified_time\" content=\"2022-10-14T08:12:46+00:00\" \/>\n<meta property=\"og:image\" content=\"https:\/\/seipuntozero-haircare.it\/wp-content\/uploads\/2017\/03\/262458_sei_punto_zero_heshe_mousse_extra_strong_300ml.png\" \/>\n\t<meta property=\"og:image:width\" content=\"600\" \/>\n\t<meta property=\"og:image:height\" content=\"600\" \/>\n\t<meta property=\"og:image:type\" content=\"image\/png\" \/>\n<meta name=\"twitter:card\" content=\"summary_large_image\" \/>\n<meta name=\"twitter:label1\" content=\"Tiempo de lectura\" \/>\n\t<meta name=\"twitter:data1\" content=\"1 minuto\" \/>\n<script type=\"application\/ld+json\" class=\"yoast-schema-graph\">{\"@context\":\"https:\/\/schema.org\",\"@graph\":[{\"@type\":\"WebPage\",\"@id\":\"https:\/\/seipuntozero-haircare.it\/es\/product\/he-she-espuma-extrafuerte-cuerpo-y-sujecion\/\",\"url\":\"https:\/\/seipuntozero-haircare.it\/es\/product\/he-she-espuma-extrafuerte-cuerpo-y-sujecion\/\",\"name\":\"He.She | Espuma extrafuerte cuerpo y sujeci\u00f3n\",\"isPartOf\":{\"@id\":\"https:\/\/seipuntozero-haircare.it\/es\/#website\"},\"primaryImageOfPage\":{\"@id\":\"https:\/\/seipuntozero-haircare.it\/es\/product\/he-she-espuma-extrafuerte-cuerpo-y-sujecion\/#primaryimage\"},\"image\":{\"@id\":\"https:\/\/seipuntozero-haircare.it\/es\/product\/he-she-espuma-extrafuerte-cuerpo-y-sujecion\/#primaryimage\"},\"thumbnailUrl\":\"https:\/\/seipuntozero-haircare.it\/wp-content\/uploads\/2017\/03\/262458_sei_punto_zero_heshe_mousse_extra_strong_300ml.png\",\"datePublished\":\"2017-03-15T16:05:59+00:00\",\"dateModified\":\"2022-10-14T08:12:46+00:00\",\"description\":\"He.She Espuma extrafuerte cuerpo y sujeci\u00f3n extrema con una f\u00f3rmula voluminizadora especial que aporta tono y sostiene incluso el cabello m\u00e1s fr\u00e1gil.\",\"breadcrumb\":{\"@id\":\"https:\/\/seipuntozero-haircare.it\/es\/product\/he-she-espuma-extrafuerte-cuerpo-y-sujecion\/#breadcrumb\"},\"inLanguage\":\"es\",\"potentialAction\":[{\"@type\":\"ReadAction\",\"target\":[\"https:\/\/seipuntozero-haircare.it\/es\/product\/he-she-espuma-extrafuerte-cuerpo-y-sujecion\/\"]}]},{\"@type\":\"ImageObject\",\"inLanguage\":\"es\",\"@id\":\"https:\/\/seipuntozero-haircare.it\/es\/product\/he-she-espuma-extrafuerte-cuerpo-y-sujecion\/#primaryimage\",\"url\":\"https:\/\/seipuntozero-haircare.it\/wp-content\/uploads\/2017\/03\/262458_sei_punto_zero_heshe_mousse_extra_strong_300ml.png\",\"contentUrl\":\"https:\/\/seipuntozero-haircare.it\/wp-content\/uploads\/2017\/03\/262458_sei_punto_zero_heshe_mousse_extra_strong_300ml.png\",\"width\":600,\"height\":600,\"caption\":\"He.She - Mousse Extra Strong\"},{\"@type\":\"BreadcrumbList\",\"@id\":\"https:\/\/seipuntozero-haircare.it\/es\/product\/he-she-espuma-extrafuerte-cuerpo-y-sujecion\/#breadcrumb\",\"itemListElement\":[{\"@type\":\"ListItem\",\"position\":1,\"name\":\"Home\",\"item\":\"https:\/\/seipuntozero-haircare.it\/es\/\"},{\"@type\":\"ListItem\",\"position\":2,\"name\":\"Products\",\"item\":\"https:\/\/seipuntozero-haircare.it\/es\/shop\/\"},{\"@type\":\"ListItem\",\"position\":3,\"name\":\"HE.SHE Espuma extrafuerte cuerpo y sujeci\u00f3n\"}]},{\"@type\":\"WebSite\",\"@id\":\"https:\/\/seipuntozero-haircare.it\/es\/#website\",\"url\":\"https:\/\/seipuntozero-haircare.it\/es\/\",\"name\":\"6.Zero\",\"description\":\"Essential Touch\",\"potentialAction\":[{\"@type\":\"SearchAction\",\"target\":{\"@type\":\"EntryPoint\",\"urlTemplate\":\"https:\/\/seipuntozero-haircare.it\/es\/?s={search_term_string}\"},\"query-input\":{\"@type\":\"PropertyValueSpecification\",\"valueRequired\":true,\"valueName\":\"search_term_string\"}}],\"inLanguage\":\"es\"}]}<\/script>\n<!-- \/ Yoast SEO plugin. -->","yoast_head_json":{"title":"He.She | Espuma extrafuerte cuerpo y sujeci\u00f3n","description":"He.She Espuma extrafuerte cuerpo y sujeci\u00f3n extrema con una f\u00f3rmula voluminizadora especial que aporta tono y sostiene incluso el cabello m\u00e1s fr\u00e1gil.","robots":{"index":"index","follow":"follow","max-snippet":"max-snippet:-1","max-image-preview":"max-image-preview:large","max-video-preview":"max-video-preview:-1"},"canonical":"https:\/\/seipuntozero-haircare.it\/es\/product\/he-she-espuma-extrafuerte-cuerpo-y-sujecion\/","og_locale":"es_ES","og_type":"article","og_title":"He.She | Espuma extrafuerte cuerpo y sujeci\u00f3n","og_description":"He.She Espuma extrafuerte cuerpo y sujeci\u00f3n extrema con una f\u00f3rmula voluminizadora especial que aporta tono y sostiene incluso el cabello m\u00e1s fr\u00e1gil.","og_url":"https:\/\/seipuntozero-haircare.it\/es\/product\/he-she-espuma-extrafuerte-cuerpo-y-sujecion\/","og_site_name":"6.Zero","article_modified_time":"2022-10-14T08:12:46+00:00","og_image":[{"width":600,"height":600,"url":"https:\/\/seipuntozero-haircare.it\/wp-content\/uploads\/2017\/03\/262458_sei_punto_zero_heshe_mousse_extra_strong_300ml.png","type":"image\/png"}],"twitter_card":"summary_large_image","twitter_misc":{"Tiempo de lectura":"1 minuto"},"schema":{"@context":"https:\/\/schema.org","@graph":[{"@type":"WebPage","@id":"https:\/\/seipuntozero-haircare.it\/es\/product\/he-she-espuma-extrafuerte-cuerpo-y-sujecion\/","url":"https:\/\/seipuntozero-haircare.it\/es\/product\/he-she-espuma-extrafuerte-cuerpo-y-sujecion\/","name":"He.She | Espuma extrafuerte cuerpo y sujeci\u00f3n","isPartOf":{"@id":"https:\/\/seipuntozero-haircare.it\/es\/#website"},"primaryImageOfPage":{"@id":"https:\/\/seipuntozero-haircare.it\/es\/product\/he-she-espuma-extrafuerte-cuerpo-y-sujecion\/#primaryimage"},"image":{"@id":"https:\/\/seipuntozero-haircare.it\/es\/product\/he-she-espuma-extrafuerte-cuerpo-y-sujecion\/#primaryimage"},"thumbnailUrl":"https:\/\/seipuntozero-haircare.it\/wp-content\/uploads\/2017\/03\/262458_sei_punto_zero_heshe_mousse_extra_strong_300ml.png","datePublished":"2017-03-15T16:05:59+00:00","dateModified":"2022-10-14T08:12:46+00:00","description":"He.She Espuma extrafuerte cuerpo y sujeci\u00f3n extrema con una f\u00f3rmula voluminizadora especial que aporta tono y sostiene incluso el cabello m\u00e1s fr\u00e1gil.","breadcrumb":{"@id":"https:\/\/seipuntozero-haircare.it\/es\/product\/he-she-espuma-extrafuerte-cuerpo-y-sujecion\/#breadcrumb"},"inLanguage":"es","potentialAction":[{"@type":"ReadAction","target":["https:\/\/seipuntozero-haircare.it\/es\/product\/he-she-espuma-extrafuerte-cuerpo-y-sujecion\/"]}]},{"@type":"ImageObject","inLanguage":"es","@id":"https:\/\/seipuntozero-haircare.it\/es\/product\/he-she-espuma-extrafuerte-cuerpo-y-sujecion\/#primaryimage","url":"https:\/\/seipuntozero-haircare.it\/wp-content\/uploads\/2017\/03\/262458_sei_punto_zero_heshe_mousse_extra_strong_300ml.png","contentUrl":"https:\/\/seipuntozero-haircare.it\/wp-content\/uploads\/2017\/03\/262458_sei_punto_zero_heshe_mousse_extra_strong_300ml.png","width":600,"height":600,"caption":"He.She - Mousse Extra Strong"},{"@type":"BreadcrumbList","@id":"https:\/\/seipuntozero-haircare.it\/es\/product\/he-she-espuma-extrafuerte-cuerpo-y-sujecion\/#breadcrumb","itemListElement":[{"@type":"ListItem","position":1,"name":"Home","item":"https:\/\/seipuntozero-haircare.it\/es\/"},{"@type":"ListItem","position":2,"name":"Products","item":"https:\/\/seipuntozero-haircare.it\/es\/shop\/"},{"@type":"ListItem","position":3,"name":"HE.SHE Espuma extrafuerte cuerpo y sujeci\u00f3n"}]},{"@type":"WebSite","@id":"https:\/\/seipuntozero-haircare.it\/es\/#website","url":"https:\/\/seipuntozero-haircare.it\/es\/","name":"6.Zero","description":"Essential Touch","potentialAction":[{"@type":"SearchAction","target":{"@type":"EntryPoint","urlTemplate":"https:\/\/seipuntozero-haircare.it\/es\/?s={search_term_string}"},"query-input":{"@type":"PropertyValueSpecification","valueRequired":true,"valueName":"search_term_string"}}],"inLanguage":"es"}]}},"_links":{"self":[{"href":"https:\/\/seipuntozero-haircare.it\/es\/wp-json\/wp\/v2\/product\/16838","targetHints":{"allow":["GET"]}}],"collection":[{"href":"https:\/\/seipuntozero-haircare.it\/es\/wp-json\/wp\/v2\/product"}],"about":[{"href":"https:\/\/seipuntozero-haircare.it\/es\/wp-json\/wp\/v2\/types\/product"}],"wp:featuredmedia":[{"embeddable":true,"href":"https:\/\/seipuntozero-haircare.it\/es\/wp-json\/wp\/v2\/media\/18490"}],"wp:attachment":[{"href":"https:\/\/seipuntozero-haircare.it\/es\/wp-json\/wp\/v2\/media?parent=16838"}],"wp:term":[{"taxonomy":"product_brand","embeddable":true,"href":"https:\/\/seipuntozero-haircare.it\/es\/wp-json\/wp\/v2\/product_brand?post=16838"},{"taxonomy":"product_cat","embeddable":true,"href":"https:\/\/seipuntozero-haircare.it\/es\/wp-json\/wp\/v2\/product_cat?post=16838"},{"taxonomy":"product_tag","embeddable":true,"href":"https:\/\/seipuntozero-haircare.it\/es\/wp-json\/wp\/v2\/product_tag?post=16838"}],"curies":[{"name":"wp","href":"https:\/\/api.w.org\/{rel}","templated":true}]}}