{"id":16834,"date":"2018-03-16T09:00:16","date_gmt":"2018-03-16T08:00:16","guid":{"rendered":"https:\/\/seipuntozero-haircare.it\/prodotto\/he-she-dust-up-polvos-texturizantes-efecto-volumen\/"},"modified":"2021-06-25T17:03:22","modified_gmt":"2021-06-25T15:03:22","slug":"he-she-dust-up-polvos-texturizantes-efecto-volumen","status":"publish","type":"product","link":"https:\/\/seipuntozero-haircare.it\/es\/product\/he-she-dust-up-polvos-texturizantes-efecto-volumen\/","title":{"rendered":"HE.SHE \u2013 DUST UP <br> Polvos texturizantes efecto volumen"},"content":{"rendered":"<ul>\n<li>Aumenta el volumen de todo tipo de cabello<\/li>\n<li>Acci\u00f3n intensa que confiere cuerpo y textura<\/li>\n<li>Act\u00faa en las ra\u00edces sin apelmazar<\/li>\n<li>Indicado para peinados voluminosos<\/li>\n<\/ul>\n","protected":false},"excerpt":{"rendered":"<p>Los<strong> polvos texturizantes<\/strong> 6.Zero son perfectos para dar volumen al cabello. El poder de los polvos para dar cuerpo act\u00faa sobre las ra\u00edces, levant\u00e1ndolas sin apelmazar la estructura capilar. Ideal para <strong>cabellos finos y sin volumen<\/strong>, proporciona un efecto de grosor sin precedentes: los polvos voluminizadores act\u00faan sobre la densidad de la melena para <strong>dar cuerpo y nueva forma<\/strong> y a\u00f1aden estructura duradera al peinado.<\/p>\n<p>Frasco de 7 g<\/p>\n","protected":false},"featured_media":18478,"template":"","meta":[],"product_brand":[],"product_cat":[959],"product_tag":[],"class_list":["post-16834","product","type-product","status-publish","has-post-thumbnail","hentry","product_cat-styling-es"],"yoast_head":"<!-- This site is optimized with the Yoast SEO plugin v27.1.1 - https:\/\/yoast.com\/product\/yoast-seo-wordpress\/ -->\n<title>HE.SHE \u2013 DUST UP - Polvos texturizantes efecto volumen<\/title>\n<meta name=\"description\" content=\"Los polvos texturizantes 6.Zero son perfectos para dar volumen al cabello.\" \/>\n<meta name=\"robots\" content=\"index, follow, max-snippet:-1, max-image-preview:large, max-video-preview:-1\" \/>\n<link rel=\"canonical\" href=\"https:\/\/seipuntozero-haircare.it\/es\/product\/he-she-dust-up-polvos-texturizantes-efecto-volumen\/\" \/>\n<meta property=\"og:locale\" content=\"es_ES\" \/>\n<meta property=\"og:type\" content=\"article\" \/>\n<meta property=\"og:title\" content=\"HE.SHE \u2013 DUST UP - Polvos texturizantes efecto volumen\" \/>\n<meta property=\"og:description\" content=\"Los polvos texturizantes 6.Zero son perfectos para dar volumen al cabello.\" \/>\n<meta property=\"og:url\" content=\"https:\/\/seipuntozero-haircare.it\/es\/product\/he-she-dust-up-polvos-texturizantes-efecto-volumen\/\" \/>\n<meta property=\"og:site_name\" content=\"6.Zero\" \/>\n<meta property=\"article:modified_time\" content=\"2021-06-25T15:03:22+00:00\" \/>\n<meta property=\"og:image\" content=\"https:\/\/seipuntozero-haircare.it\/wp-content\/uploads\/2018\/03\/262519_sei_punto_zero_dust_up_7g.png\" \/>\n\t<meta property=\"og:image:width\" content=\"600\" \/>\n\t<meta property=\"og:image:height\" content=\"600\" \/>\n\t<meta property=\"og:image:type\" content=\"image\/png\" \/>\n<meta name=\"twitter:card\" content=\"summary_large_image\" \/>\n<meta name=\"twitter:label1\" content=\"Tiempo de lectura\" \/>\n\t<meta name=\"twitter:data1\" content=\"1 minuto\" \/>\n<script type=\"application\/ld+json\" class=\"yoast-schema-graph\">{\"@context\":\"https:\/\/schema.org\",\"@graph\":[{\"@type\":\"WebPage\",\"@id\":\"https:\/\/seipuntozero-haircare.it\/es\/product\/he-she-dust-up-polvos-texturizantes-efecto-volumen\/\",\"url\":\"https:\/\/seipuntozero-haircare.it\/es\/product\/he-she-dust-up-polvos-texturizantes-efecto-volumen\/\",\"name\":\"HE.SHE \u2013 DUST UP - Polvos texturizantes efecto volumen\",\"isPartOf\":{\"@id\":\"https:\/\/seipuntozero-haircare.it\/es\/#website\"},\"primaryImageOfPage\":{\"@id\":\"https:\/\/seipuntozero-haircare.it\/es\/product\/he-she-dust-up-polvos-texturizantes-efecto-volumen\/#primaryimage\"},\"image\":{\"@id\":\"https:\/\/seipuntozero-haircare.it\/es\/product\/he-she-dust-up-polvos-texturizantes-efecto-volumen\/#primaryimage\"},\"thumbnailUrl\":\"https:\/\/seipuntozero-haircare.it\/wp-content\/uploads\/2018\/03\/262519_sei_punto_zero_dust_up_7g.png\",\"datePublished\":\"2018-03-16T08:00:16+00:00\",\"dateModified\":\"2021-06-25T15:03:22+00:00\",\"description\":\"Los polvos texturizantes 6.Zero son perfectos para dar volumen al cabello.\",\"breadcrumb\":{\"@id\":\"https:\/\/seipuntozero-haircare.it\/es\/product\/he-she-dust-up-polvos-texturizantes-efecto-volumen\/#breadcrumb\"},\"inLanguage\":\"es\",\"potentialAction\":[{\"@type\":\"ReadAction\",\"target\":[\"https:\/\/seipuntozero-haircare.it\/es\/product\/he-she-dust-up-polvos-texturizantes-efecto-volumen\/\"]}]},{\"@type\":\"ImageObject\",\"inLanguage\":\"es\",\"@id\":\"https:\/\/seipuntozero-haircare.it\/es\/product\/he-she-dust-up-polvos-texturizantes-efecto-volumen\/#primaryimage\",\"url\":\"https:\/\/seipuntozero-haircare.it\/wp-content\/uploads\/2018\/03\/262519_sei_punto_zero_dust_up_7g.png\",\"contentUrl\":\"https:\/\/seipuntozero-haircare.it\/wp-content\/uploads\/2018\/03\/262519_sei_punto_zero_dust_up_7g.png\",\"width\":600,\"height\":600,\"caption\":\"He.She - Polvere Texturizzante Effetto Volume\"},{\"@type\":\"BreadcrumbList\",\"@id\":\"https:\/\/seipuntozero-haircare.it\/es\/product\/he-she-dust-up-polvos-texturizantes-efecto-volumen\/#breadcrumb\",\"itemListElement\":[{\"@type\":\"ListItem\",\"position\":1,\"name\":\"Home\",\"item\":\"https:\/\/seipuntozero-haircare.it\/es\/\"},{\"@type\":\"ListItem\",\"position\":2,\"name\":\"Products\",\"item\":\"https:\/\/seipuntozero-haircare.it\/es\/shop\/\"},{\"@type\":\"ListItem\",\"position\":3,\"name\":\"HE.SHE \u2013 DUST UP Polvos texturizantes efecto volumen\"}]},{\"@type\":\"WebSite\",\"@id\":\"https:\/\/seipuntozero-haircare.it\/es\/#website\",\"url\":\"https:\/\/seipuntozero-haircare.it\/es\/\",\"name\":\"6.Zero\",\"description\":\"Essential Touch\",\"potentialAction\":[{\"@type\":\"SearchAction\",\"target\":{\"@type\":\"EntryPoint\",\"urlTemplate\":\"https:\/\/seipuntozero-haircare.it\/es\/?s={search_term_string}\"},\"query-input\":{\"@type\":\"PropertyValueSpecification\",\"valueRequired\":true,\"valueName\":\"search_term_string\"}}],\"inLanguage\":\"es\"}]}<\/script>\n<!-- \/ Yoast SEO plugin. -->","yoast_head_json":{"title":"HE.SHE \u2013 DUST UP - Polvos texturizantes efecto volumen","description":"Los polvos texturizantes 6.Zero son perfectos para dar volumen al cabello.","robots":{"index":"index","follow":"follow","max-snippet":"max-snippet:-1","max-image-preview":"max-image-preview:large","max-video-preview":"max-video-preview:-1"},"canonical":"https:\/\/seipuntozero-haircare.it\/es\/product\/he-she-dust-up-polvos-texturizantes-efecto-volumen\/","og_locale":"es_ES","og_type":"article","og_title":"HE.SHE \u2013 DUST UP - Polvos texturizantes efecto volumen","og_description":"Los polvos texturizantes 6.Zero son perfectos para dar volumen al cabello.","og_url":"https:\/\/seipuntozero-haircare.it\/es\/product\/he-she-dust-up-polvos-texturizantes-efecto-volumen\/","og_site_name":"6.Zero","article_modified_time":"2021-06-25T15:03:22+00:00","og_image":[{"width":600,"height":600,"url":"https:\/\/seipuntozero-haircare.it\/wp-content\/uploads\/2018\/03\/262519_sei_punto_zero_dust_up_7g.png","type":"image\/png"}],"twitter_card":"summary_large_image","twitter_misc":{"Tiempo de lectura":"1 minuto"},"schema":{"@context":"https:\/\/schema.org","@graph":[{"@type":"WebPage","@id":"https:\/\/seipuntozero-haircare.it\/es\/product\/he-she-dust-up-polvos-texturizantes-efecto-volumen\/","url":"https:\/\/seipuntozero-haircare.it\/es\/product\/he-she-dust-up-polvos-texturizantes-efecto-volumen\/","name":"HE.SHE \u2013 DUST UP - Polvos texturizantes efecto volumen","isPartOf":{"@id":"https:\/\/seipuntozero-haircare.it\/es\/#website"},"primaryImageOfPage":{"@id":"https:\/\/seipuntozero-haircare.it\/es\/product\/he-she-dust-up-polvos-texturizantes-efecto-volumen\/#primaryimage"},"image":{"@id":"https:\/\/seipuntozero-haircare.it\/es\/product\/he-she-dust-up-polvos-texturizantes-efecto-volumen\/#primaryimage"},"thumbnailUrl":"https:\/\/seipuntozero-haircare.it\/wp-content\/uploads\/2018\/03\/262519_sei_punto_zero_dust_up_7g.png","datePublished":"2018-03-16T08:00:16+00:00","dateModified":"2021-06-25T15:03:22+00:00","description":"Los polvos texturizantes 6.Zero son perfectos para dar volumen al cabello.","breadcrumb":{"@id":"https:\/\/seipuntozero-haircare.it\/es\/product\/he-she-dust-up-polvos-texturizantes-efecto-volumen\/#breadcrumb"},"inLanguage":"es","potentialAction":[{"@type":"ReadAction","target":["https:\/\/seipuntozero-haircare.it\/es\/product\/he-she-dust-up-polvos-texturizantes-efecto-volumen\/"]}]},{"@type":"ImageObject","inLanguage":"es","@id":"https:\/\/seipuntozero-haircare.it\/es\/product\/he-she-dust-up-polvos-texturizantes-efecto-volumen\/#primaryimage","url":"https:\/\/seipuntozero-haircare.it\/wp-content\/uploads\/2018\/03\/262519_sei_punto_zero_dust_up_7g.png","contentUrl":"https:\/\/seipuntozero-haircare.it\/wp-content\/uploads\/2018\/03\/262519_sei_punto_zero_dust_up_7g.png","width":600,"height":600,"caption":"He.She - Polvere Texturizzante Effetto Volume"},{"@type":"BreadcrumbList","@id":"https:\/\/seipuntozero-haircare.it\/es\/product\/he-she-dust-up-polvos-texturizantes-efecto-volumen\/#breadcrumb","itemListElement":[{"@type":"ListItem","position":1,"name":"Home","item":"https:\/\/seipuntozero-haircare.it\/es\/"},{"@type":"ListItem","position":2,"name":"Products","item":"https:\/\/seipuntozero-haircare.it\/es\/shop\/"},{"@type":"ListItem","position":3,"name":"HE.SHE \u2013 DUST UP Polvos texturizantes efecto volumen"}]},{"@type":"WebSite","@id":"https:\/\/seipuntozero-haircare.it\/es\/#website","url":"https:\/\/seipuntozero-haircare.it\/es\/","name":"6.Zero","description":"Essential Touch","potentialAction":[{"@type":"SearchAction","target":{"@type":"EntryPoint","urlTemplate":"https:\/\/seipuntozero-haircare.it\/es\/?s={search_term_string}"},"query-input":{"@type":"PropertyValueSpecification","valueRequired":true,"valueName":"search_term_string"}}],"inLanguage":"es"}]}},"_links":{"self":[{"href":"https:\/\/seipuntozero-haircare.it\/es\/wp-json\/wp\/v2\/product\/16834","targetHints":{"allow":["GET"]}}],"collection":[{"href":"https:\/\/seipuntozero-haircare.it\/es\/wp-json\/wp\/v2\/product"}],"about":[{"href":"https:\/\/seipuntozero-haircare.it\/es\/wp-json\/wp\/v2\/types\/product"}],"wp:featuredmedia":[{"embeddable":true,"href":"https:\/\/seipuntozero-haircare.it\/es\/wp-json\/wp\/v2\/media\/18478"}],"wp:attachment":[{"href":"https:\/\/seipuntozero-haircare.it\/es\/wp-json\/wp\/v2\/media?parent=16834"}],"wp:term":[{"taxonomy":"product_brand","embeddable":true,"href":"https:\/\/seipuntozero-haircare.it\/es\/wp-json\/wp\/v2\/product_brand?post=16834"},{"taxonomy":"product_cat","embeddable":true,"href":"https:\/\/seipuntozero-haircare.it\/es\/wp-json\/wp\/v2\/product_cat?post=16834"},{"taxonomy":"product_tag","embeddable":true,"href":"https:\/\/seipuntozero-haircare.it\/es\/wp-json\/wp\/v2\/product_tag?post=16834"}],"curies":[{"name":"wp","href":"https:\/\/api.w.org\/{rel}","templated":true}]}}