{"id":16832,"date":"2019-07-29T09:26:26","date_gmt":"2019-07-29T07:26:26","guid":{"rendered":"https:\/\/seipuntozero-haircare.it\/prodotto\/he-she-therm-screen-spray-alisador-termoprotector\/"},"modified":"2021-06-25T17:01:10","modified_gmt":"2021-06-25T15:01:10","slug":"he-she-therm-screen-spray-alisador-termoprotector","status":"publish","type":"product","link":"https:\/\/seipuntozero-haircare.it\/es\/product\/he-she-therm-screen-spray-alisador-termoprotector\/","title":{"rendered":"HE.SHE \u2013 THERM SCREEN <br> Spray alisador termoprotector"},"content":{"rendered":"<ul>\n<li>Protege el cabello durante el secado con plancha y secador<\/li>\n<li>Efecto seda y acci\u00f3n alisadora de larga duraci\u00f3n<\/li>\n<li>Enriquecido con \u00e1cido hialur\u00f3nico<\/li>\n<\/ul>\n","protected":false},"excerpt":{"rendered":"<p>Therm Screen,<strong> spray alisador termoprotector para el cabello<\/strong>. Permite proteger el cabello de las fuentes de calor y minimizar el da\u00f1o causado por las altas temperaturas. Gracias al <strong>\u00e1cido hialur\u00f3nico<\/strong>, el cabello mantiene la hidrataci\u00f3n, el brillo y la suavidad: el spray 6.Zero crea una pantalla protectora eficaz, que preserva el cabello durante el secado con plancha o secador de pelo y aporta un incre\u00edble <strong>efecto sedoso a la melena<\/strong>.<\/p>\n<p>Formato de 200 ml<\/p>\n","protected":false},"featured_media":18472,"template":"","meta":[],"product_brand":[],"product_cat":[959],"product_tag":[],"class_list":["post-16832","product","type-product","status-publish","has-post-thumbnail","hentry","product_cat-styling-es"],"yoast_head":"<!-- This site is optimized with the Yoast SEO plugin v27.1.1 - https:\/\/yoast.com\/product\/yoast-seo-wordpress\/ -->\n<title>Spray alisador termoprotector - Therm Screen | 6.Zero Haircare<\/title>\n<meta name=\"description\" content=\"Therm Screen, spray alisador termoprotector para el cabello. Permite proteger el cabello de las fuentes de calor y minimizar el da\u00f1o causado por las altas temperaturas.\" \/>\n<meta name=\"robots\" content=\"index, follow, max-snippet:-1, max-image-preview:large, max-video-preview:-1\" \/>\n<link rel=\"canonical\" href=\"https:\/\/seipuntozero-haircare.it\/es\/product\/he-she-therm-screen-spray-alisador-termoprotector\/\" \/>\n<meta property=\"og:locale\" content=\"es_ES\" \/>\n<meta property=\"og:type\" content=\"article\" \/>\n<meta property=\"og:title\" content=\"Spray alisador termoprotector - Therm Screen | 6.Zero Haircare\" \/>\n<meta property=\"og:description\" content=\"Therm Screen, spray alisador termoprotector para el cabello. Permite proteger el cabello de las fuentes de calor y minimizar el da\u00f1o causado por las altas temperaturas.\" \/>\n<meta property=\"og:url\" content=\"https:\/\/seipuntozero-haircare.it\/es\/product\/he-she-therm-screen-spray-alisador-termoprotector\/\" \/>\n<meta property=\"og:site_name\" content=\"6.Zero\" \/>\n<meta property=\"article:modified_time\" content=\"2021-06-25T15:01:10+00:00\" \/>\n<meta property=\"og:image\" content=\"https:\/\/seipuntozero-haircare.it\/wp-content\/uploads\/2019\/07\/262656_sei_punto_zero_heshe_therm_screen_smoothing_spray_200ml.png\" \/>\n\t<meta property=\"og:image:width\" content=\"600\" \/>\n\t<meta property=\"og:image:height\" content=\"600\" \/>\n\t<meta property=\"og:image:type\" content=\"image\/png\" \/>\n<meta name=\"twitter:card\" content=\"summary_large_image\" \/>\n<meta name=\"twitter:label1\" content=\"Tiempo de lectura\" \/>\n\t<meta name=\"twitter:data1\" content=\"1 minuto\" \/>\n<script type=\"application\/ld+json\" class=\"yoast-schema-graph\">{\"@context\":\"https:\/\/schema.org\",\"@graph\":[{\"@type\":\"WebPage\",\"@id\":\"https:\/\/seipuntozero-haircare.it\/es\/product\/he-she-therm-screen-spray-alisador-termoprotector\/\",\"url\":\"https:\/\/seipuntozero-haircare.it\/es\/product\/he-she-therm-screen-spray-alisador-termoprotector\/\",\"name\":\"Spray alisador termoprotector - Therm Screen | 6.Zero Haircare\",\"isPartOf\":{\"@id\":\"https:\/\/seipuntozero-haircare.it\/es\/#website\"},\"primaryImageOfPage\":{\"@id\":\"https:\/\/seipuntozero-haircare.it\/es\/product\/he-she-therm-screen-spray-alisador-termoprotector\/#primaryimage\"},\"image\":{\"@id\":\"https:\/\/seipuntozero-haircare.it\/es\/product\/he-she-therm-screen-spray-alisador-termoprotector\/#primaryimage\"},\"thumbnailUrl\":\"https:\/\/seipuntozero-haircare.it\/wp-content\/uploads\/2019\/07\/262656_sei_punto_zero_heshe_therm_screen_smoothing_spray_200ml.png\",\"datePublished\":\"2019-07-29T07:26:26+00:00\",\"dateModified\":\"2021-06-25T15:01:10+00:00\",\"description\":\"Therm Screen, spray alisador termoprotector para el cabello. Permite proteger el cabello de las fuentes de calor y minimizar el da\u00f1o causado por las altas temperaturas.\",\"breadcrumb\":{\"@id\":\"https:\/\/seipuntozero-haircare.it\/es\/product\/he-she-therm-screen-spray-alisador-termoprotector\/#breadcrumb\"},\"inLanguage\":\"es\",\"potentialAction\":[{\"@type\":\"ReadAction\",\"target\":[\"https:\/\/seipuntozero-haircare.it\/es\/product\/he-she-therm-screen-spray-alisador-termoprotector\/\"]}]},{\"@type\":\"ImageObject\",\"inLanguage\":\"es\",\"@id\":\"https:\/\/seipuntozero-haircare.it\/es\/product\/he-she-therm-screen-spray-alisador-termoprotector\/#primaryimage\",\"url\":\"https:\/\/seipuntozero-haircare.it\/wp-content\/uploads\/2019\/07\/262656_sei_punto_zero_heshe_therm_screen_smoothing_spray_200ml.png\",\"contentUrl\":\"https:\/\/seipuntozero-haircare.it\/wp-content\/uploads\/2019\/07\/262656_sei_punto_zero_heshe_therm_screen_smoothing_spray_200ml.png\",\"width\":600,\"height\":600},{\"@type\":\"BreadcrumbList\",\"@id\":\"https:\/\/seipuntozero-haircare.it\/es\/product\/he-she-therm-screen-spray-alisador-termoprotector\/#breadcrumb\",\"itemListElement\":[{\"@type\":\"ListItem\",\"position\":1,\"name\":\"Home\",\"item\":\"https:\/\/seipuntozero-haircare.it\/es\/\"},{\"@type\":\"ListItem\",\"position\":2,\"name\":\"Products\",\"item\":\"https:\/\/seipuntozero-haircare.it\/es\/shop\/\"},{\"@type\":\"ListItem\",\"position\":3,\"name\":\"HE.SHE \u2013 THERM SCREEN Spray alisador termoprotector\"}]},{\"@type\":\"WebSite\",\"@id\":\"https:\/\/seipuntozero-haircare.it\/es\/#website\",\"url\":\"https:\/\/seipuntozero-haircare.it\/es\/\",\"name\":\"6.Zero\",\"description\":\"Essential Touch\",\"potentialAction\":[{\"@type\":\"SearchAction\",\"target\":{\"@type\":\"EntryPoint\",\"urlTemplate\":\"https:\/\/seipuntozero-haircare.it\/es\/?s={search_term_string}\"},\"query-input\":{\"@type\":\"PropertyValueSpecification\",\"valueRequired\":true,\"valueName\":\"search_term_string\"}}],\"inLanguage\":\"es\"}]}<\/script>\n<!-- \/ Yoast SEO plugin. -->","yoast_head_json":{"title":"Spray alisador termoprotector - Therm Screen | 6.Zero Haircare","description":"Therm Screen, spray alisador termoprotector para el cabello. Permite proteger el cabello de las fuentes de calor y minimizar el da\u00f1o causado por las altas temperaturas.","robots":{"index":"index","follow":"follow","max-snippet":"max-snippet:-1","max-image-preview":"max-image-preview:large","max-video-preview":"max-video-preview:-1"},"canonical":"https:\/\/seipuntozero-haircare.it\/es\/product\/he-she-therm-screen-spray-alisador-termoprotector\/","og_locale":"es_ES","og_type":"article","og_title":"Spray alisador termoprotector - Therm Screen | 6.Zero Haircare","og_description":"Therm Screen, spray alisador termoprotector para el cabello. Permite proteger el cabello de las fuentes de calor y minimizar el da\u00f1o causado por las altas temperaturas.","og_url":"https:\/\/seipuntozero-haircare.it\/es\/product\/he-she-therm-screen-spray-alisador-termoprotector\/","og_site_name":"6.Zero","article_modified_time":"2021-06-25T15:01:10+00:00","og_image":[{"width":600,"height":600,"url":"https:\/\/seipuntozero-haircare.it\/wp-content\/uploads\/2019\/07\/262656_sei_punto_zero_heshe_therm_screen_smoothing_spray_200ml.png","type":"image\/png"}],"twitter_card":"summary_large_image","twitter_misc":{"Tiempo de lectura":"1 minuto"},"schema":{"@context":"https:\/\/schema.org","@graph":[{"@type":"WebPage","@id":"https:\/\/seipuntozero-haircare.it\/es\/product\/he-she-therm-screen-spray-alisador-termoprotector\/","url":"https:\/\/seipuntozero-haircare.it\/es\/product\/he-she-therm-screen-spray-alisador-termoprotector\/","name":"Spray alisador termoprotector - Therm Screen | 6.Zero Haircare","isPartOf":{"@id":"https:\/\/seipuntozero-haircare.it\/es\/#website"},"primaryImageOfPage":{"@id":"https:\/\/seipuntozero-haircare.it\/es\/product\/he-she-therm-screen-spray-alisador-termoprotector\/#primaryimage"},"image":{"@id":"https:\/\/seipuntozero-haircare.it\/es\/product\/he-she-therm-screen-spray-alisador-termoprotector\/#primaryimage"},"thumbnailUrl":"https:\/\/seipuntozero-haircare.it\/wp-content\/uploads\/2019\/07\/262656_sei_punto_zero_heshe_therm_screen_smoothing_spray_200ml.png","datePublished":"2019-07-29T07:26:26+00:00","dateModified":"2021-06-25T15:01:10+00:00","description":"Therm Screen, spray alisador termoprotector para el cabello. Permite proteger el cabello de las fuentes de calor y minimizar el da\u00f1o causado por las altas temperaturas.","breadcrumb":{"@id":"https:\/\/seipuntozero-haircare.it\/es\/product\/he-she-therm-screen-spray-alisador-termoprotector\/#breadcrumb"},"inLanguage":"es","potentialAction":[{"@type":"ReadAction","target":["https:\/\/seipuntozero-haircare.it\/es\/product\/he-she-therm-screen-spray-alisador-termoprotector\/"]}]},{"@type":"ImageObject","inLanguage":"es","@id":"https:\/\/seipuntozero-haircare.it\/es\/product\/he-she-therm-screen-spray-alisador-termoprotector\/#primaryimage","url":"https:\/\/seipuntozero-haircare.it\/wp-content\/uploads\/2019\/07\/262656_sei_punto_zero_heshe_therm_screen_smoothing_spray_200ml.png","contentUrl":"https:\/\/seipuntozero-haircare.it\/wp-content\/uploads\/2019\/07\/262656_sei_punto_zero_heshe_therm_screen_smoothing_spray_200ml.png","width":600,"height":600},{"@type":"BreadcrumbList","@id":"https:\/\/seipuntozero-haircare.it\/es\/product\/he-she-therm-screen-spray-alisador-termoprotector\/#breadcrumb","itemListElement":[{"@type":"ListItem","position":1,"name":"Home","item":"https:\/\/seipuntozero-haircare.it\/es\/"},{"@type":"ListItem","position":2,"name":"Products","item":"https:\/\/seipuntozero-haircare.it\/es\/shop\/"},{"@type":"ListItem","position":3,"name":"HE.SHE \u2013 THERM SCREEN Spray alisador termoprotector"}]},{"@type":"WebSite","@id":"https:\/\/seipuntozero-haircare.it\/es\/#website","url":"https:\/\/seipuntozero-haircare.it\/es\/","name":"6.Zero","description":"Essential Touch","potentialAction":[{"@type":"SearchAction","target":{"@type":"EntryPoint","urlTemplate":"https:\/\/seipuntozero-haircare.it\/es\/?s={search_term_string}"},"query-input":{"@type":"PropertyValueSpecification","valueRequired":true,"valueName":"search_term_string"}}],"inLanguage":"es"}]}},"_links":{"self":[{"href":"https:\/\/seipuntozero-haircare.it\/es\/wp-json\/wp\/v2\/product\/16832","targetHints":{"allow":["GET"]}}],"collection":[{"href":"https:\/\/seipuntozero-haircare.it\/es\/wp-json\/wp\/v2\/product"}],"about":[{"href":"https:\/\/seipuntozero-haircare.it\/es\/wp-json\/wp\/v2\/types\/product"}],"wp:featuredmedia":[{"embeddable":true,"href":"https:\/\/seipuntozero-haircare.it\/es\/wp-json\/wp\/v2\/media\/18472"}],"wp:attachment":[{"href":"https:\/\/seipuntozero-haircare.it\/es\/wp-json\/wp\/v2\/media?parent=16832"}],"wp:term":[{"taxonomy":"product_brand","embeddable":true,"href":"https:\/\/seipuntozero-haircare.it\/es\/wp-json\/wp\/v2\/product_brand?post=16832"},{"taxonomy":"product_cat","embeddable":true,"href":"https:\/\/seipuntozero-haircare.it\/es\/wp-json\/wp\/v2\/product_cat?post=16832"},{"taxonomy":"product_tag","embeddable":true,"href":"https:\/\/seipuntozero-haircare.it\/es\/wp-json\/wp\/v2\/product_tag?post=16832"}],"curies":[{"name":"wp","href":"https:\/\/api.w.org\/{rel}","templated":true}]}}