{"id":16830,"date":"2019-09-26T09:00:56","date_gmt":"2019-09-26T07:00:56","guid":{"rendered":"https:\/\/seipuntozero-haircare.it\/prodotto\/take-over-active-sheer-locion-tonica-bivalente\/"},"modified":"2021-06-25T16:59:08","modified_gmt":"2021-06-25T14:59:08","slug":"take-over-active-sheer-locion-tonica-bivalente","status":"publish","type":"product","link":"https:\/\/seipuntozero-haircare.it\/es\/product\/take-over-active-sheer-locion-tonica-bivalente\/","title":{"rendered":"TAKE OVER \u2013 ACTIVE SHEER <br> Loci\u00f3n t\u00f3nica bivalente"},"content":{"rendered":"<ul>\n<li>Contrarresta la caspa<\/li>\n<li>Regula la secreci\u00f3n seb\u00e1cea<\/li>\n<li>Refresca y purifica el cuero cabelludo<\/li>\n<li>No apelmaza la cabellera<\/li>\n<\/ul>\n","protected":false},"excerpt":{"rendered":"<p>La <strong>loci\u00f3n t\u00f3nica bivalente<\/strong> para pieles grasas, con caspa y longitud seca completa el tratamiento Active Sheer, ideado para reequilibrar el cuero cabelludo. Ayuda a <strong>combatir la caspa y a normalizar la secreci\u00f3n excesiva<\/strong> <strong>de sebo<\/strong>, ejerciendo un efecto refrescante y regenerador sobre la piel y el cabello. Gracias a la<strong> acci\u00f3n seborreguladora<\/strong> y anticaspa de la loci\u00f3n 6.Zero, el cabello queda hidratado, fuerte y limpio durante m\u00e1s tiempo. D\u00eda tras d\u00eda, la piel recupera su equilibrio natural y experimenta una nueva sensaci\u00f3n de pureza.<\/p>\n<p>Formato de 150 ml<\/p>\n","protected":false},"featured_media":19804,"template":"","meta":[],"product_brand":[],"product_cat":[958],"product_tag":[],"class_list":["post-16830","product","type-product","status-publish","has-post-thumbnail","hentry","product_cat-take-over-active-sheer-es"],"yoast_head":"<!-- This site is optimized with the Yoast SEO plugin v27.1.1 - https:\/\/yoast.com\/product\/yoast-seo-wordpress\/ -->\n<title>TAKE OVER \u2013 ACTIVE SHEER | Loci\u00f3n t\u00f3nica bivalente<\/title>\n<meta name=\"description\" content=\"La loci\u00f3n t\u00f3nica bivalente para pieles grasas, con caspa y longitud seca completa el tratamiento Active Sheer, ideado para reequilibrar el cuero cabelludo.\" \/>\n<meta name=\"robots\" content=\"index, follow, max-snippet:-1, max-image-preview:large, max-video-preview:-1\" \/>\n<link rel=\"canonical\" href=\"https:\/\/seipuntozero-haircare.it\/es\/product\/take-over-active-sheer-locion-tonica-bivalente\/\" \/>\n<meta property=\"og:locale\" content=\"es_ES\" \/>\n<meta property=\"og:type\" content=\"article\" \/>\n<meta property=\"og:title\" content=\"TAKE OVER \u2013 ACTIVE SHEER | Loci\u00f3n t\u00f3nica bivalente\" \/>\n<meta property=\"og:description\" content=\"La loci\u00f3n t\u00f3nica bivalente para pieles grasas, con caspa y longitud seca completa el tratamiento Active Sheer, ideado para reequilibrar el cuero cabelludo.\" \/>\n<meta property=\"og:url\" content=\"https:\/\/seipuntozero-haircare.it\/es\/product\/take-over-active-sheer-locion-tonica-bivalente\/\" \/>\n<meta property=\"og:site_name\" content=\"6.Zero\" \/>\n<meta property=\"article:modified_time\" content=\"2021-06-25T14:59:08+00:00\" \/>\n<meta property=\"og:image\" content=\"https:\/\/seipuntozero-haircare.it\/wp-content\/uploads\/2019\/09\/262663_sei_punto_zero_take_active_sheer_bivalent_lotion_150ml-1.png\" \/>\n\t<meta property=\"og:image:width\" content=\"800\" \/>\n\t<meta property=\"og:image:height\" content=\"800\" \/>\n\t<meta property=\"og:image:type\" content=\"image\/png\" \/>\n<meta name=\"twitter:card\" content=\"summary_large_image\" \/>\n<meta name=\"twitter:label1\" content=\"Tiempo de lectura\" \/>\n\t<meta name=\"twitter:data1\" content=\"1 minuto\" \/>\n<script type=\"application\/ld+json\" class=\"yoast-schema-graph\">{\"@context\":\"https:\/\/schema.org\",\"@graph\":[{\"@type\":\"WebPage\",\"@id\":\"https:\/\/seipuntozero-haircare.it\/es\/product\/take-over-active-sheer-locion-tonica-bivalente\/\",\"url\":\"https:\/\/seipuntozero-haircare.it\/es\/product\/take-over-active-sheer-locion-tonica-bivalente\/\",\"name\":\"TAKE OVER \u2013 ACTIVE SHEER | Loci\u00f3n t\u00f3nica bivalente\",\"isPartOf\":{\"@id\":\"https:\/\/seipuntozero-haircare.it\/es\/#website\"},\"primaryImageOfPage\":{\"@id\":\"https:\/\/seipuntozero-haircare.it\/es\/product\/take-over-active-sheer-locion-tonica-bivalente\/#primaryimage\"},\"image\":{\"@id\":\"https:\/\/seipuntozero-haircare.it\/es\/product\/take-over-active-sheer-locion-tonica-bivalente\/#primaryimage\"},\"thumbnailUrl\":\"https:\/\/seipuntozero-haircare.it\/wp-content\/uploads\/2019\/09\/262663_sei_punto_zero_take_active_sheer_bivalent_lotion_150ml-1.png\",\"datePublished\":\"2019-09-26T07:00:56+00:00\",\"dateModified\":\"2021-06-25T14:59:08+00:00\",\"description\":\"La loci\u00f3n t\u00f3nica bivalente para pieles grasas, con caspa y longitud seca completa el tratamiento Active Sheer, ideado para reequilibrar el cuero cabelludo.\",\"breadcrumb\":{\"@id\":\"https:\/\/seipuntozero-haircare.it\/es\/product\/take-over-active-sheer-locion-tonica-bivalente\/#breadcrumb\"},\"inLanguage\":\"es\",\"potentialAction\":[{\"@type\":\"ReadAction\",\"target\":[\"https:\/\/seipuntozero-haircare.it\/es\/product\/take-over-active-sheer-locion-tonica-bivalente\/\"]}]},{\"@type\":\"ImageObject\",\"inLanguage\":\"es\",\"@id\":\"https:\/\/seipuntozero-haircare.it\/es\/product\/take-over-active-sheer-locion-tonica-bivalente\/#primaryimage\",\"url\":\"https:\/\/seipuntozero-haircare.it\/wp-content\/uploads\/2019\/09\/262663_sei_punto_zero_take_active_sheer_bivalent_lotion_150ml-1.png\",\"contentUrl\":\"https:\/\/seipuntozero-haircare.it\/wp-content\/uploads\/2019\/09\/262663_sei_punto_zero_take_active_sheer_bivalent_lotion_150ml-1.png\",\"width\":800,\"height\":800},{\"@type\":\"BreadcrumbList\",\"@id\":\"https:\/\/seipuntozero-haircare.it\/es\/product\/take-over-active-sheer-locion-tonica-bivalente\/#breadcrumb\",\"itemListElement\":[{\"@type\":\"ListItem\",\"position\":1,\"name\":\"Home\",\"item\":\"https:\/\/seipuntozero-haircare.it\/es\/\"},{\"@type\":\"ListItem\",\"position\":2,\"name\":\"Products\",\"item\":\"https:\/\/seipuntozero-haircare.it\/es\/shop\/\"},{\"@type\":\"ListItem\",\"position\":3,\"name\":\"TAKE OVER \u2013 ACTIVE SHEER Loci\u00f3n t\u00f3nica bivalente\"}]},{\"@type\":\"WebSite\",\"@id\":\"https:\/\/seipuntozero-haircare.it\/es\/#website\",\"url\":\"https:\/\/seipuntozero-haircare.it\/es\/\",\"name\":\"6.Zero\",\"description\":\"Essential Touch\",\"potentialAction\":[{\"@type\":\"SearchAction\",\"target\":{\"@type\":\"EntryPoint\",\"urlTemplate\":\"https:\/\/seipuntozero-haircare.it\/es\/?s={search_term_string}\"},\"query-input\":{\"@type\":\"PropertyValueSpecification\",\"valueRequired\":true,\"valueName\":\"search_term_string\"}}],\"inLanguage\":\"es\"}]}<\/script>\n<!-- \/ Yoast SEO plugin. -->","yoast_head_json":{"title":"TAKE OVER \u2013 ACTIVE SHEER | Loci\u00f3n t\u00f3nica bivalente","description":"La loci\u00f3n t\u00f3nica bivalente para pieles grasas, con caspa y longitud seca completa el tratamiento Active Sheer, ideado para reequilibrar el cuero cabelludo.","robots":{"index":"index","follow":"follow","max-snippet":"max-snippet:-1","max-image-preview":"max-image-preview:large","max-video-preview":"max-video-preview:-1"},"canonical":"https:\/\/seipuntozero-haircare.it\/es\/product\/take-over-active-sheer-locion-tonica-bivalente\/","og_locale":"es_ES","og_type":"article","og_title":"TAKE OVER \u2013 ACTIVE SHEER | Loci\u00f3n t\u00f3nica bivalente","og_description":"La loci\u00f3n t\u00f3nica bivalente para pieles grasas, con caspa y longitud seca completa el tratamiento Active Sheer, ideado para reequilibrar el cuero cabelludo.","og_url":"https:\/\/seipuntozero-haircare.it\/es\/product\/take-over-active-sheer-locion-tonica-bivalente\/","og_site_name":"6.Zero","article_modified_time":"2021-06-25T14:59:08+00:00","og_image":[{"width":800,"height":800,"url":"https:\/\/seipuntozero-haircare.it\/wp-content\/uploads\/2019\/09\/262663_sei_punto_zero_take_active_sheer_bivalent_lotion_150ml-1.png","type":"image\/png"}],"twitter_card":"summary_large_image","twitter_misc":{"Tiempo de lectura":"1 minuto"},"schema":{"@context":"https:\/\/schema.org","@graph":[{"@type":"WebPage","@id":"https:\/\/seipuntozero-haircare.it\/es\/product\/take-over-active-sheer-locion-tonica-bivalente\/","url":"https:\/\/seipuntozero-haircare.it\/es\/product\/take-over-active-sheer-locion-tonica-bivalente\/","name":"TAKE OVER \u2013 ACTIVE SHEER | Loci\u00f3n t\u00f3nica bivalente","isPartOf":{"@id":"https:\/\/seipuntozero-haircare.it\/es\/#website"},"primaryImageOfPage":{"@id":"https:\/\/seipuntozero-haircare.it\/es\/product\/take-over-active-sheer-locion-tonica-bivalente\/#primaryimage"},"image":{"@id":"https:\/\/seipuntozero-haircare.it\/es\/product\/take-over-active-sheer-locion-tonica-bivalente\/#primaryimage"},"thumbnailUrl":"https:\/\/seipuntozero-haircare.it\/wp-content\/uploads\/2019\/09\/262663_sei_punto_zero_take_active_sheer_bivalent_lotion_150ml-1.png","datePublished":"2019-09-26T07:00:56+00:00","dateModified":"2021-06-25T14:59:08+00:00","description":"La loci\u00f3n t\u00f3nica bivalente para pieles grasas, con caspa y longitud seca completa el tratamiento Active Sheer, ideado para reequilibrar el cuero cabelludo.","breadcrumb":{"@id":"https:\/\/seipuntozero-haircare.it\/es\/product\/take-over-active-sheer-locion-tonica-bivalente\/#breadcrumb"},"inLanguage":"es","potentialAction":[{"@type":"ReadAction","target":["https:\/\/seipuntozero-haircare.it\/es\/product\/take-over-active-sheer-locion-tonica-bivalente\/"]}]},{"@type":"ImageObject","inLanguage":"es","@id":"https:\/\/seipuntozero-haircare.it\/es\/product\/take-over-active-sheer-locion-tonica-bivalente\/#primaryimage","url":"https:\/\/seipuntozero-haircare.it\/wp-content\/uploads\/2019\/09\/262663_sei_punto_zero_take_active_sheer_bivalent_lotion_150ml-1.png","contentUrl":"https:\/\/seipuntozero-haircare.it\/wp-content\/uploads\/2019\/09\/262663_sei_punto_zero_take_active_sheer_bivalent_lotion_150ml-1.png","width":800,"height":800},{"@type":"BreadcrumbList","@id":"https:\/\/seipuntozero-haircare.it\/es\/product\/take-over-active-sheer-locion-tonica-bivalente\/#breadcrumb","itemListElement":[{"@type":"ListItem","position":1,"name":"Home","item":"https:\/\/seipuntozero-haircare.it\/es\/"},{"@type":"ListItem","position":2,"name":"Products","item":"https:\/\/seipuntozero-haircare.it\/es\/shop\/"},{"@type":"ListItem","position":3,"name":"TAKE OVER \u2013 ACTIVE SHEER Loci\u00f3n t\u00f3nica bivalente"}]},{"@type":"WebSite","@id":"https:\/\/seipuntozero-haircare.it\/es\/#website","url":"https:\/\/seipuntozero-haircare.it\/es\/","name":"6.Zero","description":"Essential Touch","potentialAction":[{"@type":"SearchAction","target":{"@type":"EntryPoint","urlTemplate":"https:\/\/seipuntozero-haircare.it\/es\/?s={search_term_string}"},"query-input":{"@type":"PropertyValueSpecification","valueRequired":true,"valueName":"search_term_string"}}],"inLanguage":"es"}]}},"_links":{"self":[{"href":"https:\/\/seipuntozero-haircare.it\/es\/wp-json\/wp\/v2\/product\/16830","targetHints":{"allow":["GET"]}}],"collection":[{"href":"https:\/\/seipuntozero-haircare.it\/es\/wp-json\/wp\/v2\/product"}],"about":[{"href":"https:\/\/seipuntozero-haircare.it\/es\/wp-json\/wp\/v2\/types\/product"}],"wp:featuredmedia":[{"embeddable":true,"href":"https:\/\/seipuntozero-haircare.it\/es\/wp-json\/wp\/v2\/media\/19804"}],"wp:attachment":[{"href":"https:\/\/seipuntozero-haircare.it\/es\/wp-json\/wp\/v2\/media?parent=16830"}],"wp:term":[{"taxonomy":"product_brand","embeddable":true,"href":"https:\/\/seipuntozero-haircare.it\/es\/wp-json\/wp\/v2\/product_brand?post=16830"},{"taxonomy":"product_cat","embeddable":true,"href":"https:\/\/seipuntozero-haircare.it\/es\/wp-json\/wp\/v2\/product_cat?post=16830"},{"taxonomy":"product_tag","embeddable":true,"href":"https:\/\/seipuntozero-haircare.it\/es\/wp-json\/wp\/v2\/product_tag?post=16830"}],"curies":[{"name":"wp","href":"https:\/\/api.w.org\/{rel}","templated":true}]}}