{"id":16828,"date":"2017-09-28T10:04:15","date_gmt":"2017-09-28T08:04:15","guid":{"rendered":"https:\/\/seipuntozero-haircare.it\/prodotto\/take-over-active-power-champu-coadyuvante-prevencion-caida\/"},"modified":"2023-11-21T10:26:23","modified_gmt":"2023-11-21T09:26:23","slug":"take-over-active-power-champu-coadyuvante-prevencion-caida","status":"publish","type":"product","link":"https:\/\/seipuntozero-haircare.it\/es\/product\/take-over-active-power-champu-coadyuvante-prevencion-caida\/","title":{"rendered":"TAKE OVER \u2013 ACTIVE POWER <br> Champ\u00fa coadyuvante prevenci\u00f3n ca\u00edda"},"content":{"rendered":"<ul>\n<li>Limpia la piel y el cabello quebradizo con una acci\u00f3n suave<\/li>\n<li>Acondiciona la cabellera<\/li>\n<li>El cabello adquiere vigor y se ve m\u00e1s sano y brillante<\/li>\n<\/ul>\n","protected":false},"excerpt":{"rendered":"<p>El nuevo <strong>champ\u00fa coadyuvante prevenci\u00f3n ca\u00edda<\/strong> para cabello fr\u00e1gil y d\u00e9bil limpia suavemente la piel y el cabello y ejerce una multiacci\u00f3n que fortalece el bulbo piloso en profundidad. Los<strong> extractos vegetales<\/strong> y las <strong>vitaminas<\/strong> presentes en la f\u00f3rmula ofrecen <strong>propiedades tonificantes y estimulantes<\/strong> que acondicionan la cabellera y le dan un aspecto sano y brillante.<\/p>\n<p>Frasco de 300 ml<\/p>\n","protected":false},"featured_media":19780,"template":"","meta":[],"product_brand":[],"product_cat":[957],"product_tag":[],"class_list":["post-16828","product","type-product","status-publish","has-post-thumbnail","hentry","product_cat-take-over-active-power-es"],"yoast_head":"<!-- This site is optimized with the Yoast SEO plugin v27.1.1 - https:\/\/yoast.com\/product\/yoast-seo-wordpress\/ -->\n<title>TAKE OVER \u2013 ACTIVE POWER | Champ\u00fa coadyuvante prevenci\u00f3n ca\u00edda<\/title>\n<meta name=\"description\" content=\"El nuevo champ\u00fa coadyuvante prevenci\u00f3n ca\u00edda para cabello fr\u00e1gil y d\u00e9bil limpia suavemente la piel y el cabello y ejerce una multiacci\u00f3n que fortalece el bulbo piloso en profundidad.\" \/>\n<meta name=\"robots\" content=\"index, follow, max-snippet:-1, max-image-preview:large, max-video-preview:-1\" \/>\n<link rel=\"canonical\" href=\"https:\/\/seipuntozero-haircare.it\/es\/product\/take-over-active-power-champu-coadyuvante-prevencion-caida\/\" \/>\n<meta property=\"og:locale\" content=\"es_ES\" \/>\n<meta property=\"og:type\" content=\"article\" \/>\n<meta property=\"og:title\" content=\"TAKE OVER \u2013 ACTIVE POWER | Champ\u00fa coadyuvante prevenci\u00f3n ca\u00edda\" \/>\n<meta property=\"og:description\" content=\"El nuevo champ\u00fa coadyuvante prevenci\u00f3n ca\u00edda para cabello fr\u00e1gil y d\u00e9bil limpia suavemente la piel y el cabello y ejerce una multiacci\u00f3n que fortalece el bulbo piloso en profundidad.\" \/>\n<meta property=\"og:url\" content=\"https:\/\/seipuntozero-haircare.it\/es\/product\/take-over-active-power-champu-coadyuvante-prevencion-caida\/\" \/>\n<meta property=\"og:site_name\" content=\"6.Zero\" \/>\n<meta property=\"article:modified_time\" content=\"2023-11-21T09:26:23+00:00\" \/>\n<meta property=\"og:image\" content=\"https:\/\/seipuntozero-haircare.it\/wp-content\/uploads\/2017\/09\/263257_sei_punto_zero_take_over_active_power_shampoo_300ml-1.png\" \/>\n\t<meta property=\"og:image:width\" content=\"800\" \/>\n\t<meta property=\"og:image:height\" content=\"800\" \/>\n\t<meta property=\"og:image:type\" content=\"image\/png\" \/>\n<meta name=\"twitter:card\" content=\"summary_large_image\" \/>\n<meta name=\"twitter:label1\" content=\"Tiempo de lectura\" \/>\n\t<meta name=\"twitter:data1\" content=\"1 minuto\" \/>\n<script type=\"application\/ld+json\" class=\"yoast-schema-graph\">{\"@context\":\"https:\/\/schema.org\",\"@graph\":[{\"@type\":\"WebPage\",\"@id\":\"https:\/\/seipuntozero-haircare.it\/es\/product\/take-over-active-power-champu-coadyuvante-prevencion-caida\/\",\"url\":\"https:\/\/seipuntozero-haircare.it\/es\/product\/take-over-active-power-champu-coadyuvante-prevencion-caida\/\",\"name\":\"TAKE OVER \u2013 ACTIVE POWER | Champ\u00fa coadyuvante prevenci\u00f3n ca\u00edda\",\"isPartOf\":{\"@id\":\"https:\/\/seipuntozero-haircare.it\/es\/#website\"},\"primaryImageOfPage\":{\"@id\":\"https:\/\/seipuntozero-haircare.it\/es\/product\/take-over-active-power-champu-coadyuvante-prevencion-caida\/#primaryimage\"},\"image\":{\"@id\":\"https:\/\/seipuntozero-haircare.it\/es\/product\/take-over-active-power-champu-coadyuvante-prevencion-caida\/#primaryimage\"},\"thumbnailUrl\":\"https:\/\/seipuntozero-haircare.it\/wp-content\/uploads\/2017\/09\/263257_sei_punto_zero_take_over_active_power_shampoo_300ml-1.png\",\"datePublished\":\"2017-09-28T08:04:15+00:00\",\"dateModified\":\"2023-11-21T09:26:23+00:00\",\"description\":\"El nuevo champ\u00fa coadyuvante prevenci\u00f3n ca\u00edda para cabello fr\u00e1gil y d\u00e9bil limpia suavemente la piel y el cabello y ejerce una multiacci\u00f3n que fortalece el bulbo piloso en profundidad.\",\"breadcrumb\":{\"@id\":\"https:\/\/seipuntozero-haircare.it\/es\/product\/take-over-active-power-champu-coadyuvante-prevencion-caida\/#breadcrumb\"},\"inLanguage\":\"es\",\"potentialAction\":[{\"@type\":\"ReadAction\",\"target\":[\"https:\/\/seipuntozero-haircare.it\/es\/product\/take-over-active-power-champu-coadyuvante-prevencion-caida\/\"]}]},{\"@type\":\"ImageObject\",\"inLanguage\":\"es\",\"@id\":\"https:\/\/seipuntozero-haircare.it\/es\/product\/take-over-active-power-champu-coadyuvante-prevencion-caida\/#primaryimage\",\"url\":\"https:\/\/seipuntozero-haircare.it\/wp-content\/uploads\/2017\/09\/263257_sei_punto_zero_take_over_active_power_shampoo_300ml-1.png\",\"contentUrl\":\"https:\/\/seipuntozero-haircare.it\/wp-content\/uploads\/2017\/09\/263257_sei_punto_zero_take_over_active_power_shampoo_300ml-1.png\",\"width\":800,\"height\":800},{\"@type\":\"BreadcrumbList\",\"@id\":\"https:\/\/seipuntozero-haircare.it\/es\/product\/take-over-active-power-champu-coadyuvante-prevencion-caida\/#breadcrumb\",\"itemListElement\":[{\"@type\":\"ListItem\",\"position\":1,\"name\":\"Home\",\"item\":\"https:\/\/seipuntozero-haircare.it\/es\/\"},{\"@type\":\"ListItem\",\"position\":2,\"name\":\"Products\",\"item\":\"https:\/\/seipuntozero-haircare.it\/es\/shop\/\"},{\"@type\":\"ListItem\",\"position\":3,\"name\":\"TAKE OVER \u2013 ACTIVE POWER Champ\u00fa coadyuvante prevenci\u00f3n ca\u00edda\"}]},{\"@type\":\"WebSite\",\"@id\":\"https:\/\/seipuntozero-haircare.it\/es\/#website\",\"url\":\"https:\/\/seipuntozero-haircare.it\/es\/\",\"name\":\"6.Zero\",\"description\":\"Essential Touch\",\"potentialAction\":[{\"@type\":\"SearchAction\",\"target\":{\"@type\":\"EntryPoint\",\"urlTemplate\":\"https:\/\/seipuntozero-haircare.it\/es\/?s={search_term_string}\"},\"query-input\":{\"@type\":\"PropertyValueSpecification\",\"valueRequired\":true,\"valueName\":\"search_term_string\"}}],\"inLanguage\":\"es\"}]}<\/script>\n<!-- \/ Yoast SEO plugin. -->","yoast_head_json":{"title":"TAKE OVER \u2013 ACTIVE POWER | Champ\u00fa coadyuvante prevenci\u00f3n ca\u00edda","description":"El nuevo champ\u00fa coadyuvante prevenci\u00f3n ca\u00edda para cabello fr\u00e1gil y d\u00e9bil limpia suavemente la piel y el cabello y ejerce una multiacci\u00f3n que fortalece el bulbo piloso en profundidad.","robots":{"index":"index","follow":"follow","max-snippet":"max-snippet:-1","max-image-preview":"max-image-preview:large","max-video-preview":"max-video-preview:-1"},"canonical":"https:\/\/seipuntozero-haircare.it\/es\/product\/take-over-active-power-champu-coadyuvante-prevencion-caida\/","og_locale":"es_ES","og_type":"article","og_title":"TAKE OVER \u2013 ACTIVE POWER | Champ\u00fa coadyuvante prevenci\u00f3n ca\u00edda","og_description":"El nuevo champ\u00fa coadyuvante prevenci\u00f3n ca\u00edda para cabello fr\u00e1gil y d\u00e9bil limpia suavemente la piel y el cabello y ejerce una multiacci\u00f3n que fortalece el bulbo piloso en profundidad.","og_url":"https:\/\/seipuntozero-haircare.it\/es\/product\/take-over-active-power-champu-coadyuvante-prevencion-caida\/","og_site_name":"6.Zero","article_modified_time":"2023-11-21T09:26:23+00:00","og_image":[{"width":800,"height":800,"url":"https:\/\/seipuntozero-haircare.it\/wp-content\/uploads\/2017\/09\/263257_sei_punto_zero_take_over_active_power_shampoo_300ml-1.png","type":"image\/png"}],"twitter_card":"summary_large_image","twitter_misc":{"Tiempo de lectura":"1 minuto"},"schema":{"@context":"https:\/\/schema.org","@graph":[{"@type":"WebPage","@id":"https:\/\/seipuntozero-haircare.it\/es\/product\/take-over-active-power-champu-coadyuvante-prevencion-caida\/","url":"https:\/\/seipuntozero-haircare.it\/es\/product\/take-over-active-power-champu-coadyuvante-prevencion-caida\/","name":"TAKE OVER \u2013 ACTIVE POWER | Champ\u00fa coadyuvante prevenci\u00f3n ca\u00edda","isPartOf":{"@id":"https:\/\/seipuntozero-haircare.it\/es\/#website"},"primaryImageOfPage":{"@id":"https:\/\/seipuntozero-haircare.it\/es\/product\/take-over-active-power-champu-coadyuvante-prevencion-caida\/#primaryimage"},"image":{"@id":"https:\/\/seipuntozero-haircare.it\/es\/product\/take-over-active-power-champu-coadyuvante-prevencion-caida\/#primaryimage"},"thumbnailUrl":"https:\/\/seipuntozero-haircare.it\/wp-content\/uploads\/2017\/09\/263257_sei_punto_zero_take_over_active_power_shampoo_300ml-1.png","datePublished":"2017-09-28T08:04:15+00:00","dateModified":"2023-11-21T09:26:23+00:00","description":"El nuevo champ\u00fa coadyuvante prevenci\u00f3n ca\u00edda para cabello fr\u00e1gil y d\u00e9bil limpia suavemente la piel y el cabello y ejerce una multiacci\u00f3n que fortalece el bulbo piloso en profundidad.","breadcrumb":{"@id":"https:\/\/seipuntozero-haircare.it\/es\/product\/take-over-active-power-champu-coadyuvante-prevencion-caida\/#breadcrumb"},"inLanguage":"es","potentialAction":[{"@type":"ReadAction","target":["https:\/\/seipuntozero-haircare.it\/es\/product\/take-over-active-power-champu-coadyuvante-prevencion-caida\/"]}]},{"@type":"ImageObject","inLanguage":"es","@id":"https:\/\/seipuntozero-haircare.it\/es\/product\/take-over-active-power-champu-coadyuvante-prevencion-caida\/#primaryimage","url":"https:\/\/seipuntozero-haircare.it\/wp-content\/uploads\/2017\/09\/263257_sei_punto_zero_take_over_active_power_shampoo_300ml-1.png","contentUrl":"https:\/\/seipuntozero-haircare.it\/wp-content\/uploads\/2017\/09\/263257_sei_punto_zero_take_over_active_power_shampoo_300ml-1.png","width":800,"height":800},{"@type":"BreadcrumbList","@id":"https:\/\/seipuntozero-haircare.it\/es\/product\/take-over-active-power-champu-coadyuvante-prevencion-caida\/#breadcrumb","itemListElement":[{"@type":"ListItem","position":1,"name":"Home","item":"https:\/\/seipuntozero-haircare.it\/es\/"},{"@type":"ListItem","position":2,"name":"Products","item":"https:\/\/seipuntozero-haircare.it\/es\/shop\/"},{"@type":"ListItem","position":3,"name":"TAKE OVER \u2013 ACTIVE POWER Champ\u00fa coadyuvante prevenci\u00f3n ca\u00edda"}]},{"@type":"WebSite","@id":"https:\/\/seipuntozero-haircare.it\/es\/#website","url":"https:\/\/seipuntozero-haircare.it\/es\/","name":"6.Zero","description":"Essential Touch","potentialAction":[{"@type":"SearchAction","target":{"@type":"EntryPoint","urlTemplate":"https:\/\/seipuntozero-haircare.it\/es\/?s={search_term_string}"},"query-input":{"@type":"PropertyValueSpecification","valueRequired":true,"valueName":"search_term_string"}}],"inLanguage":"es"}]}},"_links":{"self":[{"href":"https:\/\/seipuntozero-haircare.it\/es\/wp-json\/wp\/v2\/product\/16828","targetHints":{"allow":["GET"]}}],"collection":[{"href":"https:\/\/seipuntozero-haircare.it\/es\/wp-json\/wp\/v2\/product"}],"about":[{"href":"https:\/\/seipuntozero-haircare.it\/es\/wp-json\/wp\/v2\/types\/product"}],"wp:featuredmedia":[{"embeddable":true,"href":"https:\/\/seipuntozero-haircare.it\/es\/wp-json\/wp\/v2\/media\/19780"}],"wp:attachment":[{"href":"https:\/\/seipuntozero-haircare.it\/es\/wp-json\/wp\/v2\/media?parent=16828"}],"wp:term":[{"taxonomy":"product_brand","embeddable":true,"href":"https:\/\/seipuntozero-haircare.it\/es\/wp-json\/wp\/v2\/product_brand?post=16828"},{"taxonomy":"product_cat","embeddable":true,"href":"https:\/\/seipuntozero-haircare.it\/es\/wp-json\/wp\/v2\/product_cat?post=16828"},{"taxonomy":"product_tag","embeddable":true,"href":"https:\/\/seipuntozero-haircare.it\/es\/wp-json\/wp\/v2\/product_tag?post=16828"}],"curies":[{"name":"wp","href":"https:\/\/api.w.org\/{rel}","templated":true}]}}