{"id":16826,"date":"2017-09-28T10:09:31","date_gmt":"2017-09-28T08:09:31","guid":{"rendered":"https:\/\/seipuntozero-haircare.it\/prodotto\/take-over-active-power-tratamiento-prevencion-caida-en-viales\/"},"modified":"2023-11-21T10:26:06","modified_gmt":"2023-11-21T09:26:06","slug":"take-over-active-power-tratamiento-prevencion-caida-en-viales","status":"publish","type":"product","link":"https:\/\/seipuntozero-haircare.it\/es\/product\/take-over-active-power-tratamiento-prevencion-caida-en-viales\/","title":{"rendered":"TAKE OVER \u2013 ACTIVE POWER <br> Tratamiento prevenci\u00f3n ca\u00edda en viales"},"content":{"rendered":"<ul>\n<li>Contrarresta eficazmente el debilitamiento y la ca\u00edda del cabello<\/li>\n<li>F\u00f3rmula rica en activos energizantes y antioxidantes<\/li>\n<li>Fortalece el bulbo capilar y activa la microcirculaci\u00f3n<\/li>\n<\/ul>\n","protected":false},"excerpt":{"rendered":"<p><strong>Tratamiento prevenci\u00f3n ca\u00edda<\/strong> en viales, para cabello d\u00e9bil y fr\u00e1gil. Su f\u00f3rmula est\u00e1 enriquecida con <strong>sustancias funcionales<\/strong> de origen vegetal, <strong>complejos vitam\u00ednicos<\/strong> y un particular <strong>complejo de amino\u00e1cidos<\/strong>, con propiedades antioxidantes y energizantes, que ayuda a combatir el debilitamiento y la ca\u00edda del cabello. Adem\u00e1s, gracias a sus propiedades nutritivas y revitalizantes, los principios activos del tratamiento antica\u00edda favorecen la <strong>activaci\u00f3n de la microcirculaci\u00f3n del cuero cabelludo<\/strong>, reforzando el bulbo capilar.<\/p>\n<p>Caja 10 viales<\/p>\n","protected":false},"featured_media":19786,"template":"","meta":[],"product_brand":[],"product_cat":[957],"product_tag":[],"class_list":["post-16826","product","type-product","status-publish","has-post-thumbnail","hentry","product_cat-take-over-active-power-es"],"yoast_head":"<!-- This site is optimized with the Yoast SEO plugin v27.1.1 - https:\/\/yoast.com\/product\/yoast-seo-wordpress\/ -->\n<title>TAKE OVER \u2013 ACTIVE POWER | Tratamiento prevenci\u00f3n ca\u00edda en viales<\/title>\n<meta name=\"description\" content=\"Tratamiento prevenci\u00f3n ca\u00edda en viales, para cabello d\u00e9bil y fr\u00e1gil.\" \/>\n<meta name=\"robots\" content=\"index, follow, max-snippet:-1, max-image-preview:large, max-video-preview:-1\" \/>\n<link rel=\"canonical\" href=\"https:\/\/seipuntozero-haircare.it\/es\/product\/take-over-active-power-tratamiento-prevencion-caida-en-viales\/\" \/>\n<meta property=\"og:locale\" content=\"es_ES\" \/>\n<meta property=\"og:type\" content=\"article\" \/>\n<meta property=\"og:title\" content=\"TAKE OVER \u2013 ACTIVE POWER | Tratamiento prevenci\u00f3n ca\u00edda en viales\" \/>\n<meta property=\"og:description\" content=\"Tratamiento prevenci\u00f3n ca\u00edda en viales, para cabello d\u00e9bil y fr\u00e1gil.\" \/>\n<meta property=\"og:url\" content=\"https:\/\/seipuntozero-haircare.it\/es\/product\/take-over-active-power-tratamiento-prevencion-caida-en-viales\/\" \/>\n<meta property=\"og:site_name\" content=\"6.Zero\" \/>\n<meta property=\"article:modified_time\" content=\"2023-11-21T09:26:06+00:00\" \/>\n<meta property=\"og:image\" content=\"https:\/\/seipuntozero-haircare.it\/wp-content\/uploads\/2017\/09\/262496_sei_punto_zero_take_over_active_power_hair_loss_prevention_treatment-1.png\" \/>\n\t<meta property=\"og:image:width\" content=\"600\" \/>\n\t<meta property=\"og:image:height\" content=\"600\" \/>\n\t<meta property=\"og:image:type\" content=\"image\/png\" \/>\n<meta name=\"twitter:card\" content=\"summary_large_image\" \/>\n<meta name=\"twitter:label1\" content=\"Tiempo de lectura\" \/>\n\t<meta name=\"twitter:data1\" content=\"1 minuto\" \/>\n<script type=\"application\/ld+json\" class=\"yoast-schema-graph\">{\"@context\":\"https:\/\/schema.org\",\"@graph\":[{\"@type\":\"WebPage\",\"@id\":\"https:\/\/seipuntozero-haircare.it\/es\/product\/take-over-active-power-tratamiento-prevencion-caida-en-viales\/\",\"url\":\"https:\/\/seipuntozero-haircare.it\/es\/product\/take-over-active-power-tratamiento-prevencion-caida-en-viales\/\",\"name\":\"TAKE OVER \u2013 ACTIVE POWER | Tratamiento prevenci\u00f3n ca\u00edda en viales\",\"isPartOf\":{\"@id\":\"https:\/\/seipuntozero-haircare.it\/es\/#website\"},\"primaryImageOfPage\":{\"@id\":\"https:\/\/seipuntozero-haircare.it\/es\/product\/take-over-active-power-tratamiento-prevencion-caida-en-viales\/#primaryimage\"},\"image\":{\"@id\":\"https:\/\/seipuntozero-haircare.it\/es\/product\/take-over-active-power-tratamiento-prevencion-caida-en-viales\/#primaryimage\"},\"thumbnailUrl\":\"https:\/\/seipuntozero-haircare.it\/wp-content\/uploads\/2017\/09\/262496_sei_punto_zero_take_over_active_power_hair_loss_prevention_treatment-1.png\",\"datePublished\":\"2017-09-28T08:09:31+00:00\",\"dateModified\":\"2023-11-21T09:26:06+00:00\",\"description\":\"Tratamiento prevenci\u00f3n ca\u00edda en viales, para cabello d\u00e9bil y fr\u00e1gil.\",\"breadcrumb\":{\"@id\":\"https:\/\/seipuntozero-haircare.it\/es\/product\/take-over-active-power-tratamiento-prevencion-caida-en-viales\/#breadcrumb\"},\"inLanguage\":\"es\",\"potentialAction\":[{\"@type\":\"ReadAction\",\"target\":[\"https:\/\/seipuntozero-haircare.it\/es\/product\/take-over-active-power-tratamiento-prevencion-caida-en-viales\/\"]}]},{\"@type\":\"ImageObject\",\"inLanguage\":\"es\",\"@id\":\"https:\/\/seipuntozero-haircare.it\/es\/product\/take-over-active-power-tratamiento-prevencion-caida-en-viales\/#primaryimage\",\"url\":\"https:\/\/seipuntozero-haircare.it\/wp-content\/uploads\/2017\/09\/262496_sei_punto_zero_take_over_active_power_hair_loss_prevention_treatment-1.png\",\"contentUrl\":\"https:\/\/seipuntozero-haircare.it\/wp-content\/uploads\/2017\/09\/262496_sei_punto_zero_take_over_active_power_hair_loss_prevention_treatment-1.png\",\"width\":600,\"height\":600},{\"@type\":\"BreadcrumbList\",\"@id\":\"https:\/\/seipuntozero-haircare.it\/es\/product\/take-over-active-power-tratamiento-prevencion-caida-en-viales\/#breadcrumb\",\"itemListElement\":[{\"@type\":\"ListItem\",\"position\":1,\"name\":\"Home\",\"item\":\"https:\/\/seipuntozero-haircare.it\/es\/\"},{\"@type\":\"ListItem\",\"position\":2,\"name\":\"Products\",\"item\":\"https:\/\/seipuntozero-haircare.it\/es\/shop\/\"},{\"@type\":\"ListItem\",\"position\":3,\"name\":\"TAKE OVER \u2013 ACTIVE POWER Tratamiento prevenci\u00f3n ca\u00edda en viales\"}]},{\"@type\":\"WebSite\",\"@id\":\"https:\/\/seipuntozero-haircare.it\/es\/#website\",\"url\":\"https:\/\/seipuntozero-haircare.it\/es\/\",\"name\":\"6.Zero\",\"description\":\"Essential Touch\",\"potentialAction\":[{\"@type\":\"SearchAction\",\"target\":{\"@type\":\"EntryPoint\",\"urlTemplate\":\"https:\/\/seipuntozero-haircare.it\/es\/?s={search_term_string}\"},\"query-input\":{\"@type\":\"PropertyValueSpecification\",\"valueRequired\":true,\"valueName\":\"search_term_string\"}}],\"inLanguage\":\"es\"}]}<\/script>\n<!-- \/ Yoast SEO plugin. -->","yoast_head_json":{"title":"TAKE OVER \u2013 ACTIVE POWER | Tratamiento prevenci\u00f3n ca\u00edda en viales","description":"Tratamiento prevenci\u00f3n ca\u00edda en viales, para cabello d\u00e9bil y fr\u00e1gil.","robots":{"index":"index","follow":"follow","max-snippet":"max-snippet:-1","max-image-preview":"max-image-preview:large","max-video-preview":"max-video-preview:-1"},"canonical":"https:\/\/seipuntozero-haircare.it\/es\/product\/take-over-active-power-tratamiento-prevencion-caida-en-viales\/","og_locale":"es_ES","og_type":"article","og_title":"TAKE OVER \u2013 ACTIVE POWER | Tratamiento prevenci\u00f3n ca\u00edda en viales","og_description":"Tratamiento prevenci\u00f3n ca\u00edda en viales, para cabello d\u00e9bil y fr\u00e1gil.","og_url":"https:\/\/seipuntozero-haircare.it\/es\/product\/take-over-active-power-tratamiento-prevencion-caida-en-viales\/","og_site_name":"6.Zero","article_modified_time":"2023-11-21T09:26:06+00:00","og_image":[{"width":600,"height":600,"url":"https:\/\/seipuntozero-haircare.it\/wp-content\/uploads\/2017\/09\/262496_sei_punto_zero_take_over_active_power_hair_loss_prevention_treatment-1.png","type":"image\/png"}],"twitter_card":"summary_large_image","twitter_misc":{"Tiempo de lectura":"1 minuto"},"schema":{"@context":"https:\/\/schema.org","@graph":[{"@type":"WebPage","@id":"https:\/\/seipuntozero-haircare.it\/es\/product\/take-over-active-power-tratamiento-prevencion-caida-en-viales\/","url":"https:\/\/seipuntozero-haircare.it\/es\/product\/take-over-active-power-tratamiento-prevencion-caida-en-viales\/","name":"TAKE OVER \u2013 ACTIVE POWER | Tratamiento prevenci\u00f3n ca\u00edda en viales","isPartOf":{"@id":"https:\/\/seipuntozero-haircare.it\/es\/#website"},"primaryImageOfPage":{"@id":"https:\/\/seipuntozero-haircare.it\/es\/product\/take-over-active-power-tratamiento-prevencion-caida-en-viales\/#primaryimage"},"image":{"@id":"https:\/\/seipuntozero-haircare.it\/es\/product\/take-over-active-power-tratamiento-prevencion-caida-en-viales\/#primaryimage"},"thumbnailUrl":"https:\/\/seipuntozero-haircare.it\/wp-content\/uploads\/2017\/09\/262496_sei_punto_zero_take_over_active_power_hair_loss_prevention_treatment-1.png","datePublished":"2017-09-28T08:09:31+00:00","dateModified":"2023-11-21T09:26:06+00:00","description":"Tratamiento prevenci\u00f3n ca\u00edda en viales, para cabello d\u00e9bil y fr\u00e1gil.","breadcrumb":{"@id":"https:\/\/seipuntozero-haircare.it\/es\/product\/take-over-active-power-tratamiento-prevencion-caida-en-viales\/#breadcrumb"},"inLanguage":"es","potentialAction":[{"@type":"ReadAction","target":["https:\/\/seipuntozero-haircare.it\/es\/product\/take-over-active-power-tratamiento-prevencion-caida-en-viales\/"]}]},{"@type":"ImageObject","inLanguage":"es","@id":"https:\/\/seipuntozero-haircare.it\/es\/product\/take-over-active-power-tratamiento-prevencion-caida-en-viales\/#primaryimage","url":"https:\/\/seipuntozero-haircare.it\/wp-content\/uploads\/2017\/09\/262496_sei_punto_zero_take_over_active_power_hair_loss_prevention_treatment-1.png","contentUrl":"https:\/\/seipuntozero-haircare.it\/wp-content\/uploads\/2017\/09\/262496_sei_punto_zero_take_over_active_power_hair_loss_prevention_treatment-1.png","width":600,"height":600},{"@type":"BreadcrumbList","@id":"https:\/\/seipuntozero-haircare.it\/es\/product\/take-over-active-power-tratamiento-prevencion-caida-en-viales\/#breadcrumb","itemListElement":[{"@type":"ListItem","position":1,"name":"Home","item":"https:\/\/seipuntozero-haircare.it\/es\/"},{"@type":"ListItem","position":2,"name":"Products","item":"https:\/\/seipuntozero-haircare.it\/es\/shop\/"},{"@type":"ListItem","position":3,"name":"TAKE OVER \u2013 ACTIVE POWER Tratamiento prevenci\u00f3n ca\u00edda en viales"}]},{"@type":"WebSite","@id":"https:\/\/seipuntozero-haircare.it\/es\/#website","url":"https:\/\/seipuntozero-haircare.it\/es\/","name":"6.Zero","description":"Essential Touch","potentialAction":[{"@type":"SearchAction","target":{"@type":"EntryPoint","urlTemplate":"https:\/\/seipuntozero-haircare.it\/es\/?s={search_term_string}"},"query-input":{"@type":"PropertyValueSpecification","valueRequired":true,"valueName":"search_term_string"}}],"inLanguage":"es"}]}},"_links":{"self":[{"href":"https:\/\/seipuntozero-haircare.it\/es\/wp-json\/wp\/v2\/product\/16826","targetHints":{"allow":["GET"]}}],"collection":[{"href":"https:\/\/seipuntozero-haircare.it\/es\/wp-json\/wp\/v2\/product"}],"about":[{"href":"https:\/\/seipuntozero-haircare.it\/es\/wp-json\/wp\/v2\/types\/product"}],"wp:featuredmedia":[{"embeddable":true,"href":"https:\/\/seipuntozero-haircare.it\/es\/wp-json\/wp\/v2\/media\/19786"}],"wp:attachment":[{"href":"https:\/\/seipuntozero-haircare.it\/es\/wp-json\/wp\/v2\/media?parent=16826"}],"wp:term":[{"taxonomy":"product_brand","embeddable":true,"href":"https:\/\/seipuntozero-haircare.it\/es\/wp-json\/wp\/v2\/product_brand?post=16826"},{"taxonomy":"product_cat","embeddable":true,"href":"https:\/\/seipuntozero-haircare.it\/es\/wp-json\/wp\/v2\/product_cat?post=16826"},{"taxonomy":"product_tag","embeddable":true,"href":"https:\/\/seipuntozero-haircare.it\/es\/wp-json\/wp\/v2\/product_tag?post=16826"}],"curies":[{"name":"wp","href":"https:\/\/api.w.org\/{rel}","templated":true}]}}