{"id":16824,"date":"2021-05-24T09:00:57","date_gmt":"2021-05-24T07:00:57","guid":{"rendered":"https:\/\/seipuntozero-haircare.it\/prodotto\/take-over-sun-deluxe-mascarilla-para-despues-del-sol\/"},"modified":"2021-06-25T16:52:43","modified_gmt":"2021-06-25T14:52:43","slug":"take-over-sun-deluxe-mascarilla-para-despues-del-sol","status":"publish","type":"product","link":"https:\/\/seipuntozero-haircare.it\/es\/product\/take-over-sun-deluxe-mascarilla-para-despues-del-sol\/","title":{"rendered":"TAKE OVER \u2013 SUN DELUXE <br> Mascarilla para despu\u00e9s del sol"},"content":{"rendered":"<ul>\n<li>Aporta vitalidad y brillo al cabello<\/li>\n<li>Previene la sequedad causada por la exposici\u00f3n a los rayos ultravioleta, la sal y el cloro<\/li>\n<li>Aporta sedosidad y facilita el peinado del cabello<\/li>\n<\/ul>\n","protected":false},"excerpt":{"rendered":"<p class=\"Standard\"><span lang=\"it\"><strong>Take Over Sun Deluxe<\/strong>, <strong>mascarilla para despu\u00e9s del sol iluminadora y protectora<\/strong>. Nutre e hidrata suavemente el cuero cabelludo y el cabello, combatiendo la sensaci\u00f3n de sequedad causada por la exposici\u00f3n a los rayos solares, la sal y el cloro. Enriquecida con <strong>aceite de camelia<\/strong>, aporta vitalidad, fuerza y brillo al cabello, dej\u00e1ndolo sedoso y m\u00e1s f\u00e1cil de peinar.<\/span><\/p>\n<p class=\"Standard\"><span lang=\"it\">\u00a0<\/span><span lang=\"it\">300\u00a0ml<\/span><\/p>\n","protected":false},"featured_media":19528,"template":"","meta":[],"product_brand":[],"product_cat":[956],"product_tag":[],"class_list":["post-16824","product","type-product","status-publish","has-post-thumbnail","hentry","product_cat-take-over-sun-deluxe-es"],"yoast_head":"<!-- This site is optimized with the Yoast SEO plugin v27.1.1 - https:\/\/yoast.com\/product\/yoast-seo-wordpress\/ -->\n<title>TAKE OVER \u2013 SUN DELUXE | Mascarilla para despu\u00e9s del sol<\/title>\n<meta name=\"description\" content=\"Take Over Sun Deluxe, mascarilla para despu\u00e9s del sol iluminadora y protectora.\" \/>\n<meta name=\"robots\" content=\"index, follow, max-snippet:-1, max-image-preview:large, max-video-preview:-1\" \/>\n<link rel=\"canonical\" href=\"https:\/\/seipuntozero-haircare.it\/es\/product\/take-over-sun-deluxe-mascarilla-para-despues-del-sol\/\" \/>\n<meta property=\"og:locale\" content=\"es_ES\" \/>\n<meta property=\"og:type\" content=\"article\" \/>\n<meta property=\"og:title\" content=\"TAKE OVER \u2013 SUN DELUXE | Mascarilla para despu\u00e9s del sol\" \/>\n<meta property=\"og:description\" content=\"Take Over Sun Deluxe, mascarilla para despu\u00e9s del sol iluminadora y protectora.\" \/>\n<meta property=\"og:url\" content=\"https:\/\/seipuntozero-haircare.it\/es\/product\/take-over-sun-deluxe-mascarilla-para-despues-del-sol\/\" \/>\n<meta property=\"og:site_name\" content=\"6.Zero\" \/>\n<meta property=\"article:modified_time\" content=\"2021-06-25T14:52:43+00:00\" \/>\n<meta property=\"og:image\" content=\"https:\/\/seipuntozero-haircare.it\/wp-content\/uploads\/2021\/05\/263233_sei_punto_zero_take_over_sun_deluxe_mask_300ml.png\" \/>\n\t<meta property=\"og:image:width\" content=\"600\" \/>\n\t<meta property=\"og:image:height\" content=\"600\" \/>\n\t<meta property=\"og:image:type\" content=\"image\/png\" \/>\n<meta name=\"twitter:card\" content=\"summary_large_image\" \/>\n<meta name=\"twitter:label1\" content=\"Tiempo de lectura\" \/>\n\t<meta name=\"twitter:data1\" content=\"1 minuto\" \/>\n<script type=\"application\/ld+json\" class=\"yoast-schema-graph\">{\"@context\":\"https:\/\/schema.org\",\"@graph\":[{\"@type\":\"WebPage\",\"@id\":\"https:\/\/seipuntozero-haircare.it\/es\/product\/take-over-sun-deluxe-mascarilla-para-despues-del-sol\/\",\"url\":\"https:\/\/seipuntozero-haircare.it\/es\/product\/take-over-sun-deluxe-mascarilla-para-despues-del-sol\/\",\"name\":\"TAKE OVER \u2013 SUN DELUXE | Mascarilla para despu\u00e9s del sol\",\"isPartOf\":{\"@id\":\"https:\/\/seipuntozero-haircare.it\/es\/#website\"},\"primaryImageOfPage\":{\"@id\":\"https:\/\/seipuntozero-haircare.it\/es\/product\/take-over-sun-deluxe-mascarilla-para-despues-del-sol\/#primaryimage\"},\"image\":{\"@id\":\"https:\/\/seipuntozero-haircare.it\/es\/product\/take-over-sun-deluxe-mascarilla-para-despues-del-sol\/#primaryimage\"},\"thumbnailUrl\":\"https:\/\/seipuntozero-haircare.it\/wp-content\/uploads\/2023\/05\/263233_sei_punto_zero_take_over_sun_deluxe_mask_300ml.png\",\"datePublished\":\"2021-05-24T07:00:57+00:00\",\"dateModified\":\"2021-06-25T14:52:43+00:00\",\"description\":\"Take Over Sun Deluxe, mascarilla para despu\u00e9s del sol iluminadora y protectora.\",\"breadcrumb\":{\"@id\":\"https:\/\/seipuntozero-haircare.it\/es\/product\/take-over-sun-deluxe-mascarilla-para-despues-del-sol\/#breadcrumb\"},\"inLanguage\":\"es\",\"potentialAction\":[{\"@type\":\"ReadAction\",\"target\":[\"https:\/\/seipuntozero-haircare.it\/es\/product\/take-over-sun-deluxe-mascarilla-para-despues-del-sol\/\"]}]},{\"@type\":\"ImageObject\",\"inLanguage\":\"es\",\"@id\":\"https:\/\/seipuntozero-haircare.it\/es\/product\/take-over-sun-deluxe-mascarilla-para-despues-del-sol\/#primaryimage\",\"url\":\"https:\/\/seipuntozero-haircare.it\/wp-content\/uploads\/2023\/05\/263233_sei_punto_zero_take_over_sun_deluxe_mask_300ml.png\",\"contentUrl\":\"https:\/\/seipuntozero-haircare.it\/wp-content\/uploads\/2023\/05\/263233_sei_punto_zero_take_over_sun_deluxe_mask_300ml.png\",\"width\":600,\"height\":600},{\"@type\":\"BreadcrumbList\",\"@id\":\"https:\/\/seipuntozero-haircare.it\/es\/product\/take-over-sun-deluxe-mascarilla-para-despues-del-sol\/#breadcrumb\",\"itemListElement\":[{\"@type\":\"ListItem\",\"position\":1,\"name\":\"Home\",\"item\":\"https:\/\/seipuntozero-haircare.it\/es\/\"},{\"@type\":\"ListItem\",\"position\":2,\"name\":\"Products\",\"item\":\"https:\/\/seipuntozero-haircare.it\/es\/shop\/\"},{\"@type\":\"ListItem\",\"position\":3,\"name\":\"TAKE OVER \u2013 SUN DELUXE Mascarilla para despu\u00e9s del sol\"}]},{\"@type\":\"WebSite\",\"@id\":\"https:\/\/seipuntozero-haircare.it\/es\/#website\",\"url\":\"https:\/\/seipuntozero-haircare.it\/es\/\",\"name\":\"6.Zero\",\"description\":\"Essential Touch\",\"potentialAction\":[{\"@type\":\"SearchAction\",\"target\":{\"@type\":\"EntryPoint\",\"urlTemplate\":\"https:\/\/seipuntozero-haircare.it\/es\/?s={search_term_string}\"},\"query-input\":{\"@type\":\"PropertyValueSpecification\",\"valueRequired\":true,\"valueName\":\"search_term_string\"}}],\"inLanguage\":\"es\"}]}<\/script>\n<!-- \/ Yoast SEO plugin. -->","yoast_head_json":{"title":"TAKE OVER \u2013 SUN DELUXE | Mascarilla para despu\u00e9s del sol","description":"Take Over Sun Deluxe, mascarilla para despu\u00e9s del sol iluminadora y protectora.","robots":{"index":"index","follow":"follow","max-snippet":"max-snippet:-1","max-image-preview":"max-image-preview:large","max-video-preview":"max-video-preview:-1"},"canonical":"https:\/\/seipuntozero-haircare.it\/es\/product\/take-over-sun-deluxe-mascarilla-para-despues-del-sol\/","og_locale":"es_ES","og_type":"article","og_title":"TAKE OVER \u2013 SUN DELUXE | Mascarilla para despu\u00e9s del sol","og_description":"Take Over Sun Deluxe, mascarilla para despu\u00e9s del sol iluminadora y protectora.","og_url":"https:\/\/seipuntozero-haircare.it\/es\/product\/take-over-sun-deluxe-mascarilla-para-despues-del-sol\/","og_site_name":"6.Zero","article_modified_time":"2021-06-25T14:52:43+00:00","og_image":[{"width":600,"height":600,"url":"https:\/\/seipuntozero-haircare.it\/wp-content\/uploads\/2021\/05\/263233_sei_punto_zero_take_over_sun_deluxe_mask_300ml.png","type":"image\/png"}],"twitter_card":"summary_large_image","twitter_misc":{"Tiempo de lectura":"1 minuto"},"schema":{"@context":"https:\/\/schema.org","@graph":[{"@type":"WebPage","@id":"https:\/\/seipuntozero-haircare.it\/es\/product\/take-over-sun-deluxe-mascarilla-para-despues-del-sol\/","url":"https:\/\/seipuntozero-haircare.it\/es\/product\/take-over-sun-deluxe-mascarilla-para-despues-del-sol\/","name":"TAKE OVER \u2013 SUN DELUXE | Mascarilla para despu\u00e9s del sol","isPartOf":{"@id":"https:\/\/seipuntozero-haircare.it\/es\/#website"},"primaryImageOfPage":{"@id":"https:\/\/seipuntozero-haircare.it\/es\/product\/take-over-sun-deluxe-mascarilla-para-despues-del-sol\/#primaryimage"},"image":{"@id":"https:\/\/seipuntozero-haircare.it\/es\/product\/take-over-sun-deluxe-mascarilla-para-despues-del-sol\/#primaryimage"},"thumbnailUrl":"https:\/\/seipuntozero-haircare.it\/wp-content\/uploads\/2023\/05\/263233_sei_punto_zero_take_over_sun_deluxe_mask_300ml.png","datePublished":"2021-05-24T07:00:57+00:00","dateModified":"2021-06-25T14:52:43+00:00","description":"Take Over Sun Deluxe, mascarilla para despu\u00e9s del sol iluminadora y protectora.","breadcrumb":{"@id":"https:\/\/seipuntozero-haircare.it\/es\/product\/take-over-sun-deluxe-mascarilla-para-despues-del-sol\/#breadcrumb"},"inLanguage":"es","potentialAction":[{"@type":"ReadAction","target":["https:\/\/seipuntozero-haircare.it\/es\/product\/take-over-sun-deluxe-mascarilla-para-despues-del-sol\/"]}]},{"@type":"ImageObject","inLanguage":"es","@id":"https:\/\/seipuntozero-haircare.it\/es\/product\/take-over-sun-deluxe-mascarilla-para-despues-del-sol\/#primaryimage","url":"https:\/\/seipuntozero-haircare.it\/wp-content\/uploads\/2023\/05\/263233_sei_punto_zero_take_over_sun_deluxe_mask_300ml.png","contentUrl":"https:\/\/seipuntozero-haircare.it\/wp-content\/uploads\/2023\/05\/263233_sei_punto_zero_take_over_sun_deluxe_mask_300ml.png","width":600,"height":600},{"@type":"BreadcrumbList","@id":"https:\/\/seipuntozero-haircare.it\/es\/product\/take-over-sun-deluxe-mascarilla-para-despues-del-sol\/#breadcrumb","itemListElement":[{"@type":"ListItem","position":1,"name":"Home","item":"https:\/\/seipuntozero-haircare.it\/es\/"},{"@type":"ListItem","position":2,"name":"Products","item":"https:\/\/seipuntozero-haircare.it\/es\/shop\/"},{"@type":"ListItem","position":3,"name":"TAKE OVER \u2013 SUN DELUXE Mascarilla para despu\u00e9s del sol"}]},{"@type":"WebSite","@id":"https:\/\/seipuntozero-haircare.it\/es\/#website","url":"https:\/\/seipuntozero-haircare.it\/es\/","name":"6.Zero","description":"Essential Touch","potentialAction":[{"@type":"SearchAction","target":{"@type":"EntryPoint","urlTemplate":"https:\/\/seipuntozero-haircare.it\/es\/?s={search_term_string}"},"query-input":{"@type":"PropertyValueSpecification","valueRequired":true,"valueName":"search_term_string"}}],"inLanguage":"es"}]}},"_links":{"self":[{"href":"https:\/\/seipuntozero-haircare.it\/es\/wp-json\/wp\/v2\/product\/16824","targetHints":{"allow":["GET"]}}],"collection":[{"href":"https:\/\/seipuntozero-haircare.it\/es\/wp-json\/wp\/v2\/product"}],"about":[{"href":"https:\/\/seipuntozero-haircare.it\/es\/wp-json\/wp\/v2\/types\/product"}],"wp:featuredmedia":[{"embeddable":true,"href":"https:\/\/seipuntozero-haircare.it\/es\/wp-json\/wp\/v2\/media\/19528"}],"wp:attachment":[{"href":"https:\/\/seipuntozero-haircare.it\/es\/wp-json\/wp\/v2\/media?parent=16824"}],"wp:term":[{"taxonomy":"product_brand","embeddable":true,"href":"https:\/\/seipuntozero-haircare.it\/es\/wp-json\/wp\/v2\/product_brand?post=16824"},{"taxonomy":"product_cat","embeddable":true,"href":"https:\/\/seipuntozero-haircare.it\/es\/wp-json\/wp\/v2\/product_cat?post=16824"},{"taxonomy":"product_tag","embeddable":true,"href":"https:\/\/seipuntozero-haircare.it\/es\/wp-json\/wp\/v2\/product_tag?post=16824"}],"curies":[{"name":"wp","href":"https:\/\/api.w.org\/{rel}","templated":true}]}}