{"id":16811,"date":"2019-03-14T18:00:19","date_gmt":"2019-03-14T17:00:19","guid":{"rendered":"https:\/\/seipuntozero-haircare.it\/prodotto\/take-over-protective-color-mascarilla-para-cabello-tenido-y-con-mechas\/"},"modified":"2021-06-25T16:43:41","modified_gmt":"2021-06-25T14:43:41","slug":"take-over-protective-color-mascarilla-para-cabello-tenido-y-con-mechas","status":"publish","type":"product","link":"https:\/\/seipuntozero-haircare.it\/es\/product\/take-over-protective-color-mascarilla-para-cabello-tenido-y-con-mechas\/","title":{"rendered":"TAKE OVER \u2013 PROTECTIVE COLOR <br> Mascarilla para cabello te\u00f1ido y con mechas"},"content":{"rendered":"<ul>\n<li>La intensidad del color dura m\u00e1s<\/li>\n<li>El cabello te\u00f1ido y con mechas se nutre y protege<\/li>\n<li>La melena brilla con una nueva luz<\/li>\n<\/ul>\n","protected":false},"excerpt":{"rendered":"<p>Take Over Protective Color, <strong>mascarilla para cabellos te\u00f1idos o con mechas<\/strong> de textura cremosa y ligera, ejerce una intensa acci\u00f3n nutritiva y fotoprotectora. Reviste la cabellera con una pel\u00edcula invisible que condiciona y prolonga la <strong>duraci\u00f3n y la luminosidad del color<\/strong>, realzando su intensidad gracias al especial complejo protector del color que act\u00faa en sinton\u00eda con el <strong>aceite de arg\u00e1n <\/strong>y el<strong> extracto de granada<\/strong>.<\/p>\n<p>Vaso de 500 ml<\/p>\n","protected":false},"featured_media":19962,"template":"","meta":[],"product_brand":[],"product_cat":[954],"product_tag":[],"class_list":["post-16811","product","type-product","status-publish","has-post-thumbnail","hentry","product_cat-take-over-protective-color-es"],"yoast_head":"<!-- This site is optimized with the Yoast SEO plugin v27.1.1 - https:\/\/yoast.com\/product\/yoast-seo-wordpress\/ -->\n<title>Take Over Protective Color | Mascarilla para cabello te\u00f1ido y con mechas<\/title>\n<meta name=\"description\" content=\"Take Over Protective Color, mascarilla para cabellos te\u00f1idos o con mechas de textura cremosa y ligera, ejerce una intensa acci\u00f3n nutritiva y fotoprotectora.\" \/>\n<meta name=\"robots\" content=\"index, follow, max-snippet:-1, max-image-preview:large, max-video-preview:-1\" \/>\n<link rel=\"canonical\" href=\"https:\/\/seipuntozero-haircare.it\/es\/product\/take-over-protective-color-mascarilla-para-cabello-tenido-y-con-mechas\/\" \/>\n<meta property=\"og:locale\" content=\"es_ES\" \/>\n<meta property=\"og:type\" content=\"article\" \/>\n<meta property=\"og:title\" content=\"Take Over Protective Color | Mascarilla para cabello te\u00f1ido y con mechas\" \/>\n<meta property=\"og:description\" content=\"Take Over Protective Color, mascarilla para cabellos te\u00f1idos o con mechas de textura cremosa y ligera, ejerce una intensa acci\u00f3n nutritiva y fotoprotectora.\" \/>\n<meta property=\"og:url\" content=\"https:\/\/seipuntozero-haircare.it\/es\/product\/take-over-protective-color-mascarilla-para-cabello-tenido-y-con-mechas\/\" \/>\n<meta property=\"og:site_name\" content=\"6.Zero\" \/>\n<meta property=\"article:modified_time\" content=\"2021-06-25T14:43:41+00:00\" \/>\n<meta property=\"og:image\" content=\"https:\/\/seipuntozero-haircare.it\/wp-content\/uploads\/2019\/03\/262571_sei_punto_zero_take_over_protective_color_mask_500ml-1.png\" \/>\n\t<meta property=\"og:image:width\" content=\"800\" \/>\n\t<meta property=\"og:image:height\" content=\"800\" \/>\n\t<meta property=\"og:image:type\" content=\"image\/png\" \/>\n<meta name=\"twitter:card\" content=\"summary_large_image\" \/>\n<meta name=\"twitter:label1\" content=\"Tiempo de lectura\" \/>\n\t<meta name=\"twitter:data1\" content=\"1 minuto\" \/>\n<script type=\"application\/ld+json\" class=\"yoast-schema-graph\">{\"@context\":\"https:\/\/schema.org\",\"@graph\":[{\"@type\":\"WebPage\",\"@id\":\"https:\/\/seipuntozero-haircare.it\/es\/product\/take-over-protective-color-mascarilla-para-cabello-tenido-y-con-mechas\/\",\"url\":\"https:\/\/seipuntozero-haircare.it\/es\/product\/take-over-protective-color-mascarilla-para-cabello-tenido-y-con-mechas\/\",\"name\":\"Take Over Protective Color | Mascarilla para cabello te\u00f1ido y con mechas\",\"isPartOf\":{\"@id\":\"https:\/\/seipuntozero-haircare.it\/es\/#website\"},\"primaryImageOfPage\":{\"@id\":\"https:\/\/seipuntozero-haircare.it\/es\/product\/take-over-protective-color-mascarilla-para-cabello-tenido-y-con-mechas\/#primaryimage\"},\"image\":{\"@id\":\"https:\/\/seipuntozero-haircare.it\/es\/product\/take-over-protective-color-mascarilla-para-cabello-tenido-y-con-mechas\/#primaryimage\"},\"thumbnailUrl\":\"https:\/\/seipuntozero-haircare.it\/wp-content\/uploads\/2019\/03\/262571_sei_punto_zero_take_over_protective_color_mask_500ml-1.png\",\"datePublished\":\"2019-03-14T17:00:19+00:00\",\"dateModified\":\"2021-06-25T14:43:41+00:00\",\"description\":\"Take Over Protective Color, mascarilla para cabellos te\u00f1idos o con mechas de textura cremosa y ligera, ejerce una intensa acci\u00f3n nutritiva y fotoprotectora.\",\"breadcrumb\":{\"@id\":\"https:\/\/seipuntozero-haircare.it\/es\/product\/take-over-protective-color-mascarilla-para-cabello-tenido-y-con-mechas\/#breadcrumb\"},\"inLanguage\":\"es\",\"potentialAction\":[{\"@type\":\"ReadAction\",\"target\":[\"https:\/\/seipuntozero-haircare.it\/es\/product\/take-over-protective-color-mascarilla-para-cabello-tenido-y-con-mechas\/\"]}]},{\"@type\":\"ImageObject\",\"inLanguage\":\"es\",\"@id\":\"https:\/\/seipuntozero-haircare.it\/es\/product\/take-over-protective-color-mascarilla-para-cabello-tenido-y-con-mechas\/#primaryimage\",\"url\":\"https:\/\/seipuntozero-haircare.it\/wp-content\/uploads\/2019\/03\/262571_sei_punto_zero_take_over_protective_color_mask_500ml-1.png\",\"contentUrl\":\"https:\/\/seipuntozero-haircare.it\/wp-content\/uploads\/2019\/03\/262571_sei_punto_zero_take_over_protective_color_mask_500ml-1.png\",\"width\":800,\"height\":800},{\"@type\":\"BreadcrumbList\",\"@id\":\"https:\/\/seipuntozero-haircare.it\/es\/product\/take-over-protective-color-mascarilla-para-cabello-tenido-y-con-mechas\/#breadcrumb\",\"itemListElement\":[{\"@type\":\"ListItem\",\"position\":1,\"name\":\"Home\",\"item\":\"https:\/\/seipuntozero-haircare.it\/es\/\"},{\"@type\":\"ListItem\",\"position\":2,\"name\":\"Products\",\"item\":\"https:\/\/seipuntozero-haircare.it\/es\/shop\/\"},{\"@type\":\"ListItem\",\"position\":3,\"name\":\"TAKE OVER \u2013 PROTECTIVE COLOR Mascarilla para cabello te\u00f1ido y con mechas\"}]},{\"@type\":\"WebSite\",\"@id\":\"https:\/\/seipuntozero-haircare.it\/es\/#website\",\"url\":\"https:\/\/seipuntozero-haircare.it\/es\/\",\"name\":\"6.Zero\",\"description\":\"Essential Touch\",\"potentialAction\":[{\"@type\":\"SearchAction\",\"target\":{\"@type\":\"EntryPoint\",\"urlTemplate\":\"https:\/\/seipuntozero-haircare.it\/es\/?s={search_term_string}\"},\"query-input\":{\"@type\":\"PropertyValueSpecification\",\"valueRequired\":true,\"valueName\":\"search_term_string\"}}],\"inLanguage\":\"es\"}]}<\/script>\n<!-- \/ Yoast SEO plugin. -->","yoast_head_json":{"title":"Take Over Protective Color | Mascarilla para cabello te\u00f1ido y con mechas","description":"Take Over Protective Color, mascarilla para cabellos te\u00f1idos o con mechas de textura cremosa y ligera, ejerce una intensa acci\u00f3n nutritiva y fotoprotectora.","robots":{"index":"index","follow":"follow","max-snippet":"max-snippet:-1","max-image-preview":"max-image-preview:large","max-video-preview":"max-video-preview:-1"},"canonical":"https:\/\/seipuntozero-haircare.it\/es\/product\/take-over-protective-color-mascarilla-para-cabello-tenido-y-con-mechas\/","og_locale":"es_ES","og_type":"article","og_title":"Take Over Protective Color | Mascarilla para cabello te\u00f1ido y con mechas","og_description":"Take Over Protective Color, mascarilla para cabellos te\u00f1idos o con mechas de textura cremosa y ligera, ejerce una intensa acci\u00f3n nutritiva y fotoprotectora.","og_url":"https:\/\/seipuntozero-haircare.it\/es\/product\/take-over-protective-color-mascarilla-para-cabello-tenido-y-con-mechas\/","og_site_name":"6.Zero","article_modified_time":"2021-06-25T14:43:41+00:00","og_image":[{"width":800,"height":800,"url":"https:\/\/seipuntozero-haircare.it\/wp-content\/uploads\/2019\/03\/262571_sei_punto_zero_take_over_protective_color_mask_500ml-1.png","type":"image\/png"}],"twitter_card":"summary_large_image","twitter_misc":{"Tiempo de lectura":"1 minuto"},"schema":{"@context":"https:\/\/schema.org","@graph":[{"@type":"WebPage","@id":"https:\/\/seipuntozero-haircare.it\/es\/product\/take-over-protective-color-mascarilla-para-cabello-tenido-y-con-mechas\/","url":"https:\/\/seipuntozero-haircare.it\/es\/product\/take-over-protective-color-mascarilla-para-cabello-tenido-y-con-mechas\/","name":"Take Over Protective Color | Mascarilla para cabello te\u00f1ido y con mechas","isPartOf":{"@id":"https:\/\/seipuntozero-haircare.it\/es\/#website"},"primaryImageOfPage":{"@id":"https:\/\/seipuntozero-haircare.it\/es\/product\/take-over-protective-color-mascarilla-para-cabello-tenido-y-con-mechas\/#primaryimage"},"image":{"@id":"https:\/\/seipuntozero-haircare.it\/es\/product\/take-over-protective-color-mascarilla-para-cabello-tenido-y-con-mechas\/#primaryimage"},"thumbnailUrl":"https:\/\/seipuntozero-haircare.it\/wp-content\/uploads\/2019\/03\/262571_sei_punto_zero_take_over_protective_color_mask_500ml-1.png","datePublished":"2019-03-14T17:00:19+00:00","dateModified":"2021-06-25T14:43:41+00:00","description":"Take Over Protective Color, mascarilla para cabellos te\u00f1idos o con mechas de textura cremosa y ligera, ejerce una intensa acci\u00f3n nutritiva y fotoprotectora.","breadcrumb":{"@id":"https:\/\/seipuntozero-haircare.it\/es\/product\/take-over-protective-color-mascarilla-para-cabello-tenido-y-con-mechas\/#breadcrumb"},"inLanguage":"es","potentialAction":[{"@type":"ReadAction","target":["https:\/\/seipuntozero-haircare.it\/es\/product\/take-over-protective-color-mascarilla-para-cabello-tenido-y-con-mechas\/"]}]},{"@type":"ImageObject","inLanguage":"es","@id":"https:\/\/seipuntozero-haircare.it\/es\/product\/take-over-protective-color-mascarilla-para-cabello-tenido-y-con-mechas\/#primaryimage","url":"https:\/\/seipuntozero-haircare.it\/wp-content\/uploads\/2019\/03\/262571_sei_punto_zero_take_over_protective_color_mask_500ml-1.png","contentUrl":"https:\/\/seipuntozero-haircare.it\/wp-content\/uploads\/2019\/03\/262571_sei_punto_zero_take_over_protective_color_mask_500ml-1.png","width":800,"height":800},{"@type":"BreadcrumbList","@id":"https:\/\/seipuntozero-haircare.it\/es\/product\/take-over-protective-color-mascarilla-para-cabello-tenido-y-con-mechas\/#breadcrumb","itemListElement":[{"@type":"ListItem","position":1,"name":"Home","item":"https:\/\/seipuntozero-haircare.it\/es\/"},{"@type":"ListItem","position":2,"name":"Products","item":"https:\/\/seipuntozero-haircare.it\/es\/shop\/"},{"@type":"ListItem","position":3,"name":"TAKE OVER \u2013 PROTECTIVE COLOR Mascarilla para cabello te\u00f1ido y con mechas"}]},{"@type":"WebSite","@id":"https:\/\/seipuntozero-haircare.it\/es\/#website","url":"https:\/\/seipuntozero-haircare.it\/es\/","name":"6.Zero","description":"Essential Touch","potentialAction":[{"@type":"SearchAction","target":{"@type":"EntryPoint","urlTemplate":"https:\/\/seipuntozero-haircare.it\/es\/?s={search_term_string}"},"query-input":{"@type":"PropertyValueSpecification","valueRequired":true,"valueName":"search_term_string"}}],"inLanguage":"es"}]}},"_links":{"self":[{"href":"https:\/\/seipuntozero-haircare.it\/es\/wp-json\/wp\/v2\/product\/16811","targetHints":{"allow":["GET"]}}],"collection":[{"href":"https:\/\/seipuntozero-haircare.it\/es\/wp-json\/wp\/v2\/product"}],"about":[{"href":"https:\/\/seipuntozero-haircare.it\/es\/wp-json\/wp\/v2\/types\/product"}],"wp:featuredmedia":[{"embeddable":true,"href":"https:\/\/seipuntozero-haircare.it\/es\/wp-json\/wp\/v2\/media\/19962"}],"wp:attachment":[{"href":"https:\/\/seipuntozero-haircare.it\/es\/wp-json\/wp\/v2\/media?parent=16811"}],"wp:term":[{"taxonomy":"product_brand","embeddable":true,"href":"https:\/\/seipuntozero-haircare.it\/es\/wp-json\/wp\/v2\/product_brand?post=16811"},{"taxonomy":"product_cat","embeddable":true,"href":"https:\/\/seipuntozero-haircare.it\/es\/wp-json\/wp\/v2\/product_cat?post=16811"},{"taxonomy":"product_tag","embeddable":true,"href":"https:\/\/seipuntozero-haircare.it\/es\/wp-json\/wp\/v2\/product_tag?post=16811"}],"curies":[{"name":"wp","href":"https:\/\/api.w.org\/{rel}","templated":true}]}}