{"id":16801,"date":"2020-05-29T09:40:45","date_gmt":"2020-05-29T07:40:45","guid":{"rendered":"https:\/\/seipuntozero-haircare.it\/prodotto\/take-over-out-orange-champu-antinaranja-parael-cabello-con-tonos-oscuros\/"},"modified":"2021-06-25T14:57:45","modified_gmt":"2021-06-25T12:57:45","slug":"take-over-out-orange-champu-antinaranja-parael-cabello-con-tonos-oscuros","status":"publish","type":"product","link":"https:\/\/seipuntozero-haircare.it\/es\/product\/take-over-out-orange-champu-antinaranja-parael-cabello-con-tonos-oscuros\/","title":{"rendered":"TAKE OVER \u2013 OUT ORANGE <br> Champ\u00fa antinaranja parael cabello con tonos oscuros"},"content":{"rendered":"<ul>\n<li>Limpia el cabello delicadamente<\/li>\n<li>Hidratay aporta brillo<\/li>\n<li>Apaga los reflejos cobrizos y rojos no deseados<\/li>\n<\/ul>\n","protected":false},"excerpt":{"rendered":"<p>El <strong>champ\u00fa Take Over Out Orange <\/strong>apagalos <strong>reflejos naranjas <\/strong>quese pueden presentar en el <strong>cabello con tonos oscuros<\/strong>. Garantiza una limpieza delicada y una intensa acci\u00f3n hidratante, al mismo tiempo que act\u00faa con eficacia<strong>neutralizando los c\u00e1lidos reflejos cobrizos y rojos.<\/strong><\/p>\n<p>El cabello adquiere luminosidad, los tonos oscuros son m\u00e1s profundos. El <strong>champ\u00fa antinaranja <\/strong>es un aliadoinsustituible para preservar la belleza natural del <strong>color natural o cosm\u00e9tico<\/strong>.<\/p>\n<p>500 ml<\/p>\n","protected":false},"featured_media":19920,"template":"","meta":[],"product_brand":[],"product_cat":[952],"product_tag":[],"class_list":["post-16801","product","type-product","status-publish","has-post-thumbnail","hentry","product_cat-take-over-out-orange-es"],"yoast_head":"<!-- This site is optimized with the Yoast SEO plugin v27.1.1 - https:\/\/yoast.com\/product\/yoast-seo-wordpress\/ -->\n<title>Champ\u00fa antinaranja parael cabello con tonos oscuros<\/title>\n<meta name=\"description\" content=\"El champ\u00fa Take Over Out Orange apagalos reflejos naranjas quese pueden presentar en el cabello con tonos oscuros.\" \/>\n<meta name=\"robots\" content=\"index, follow, max-snippet:-1, max-image-preview:large, max-video-preview:-1\" \/>\n<link rel=\"canonical\" href=\"https:\/\/seipuntozero-haircare.it\/es\/product\/take-over-out-orange-champu-antinaranja-parael-cabello-con-tonos-oscuros\/\" \/>\n<meta property=\"og:locale\" content=\"es_ES\" \/>\n<meta property=\"og:type\" content=\"article\" \/>\n<meta property=\"og:title\" content=\"Champ\u00fa antinaranja parael cabello con tonos oscuros\" \/>\n<meta property=\"og:description\" content=\"El champ\u00fa Take Over Out Orange apagalos reflejos naranjas quese pueden presentar en el cabello con tonos oscuros.\" \/>\n<meta property=\"og:url\" content=\"https:\/\/seipuntozero-haircare.it\/es\/product\/take-over-out-orange-champu-antinaranja-parael-cabello-con-tonos-oscuros\/\" \/>\n<meta property=\"og:site_name\" content=\"6.Zero\" \/>\n<meta property=\"article:modified_time\" content=\"2021-06-25T12:57:45+00:00\" \/>\n<meta property=\"og:image\" content=\"https:\/\/seipuntozero-haircare.it\/wp-content\/uploads\/2020\/05\/262670_sei_punto_zero_take_over_out_orange_shampoo_500ml-1.png\" \/>\n\t<meta property=\"og:image:width\" content=\"800\" \/>\n\t<meta property=\"og:image:height\" content=\"800\" \/>\n\t<meta property=\"og:image:type\" content=\"image\/png\" \/>\n<meta name=\"twitter:card\" content=\"summary_large_image\" \/>\n<meta name=\"twitter:label1\" content=\"Tiempo de lectura\" \/>\n\t<meta name=\"twitter:data1\" content=\"1 minuto\" \/>\n<script type=\"application\/ld+json\" class=\"yoast-schema-graph\">{\"@context\":\"https:\/\/schema.org\",\"@graph\":[{\"@type\":\"WebPage\",\"@id\":\"https:\/\/seipuntozero-haircare.it\/es\/product\/take-over-out-orange-champu-antinaranja-parael-cabello-con-tonos-oscuros\/\",\"url\":\"https:\/\/seipuntozero-haircare.it\/es\/product\/take-over-out-orange-champu-antinaranja-parael-cabello-con-tonos-oscuros\/\",\"name\":\"Champ\u00fa antinaranja parael cabello con tonos oscuros\",\"isPartOf\":{\"@id\":\"https:\/\/seipuntozero-haircare.it\/es\/#website\"},\"primaryImageOfPage\":{\"@id\":\"https:\/\/seipuntozero-haircare.it\/es\/product\/take-over-out-orange-champu-antinaranja-parael-cabello-con-tonos-oscuros\/#primaryimage\"},\"image\":{\"@id\":\"https:\/\/seipuntozero-haircare.it\/es\/product\/take-over-out-orange-champu-antinaranja-parael-cabello-con-tonos-oscuros\/#primaryimage\"},\"thumbnailUrl\":\"https:\/\/seipuntozero-haircare.it\/wp-content\/uploads\/2020\/05\/262670_sei_punto_zero_take_over_out_orange_shampoo_500ml-1.png\",\"datePublished\":\"2020-05-29T07:40:45+00:00\",\"dateModified\":\"2021-06-25T12:57:45+00:00\",\"description\":\"El champ\u00fa Take Over Out Orange apagalos reflejos naranjas quese pueden presentar en el cabello con tonos oscuros.\",\"breadcrumb\":{\"@id\":\"https:\/\/seipuntozero-haircare.it\/es\/product\/take-over-out-orange-champu-antinaranja-parael-cabello-con-tonos-oscuros\/#breadcrumb\"},\"inLanguage\":\"es\",\"potentialAction\":[{\"@type\":\"ReadAction\",\"target\":[\"https:\/\/seipuntozero-haircare.it\/es\/product\/take-over-out-orange-champu-antinaranja-parael-cabello-con-tonos-oscuros\/\"]}]},{\"@type\":\"ImageObject\",\"inLanguage\":\"es\",\"@id\":\"https:\/\/seipuntozero-haircare.it\/es\/product\/take-over-out-orange-champu-antinaranja-parael-cabello-con-tonos-oscuros\/#primaryimage\",\"url\":\"https:\/\/seipuntozero-haircare.it\/wp-content\/uploads\/2020\/05\/262670_sei_punto_zero_take_over_out_orange_shampoo_500ml-1.png\",\"contentUrl\":\"https:\/\/seipuntozero-haircare.it\/wp-content\/uploads\/2020\/05\/262670_sei_punto_zero_take_over_out_orange_shampoo_500ml-1.png\",\"width\":800,\"height\":800},{\"@type\":\"BreadcrumbList\",\"@id\":\"https:\/\/seipuntozero-haircare.it\/es\/product\/take-over-out-orange-champu-antinaranja-parael-cabello-con-tonos-oscuros\/#breadcrumb\",\"itemListElement\":[{\"@type\":\"ListItem\",\"position\":1,\"name\":\"Home\",\"item\":\"https:\/\/seipuntozero-haircare.it\/es\/\"},{\"@type\":\"ListItem\",\"position\":2,\"name\":\"Products\",\"item\":\"https:\/\/seipuntozero-haircare.it\/es\/shop\/\"},{\"@type\":\"ListItem\",\"position\":3,\"name\":\"TAKE OVER \u2013 OUT ORANGE Champ\u00fa antinaranja parael cabello con tonos oscuros\"}]},{\"@type\":\"WebSite\",\"@id\":\"https:\/\/seipuntozero-haircare.it\/es\/#website\",\"url\":\"https:\/\/seipuntozero-haircare.it\/es\/\",\"name\":\"6.Zero\",\"description\":\"Essential Touch\",\"potentialAction\":[{\"@type\":\"SearchAction\",\"target\":{\"@type\":\"EntryPoint\",\"urlTemplate\":\"https:\/\/seipuntozero-haircare.it\/es\/?s={search_term_string}\"},\"query-input\":{\"@type\":\"PropertyValueSpecification\",\"valueRequired\":true,\"valueName\":\"search_term_string\"}}],\"inLanguage\":\"es\"}]}<\/script>\n<!-- \/ Yoast SEO plugin. -->","yoast_head_json":{"title":"Champ\u00fa antinaranja parael cabello con tonos oscuros","description":"El champ\u00fa Take Over Out Orange apagalos reflejos naranjas quese pueden presentar en el cabello con tonos oscuros.","robots":{"index":"index","follow":"follow","max-snippet":"max-snippet:-1","max-image-preview":"max-image-preview:large","max-video-preview":"max-video-preview:-1"},"canonical":"https:\/\/seipuntozero-haircare.it\/es\/product\/take-over-out-orange-champu-antinaranja-parael-cabello-con-tonos-oscuros\/","og_locale":"es_ES","og_type":"article","og_title":"Champ\u00fa antinaranja parael cabello con tonos oscuros","og_description":"El champ\u00fa Take Over Out Orange apagalos reflejos naranjas quese pueden presentar en el cabello con tonos oscuros.","og_url":"https:\/\/seipuntozero-haircare.it\/es\/product\/take-over-out-orange-champu-antinaranja-parael-cabello-con-tonos-oscuros\/","og_site_name":"6.Zero","article_modified_time":"2021-06-25T12:57:45+00:00","og_image":[{"width":800,"height":800,"url":"https:\/\/seipuntozero-haircare.it\/wp-content\/uploads\/2020\/05\/262670_sei_punto_zero_take_over_out_orange_shampoo_500ml-1.png","type":"image\/png"}],"twitter_card":"summary_large_image","twitter_misc":{"Tiempo de lectura":"1 minuto"},"schema":{"@context":"https:\/\/schema.org","@graph":[{"@type":"WebPage","@id":"https:\/\/seipuntozero-haircare.it\/es\/product\/take-over-out-orange-champu-antinaranja-parael-cabello-con-tonos-oscuros\/","url":"https:\/\/seipuntozero-haircare.it\/es\/product\/take-over-out-orange-champu-antinaranja-parael-cabello-con-tonos-oscuros\/","name":"Champ\u00fa antinaranja parael cabello con tonos oscuros","isPartOf":{"@id":"https:\/\/seipuntozero-haircare.it\/es\/#website"},"primaryImageOfPage":{"@id":"https:\/\/seipuntozero-haircare.it\/es\/product\/take-over-out-orange-champu-antinaranja-parael-cabello-con-tonos-oscuros\/#primaryimage"},"image":{"@id":"https:\/\/seipuntozero-haircare.it\/es\/product\/take-over-out-orange-champu-antinaranja-parael-cabello-con-tonos-oscuros\/#primaryimage"},"thumbnailUrl":"https:\/\/seipuntozero-haircare.it\/wp-content\/uploads\/2020\/05\/262670_sei_punto_zero_take_over_out_orange_shampoo_500ml-1.png","datePublished":"2020-05-29T07:40:45+00:00","dateModified":"2021-06-25T12:57:45+00:00","description":"El champ\u00fa Take Over Out Orange apagalos reflejos naranjas quese pueden presentar en el cabello con tonos oscuros.","breadcrumb":{"@id":"https:\/\/seipuntozero-haircare.it\/es\/product\/take-over-out-orange-champu-antinaranja-parael-cabello-con-tonos-oscuros\/#breadcrumb"},"inLanguage":"es","potentialAction":[{"@type":"ReadAction","target":["https:\/\/seipuntozero-haircare.it\/es\/product\/take-over-out-orange-champu-antinaranja-parael-cabello-con-tonos-oscuros\/"]}]},{"@type":"ImageObject","inLanguage":"es","@id":"https:\/\/seipuntozero-haircare.it\/es\/product\/take-over-out-orange-champu-antinaranja-parael-cabello-con-tonos-oscuros\/#primaryimage","url":"https:\/\/seipuntozero-haircare.it\/wp-content\/uploads\/2020\/05\/262670_sei_punto_zero_take_over_out_orange_shampoo_500ml-1.png","contentUrl":"https:\/\/seipuntozero-haircare.it\/wp-content\/uploads\/2020\/05\/262670_sei_punto_zero_take_over_out_orange_shampoo_500ml-1.png","width":800,"height":800},{"@type":"BreadcrumbList","@id":"https:\/\/seipuntozero-haircare.it\/es\/product\/take-over-out-orange-champu-antinaranja-parael-cabello-con-tonos-oscuros\/#breadcrumb","itemListElement":[{"@type":"ListItem","position":1,"name":"Home","item":"https:\/\/seipuntozero-haircare.it\/es\/"},{"@type":"ListItem","position":2,"name":"Products","item":"https:\/\/seipuntozero-haircare.it\/es\/shop\/"},{"@type":"ListItem","position":3,"name":"TAKE OVER \u2013 OUT ORANGE Champ\u00fa antinaranja parael cabello con tonos oscuros"}]},{"@type":"WebSite","@id":"https:\/\/seipuntozero-haircare.it\/es\/#website","url":"https:\/\/seipuntozero-haircare.it\/es\/","name":"6.Zero","description":"Essential Touch","potentialAction":[{"@type":"SearchAction","target":{"@type":"EntryPoint","urlTemplate":"https:\/\/seipuntozero-haircare.it\/es\/?s={search_term_string}"},"query-input":{"@type":"PropertyValueSpecification","valueRequired":true,"valueName":"search_term_string"}}],"inLanguage":"es"}]}},"_links":{"self":[{"href":"https:\/\/seipuntozero-haircare.it\/es\/wp-json\/wp\/v2\/product\/16801","targetHints":{"allow":["GET"]}}],"collection":[{"href":"https:\/\/seipuntozero-haircare.it\/es\/wp-json\/wp\/v2\/product"}],"about":[{"href":"https:\/\/seipuntozero-haircare.it\/es\/wp-json\/wp\/v2\/types\/product"}],"wp:featuredmedia":[{"embeddable":true,"href":"https:\/\/seipuntozero-haircare.it\/es\/wp-json\/wp\/v2\/media\/19920"}],"wp:attachment":[{"href":"https:\/\/seipuntozero-haircare.it\/es\/wp-json\/wp\/v2\/media?parent=16801"}],"wp:term":[{"taxonomy":"product_brand","embeddable":true,"href":"https:\/\/seipuntozero-haircare.it\/es\/wp-json\/wp\/v2\/product_brand?post=16801"},{"taxonomy":"product_cat","embeddable":true,"href":"https:\/\/seipuntozero-haircare.it\/es\/wp-json\/wp\/v2\/product_cat?post=16801"},{"taxonomy":"product_tag","embeddable":true,"href":"https:\/\/seipuntozero-haircare.it\/es\/wp-json\/wp\/v2\/product_tag?post=16801"}],"curies":[{"name":"wp","href":"https:\/\/api.w.org\/{rel}","templated":true}]}}