{"id":16795,"date":"2018-03-16T09:44:36","date_gmt":"2018-03-16T08:44:36","guid":{"rendered":"https:\/\/seipuntozero-haircare.it\/prodotto\/take-over-full-expand-champu-para-cabello-fino\/"},"modified":"2021-06-25T14:53:19","modified_gmt":"2021-06-25T12:53:19","slug":"take-over-full-expand-champu-para-cabello-fino","status":"publish","type":"product","link":"https:\/\/seipuntozero-haircare.it\/es\/product\/take-over-full-expand-champu-para-cabello-fino\/","title":{"rendered":"TAKE OVER \u2013 FULL EXPAND <br> Champ\u00fa para cabello fino"},"content":{"rendered":"<ul>\n<li>El cabello fino adquiere nuevo <strong>volumen y cuerpo<\/strong><\/li>\n<li>Restablece la <strong>hidrataci\u00f3n y el tono<\/strong><\/li>\n<\/ul>\n","protected":false},"excerpt":{"rendered":"<p>Take Over Full Expand, <strong>champ\u00fa para cabello fino y sin volumen<\/strong>. Ideal para limpiar con suavidad y ayudar a restablecer el grado correcto de hidrataci\u00f3n y tono. Gracias al aporte de la <strong>avena negra<\/strong> y de los principios activos de la f\u00f3rmula, el cabello adquiere <strong>ligereza y cuerpo<\/strong>. Lavado tras lavado, el cabello queda m\u00e1s grueso y voluminoso.<\/p>\n<p>Frasco de 1000 ml<\/p>\n","protected":false},"featured_media":19853,"template":"","meta":[],"product_brand":[],"product_cat":[951],"product_tag":[],"class_list":["post-16795","product","type-product","status-publish","has-post-thumbnail","hentry","product_cat-take-over-full-expand-es"],"yoast_head":"<!-- This site is optimized with the Yoast SEO plugin v27.1.1 - https:\/\/yoast.com\/product\/yoast-seo-wordpress\/ -->\n<title>TAKE OVER \u2013 FULL EXPAND - Champ\u00fa para cabello fino<\/title>\n<meta name=\"description\" content=\"Take Over Full Expand, champ\u00fa para cabello fino y sin volumen. Ideal para limpiar con suavidad y ayudar a restablecer el grado correcto de hidrataci\u00f3n y tono.\" \/>\n<meta name=\"robots\" content=\"index, follow, max-snippet:-1, max-image-preview:large, max-video-preview:-1\" \/>\n<link rel=\"canonical\" href=\"https:\/\/seipuntozero-haircare.it\/es\/product\/take-over-full-expand-champu-para-cabello-fino\/\" \/>\n<meta property=\"og:locale\" content=\"es_ES\" \/>\n<meta property=\"og:type\" content=\"article\" \/>\n<meta property=\"og:title\" content=\"TAKE OVER \u2013 FULL EXPAND - Champ\u00fa para cabello fino\" \/>\n<meta property=\"og:description\" content=\"Take Over Full Expand, champ\u00fa para cabello fino y sin volumen. Ideal para limpiar con suavidad y ayudar a restablecer el grado correcto de hidrataci\u00f3n y tono.\" \/>\n<meta property=\"og:url\" content=\"https:\/\/seipuntozero-haircare.it\/es\/product\/take-over-full-expand-champu-para-cabello-fino\/\" \/>\n<meta property=\"og:site_name\" content=\"6.Zero\" \/>\n<meta property=\"article:modified_time\" content=\"2021-06-25T12:53:19+00:00\" \/>\n<meta property=\"og:image\" content=\"https:\/\/seipuntozero-haircare.it\/wp-content\/uploads\/2017\/03\/262540_sei_punto_zero_take_over_full_expand_shampoo_1000ml.png\" \/>\n\t<meta property=\"og:image:width\" content=\"600\" \/>\n\t<meta property=\"og:image:height\" content=\"600\" \/>\n\t<meta property=\"og:image:type\" content=\"image\/png\" \/>\n<meta name=\"twitter:card\" content=\"summary_large_image\" \/>\n<meta name=\"twitter:label1\" content=\"Tiempo de lectura\" \/>\n\t<meta name=\"twitter:data1\" content=\"1 minuto\" \/>\n<script type=\"application\/ld+json\" class=\"yoast-schema-graph\">{\"@context\":\"https:\/\/schema.org\",\"@graph\":[{\"@type\":\"WebPage\",\"@id\":\"https:\/\/seipuntozero-haircare.it\/es\/product\/take-over-full-expand-champu-para-cabello-fino\/\",\"url\":\"https:\/\/seipuntozero-haircare.it\/es\/product\/take-over-full-expand-champu-para-cabello-fino\/\",\"name\":\"TAKE OVER \u2013 FULL EXPAND - Champ\u00fa para cabello fino\",\"isPartOf\":{\"@id\":\"https:\/\/seipuntozero-haircare.it\/es\/#website\"},\"primaryImageOfPage\":{\"@id\":\"https:\/\/seipuntozero-haircare.it\/es\/product\/take-over-full-expand-champu-para-cabello-fino\/#primaryimage\"},\"image\":{\"@id\":\"https:\/\/seipuntozero-haircare.it\/es\/product\/take-over-full-expand-champu-para-cabello-fino\/#primaryimage\"},\"thumbnailUrl\":\"https:\/\/seipuntozero-haircare.it\/wp-content\/uploads\/2017\/03\/262540_sei_punto_zero_take_over_full_expand_shampoo_1000ml.png\",\"datePublished\":\"2018-03-16T08:44:36+00:00\",\"dateModified\":\"2021-06-25T12:53:19+00:00\",\"description\":\"Take Over Full Expand, champ\u00fa para cabello fino y sin volumen. Ideal para limpiar con suavidad y ayudar a restablecer el grado correcto de hidrataci\u00f3n y tono.\",\"breadcrumb\":{\"@id\":\"https:\/\/seipuntozero-haircare.it\/es\/product\/take-over-full-expand-champu-para-cabello-fino\/#breadcrumb\"},\"inLanguage\":\"es\",\"potentialAction\":[{\"@type\":\"ReadAction\",\"target\":[\"https:\/\/seipuntozero-haircare.it\/es\/product\/take-over-full-expand-champu-para-cabello-fino\/\"]}]},{\"@type\":\"ImageObject\",\"inLanguage\":\"es\",\"@id\":\"https:\/\/seipuntozero-haircare.it\/es\/product\/take-over-full-expand-champu-para-cabello-fino\/#primaryimage\",\"url\":\"https:\/\/seipuntozero-haircare.it\/wp-content\/uploads\/2017\/03\/262540_sei_punto_zero_take_over_full_expand_shampoo_1000ml.png\",\"contentUrl\":\"https:\/\/seipuntozero-haircare.it\/wp-content\/uploads\/2017\/03\/262540_sei_punto_zero_take_over_full_expand_shampoo_1000ml.png\",\"width\":600,\"height\":600},{\"@type\":\"BreadcrumbList\",\"@id\":\"https:\/\/seipuntozero-haircare.it\/es\/product\/take-over-full-expand-champu-para-cabello-fino\/#breadcrumb\",\"itemListElement\":[{\"@type\":\"ListItem\",\"position\":1,\"name\":\"Home\",\"item\":\"https:\/\/seipuntozero-haircare.it\/es\/\"},{\"@type\":\"ListItem\",\"position\":2,\"name\":\"Products\",\"item\":\"https:\/\/seipuntozero-haircare.it\/es\/shop\/\"},{\"@type\":\"ListItem\",\"position\":3,\"name\":\"TAKE OVER \u2013 FULL EXPAND Champ\u00fa para cabello fino\"}]},{\"@type\":\"WebSite\",\"@id\":\"https:\/\/seipuntozero-haircare.it\/es\/#website\",\"url\":\"https:\/\/seipuntozero-haircare.it\/es\/\",\"name\":\"6.Zero\",\"description\":\"Essential Touch\",\"potentialAction\":[{\"@type\":\"SearchAction\",\"target\":{\"@type\":\"EntryPoint\",\"urlTemplate\":\"https:\/\/seipuntozero-haircare.it\/es\/?s={search_term_string}\"},\"query-input\":{\"@type\":\"PropertyValueSpecification\",\"valueRequired\":true,\"valueName\":\"search_term_string\"}}],\"inLanguage\":\"es\"}]}<\/script>\n<!-- \/ Yoast SEO plugin. -->","yoast_head_json":{"title":"TAKE OVER \u2013 FULL EXPAND - Champ\u00fa para cabello fino","description":"Take Over Full Expand, champ\u00fa para cabello fino y sin volumen. Ideal para limpiar con suavidad y ayudar a restablecer el grado correcto de hidrataci\u00f3n y tono.","robots":{"index":"index","follow":"follow","max-snippet":"max-snippet:-1","max-image-preview":"max-image-preview:large","max-video-preview":"max-video-preview:-1"},"canonical":"https:\/\/seipuntozero-haircare.it\/es\/product\/take-over-full-expand-champu-para-cabello-fino\/","og_locale":"es_ES","og_type":"article","og_title":"TAKE OVER \u2013 FULL EXPAND - Champ\u00fa para cabello fino","og_description":"Take Over Full Expand, champ\u00fa para cabello fino y sin volumen. Ideal para limpiar con suavidad y ayudar a restablecer el grado correcto de hidrataci\u00f3n y tono.","og_url":"https:\/\/seipuntozero-haircare.it\/es\/product\/take-over-full-expand-champu-para-cabello-fino\/","og_site_name":"6.Zero","article_modified_time":"2021-06-25T12:53:19+00:00","og_image":[{"width":600,"height":600,"url":"https:\/\/seipuntozero-haircare.it\/wp-content\/uploads\/2017\/03\/262540_sei_punto_zero_take_over_full_expand_shampoo_1000ml.png","type":"image\/png"}],"twitter_card":"summary_large_image","twitter_misc":{"Tiempo de lectura":"1 minuto"},"schema":{"@context":"https:\/\/schema.org","@graph":[{"@type":"WebPage","@id":"https:\/\/seipuntozero-haircare.it\/es\/product\/take-over-full-expand-champu-para-cabello-fino\/","url":"https:\/\/seipuntozero-haircare.it\/es\/product\/take-over-full-expand-champu-para-cabello-fino\/","name":"TAKE OVER \u2013 FULL EXPAND - Champ\u00fa para cabello fino","isPartOf":{"@id":"https:\/\/seipuntozero-haircare.it\/es\/#website"},"primaryImageOfPage":{"@id":"https:\/\/seipuntozero-haircare.it\/es\/product\/take-over-full-expand-champu-para-cabello-fino\/#primaryimage"},"image":{"@id":"https:\/\/seipuntozero-haircare.it\/es\/product\/take-over-full-expand-champu-para-cabello-fino\/#primaryimage"},"thumbnailUrl":"https:\/\/seipuntozero-haircare.it\/wp-content\/uploads\/2017\/03\/262540_sei_punto_zero_take_over_full_expand_shampoo_1000ml.png","datePublished":"2018-03-16T08:44:36+00:00","dateModified":"2021-06-25T12:53:19+00:00","description":"Take Over Full Expand, champ\u00fa para cabello fino y sin volumen. Ideal para limpiar con suavidad y ayudar a restablecer el grado correcto de hidrataci\u00f3n y tono.","breadcrumb":{"@id":"https:\/\/seipuntozero-haircare.it\/es\/product\/take-over-full-expand-champu-para-cabello-fino\/#breadcrumb"},"inLanguage":"es","potentialAction":[{"@type":"ReadAction","target":["https:\/\/seipuntozero-haircare.it\/es\/product\/take-over-full-expand-champu-para-cabello-fino\/"]}]},{"@type":"ImageObject","inLanguage":"es","@id":"https:\/\/seipuntozero-haircare.it\/es\/product\/take-over-full-expand-champu-para-cabello-fino\/#primaryimage","url":"https:\/\/seipuntozero-haircare.it\/wp-content\/uploads\/2017\/03\/262540_sei_punto_zero_take_over_full_expand_shampoo_1000ml.png","contentUrl":"https:\/\/seipuntozero-haircare.it\/wp-content\/uploads\/2017\/03\/262540_sei_punto_zero_take_over_full_expand_shampoo_1000ml.png","width":600,"height":600},{"@type":"BreadcrumbList","@id":"https:\/\/seipuntozero-haircare.it\/es\/product\/take-over-full-expand-champu-para-cabello-fino\/#breadcrumb","itemListElement":[{"@type":"ListItem","position":1,"name":"Home","item":"https:\/\/seipuntozero-haircare.it\/es\/"},{"@type":"ListItem","position":2,"name":"Products","item":"https:\/\/seipuntozero-haircare.it\/es\/shop\/"},{"@type":"ListItem","position":3,"name":"TAKE OVER \u2013 FULL EXPAND Champ\u00fa para cabello fino"}]},{"@type":"WebSite","@id":"https:\/\/seipuntozero-haircare.it\/es\/#website","url":"https:\/\/seipuntozero-haircare.it\/es\/","name":"6.Zero","description":"Essential Touch","potentialAction":[{"@type":"SearchAction","target":{"@type":"EntryPoint","urlTemplate":"https:\/\/seipuntozero-haircare.it\/es\/?s={search_term_string}"},"query-input":{"@type":"PropertyValueSpecification","valueRequired":true,"valueName":"search_term_string"}}],"inLanguage":"es"}]}},"_links":{"self":[{"href":"https:\/\/seipuntozero-haircare.it\/es\/wp-json\/wp\/v2\/product\/16795","targetHints":{"allow":["GET"]}}],"collection":[{"href":"https:\/\/seipuntozero-haircare.it\/es\/wp-json\/wp\/v2\/product"}],"about":[{"href":"https:\/\/seipuntozero-haircare.it\/es\/wp-json\/wp\/v2\/types\/product"}],"wp:featuredmedia":[{"embeddable":true,"href":"https:\/\/seipuntozero-haircare.it\/es\/wp-json\/wp\/v2\/media\/19853"}],"wp:attachment":[{"href":"https:\/\/seipuntozero-haircare.it\/es\/wp-json\/wp\/v2\/media?parent=16795"}],"wp:term":[{"taxonomy":"product_brand","embeddable":true,"href":"https:\/\/seipuntozero-haircare.it\/es\/wp-json\/wp\/v2\/product_brand?post=16795"},{"taxonomy":"product_cat","embeddable":true,"href":"https:\/\/seipuntozero-haircare.it\/es\/wp-json\/wp\/v2\/product_cat?post=16795"},{"taxonomy":"product_tag","embeddable":true,"href":"https:\/\/seipuntozero-haircare.it\/es\/wp-json\/wp\/v2\/product_tag?post=16795"}],"curies":[{"name":"wp","href":"https:\/\/api.w.org\/{rel}","templated":true}]}}