{"id":16787,"date":"2018-03-16T09:41:23","date_gmt":"2018-03-16T08:41:23","guid":{"rendered":"https:\/\/seipuntozero-haircare.it\/prodotto\/take-over-define-curl-champu-para-cabello-ondulado-y-rizado\/"},"modified":"2021-06-25T14:45:38","modified_gmt":"2021-06-25T12:45:38","slug":"take-over-define-curl-champu-para-cabello-ondulado-y-rizado","status":"publish","type":"product","link":"https:\/\/seipuntozero-haircare.it\/es\/product\/take-over-define-curl-champu-para-cabello-ondulado-y-rizado\/","title":{"rendered":"TAKE OVER \u2013 DEFINE CURL <br> Champ\u00fa para cabello ondulado y rizado"},"content":{"rendered":"<ul>\n<li>El cabello ondulado y rizado queda <strong>ligero y con volumen<\/strong><\/li>\n<li>Controla el <strong>encrespamiento<\/strong><\/li>\n<li>Ejerce una <strong>acci\u00f3n acondicionadora<\/strong><\/li>\n<\/ul>\n","protected":false},"excerpt":{"rendered":"<p>Take Over Define Curl, <strong>champ\u00fa para cabello ondulado y rizado<\/strong> enriquecido con <strong>queratina de cachemira<\/strong>, para limpiar suavemente y darle una elasticidad exclusiva. El champ\u00fa deja el cabello m\u00e1s suave, <strong>ligero y voluminoso<\/strong>, lo que ayuda a controlar incluso los rizos m\u00e1s gruesos y a mantener a raya el efecto electrost\u00e1tico, causante del <strong>antiest\u00e9tico encrespamiento<\/strong>.<\/p>\n<p>Frasco de 1000 ml<\/p>\n","protected":false},"featured_media":19822,"template":"","meta":[],"product_brand":[],"product_cat":[950],"product_tag":[],"class_list":["post-16787","product","type-product","status-publish","has-post-thumbnail","hentry","product_cat-take-over-define-curl-es"],"yoast_head":"<!-- This site is optimized with the Yoast SEO plugin v27.1.1 - https:\/\/yoast.com\/product\/yoast-seo-wordpress\/ -->\n<title>TAKE OVER \u2013 DEFINE CURL - Champ\u00fa para cabello ondulado y rizado<\/title>\n<meta name=\"description\" content=\"Take Over Define Curl, champ\u00fa para cabello ondulado y rizado enriquecido con queratina de cachemira, para limpiar suavemente y darle una elasticidad exclusiva.\" \/>\n<meta name=\"robots\" content=\"index, follow, max-snippet:-1, max-image-preview:large, max-video-preview:-1\" \/>\n<link rel=\"canonical\" href=\"https:\/\/seipuntozero-haircare.it\/es\/product\/take-over-define-curl-champu-para-cabello-ondulado-y-rizado\/\" \/>\n<meta property=\"og:locale\" content=\"es_ES\" \/>\n<meta property=\"og:type\" content=\"article\" \/>\n<meta property=\"og:title\" content=\"TAKE OVER \u2013 DEFINE CURL - Champ\u00fa para cabello ondulado y rizado\" \/>\n<meta property=\"og:description\" content=\"Take Over Define Curl, champ\u00fa para cabello ondulado y rizado enriquecido con queratina de cachemira, para limpiar suavemente y darle una elasticidad exclusiva.\" \/>\n<meta property=\"og:url\" content=\"https:\/\/seipuntozero-haircare.it\/es\/product\/take-over-define-curl-champu-para-cabello-ondulado-y-rizado\/\" \/>\n<meta property=\"og:site_name\" content=\"6.Zero\" \/>\n<meta property=\"article:modified_time\" content=\"2021-06-25T12:45:38+00:00\" \/>\n<meta property=\"og:image\" content=\"https:\/\/seipuntozero-haircare.it\/wp-content\/uploads\/2019\/03\/262533_sei_punto_zero_take_over_define_curl_shampoo_1000ml-1.png\" \/>\n\t<meta property=\"og:image:width\" content=\"600\" \/>\n\t<meta property=\"og:image:height\" content=\"600\" \/>\n\t<meta property=\"og:image:type\" content=\"image\/png\" \/>\n<meta name=\"twitter:card\" content=\"summary_large_image\" \/>\n<meta name=\"twitter:label1\" content=\"Tiempo de lectura\" \/>\n\t<meta name=\"twitter:data1\" content=\"1 minuto\" \/>\n<script type=\"application\/ld+json\" class=\"yoast-schema-graph\">{\"@context\":\"https:\/\/schema.org\",\"@graph\":[{\"@type\":\"WebPage\",\"@id\":\"https:\/\/seipuntozero-haircare.it\/es\/product\/take-over-define-curl-champu-para-cabello-ondulado-y-rizado\/\",\"url\":\"https:\/\/seipuntozero-haircare.it\/es\/product\/take-over-define-curl-champu-para-cabello-ondulado-y-rizado\/\",\"name\":\"TAKE OVER \u2013 DEFINE CURL - Champ\u00fa para cabello ondulado y rizado\",\"isPartOf\":{\"@id\":\"https:\/\/seipuntozero-haircare.it\/es\/#website\"},\"primaryImageOfPage\":{\"@id\":\"https:\/\/seipuntozero-haircare.it\/es\/product\/take-over-define-curl-champu-para-cabello-ondulado-y-rizado\/#primaryimage\"},\"image\":{\"@id\":\"https:\/\/seipuntozero-haircare.it\/es\/product\/take-over-define-curl-champu-para-cabello-ondulado-y-rizado\/#primaryimage\"},\"thumbnailUrl\":\"https:\/\/seipuntozero-haircare.it\/wp-content\/uploads\/2019\/03\/262533_sei_punto_zero_take_over_define_curl_shampoo_1000ml-1.png\",\"datePublished\":\"2018-03-16T08:41:23+00:00\",\"dateModified\":\"2021-06-25T12:45:38+00:00\",\"description\":\"Take Over Define Curl, champ\u00fa para cabello ondulado y rizado enriquecido con queratina de cachemira, para limpiar suavemente y darle una elasticidad exclusiva.\",\"breadcrumb\":{\"@id\":\"https:\/\/seipuntozero-haircare.it\/es\/product\/take-over-define-curl-champu-para-cabello-ondulado-y-rizado\/#breadcrumb\"},\"inLanguage\":\"es\",\"potentialAction\":[{\"@type\":\"ReadAction\",\"target\":[\"https:\/\/seipuntozero-haircare.it\/es\/product\/take-over-define-curl-champu-para-cabello-ondulado-y-rizado\/\"]}]},{\"@type\":\"ImageObject\",\"inLanguage\":\"es\",\"@id\":\"https:\/\/seipuntozero-haircare.it\/es\/product\/take-over-define-curl-champu-para-cabello-ondulado-y-rizado\/#primaryimage\",\"url\":\"https:\/\/seipuntozero-haircare.it\/wp-content\/uploads\/2019\/03\/262533_sei_punto_zero_take_over_define_curl_shampoo_1000ml-1.png\",\"contentUrl\":\"https:\/\/seipuntozero-haircare.it\/wp-content\/uploads\/2019\/03\/262533_sei_punto_zero_take_over_define_curl_shampoo_1000ml-1.png\",\"width\":600,\"height\":600},{\"@type\":\"BreadcrumbList\",\"@id\":\"https:\/\/seipuntozero-haircare.it\/es\/product\/take-over-define-curl-champu-para-cabello-ondulado-y-rizado\/#breadcrumb\",\"itemListElement\":[{\"@type\":\"ListItem\",\"position\":1,\"name\":\"Home\",\"item\":\"https:\/\/seipuntozero-haircare.it\/es\/\"},{\"@type\":\"ListItem\",\"position\":2,\"name\":\"Products\",\"item\":\"https:\/\/seipuntozero-haircare.it\/es\/shop\/\"},{\"@type\":\"ListItem\",\"position\":3,\"name\":\"TAKE OVER \u2013 DEFINE CURL Champ\u00fa para cabello ondulado y rizado\"}]},{\"@type\":\"WebSite\",\"@id\":\"https:\/\/seipuntozero-haircare.it\/es\/#website\",\"url\":\"https:\/\/seipuntozero-haircare.it\/es\/\",\"name\":\"6.Zero\",\"description\":\"Essential Touch\",\"potentialAction\":[{\"@type\":\"SearchAction\",\"target\":{\"@type\":\"EntryPoint\",\"urlTemplate\":\"https:\/\/seipuntozero-haircare.it\/es\/?s={search_term_string}\"},\"query-input\":{\"@type\":\"PropertyValueSpecification\",\"valueRequired\":true,\"valueName\":\"search_term_string\"}}],\"inLanguage\":\"es\"}]}<\/script>\n<!-- \/ Yoast SEO plugin. -->","yoast_head_json":{"title":"TAKE OVER \u2013 DEFINE CURL - Champ\u00fa para cabello ondulado y rizado","description":"Take Over Define Curl, champ\u00fa para cabello ondulado y rizado enriquecido con queratina de cachemira, para limpiar suavemente y darle una elasticidad exclusiva.","robots":{"index":"index","follow":"follow","max-snippet":"max-snippet:-1","max-image-preview":"max-image-preview:large","max-video-preview":"max-video-preview:-1"},"canonical":"https:\/\/seipuntozero-haircare.it\/es\/product\/take-over-define-curl-champu-para-cabello-ondulado-y-rizado\/","og_locale":"es_ES","og_type":"article","og_title":"TAKE OVER \u2013 DEFINE CURL - Champ\u00fa para cabello ondulado y rizado","og_description":"Take Over Define Curl, champ\u00fa para cabello ondulado y rizado enriquecido con queratina de cachemira, para limpiar suavemente y darle una elasticidad exclusiva.","og_url":"https:\/\/seipuntozero-haircare.it\/es\/product\/take-over-define-curl-champu-para-cabello-ondulado-y-rizado\/","og_site_name":"6.Zero","article_modified_time":"2021-06-25T12:45:38+00:00","og_image":[{"width":600,"height":600,"url":"https:\/\/seipuntozero-haircare.it\/wp-content\/uploads\/2019\/03\/262533_sei_punto_zero_take_over_define_curl_shampoo_1000ml-1.png","type":"image\/png"}],"twitter_card":"summary_large_image","twitter_misc":{"Tiempo de lectura":"1 minuto"},"schema":{"@context":"https:\/\/schema.org","@graph":[{"@type":"WebPage","@id":"https:\/\/seipuntozero-haircare.it\/es\/product\/take-over-define-curl-champu-para-cabello-ondulado-y-rizado\/","url":"https:\/\/seipuntozero-haircare.it\/es\/product\/take-over-define-curl-champu-para-cabello-ondulado-y-rizado\/","name":"TAKE OVER \u2013 DEFINE CURL - Champ\u00fa para cabello ondulado y rizado","isPartOf":{"@id":"https:\/\/seipuntozero-haircare.it\/es\/#website"},"primaryImageOfPage":{"@id":"https:\/\/seipuntozero-haircare.it\/es\/product\/take-over-define-curl-champu-para-cabello-ondulado-y-rizado\/#primaryimage"},"image":{"@id":"https:\/\/seipuntozero-haircare.it\/es\/product\/take-over-define-curl-champu-para-cabello-ondulado-y-rizado\/#primaryimage"},"thumbnailUrl":"https:\/\/seipuntozero-haircare.it\/wp-content\/uploads\/2019\/03\/262533_sei_punto_zero_take_over_define_curl_shampoo_1000ml-1.png","datePublished":"2018-03-16T08:41:23+00:00","dateModified":"2021-06-25T12:45:38+00:00","description":"Take Over Define Curl, champ\u00fa para cabello ondulado y rizado enriquecido con queratina de cachemira, para limpiar suavemente y darle una elasticidad exclusiva.","breadcrumb":{"@id":"https:\/\/seipuntozero-haircare.it\/es\/product\/take-over-define-curl-champu-para-cabello-ondulado-y-rizado\/#breadcrumb"},"inLanguage":"es","potentialAction":[{"@type":"ReadAction","target":["https:\/\/seipuntozero-haircare.it\/es\/product\/take-over-define-curl-champu-para-cabello-ondulado-y-rizado\/"]}]},{"@type":"ImageObject","inLanguage":"es","@id":"https:\/\/seipuntozero-haircare.it\/es\/product\/take-over-define-curl-champu-para-cabello-ondulado-y-rizado\/#primaryimage","url":"https:\/\/seipuntozero-haircare.it\/wp-content\/uploads\/2019\/03\/262533_sei_punto_zero_take_over_define_curl_shampoo_1000ml-1.png","contentUrl":"https:\/\/seipuntozero-haircare.it\/wp-content\/uploads\/2019\/03\/262533_sei_punto_zero_take_over_define_curl_shampoo_1000ml-1.png","width":600,"height":600},{"@type":"BreadcrumbList","@id":"https:\/\/seipuntozero-haircare.it\/es\/product\/take-over-define-curl-champu-para-cabello-ondulado-y-rizado\/#breadcrumb","itemListElement":[{"@type":"ListItem","position":1,"name":"Home","item":"https:\/\/seipuntozero-haircare.it\/es\/"},{"@type":"ListItem","position":2,"name":"Products","item":"https:\/\/seipuntozero-haircare.it\/es\/shop\/"},{"@type":"ListItem","position":3,"name":"TAKE OVER \u2013 DEFINE CURL Champ\u00fa para cabello ondulado y rizado"}]},{"@type":"WebSite","@id":"https:\/\/seipuntozero-haircare.it\/es\/#website","url":"https:\/\/seipuntozero-haircare.it\/es\/","name":"6.Zero","description":"Essential Touch","potentialAction":[{"@type":"SearchAction","target":{"@type":"EntryPoint","urlTemplate":"https:\/\/seipuntozero-haircare.it\/es\/?s={search_term_string}"},"query-input":{"@type":"PropertyValueSpecification","valueRequired":true,"valueName":"search_term_string"}}],"inLanguage":"es"}]}},"_links":{"self":[{"href":"https:\/\/seipuntozero-haircare.it\/es\/wp-json\/wp\/v2\/product\/16787","targetHints":{"allow":["GET"]}}],"collection":[{"href":"https:\/\/seipuntozero-haircare.it\/es\/wp-json\/wp\/v2\/product"}],"about":[{"href":"https:\/\/seipuntozero-haircare.it\/es\/wp-json\/wp\/v2\/types\/product"}],"wp:featuredmedia":[{"embeddable":true,"href":"https:\/\/seipuntozero-haircare.it\/es\/wp-json\/wp\/v2\/media\/19822"}],"wp:attachment":[{"href":"https:\/\/seipuntozero-haircare.it\/es\/wp-json\/wp\/v2\/media?parent=16787"}],"wp:term":[{"taxonomy":"product_brand","embeddable":true,"href":"https:\/\/seipuntozero-haircare.it\/es\/wp-json\/wp\/v2\/product_brand?post=16787"},{"taxonomy":"product_cat","embeddable":true,"href":"https:\/\/seipuntozero-haircare.it\/es\/wp-json\/wp\/v2\/product_cat?post=16787"},{"taxonomy":"product_tag","embeddable":true,"href":"https:\/\/seipuntozero-haircare.it\/es\/wp-json\/wp\/v2\/product_tag?post=16787"}],"curies":[{"name":"wp","href":"https:\/\/api.w.org\/{rel}","templated":true}]}}