{"id":16773,"date":"2019-10-21T10:42:22","date_gmt":"2019-10-21T08:42:22","guid":{"rendered":"https:\/\/seipuntozero-haircare.it\/prodotto\/hairzoe-crema-base-reestructurante\/"},"modified":"2021-06-25T14:31:24","modified_gmt":"2021-06-25T12:31:24","slug":"hairzoe-crema-base-reestructurante","status":"publish","type":"product","link":"https:\/\/seipuntozero-haircare.it\/es\/product\/hairzoe-crema-base-reestructurante\/","title":{"rendered":"HAIRZOE <br> Crema base reestructurante"},"content":{"rendered":"<ul>\n<li>Nutre y regenera la fibra capilar<\/li>\n<li>Mejora la estructura del cabello<\/li>\n<li>Ideal para el cabello seco, quebradizo, da\u00f1ado y tratado<\/li>\n<li>F\u00f3rmula complementaria al suero en viales, para nutrir y regenerar a fondo<\/li>\n<li>Eficacia probada*<\/li>\n<\/ul>\n<p>&nbsp;<\/p>\n<p>*Las pruebas realizadas en vivo en los Institutos Universitarios Italianos demuestran la eficacia del tratamiento: el cabello queda visiblemente con m\u00e1s cuerpo y brillante, notablemente reestructurado.<\/p>\n","protected":false},"excerpt":{"rendered":"<p>La <strong>crema reestructurante<\/strong> y el <strong>suero estimulante<\/strong> en viales son el n\u00facleo del tratamiento Hairzoe. Combinados entre s\u00ed, gracias a la complementariedad de su f\u00f3rmula, abren el incre\u00edble poder regenerador del ritual dedicado al <strong>cabello seco, da\u00f1ado y quebradizo<\/strong>.<\/p>\n<p>La <strong>crema base Hairzoe<\/strong> nutre a fondo el cabello y mejora su estructura, fortaleciendo la fibra a trav\u00e9s de la concentraci\u00f3n de principios activos en su formulaci\u00f3n: el <strong>\u00e1cido hialur\u00f3nico<\/strong> hidrata intensamente y deja el cabello m\u00e1s fuerte y voluminoso, mientras que las <strong>c\u00e9lulas madre de la uva<\/strong> contrarrestan la acci\u00f3n de los radicales libres y revitalizan el cabello da\u00f1ado por los tratamientos qu\u00edmicos y el estr\u00e9s ambiental.<\/p>\n<p>Formato de 500 ml<\/p>\n","protected":false},"featured_media":18171,"template":"","meta":[],"product_brand":[],"product_cat":[948],"product_tag":[],"class_list":["post-16773","product","type-product","status-publish","has-post-thumbnail","hentry","product_cat-hairzoe-es"],"yoast_head":"<!-- This site is optimized with the Yoast SEO plugin v27.1.1 - https:\/\/yoast.com\/product\/yoast-seo-wordpress\/ -->\n<title>Crema base reestructurante | Hairzoe<\/title>\n<meta name=\"description\" content=\"La crema reestructurante y el suero estimulante en viales son el n\u00facleo del tratamiento Hairzoe.\" \/>\n<meta name=\"robots\" content=\"index, follow, max-snippet:-1, max-image-preview:large, max-video-preview:-1\" \/>\n<link rel=\"canonical\" href=\"https:\/\/seipuntozero-haircare.it\/es\/product\/hairzoe-crema-base-reestructurante\/\" \/>\n<meta property=\"og:locale\" content=\"es_ES\" \/>\n<meta property=\"og:type\" content=\"article\" \/>\n<meta property=\"og:title\" content=\"Crema base reestructurante | Hairzoe\" \/>\n<meta property=\"og:description\" content=\"La crema reestructurante y el suero estimulante en viales son el n\u00facleo del tratamiento Hairzoe.\" \/>\n<meta property=\"og:url\" content=\"https:\/\/seipuntozero-haircare.it\/es\/product\/hairzoe-crema-base-reestructurante\/\" \/>\n<meta property=\"og:site_name\" content=\"6.Zero\" \/>\n<meta property=\"article:modified_time\" content=\"2021-06-25T12:31:24+00:00\" \/>\n<meta property=\"og:image\" content=\"https:\/\/seipuntozero-haircare.it\/wp-content\/uploads\/2020\/01\/263158_sei_punto_zero_hairzoe_restructuring_base_cream_500ml.png\" \/>\n\t<meta property=\"og:image:width\" content=\"600\" \/>\n\t<meta property=\"og:image:height\" content=\"600\" \/>\n\t<meta property=\"og:image:type\" content=\"image\/png\" \/>\n<meta name=\"twitter:card\" content=\"summary_large_image\" \/>\n<meta name=\"twitter:label1\" content=\"Tiempo de lectura\" \/>\n\t<meta name=\"twitter:data1\" content=\"1 minuto\" \/>\n<script type=\"application\/ld+json\" class=\"yoast-schema-graph\">{\"@context\":\"https:\/\/schema.org\",\"@graph\":[{\"@type\":\"WebPage\",\"@id\":\"https:\/\/seipuntozero-haircare.it\/es\/product\/hairzoe-crema-base-reestructurante\/\",\"url\":\"https:\/\/seipuntozero-haircare.it\/es\/product\/hairzoe-crema-base-reestructurante\/\",\"name\":\"Crema base reestructurante | Hairzoe\",\"isPartOf\":{\"@id\":\"https:\/\/seipuntozero-haircare.it\/es\/#website\"},\"primaryImageOfPage\":{\"@id\":\"https:\/\/seipuntozero-haircare.it\/es\/product\/hairzoe-crema-base-reestructurante\/#primaryimage\"},\"image\":{\"@id\":\"https:\/\/seipuntozero-haircare.it\/es\/product\/hairzoe-crema-base-reestructurante\/#primaryimage\"},\"thumbnailUrl\":\"https:\/\/seipuntozero-haircare.it\/wp-content\/uploads\/2020\/01\/263158_sei_punto_zero_hairzoe_restructuring_base_cream_500ml.png\",\"datePublished\":\"2019-10-21T08:42:22+00:00\",\"dateModified\":\"2021-06-25T12:31:24+00:00\",\"description\":\"La crema reestructurante y el suero estimulante en viales son el n\u00facleo del tratamiento Hairzoe.\",\"breadcrumb\":{\"@id\":\"https:\/\/seipuntozero-haircare.it\/es\/product\/hairzoe-crema-base-reestructurante\/#breadcrumb\"},\"inLanguage\":\"es\",\"potentialAction\":[{\"@type\":\"ReadAction\",\"target\":[\"https:\/\/seipuntozero-haircare.it\/es\/product\/hairzoe-crema-base-reestructurante\/\"]}]},{\"@type\":\"ImageObject\",\"inLanguage\":\"es\",\"@id\":\"https:\/\/seipuntozero-haircare.it\/es\/product\/hairzoe-crema-base-reestructurante\/#primaryimage\",\"url\":\"https:\/\/seipuntozero-haircare.it\/wp-content\/uploads\/2020\/01\/263158_sei_punto_zero_hairzoe_restructuring_base_cream_500ml.png\",\"contentUrl\":\"https:\/\/seipuntozero-haircare.it\/wp-content\/uploads\/2020\/01\/263158_sei_punto_zero_hairzoe_restructuring_base_cream_500ml.png\",\"width\":600,\"height\":600,\"caption\":\"Crema base ristrutturante\"},{\"@type\":\"BreadcrumbList\",\"@id\":\"https:\/\/seipuntozero-haircare.it\/es\/product\/hairzoe-crema-base-reestructurante\/#breadcrumb\",\"itemListElement\":[{\"@type\":\"ListItem\",\"position\":1,\"name\":\"Home\",\"item\":\"https:\/\/seipuntozero-haircare.it\/es\/\"},{\"@type\":\"ListItem\",\"position\":2,\"name\":\"Products\",\"item\":\"https:\/\/seipuntozero-haircare.it\/es\/shop\/\"},{\"@type\":\"ListItem\",\"position\":3,\"name\":\"HAIRZOE Crema base reestructurante\"}]},{\"@type\":\"WebSite\",\"@id\":\"https:\/\/seipuntozero-haircare.it\/es\/#website\",\"url\":\"https:\/\/seipuntozero-haircare.it\/es\/\",\"name\":\"6.Zero\",\"description\":\"Essential Touch\",\"potentialAction\":[{\"@type\":\"SearchAction\",\"target\":{\"@type\":\"EntryPoint\",\"urlTemplate\":\"https:\/\/seipuntozero-haircare.it\/es\/?s={search_term_string}\"},\"query-input\":{\"@type\":\"PropertyValueSpecification\",\"valueRequired\":true,\"valueName\":\"search_term_string\"}}],\"inLanguage\":\"es\"}]}<\/script>\n<!-- \/ Yoast SEO plugin. -->","yoast_head_json":{"title":"Crema base reestructurante | Hairzoe","description":"La crema reestructurante y el suero estimulante en viales son el n\u00facleo del tratamiento Hairzoe.","robots":{"index":"index","follow":"follow","max-snippet":"max-snippet:-1","max-image-preview":"max-image-preview:large","max-video-preview":"max-video-preview:-1"},"canonical":"https:\/\/seipuntozero-haircare.it\/es\/product\/hairzoe-crema-base-reestructurante\/","og_locale":"es_ES","og_type":"article","og_title":"Crema base reestructurante | Hairzoe","og_description":"La crema reestructurante y el suero estimulante en viales son el n\u00facleo del tratamiento Hairzoe.","og_url":"https:\/\/seipuntozero-haircare.it\/es\/product\/hairzoe-crema-base-reestructurante\/","og_site_name":"6.Zero","article_modified_time":"2021-06-25T12:31:24+00:00","og_image":[{"width":600,"height":600,"url":"https:\/\/seipuntozero-haircare.it\/wp-content\/uploads\/2020\/01\/263158_sei_punto_zero_hairzoe_restructuring_base_cream_500ml.png","type":"image\/png"}],"twitter_card":"summary_large_image","twitter_misc":{"Tiempo de lectura":"1 minuto"},"schema":{"@context":"https:\/\/schema.org","@graph":[{"@type":"WebPage","@id":"https:\/\/seipuntozero-haircare.it\/es\/product\/hairzoe-crema-base-reestructurante\/","url":"https:\/\/seipuntozero-haircare.it\/es\/product\/hairzoe-crema-base-reestructurante\/","name":"Crema base reestructurante | Hairzoe","isPartOf":{"@id":"https:\/\/seipuntozero-haircare.it\/es\/#website"},"primaryImageOfPage":{"@id":"https:\/\/seipuntozero-haircare.it\/es\/product\/hairzoe-crema-base-reestructurante\/#primaryimage"},"image":{"@id":"https:\/\/seipuntozero-haircare.it\/es\/product\/hairzoe-crema-base-reestructurante\/#primaryimage"},"thumbnailUrl":"https:\/\/seipuntozero-haircare.it\/wp-content\/uploads\/2020\/01\/263158_sei_punto_zero_hairzoe_restructuring_base_cream_500ml.png","datePublished":"2019-10-21T08:42:22+00:00","dateModified":"2021-06-25T12:31:24+00:00","description":"La crema reestructurante y el suero estimulante en viales son el n\u00facleo del tratamiento Hairzoe.","breadcrumb":{"@id":"https:\/\/seipuntozero-haircare.it\/es\/product\/hairzoe-crema-base-reestructurante\/#breadcrumb"},"inLanguage":"es","potentialAction":[{"@type":"ReadAction","target":["https:\/\/seipuntozero-haircare.it\/es\/product\/hairzoe-crema-base-reestructurante\/"]}]},{"@type":"ImageObject","inLanguage":"es","@id":"https:\/\/seipuntozero-haircare.it\/es\/product\/hairzoe-crema-base-reestructurante\/#primaryimage","url":"https:\/\/seipuntozero-haircare.it\/wp-content\/uploads\/2020\/01\/263158_sei_punto_zero_hairzoe_restructuring_base_cream_500ml.png","contentUrl":"https:\/\/seipuntozero-haircare.it\/wp-content\/uploads\/2020\/01\/263158_sei_punto_zero_hairzoe_restructuring_base_cream_500ml.png","width":600,"height":600,"caption":"Crema base ristrutturante"},{"@type":"BreadcrumbList","@id":"https:\/\/seipuntozero-haircare.it\/es\/product\/hairzoe-crema-base-reestructurante\/#breadcrumb","itemListElement":[{"@type":"ListItem","position":1,"name":"Home","item":"https:\/\/seipuntozero-haircare.it\/es\/"},{"@type":"ListItem","position":2,"name":"Products","item":"https:\/\/seipuntozero-haircare.it\/es\/shop\/"},{"@type":"ListItem","position":3,"name":"HAIRZOE Crema base reestructurante"}]},{"@type":"WebSite","@id":"https:\/\/seipuntozero-haircare.it\/es\/#website","url":"https:\/\/seipuntozero-haircare.it\/es\/","name":"6.Zero","description":"Essential Touch","potentialAction":[{"@type":"SearchAction","target":{"@type":"EntryPoint","urlTemplate":"https:\/\/seipuntozero-haircare.it\/es\/?s={search_term_string}"},"query-input":{"@type":"PropertyValueSpecification","valueRequired":true,"valueName":"search_term_string"}}],"inLanguage":"es"}]}},"_links":{"self":[{"href":"https:\/\/seipuntozero-haircare.it\/es\/wp-json\/wp\/v2\/product\/16773","targetHints":{"allow":["GET"]}}],"collection":[{"href":"https:\/\/seipuntozero-haircare.it\/es\/wp-json\/wp\/v2\/product"}],"about":[{"href":"https:\/\/seipuntozero-haircare.it\/es\/wp-json\/wp\/v2\/types\/product"}],"wp:featuredmedia":[{"embeddable":true,"href":"https:\/\/seipuntozero-haircare.it\/es\/wp-json\/wp\/v2\/media\/18171"}],"wp:attachment":[{"href":"https:\/\/seipuntozero-haircare.it\/es\/wp-json\/wp\/v2\/media?parent=16773"}],"wp:term":[{"taxonomy":"product_brand","embeddable":true,"href":"https:\/\/seipuntozero-haircare.it\/es\/wp-json\/wp\/v2\/product_brand?post=16773"},{"taxonomy":"product_cat","embeddable":true,"href":"https:\/\/seipuntozero-haircare.it\/es\/wp-json\/wp\/v2\/product_cat?post=16773"},{"taxonomy":"product_tag","embeddable":true,"href":"https:\/\/seipuntozero-haircare.it\/es\/wp-json\/wp\/v2\/product_tag?post=16773"}],"curies":[{"name":"wp","href":"https:\/\/api.w.org\/{rel}","templated":true}]}}